{"id":2596,"date":"2025-09-21T16:52:40","date_gmt":"2025-09-21T14:52:40","guid":{"rendered":"https:\/\/agora.xtec.cat\/ceiplorca\/?page_id=2596"},"modified":"2025-12-22T16:36:59","modified_gmt":"2025-12-22T15:36:59","slug":"eix-transversal","status":"publish","type":"page","link":"https:\/\/agora.xtec.cat\/ceiplorca\/projectes-descola\/eix-transversal\/","title":{"rendered":"Eix transversal"},"content":{"rendered":"<h3>Un fil conductor que ens uneix: el nostre projecte anual<\/h3>\n<p>&nbsp;<\/p>\n<p>A la nostra escola, creiem que l&#8217;aprenentatge \u00e9s un viatge col\u00b7lectiu. Per aix\u00f2, cada any, alumnes i equip docent, ens unim per triar un tema que es converteix en l&#8217;<b>eix transversal<\/b> del curs.<\/p>\n<p>Aquest projecte com\u00fa \u00e9s molt m\u00e9s que una simple tem\u00e0tica; \u00e9s la br\u00faixola que guia el nostre treball a l&#8217;aula. Ens permet connectar coneixements de diferents \u00e0rees de manera natural i significativa. Per exemple, si el nostre tema \u00e9s &#8220;L&#8217;Univers&#8221;, la llengua ens serveix per escriure hist\u00f2ries de ci\u00e8ncia-ficci\u00f3, les matem\u00e0tiques ens ajuden a mesurar dist\u00e0ncies c\u00f2smiques i l&#8217;art ens inspira a crear gal\u00e0xies.<\/p>\n<p>A m\u00e9s, el tema esdev\u00e9 part de la nostra identitat, ja que les aules adopten el nom relacionat amb aquest eix, fent visible l&#8217;aprenentatge i la nostra connexi\u00f3 amb el projecte anual.<\/p>\n<p>Aquesta iniciativa fomenta la participaci\u00f3, la creativitat i la uni\u00f3, demostrant que quan treballem junts, el coneixement no t\u00e9 l\u00edmits.<\/p>\n<p><a href=\"https:\/\/agora.xtec.cat\/ceiplorca\/wp-content\/uploads\/usu1186\/2025\/11\/WhatsApp-Image-2025-11-03-at-10.52.13-4.jpeg\"><img loading=\"lazy\" decoding=\"async\" class=\"alignnone size-large wp-image-2814\" src=\"https:\/\/agora.xtec.cat\/ceiplorca\/wp-content\/uploads\/usu1186\/2025\/11\/WhatsApp-Image-2025-11-03-at-10.52.13-4-1024x564.jpeg\" alt=\"\" width=\"1024\" height=\"564\" srcset=\"https:\/\/agora.xtec.cat\/ceiplorca\/wp-content\/uploads\/usu1186\/2025\/11\/WhatsApp-Image-2025-11-03-at-10.52.13-4-1024x564.jpeg 1024w, https:\/\/agora.xtec.cat\/ceiplorca\/wp-content\/uploads\/usu1186\/2025\/11\/WhatsApp-Image-2025-11-03-at-10.52.13-4-300x165.jpeg 300w, https:\/\/agora.xtec.cat\/ceiplorca\/wp-content\/uploads\/usu1186\/2025\/11\/WhatsApp-Image-2025-11-03-at-10.52.13-4-768x423.jpeg 768w, https:\/\/agora.xtec.cat\/ceiplorca\/wp-content\/uploads\/usu1186\/2025\/11\/WhatsApp-Image-2025-11-03-at-10.52.13-4-1536x847.jpeg 1536w, https:\/\/agora.xtec.cat\/ceiplorca\/wp-content\/uploads\/usu1186\/2025\/11\/WhatsApp-Image-2025-11-03-at-10.52.13-4.jpeg 1600w\" sizes=\"auto, (max-width: 1024px) 100vw, 1024px\" \/><\/a><\/p>\n","protected":false},"excerpt":{"rendered":"<p>Un fil conductor que ens uneix: el nostre projecte anual &nbsp; A la nostra escola, creiem que l&#8217;aprenentatge \u00e9s un viatge col\u00b7lectiu. Per aix\u00f2, cada any, alumnes i equip docent, ens unim per triar un tema que es converteix en l&#8217;eix transversal del curs. Aquest projecte com\u00fa \u00e9s molt m\u00e9s que una simple tem\u00e0tica; \u00e9s [&hellip;]<\/p>\n","protected":false},"author":1,"featured_media":0,"parent":2531,"menu_order":5,"comment_status":"closed","ping_status":"closed","template":"","meta":{"_bbp_topic_count":0,"_bbp_reply_count":0,"_bbp_total_topic_count":0,"_bbp_total_reply_count":0,"_bbp_voice_count":0,"_bbp_anonymous_reply_count":0,"_bbp_topic_count_hidden":0,"_bbp_reply_count_hidden":0,"_bbp_forum_subforum_count":0,"site-sidebar-layout":"default","site-content-layout":"","ast-site-content-layout":"default","site-content-style":"default","site-sidebar-style":"default","ast-global-header-display":"","ast-banner-title-visibility":"","ast-main-header-display":"","ast-hfb-above-header-display":"","ast-hfb-below-header-display":"","ast-hfb-mobile-header-display":"","site-post-title":"","ast-breadcrumbs-content":"","ast-featured-img":"","footer-sml-layout":"","theme-transparent-header-meta":"default","adv-header-id-meta":"","stick-header-meta":"","header-above-stick-meta":"","header-main-stick-meta":"","header-below-stick-meta":"","astra-migrate-meta-layouts":"set","ast-page-background-enabled":"default","ast-page-background-meta":{"desktop":{"background-color":"var(--ast-global-color-4)","background-image":"","background-repeat":"repeat","background-position":"center center","background-size":"auto","background-attachment":"scroll","background-type":"","background-media":"","overlay-type":"","overlay-color":"","overlay-opacity":"","overlay-gradient":""},"tablet":{"background-color":"","background-image":"","background-repeat":"repeat","background-position":"center center","background-size":"auto","background-attachment":"scroll","background-type":"","background-media":"","overlay-type":"","overlay-color":"","overlay-opacity":"","overlay-gradient":""},"mobile":{"background-color":"","background-image":"","background-repeat":"repeat","background-position":"center center","background-size":"auto","background-attachment":"scroll","background-type":"","background-media":"","overlay-type":"","overlay-color":"","overlay-opacity":"","overlay-gradient":""}},"ast-content-background-meta":{"desktop":{"background-color":"var(--ast-global-color-5)","background-image":"","background-repeat":"repeat","background-position":"center center","background-size":"auto","background-attachment":"scroll","background-type":"","background-media":"","overlay-type":"","overlay-color":"","overlay-opacity":"","overlay-gradient":""},"tablet":{"background-color":"var(--ast-global-color-5)","background-image":"","background-repeat":"repeat","background-position":"center center","background-size":"auto","background-attachment":"scroll","background-type":"","background-media":"","overlay-type":"","overlay-color":"","overlay-opacity":"","overlay-gradient":""},"mobile":{"background-color":"var(--ast-global-color-5)","background-image":"","background-repeat":"repeat","background-position":"center center","background-size":"auto","background-attachment":"scroll","background-type":"","background-media":"","overlay-type":"","overlay-color":"","overlay-opacity":"","overlay-gradient":""}},"footnotes":""},"class_list":["post-2596","page","type-page","status-publish","hentry"],"post_mailing_queue_ids":[],"_links":{"self":[{"href":"https:\/\/agora.xtec.cat\/ceiplorca\/wp-json\/wp\/v2\/pages\/2596","targetHints":{"allow":["GET"]}}],"collection":[{"href":"https:\/\/agora.xtec.cat\/ceiplorca\/wp-json\/wp\/v2\/pages"}],"about":[{"href":"https:\/\/agora.xtec.cat\/ceiplorca\/wp-json\/wp\/v2\/types\/page"}],"author":[{"embeddable":true,"href":"https:\/\/agora.xtec.cat\/ceiplorca\/wp-json\/wp\/v2\/users\/1"}],"replies":[{"embeddable":true,"href":"https:\/\/agora.xtec.cat\/ceiplorca\/wp-json\/wp\/v2\/comments?post=2596"}],"version-history":[{"count":3,"href":"https:\/\/agora.xtec.cat\/ceiplorca\/wp-json\/wp\/v2\/pages\/2596\/revisions"}],"predecessor-version":[{"id":3061,"href":"https:\/\/agora.xtec.cat\/ceiplorca\/wp-json\/wp\/v2\/pages\/2596\/revisions\/3061"}],"up":[{"embeddable":true,"href":"https:\/\/agora.xtec.cat\/ceiplorca\/wp-json\/wp\/v2\/pages\/2531"}],"wp:attachment":[{"href":"https:\/\/agora.xtec.cat\/ceiplorca\/wp-json\/wp\/v2\/media?parent=2596"}],"curies":[{"name":"wp","href":"https:\/\/api.w.org\/{rel}","templated":true}]}}