{"id":2592,"date":"2025-09-21T16:51:33","date_gmt":"2025-09-21T14:51:33","guid":{"rendered":"https:\/\/agora.xtec.cat\/ceiplorca\/?page_id=2592"},"modified":"2025-09-23T20:26:03","modified_gmt":"2025-09-23T18:26:03","slug":"piscina","status":"publish","type":"page","link":"https:\/\/agora.xtec.cat\/ceiplorca\/projectes-descola\/piscina\/","title":{"rendered":"Piscina"},"content":{"rendered":"<h3>Aprenent a nedar: seguretat i diversi\u00f3 a l&#8217;aigua<a href=\"https:\/\/agora.xtec.cat\/ceiplorca\/wp-content\/uploads\/usu1186\/2025\/09\/f6518e4c-6ae3-4578-8aeb-826a6774b9f4.jpg\"><img loading=\"lazy\" decoding=\"async\" class=\"wp-image-2708 alignright\" src=\"https:\/\/agora.xtec.cat\/ceiplorca\/wp-content\/uploads\/usu1186\/2025\/09\/f6518e4c-6ae3-4578-8aeb-826a6774b9f4-1024x768.jpg\" alt=\"\" width=\"178\" height=\"133\" srcset=\"https:\/\/agora.xtec.cat\/ceiplorca\/wp-content\/uploads\/usu1186\/2025\/09\/f6518e4c-6ae3-4578-8aeb-826a6774b9f4-1024x768.jpg 1024w, https:\/\/agora.xtec.cat\/ceiplorca\/wp-content\/uploads\/usu1186\/2025\/09\/f6518e4c-6ae3-4578-8aeb-826a6774b9f4-300x225.jpg 300w, https:\/\/agora.xtec.cat\/ceiplorca\/wp-content\/uploads\/usu1186\/2025\/09\/f6518e4c-6ae3-4578-8aeb-826a6774b9f4-768x576.jpg 768w, https:\/\/agora.xtec.cat\/ceiplorca\/wp-content\/uploads\/usu1186\/2025\/09\/f6518e4c-6ae3-4578-8aeb-826a6774b9f4-1536x1152.jpg 1536w, https:\/\/agora.xtec.cat\/ceiplorca\/wp-content\/uploads\/usu1186\/2025\/09\/f6518e4c-6ae3-4578-8aeb-826a6774b9f4-200x150.jpg 200w, https:\/\/agora.xtec.cat\/ceiplorca\/wp-content\/uploads\/usu1186\/2025\/09\/f6518e4c-6ae3-4578-8aeb-826a6774b9f4.jpg 1600w\" sizes=\"auto, (max-width: 178px) 100vw, 178px\" \/><\/a><\/h3>\n<p>&nbsp;<\/p>\n<p>A la nostra escola, entenem la import\u00e0ncia d&#8217;aprendre a nedar com una habilitat fonamental per a la vida. Per aix\u00f2, tots els alumnes de <b>1r a 3r de Prim\u00e0ria<\/b> tenen una cita setmanal amb la piscina <b>Ca N&#8217;Arimon de Mollet del Vall\u00e8s<\/b>, on, de la m\u00e0 de professionals, aprenen a moure&#8217;s amb confian\u00e7a i seguretat dins de l&#8217;aigua.<\/p>\n<p>Aquesta activitat va molt m\u00e9s enll\u00e0 d&#8217;un simple esport. La nataci\u00f3 \u00e9s una de les activitats f\u00edsiques m\u00e9s completes que existeixen i ofereix nombrosos beneficis per al desenvolupament integral dels infants:<\/p>\n<ul>\n<li><b>Seguretat:<\/b> El primer i m\u00e9s important objectiu \u00e9s que tots els nostres alumnes es familiaritzin amb el medi aqu\u00e0tic i adquireixin les habilitats necess\u00e0ries per prevenir riscos.<\/li>\n<li><b>Salut i benestar:<\/b> La nataci\u00f3 millora la coordinaci\u00f3 motora, la resist\u00e8ncia f\u00edsica i el desenvolupament muscular i pulmonar, contribuint a un estil de vida actiu i saludable.<\/li>\n<li><b>Superaci\u00f3 personal:<\/b> Cada classe \u00e9s un repte que fomenta la perseveran\u00e7a i la confian\u00e7a en un mateix. Els infants superen les seves pors i celebren els seus progressos, construint una autoestima forta i positiva.<\/li>\n<\/ul>\n<p>Aquesta iniciativa \u00e9s una mostra del nostre comprom\u00eds amb una educaci\u00f3 que cuida el benestar f\u00edsic i emocional, preparant els nostres alumnes per a un futur ple de reptes.<\/p>\n<p><a href=\"https:\/\/agora.xtec.cat\/ceiplorca\/wp-content\/uploads\/usu1186\/2025\/09\/da1a382d-0efc-42d6-a7ec-b69ee54c17f6.jpg\"><img loading=\"lazy\" decoding=\"async\" class=\"size-large wp-image-2707 aligncenter\" src=\"https:\/\/agora.xtec.cat\/ceiplorca\/wp-content\/uploads\/usu1186\/2025\/09\/da1a382d-0efc-42d6-a7ec-b69ee54c17f6-768x1024.jpg\" alt=\"\" width=\"768\" height=\"1024\" srcset=\"https:\/\/agora.xtec.cat\/ceiplorca\/wp-content\/uploads\/usu1186\/2025\/09\/da1a382d-0efc-42d6-a7ec-b69ee54c17f6-768x1024.jpg 768w, https:\/\/agora.xtec.cat\/ceiplorca\/wp-content\/uploads\/usu1186\/2025\/09\/da1a382d-0efc-42d6-a7ec-b69ee54c17f6-225x300.jpg 225w, https:\/\/agora.xtec.cat\/ceiplorca\/wp-content\/uploads\/usu1186\/2025\/09\/da1a382d-0efc-42d6-a7ec-b69ee54c17f6-1152x1536.jpg 1152w, https:\/\/agora.xtec.cat\/ceiplorca\/wp-content\/uploads\/usu1186\/2025\/09\/da1a382d-0efc-42d6-a7ec-b69ee54c17f6.jpg 1200w\" sizes=\"auto, (max-width: 768px) 100vw, 768px\" \/><\/a><\/p>\n","protected":false},"excerpt":{"rendered":"<p>Aprenent a nedar: seguretat i diversi\u00f3 a l&#8217;aigua &nbsp; A la nostra escola, entenem la import\u00e0ncia d&#8217;aprendre a nedar com una habilitat fonamental per a la vida. Per aix\u00f2, tots els alumnes de 1r a 3r de Prim\u00e0ria tenen una cita setmanal amb la piscina Ca N&#8217;Arimon de Mollet del Vall\u00e8s, on, de la m\u00e0 [&hellip;]<\/p>\n","protected":false},"author":1,"featured_media":0,"parent":2531,"menu_order":8,"comment_status":"closed","ping_status":"closed","template":"","meta":{"_bbp_topic_count":0,"_bbp_reply_count":0,"_bbp_total_topic_count":0,"_bbp_total_reply_count":0,"_bbp_voice_count":0,"_bbp_anonymous_reply_count":0,"_bbp_topic_count_hidden":0,"_bbp_reply_count_hidden":0,"_bbp_forum_subforum_count":0,"site-sidebar-layout":"default","site-content-layout":"","ast-site-content-layout":"","site-content-style":"default","site-sidebar-style":"default","ast-global-header-display":"","ast-banner-title-visibility":"","ast-main-header-display":"","ast-hfb-above-header-display":"","ast-hfb-below-header-display":"","ast-hfb-mobile-header-display":"","site-post-title":"","ast-breadcrumbs-content":"","ast-featured-img":"","footer-sml-layout":"","theme-transparent-header-meta":"","adv-header-id-meta":"","stick-header-meta":"","header-above-stick-meta":"","header-main-stick-meta":"","header-below-stick-meta":"","astra-migrate-meta-layouts":"default","ast-page-background-enabled":"default","ast-page-background-meta":{"desktop":{"background-color":"var(--ast-global-color-4)","background-image":"","background-repeat":"repeat","background-position":"center center","background-size":"auto","background-attachment":"scroll","background-type":"","background-media":"","overlay-type":"","overlay-color":"","overlay-opacity":"","overlay-gradient":""},"tablet":{"background-color":"","background-image":"","background-repeat":"repeat","background-position":"center center","background-size":"auto","background-attachment":"scroll","background-type":"","background-media":"","overlay-type":"","overlay-color":"","overlay-opacity":"","overlay-gradient":""},"mobile":{"background-color":"","background-image":"","background-repeat":"repeat","background-position":"center center","background-size":"auto","background-attachment":"scroll","background-type":"","background-media":"","overlay-type":"","overlay-color":"","overlay-opacity":"","overlay-gradient":""}},"ast-content-background-meta":{"desktop":{"background-color":"var(--ast-global-color-5)","background-image":"","background-repeat":"repeat","background-position":"center center","background-size":"auto","background-attachment":"scroll","background-type":"","background-media":"","overlay-type":"","overlay-color":"","overlay-opacity":"","overlay-gradient":""},"tablet":{"background-color":"var(--ast-global-color-5)","background-image":"","background-repeat":"repeat","background-position":"center center","background-size":"auto","background-attachment":"scroll","background-type":"","background-media":"","overlay-type":"","overlay-color":"","overlay-opacity":"","overlay-gradient":""},"mobile":{"background-color":"var(--ast-global-color-5)","background-image":"","background-repeat":"repeat","background-position":"center center","background-size":"auto","background-attachment":"scroll","background-type":"","background-media":"","overlay-type":"","overlay-color":"","overlay-opacity":"","overlay-gradient":""}},"footnotes":""},"class_list":["post-2592","page","type-page","status-publish","hentry"],"post_mailing_queue_ids":[],"_links":{"self":[{"href":"https:\/\/agora.xtec.cat\/ceiplorca\/wp-json\/wp\/v2\/pages\/2592","targetHints":{"allow":["GET"]}}],"collection":[{"href":"https:\/\/agora.xtec.cat\/ceiplorca\/wp-json\/wp\/v2\/pages"}],"about":[{"href":"https:\/\/agora.xtec.cat\/ceiplorca\/wp-json\/wp\/v2\/types\/page"}],"author":[{"embeddable":true,"href":"https:\/\/agora.xtec.cat\/ceiplorca\/wp-json\/wp\/v2\/users\/1"}],"replies":[{"embeddable":true,"href":"https:\/\/agora.xtec.cat\/ceiplorca\/wp-json\/wp\/v2\/comments?post=2592"}],"version-history":[{"count":4,"href":"https:\/\/agora.xtec.cat\/ceiplorca\/wp-json\/wp\/v2\/pages\/2592\/revisions"}],"predecessor-version":[{"id":2710,"href":"https:\/\/agora.xtec.cat\/ceiplorca\/wp-json\/wp\/v2\/pages\/2592\/revisions\/2710"}],"up":[{"embeddable":true,"href":"https:\/\/agora.xtec.cat\/ceiplorca\/wp-json\/wp\/v2\/pages\/2531"}],"wp:attachment":[{"href":"https:\/\/agora.xtec.cat\/ceiplorca\/wp-json\/wp\/v2\/media?parent=2592"}],"curies":[{"name":"wp","href":"https:\/\/api.w.org\/{rel}","templated":true}]}}