{"id":2570,"date":"2025-09-19T16:17:24","date_gmt":"2025-09-19T14:17:24","guid":{"rendered":"https:\/\/agora.xtec.cat\/ceiplorca\/?page_id=2570"},"modified":"2025-12-22T16:46:53","modified_gmt":"2025-12-22T15:46:53","slug":"normes-dorganitzacio-i-funcionament-del-centre-nofc","status":"publish","type":"page","link":"https:\/\/agora.xtec.cat\/ceiplorca\/projecte-educatiu\/normes-dorganitzacio-i-funcionament-del-centre-nofc\/","title":{"rendered":"NOFC"},"content":{"rendered":"<p data-start=\"270\" data-end=\"481\">Les <strong data-start=\"274\" data-end=\"282\">NOFC<\/strong> s\u00f3n les <strong data-start=\"291\" data-end=\"342\">Normes d\u2019Organitzaci\u00f3 i Funcionament del Centre<\/strong>. S\u00f3n un conjunt d\u2019acords que ens ajuden a organitzar el dia a dia de l\u2019escola perqu\u00e8 tot funcioni de manera clara, respectuosa i ordenada.<\/p>\n<p data-start=\"483\" data-end=\"515\">Aquest document ens serveix per:<\/p>\n<ul data-start=\"516\" data-end=\"878\">\n<li data-start=\"516\" data-end=\"591\">\n<p data-start=\"518\" data-end=\"591\">Saber <strong data-start=\"524\" data-end=\"557\">com ens organitzem a l\u2019escola<\/strong> (horaris, espais, activitats&#8230;).<\/p>\n<\/li>\n<li data-start=\"592\" data-end=\"687\">\n<p data-start=\"594\" data-end=\"687\">Tenir clars els <strong data-start=\"610\" data-end=\"628\">drets i deures<\/strong> de tots: alumnat, mestres, fam\u00edlies i personal del centre.<\/p>\n<\/li>\n<li data-start=\"688\" data-end=\"755\">\n<p data-start=\"690\" data-end=\"755\">Saber <strong data-start=\"696\" data-end=\"731\">com actuem davant de conflictes<\/strong> o situacions especials.<\/p>\n<\/li>\n<li data-start=\"756\" data-end=\"814\">\n<p data-start=\"758\" data-end=\"814\">Establir <strong data-start=\"767\" data-end=\"813\">com ens comuniquem entre escola i fam\u00edlies<\/strong>.<\/p>\n<\/li>\n<li data-start=\"815\" data-end=\"878\">\n<p data-start=\"817\" data-end=\"878\">Fomentar un bon clima de conviv\u00e8ncia i respecte entre tothom.<\/p>\n<\/li>\n<\/ul>\n<p data-start=\"880\" data-end=\"1101\">Les NOFC no s\u00f3n nom\u00e9s un recull de normes, sin\u00f3 una <strong data-start=\"932\" data-end=\"960\">eina per conviure millor<\/strong>, aprendre en un entorn segur i garantir que totes les persones que formen part de la comunitat educativa se sentin escoltades i respectades.<\/p>\n<p data-start=\"1103\" data-end=\"1238\">Aquestes normes les elaborem entre tots i totes, i es revisen regularment per adaptar-les a les necessitats de l\u2019escola i dels infants.<\/p>\n<p data-start=\"1103\" data-end=\"1238\">\ud83d\udd3d <strong data-start=\"338\" data-end=\"395\">Descarrega el document complet en PDF fent clic aqu\u00ed:<\/strong><br data-start=\"395\" data-end=\"398\" \/>\ud83d\udc49 <a href=\"https:\/\/agora.xtec.cat\/ceiplorca\/wp-content\/uploads\/usu1186\/2025\/09\/NOFC-Part-1.pdf\">NOFC-Part-1<\/a> <a href=\"https:\/\/agora.xtec.cat\/ceiplorca\/wp-content\/uploads\/usu1186\/2025\/09\/NOFC-Part-2.pdf\">NOFC-Part-2<\/a><\/p>\n<p data-start=\"1103\" data-end=\"1238\"><a href=\"https:\/\/agora.xtec.cat\/ceiplorca\/wp-content\/uploads\/usu1186\/2025\/04\/IMG-20250404-WA0023.jpg\"><img loading=\"lazy\" decoding=\"async\" class=\"alignnone size-large wp-image-2498\" src=\"https:\/\/agora.xtec.cat\/ceiplorca\/wp-content\/uploads\/usu1186\/2025\/04\/IMG-20250404-WA0023-1024x768.jpg\" alt=\"\" width=\"1024\" height=\"768\" srcset=\"https:\/\/agora.xtec.cat\/ceiplorca\/wp-content\/uploads\/usu1186\/2025\/04\/IMG-20250404-WA0023-1024x768.jpg 1024w, https:\/\/agora.xtec.cat\/ceiplorca\/wp-content\/uploads\/usu1186\/2025\/04\/IMG-20250404-WA0023-300x225.jpg 300w, https:\/\/agora.xtec.cat\/ceiplorca\/wp-content\/uploads\/usu1186\/2025\/04\/IMG-20250404-WA0023-768x576.jpg 768w, https:\/\/agora.xtec.cat\/ceiplorca\/wp-content\/uploads\/usu1186\/2025\/04\/IMG-20250404-WA0023-1536x1152.jpg 1536w, https:\/\/agora.xtec.cat\/ceiplorca\/wp-content\/uploads\/usu1186\/2025\/04\/IMG-20250404-WA0023-200x150.jpg 200w, https:\/\/agora.xtec.cat\/ceiplorca\/wp-content\/uploads\/usu1186\/2025\/04\/IMG-20250404-WA0023.jpg 2048w\" sizes=\"auto, (max-width: 1024px) 100vw, 1024px\" \/><\/a><\/p>\n","protected":false},"excerpt":{"rendered":"<p>Les NOFC s\u00f3n les Normes d\u2019Organitzaci\u00f3 i Funcionament del Centre. S\u00f3n un conjunt d\u2019acords que ens ajuden a organitzar el dia a dia de l\u2019escola perqu\u00e8 tot funcioni de manera clara, respectuosa i ordenada. Aquest document ens serveix per: Saber com ens organitzem a l\u2019escola (horaris, espais, activitats&#8230;). Tenir clars els drets i deures de [&hellip;]<\/p>\n","protected":false},"author":1,"featured_media":0,"parent":64,"menu_order":2,"comment_status":"closed","ping_status":"closed","template":"","meta":{"_bbp_topic_count":0,"_bbp_reply_count":0,"_bbp_total_topic_count":0,"_bbp_total_reply_count":0,"_bbp_voice_count":0,"_bbp_anonymous_reply_count":0,"_bbp_topic_count_hidden":0,"_bbp_reply_count_hidden":0,"_bbp_forum_subforum_count":0,"site-sidebar-layout":"default","site-content-layout":"","ast-site-content-layout":"default","site-content-style":"default","site-sidebar-style":"default","ast-global-header-display":"","ast-banner-title-visibility":"","ast-main-header-display":"","ast-hfb-above-header-display":"","ast-hfb-below-header-display":"","ast-hfb-mobile-header-display":"","site-post-title":"","ast-breadcrumbs-content":"","ast-featured-img":"","footer-sml-layout":"","theme-transparent-header-meta":"default","adv-header-id-meta":"","stick-header-meta":"","header-above-stick-meta":"","header-main-stick-meta":"","header-below-stick-meta":"","astra-migrate-meta-layouts":"set","ast-page-background-enabled":"default","ast-page-background-meta":{"desktop":{"background-color":"var(--ast-global-color-4)","background-image":"","background-repeat":"repeat","background-position":"center center","background-size":"auto","background-attachment":"scroll","background-type":"","background-media":"","overlay-type":"","overlay-color":"","overlay-opacity":"","overlay-gradient":""},"tablet":{"background-color":"","background-image":"","background-repeat":"repeat","background-position":"center center","background-size":"auto","background-attachment":"scroll","background-type":"","background-media":"","overlay-type":"","overlay-color":"","overlay-opacity":"","overlay-gradient":""},"mobile":{"background-color":"","background-image":"","background-repeat":"repeat","background-position":"center center","background-size":"auto","background-attachment":"scroll","background-type":"","background-media":"","overlay-type":"","overlay-color":"","overlay-opacity":"","overlay-gradient":""}},"ast-content-background-meta":{"desktop":{"background-color":"var(--ast-global-color-5)","background-image":"","background-repeat":"repeat","background-position":"center center","background-size":"auto","background-attachment":"scroll","background-type":"","background-media":"","overlay-type":"","overlay-color":"","overlay-opacity":"","overlay-gradient":""},"tablet":{"background-color":"var(--ast-global-color-5)","background-image":"","background-repeat":"repeat","background-position":"center center","background-size":"auto","background-attachment":"scroll","background-type":"","background-media":"","overlay-type":"","overlay-color":"","overlay-opacity":"","overlay-gradient":""},"mobile":{"background-color":"var(--ast-global-color-5)","background-image":"","background-repeat":"repeat","background-position":"center center","background-size":"auto","background-attachment":"scroll","background-type":"","background-media":"","overlay-type":"","overlay-color":"","overlay-opacity":"","overlay-gradient":""}},"footnotes":""},"class_list":["post-2570","page","type-page","status-publish","hentry"],"post_mailing_queue_ids":[],"_links":{"self":[{"href":"https:\/\/agora.xtec.cat\/ceiplorca\/wp-json\/wp\/v2\/pages\/2570","targetHints":{"allow":["GET"]}}],"collection":[{"href":"https:\/\/agora.xtec.cat\/ceiplorca\/wp-json\/wp\/v2\/pages"}],"about":[{"href":"https:\/\/agora.xtec.cat\/ceiplorca\/wp-json\/wp\/v2\/types\/page"}],"author":[{"embeddable":true,"href":"https:\/\/agora.xtec.cat\/ceiplorca\/wp-json\/wp\/v2\/users\/1"}],"replies":[{"embeddable":true,"href":"https:\/\/agora.xtec.cat\/ceiplorca\/wp-json\/wp\/v2\/comments?post=2570"}],"version-history":[{"count":5,"href":"https:\/\/agora.xtec.cat\/ceiplorca\/wp-json\/wp\/v2\/pages\/2570\/revisions"}],"predecessor-version":[{"id":3066,"href":"https:\/\/agora.xtec.cat\/ceiplorca\/wp-json\/wp\/v2\/pages\/2570\/revisions\/3066"}],"up":[{"embeddable":true,"href":"https:\/\/agora.xtec.cat\/ceiplorca\/wp-json\/wp\/v2\/pages\/64"}],"wp:attachment":[{"href":"https:\/\/agora.xtec.cat\/ceiplorca\/wp-json\/wp\/v2\/media?parent=2570"}],"curies":[{"name":"wp","href":"https:\/\/api.w.org\/{rel}","templated":true}]}}