{"id":2546,"date":"2025-09-19T13:35:13","date_gmt":"2025-09-19T11:35:13","guid":{"rendered":"https:\/\/agora.xtec.cat\/ceiplorca\/?page_id=2546"},"modified":"2025-12-22T16:38:12","modified_gmt":"2025-12-22T15:38:12","slug":"programacio-i-robotica","status":"publish","type":"page","link":"https:\/\/agora.xtec.cat\/ceiplorca\/projectes-descola\/programacio-i-robotica\/","title":{"rendered":"Programaci\u00f3 i rob\u00f2tica"},"content":{"rendered":"<h3>M\u00e9s que robots: El pensament del futur a la nostra escola<\/h3>\n<p>&nbsp;<\/p>\n<p>A la nostra es<a href=\"https:\/\/agora.xtec.cat\/ceiplorca\/wp-content\/uploads\/usu1186\/2025\/09\/e40b3182-7e8a-41ec-aa6a-78608890f315.jpg\"><img loading=\"lazy\" decoding=\"async\" class=\"wp-image-2700 alignleft\" src=\"https:\/\/agora.xtec.cat\/ceiplorca\/wp-content\/uploads\/usu1186\/2025\/09\/e40b3182-7e8a-41ec-aa6a-78608890f315-576x1024.jpg\" alt=\"\" width=\"121\" height=\"215\" srcset=\"https:\/\/agora.xtec.cat\/ceiplorca\/wp-content\/uploads\/usu1186\/2025\/09\/e40b3182-7e8a-41ec-aa6a-78608890f315-576x1024.jpg 576w, https:\/\/agora.xtec.cat\/ceiplorca\/wp-content\/uploads\/usu1186\/2025\/09\/e40b3182-7e8a-41ec-aa6a-78608890f315-169x300.jpg 169w, https:\/\/agora.xtec.cat\/ceiplorca\/wp-content\/uploads\/usu1186\/2025\/09\/e40b3182-7e8a-41ec-aa6a-78608890f315-768x1365.jpg 768w, https:\/\/agora.xtec.cat\/ceiplorca\/wp-content\/uploads\/usu1186\/2025\/09\/e40b3182-7e8a-41ec-aa6a-78608890f315-864x1536.jpg 864w, https:\/\/agora.xtec.cat\/ceiplorca\/wp-content\/uploads\/usu1186\/2025\/09\/e40b3182-7e8a-41ec-aa6a-78608890f315.jpg 900w\" sizes=\"auto, (max-width: 121px) 100vw, 121px\" \/><\/a>cola, entenem que educar per al segle XXI \u00e9s donar als nostres alumnes les eines per entendre i crear el m\u00f3n que els envolta. Per aix\u00f2, la <b>programaci\u00f3 i rob\u00f2tica<\/b> no s\u00f3n nom\u00e9s una activitat extra, sin\u00f3 una part fonamental del nostre projecte educatiu.<\/p>\n<p>A trav\u00e9s d&#8217;aquesta \u00e0rea, els infants desenvolupen el <b>pensament computacional<\/b>: una manera de raonar que els ensenya a descompondre problemes complexos en parts m\u00e9s petites, a trobar solucions de manera l\u00f2gica i a ser creatius per dissenyar. Aquestes s\u00f3n habilitats essencials per a qualsevol \u00e0mbit de la vida, no nom\u00e9s per al m\u00f3n tecnol\u00f2gic.<\/p>\n<h4><\/h4>\n<h4><\/h4>\n<p>&nbsp;<\/p>\n<h4>Com treballem la programaci\u00f3 i rob\u00f2tica<\/h4>\n<p>Per fer de l&#8217;aprenentatge una experi\u00e8ncia enriquidora i adaptada a cada edat, utilitzem una varietat de recursos, des dels dispositius m\u00e9s intu\u00eftius com <b>Bee-Bots o Tale-Bot<\/b> per als m\u00e9s petits, fins a eines m\u00e9s avan\u00e7ades com <b>Micro:bit, Edison i LEGO Spike<\/b>. Complementem aquests dispositius amb plataformes de programaci\u00f3 visual com <b>Scratch Jr<\/b> i <b>Scratch<\/b>.<\/p>\n<p>El nostre comprom\u00eds amb la rob\u00f2tica es reflecteix en la seva pres\u00e8ncia a diferents \u00e0mbits:<\/p>\n<ul>\n<li><b>Tallers multidisciplinaris:<\/b> Integrem la rob\u00f2tica com una de les l\u00ednies de treball dels nostres tallers, permetent que els alumnes explorin i cre\u00efn fora del curr\u00edculum tradicional.<\/li>\n<li><b>Projectes i curr\u00edculum:<\/b> Utilitzem la programaci\u00f3 com una eina transversal per a projectes i diverses \u00e0rees del curr\u00edculum, des de les matem\u00e0tiques fins a la m\u00fasica.<\/li>\n<li><b>Participaci\u00f3 en esdeveniments:<\/b> Donem l&#8217;oportunitat als nostres alumnes de portar els seus aprenentatges m\u00e9s enll\u00e0 de l&#8217;escola, participant en projectes com <b>Robots en acci\u00f3<\/b> del Departament d&#8217;Educaci\u00f3 i exhibint els seus treballs a la <b>Fira Codebot de Mollet del Vall\u00e8s<\/b>.<\/li>\n<\/ul>\n<p>Amb la programaci\u00f3 i la rob\u00f2tica, no ens proposem formar futurs enginyers, sin\u00f3 dotar els nostres alumnes d&#8217;un esperit cr\u00edtic, resolutiu i creatiu.<\/p>\n<p><a href=\"https:\/\/agora.xtec.cat\/ceiplorca\/wp-content\/uploads\/usu1186\/2025\/09\/9cbb69ab-5727-4920-a5c1-3c617add71e7.jpg\"><img loading=\"lazy\" decoding=\"async\" class=\"alignnone wp-image-2702\" src=\"https:\/\/agora.xtec.cat\/ceiplorca\/wp-content\/uploads\/usu1186\/2025\/09\/9cbb69ab-5727-4920-a5c1-3c617add71e7-1024x768.jpg\" alt=\"\" width=\"625\" height=\"468\" srcset=\"https:\/\/agora.xtec.cat\/ceiplorca\/wp-content\/uploads\/usu1186\/2025\/09\/9cbb69ab-5727-4920-a5c1-3c617add71e7-1024x768.jpg 1024w, https:\/\/agora.xtec.cat\/ceiplorca\/wp-content\/uploads\/usu1186\/2025\/09\/9cbb69ab-5727-4920-a5c1-3c617add71e7-300x225.jpg 300w, https:\/\/agora.xtec.cat\/ceiplorca\/wp-content\/uploads\/usu1186\/2025\/09\/9cbb69ab-5727-4920-a5c1-3c617add71e7-768x576.jpg 768w, https:\/\/agora.xtec.cat\/ceiplorca\/wp-content\/uploads\/usu1186\/2025\/09\/9cbb69ab-5727-4920-a5c1-3c617add71e7-1536x1152.jpg 1536w, https:\/\/agora.xtec.cat\/ceiplorca\/wp-content\/uploads\/usu1186\/2025\/09\/9cbb69ab-5727-4920-a5c1-3c617add71e7-200x150.jpg 200w, https:\/\/agora.xtec.cat\/ceiplorca\/wp-content\/uploads\/usu1186\/2025\/09\/9cbb69ab-5727-4920-a5c1-3c617add71e7.jpg 1600w\" sizes=\"auto, (max-width: 625px) 100vw, 625px\" \/><\/a><\/p>\n","protected":false},"excerpt":{"rendered":"<p>M\u00e9s que robots: El pensament del futur a la nostra escola &nbsp; A la nostra escola, entenem que educar per al segle XXI \u00e9s donar als nostres alumnes les eines per entendre i crear el m\u00f3n que els envolta. Per aix\u00f2, la programaci\u00f3 i rob\u00f2tica no s\u00f3n nom\u00e9s una activitat extra, sin\u00f3 una part fonamental [&hellip;]<\/p>\n","protected":false},"author":1,"featured_media":0,"parent":2531,"menu_order":4,"comment_status":"closed","ping_status":"closed","template":"","meta":{"_bbp_topic_count":0,"_bbp_reply_count":0,"_bbp_total_topic_count":0,"_bbp_total_reply_count":0,"_bbp_voice_count":0,"_bbp_anonymous_reply_count":0,"_bbp_topic_count_hidden":0,"_bbp_reply_count_hidden":0,"_bbp_forum_subforum_count":0,"site-sidebar-layout":"default","site-content-layout":"","ast-site-content-layout":"default","site-content-style":"default","site-sidebar-style":"default","ast-global-header-display":"","ast-banner-title-visibility":"","ast-main-header-display":"","ast-hfb-above-header-display":"","ast-hfb-below-header-display":"","ast-hfb-mobile-header-display":"","site-post-title":"","ast-breadcrumbs-content":"","ast-featured-img":"","footer-sml-layout":"","theme-transparent-header-meta":"default","adv-header-id-meta":"","stick-header-meta":"","header-above-stick-meta":"","header-main-stick-meta":"","header-below-stick-meta":"","astra-migrate-meta-layouts":"set","ast-page-background-enabled":"default","ast-page-background-meta":{"desktop":{"background-color":"var(--ast-global-color-4)","background-image":"","background-repeat":"repeat","background-position":"center center","background-size":"auto","background-attachment":"scroll","background-type":"","background-media":"","overlay-type":"","overlay-color":"","overlay-opacity":"","overlay-gradient":""},"tablet":{"background-color":"","background-image":"","background-repeat":"repeat","background-position":"center center","background-size":"auto","background-attachment":"scroll","background-type":"","background-media":"","overlay-type":"","overlay-color":"","overlay-opacity":"","overlay-gradient":""},"mobile":{"background-color":"","background-image":"","background-repeat":"repeat","background-position":"center center","background-size":"auto","background-attachment":"scroll","background-type":"","background-media":"","overlay-type":"","overlay-color":"","overlay-opacity":"","overlay-gradient":""}},"ast-content-background-meta":{"desktop":{"background-color":"var(--ast-global-color-5)","background-image":"","background-repeat":"repeat","background-position":"center center","background-size":"auto","background-attachment":"scroll","background-type":"","background-media":"","overlay-type":"","overlay-color":"","overlay-opacity":"","overlay-gradient":""},"tablet":{"background-color":"var(--ast-global-color-5)","background-image":"","background-repeat":"repeat","background-position":"center center","background-size":"auto","background-attachment":"scroll","background-type":"","background-media":"","overlay-type":"","overlay-color":"","overlay-opacity":"","overlay-gradient":""},"mobile":{"background-color":"var(--ast-global-color-5)","background-image":"","background-repeat":"repeat","background-position":"center center","background-size":"auto","background-attachment":"scroll","background-type":"","background-media":"","overlay-type":"","overlay-color":"","overlay-opacity":"","overlay-gradient":""}},"footnotes":""},"class_list":["post-2546","page","type-page","status-publish","hentry"],"post_mailing_queue_ids":[],"_links":{"self":[{"href":"https:\/\/agora.xtec.cat\/ceiplorca\/wp-json\/wp\/v2\/pages\/2546","targetHints":{"allow":["GET"]}}],"collection":[{"href":"https:\/\/agora.xtec.cat\/ceiplorca\/wp-json\/wp\/v2\/pages"}],"about":[{"href":"https:\/\/agora.xtec.cat\/ceiplorca\/wp-json\/wp\/v2\/types\/page"}],"author":[{"embeddable":true,"href":"https:\/\/agora.xtec.cat\/ceiplorca\/wp-json\/wp\/v2\/users\/1"}],"replies":[{"embeddable":true,"href":"https:\/\/agora.xtec.cat\/ceiplorca\/wp-json\/wp\/v2\/comments?post=2546"}],"version-history":[{"count":5,"href":"https:\/\/agora.xtec.cat\/ceiplorca\/wp-json\/wp\/v2\/pages\/2546\/revisions"}],"predecessor-version":[{"id":3062,"href":"https:\/\/agora.xtec.cat\/ceiplorca\/wp-json\/wp\/v2\/pages\/2546\/revisions\/3062"}],"up":[{"embeddable":true,"href":"https:\/\/agora.xtec.cat\/ceiplorca\/wp-json\/wp\/v2\/pages\/2531"}],"wp:attachment":[{"href":"https:\/\/agora.xtec.cat\/ceiplorca\/wp-json\/wp\/v2\/media?parent=2546"}],"curies":[{"name":"wp","href":"https:\/\/api.w.org\/{rel}","templated":true}]}}