{"id":2539,"date":"2025-09-19T13:33:35","date_gmt":"2025-09-19T11:33:35","guid":{"rendered":"https:\/\/agora.xtec.cat\/ceiplorca\/?page_id=2539"},"modified":"2025-12-22T16:35:55","modified_gmt":"2025-12-22T15:35:55","slug":"escacs-a-lescola","status":"publish","type":"page","link":"https:\/\/agora.xtec.cat\/ceiplorca\/projectes-descola\/escacs-a-lescola\/","title":{"rendered":"Escacs a l&#8217;escola"},"content":{"rendered":"<h3>Escacs: L&#8217;estrat\u00e8gia del joc, la l\u00f2gica de la vida \u265f\ufe0f<\/h3>\n<p>&nbsp;<\/p>\n<p>A la nostra escola, entenem que aprendre a pensar \u00e9s tan important com adquirir coneixements. Per aix\u00f2, un dia a la setmana, dediquem temps a la pr\u00e0ctica dels <b>escacs<\/b>, una activitat que va molt m\u00e9s enll\u00e0 del joc. Amb el suport d&#8217;un professional extern especialitzat, els nostres alumnes s&#8217;endinsen en el m\u00f3n d&#8217;aquest esport mental, desenvolupant habilitats fonamentals per al seu present i futur.<\/p>\n<p><a href=\"https:\/\/agora.xtec.cat\/ceiplorca\/wp-content\/uploads\/usu1186\/2025\/10\/WhatsApp-Image-2025-10-06-at-18.36.26.jpeg\"><img loading=\"lazy\" decoding=\"async\" class=\"alignnone size-large wp-image-2752\" src=\"https:\/\/agora.xtec.cat\/ceiplorca\/wp-content\/uploads\/usu1186\/2025\/10\/WhatsApp-Image-2025-10-06-at-18.36.26-1024x768.jpeg\" alt=\"\" width=\"1024\" height=\"768\" srcset=\"https:\/\/agora.xtec.cat\/ceiplorca\/wp-content\/uploads\/usu1186\/2025\/10\/WhatsApp-Image-2025-10-06-at-18.36.26-1024x768.jpeg 1024w, https:\/\/agora.xtec.cat\/ceiplorca\/wp-content\/uploads\/usu1186\/2025\/10\/WhatsApp-Image-2025-10-06-at-18.36.26-300x225.jpeg 300w, https:\/\/agora.xtec.cat\/ceiplorca\/wp-content\/uploads\/usu1186\/2025\/10\/WhatsApp-Image-2025-10-06-at-18.36.26-768x576.jpeg 768w, https:\/\/agora.xtec.cat\/ceiplorca\/wp-content\/uploads\/usu1186\/2025\/10\/WhatsApp-Image-2025-10-06-at-18.36.26-1536x1152.jpeg 1536w, https:\/\/agora.xtec.cat\/ceiplorca\/wp-content\/uploads\/usu1186\/2025\/10\/WhatsApp-Image-2025-10-06-at-18.36.26-200x150.jpeg 200w, https:\/\/agora.xtec.cat\/ceiplorca\/wp-content\/uploads\/usu1186\/2025\/10\/WhatsApp-Image-2025-10-06-at-18.36.26.jpeg 1600w\" sizes=\"auto, (max-width: 1024px) 100vw, 1024px\" \/><\/a><\/p>\n<h4>Per qu\u00e8 escacs a l&#8217;escola?<\/h4>\n<p>&nbsp;<\/p>\n<p>A trav\u00e9s del tauler, els infants no nom\u00e9s aprenen a moure peces, sin\u00f3 que es converteixen en pensadors estrat\u00e8gics i resolutius. El joc dels escacs els ajuda a:<\/p>\n<ul>\n<li><b>Desenvolupar el pensament l\u00f2gic:<\/b> Cal analitzar cada jugada i anticipar les possibles respostes de l&#8217;adversari. Aquesta capacitat els ajuda a raonar de manera estructurada en totes les \u00e0rees d&#8217;aprenentatge.<\/li>\n<li><b>Millorar la concentraci\u00f3 i l&#8217;atenci\u00f3:<\/b> Cada partida requereix un enfocament total, entrenant la seva capacitat per mantenir l&#8217;atenci\u00f3 en una tasca durant un temps prolongat.<\/li>\n<li><b>Fomentar la paci\u00e8ncia i el respecte:<\/b> Els escacs ensenyen la import\u00e0ncia d&#8217;esperar el torn, de respectar les regles i d&#8217;acceptar tant la vict\u00f2ria com la derrota amb esportivitat.<\/li>\n<li><b>Potenciar la presa de decisions:<\/b> Cada moviment \u00e9s una decisi\u00f3. Els alumnes aprenen a valorar diferents opcions, a assumir riscos calculats i a responsabilitzar-se de les seves eleccions.<\/li>\n<\/ul>\n<p>Aquesta activitat \u00e9s una mostra del nostre comprom\u00eds amb una educaci\u00f3 integral que combina el joc amb l&#8217;aprenentatge, preparant els nostres alumnes per a afrontar qualsevol repte amb intel\u00b7lig\u00e8ncia i visi\u00f3 de futur.<\/p>\n<p><a href=\"https:\/\/agora.xtec.cat\/ceiplorca\/wp-content\/uploads\/usu1186\/2025\/10\/WhatsApp-Image-2025-10-06-at-18.36.26-1.jpeg\"><img loading=\"lazy\" decoding=\"async\" class=\"alignnone size-large wp-image-2751\" src=\"https:\/\/agora.xtec.cat\/ceiplorca\/wp-content\/uploads\/usu1186\/2025\/10\/WhatsApp-Image-2025-10-06-at-18.36.26-1-1024x768.jpeg\" alt=\"\" width=\"1024\" height=\"768\" srcset=\"https:\/\/agora.xtec.cat\/ceiplorca\/wp-content\/uploads\/usu1186\/2025\/10\/WhatsApp-Image-2025-10-06-at-18.36.26-1-1024x768.jpeg 1024w, https:\/\/agora.xtec.cat\/ceiplorca\/wp-content\/uploads\/usu1186\/2025\/10\/WhatsApp-Image-2025-10-06-at-18.36.26-1-300x225.jpeg 300w, https:\/\/agora.xtec.cat\/ceiplorca\/wp-content\/uploads\/usu1186\/2025\/10\/WhatsApp-Image-2025-10-06-at-18.36.26-1-768x576.jpeg 768w, https:\/\/agora.xtec.cat\/ceiplorca\/wp-content\/uploads\/usu1186\/2025\/10\/WhatsApp-Image-2025-10-06-at-18.36.26-1-1536x1152.jpeg 1536w, https:\/\/agora.xtec.cat\/ceiplorca\/wp-content\/uploads\/usu1186\/2025\/10\/WhatsApp-Image-2025-10-06-at-18.36.26-1-200x150.jpeg 200w, https:\/\/agora.xtec.cat\/ceiplorca\/wp-content\/uploads\/usu1186\/2025\/10\/WhatsApp-Image-2025-10-06-at-18.36.26-1.jpeg 1600w\" sizes=\"auto, (max-width: 1024px) 100vw, 1024px\" \/><\/a><\/p>\n","protected":false},"excerpt":{"rendered":"<p>Escacs: L&#8217;estrat\u00e8gia del joc, la l\u00f2gica de la vida \u265f\ufe0f &nbsp; A la nostra escola, entenem que aprendre a pensar \u00e9s tan important com adquirir coneixements. Per aix\u00f2, un dia a la setmana, dediquem temps a la pr\u00e0ctica dels escacs, una activitat que va molt m\u00e9s enll\u00e0 del joc. Amb el suport d&#8217;un professional extern [&hellip;]<\/p>\n","protected":false},"author":1,"featured_media":0,"parent":2531,"menu_order":7,"comment_status":"closed","ping_status":"closed","template":"","meta":{"_bbp_topic_count":0,"_bbp_reply_count":0,"_bbp_total_topic_count":0,"_bbp_total_reply_count":0,"_bbp_voice_count":0,"_bbp_anonymous_reply_count":0,"_bbp_topic_count_hidden":0,"_bbp_reply_count_hidden":0,"_bbp_forum_subforum_count":0,"site-sidebar-layout":"default","site-content-layout":"","ast-site-content-layout":"default","site-content-style":"default","site-sidebar-style":"default","ast-global-header-display":"","ast-banner-title-visibility":"","ast-main-header-display":"","ast-hfb-above-header-display":"","ast-hfb-below-header-display":"","ast-hfb-mobile-header-display":"","site-post-title":"","ast-breadcrumbs-content":"","ast-featured-img":"","footer-sml-layout":"","theme-transparent-header-meta":"default","adv-header-id-meta":"","stick-header-meta":"","header-above-stick-meta":"","header-main-stick-meta":"","header-below-stick-meta":"","astra-migrate-meta-layouts":"set","ast-page-background-enabled":"default","ast-page-background-meta":{"desktop":{"background-color":"var(--ast-global-color-4)","background-image":"","background-repeat":"repeat","background-position":"center center","background-size":"auto","background-attachment":"scroll","background-type":"","background-media":"","overlay-type":"","overlay-color":"","overlay-opacity":"","overlay-gradient":""},"tablet":{"background-color":"","background-image":"","background-repeat":"repeat","background-position":"center center","background-size":"auto","background-attachment":"scroll","background-type":"","background-media":"","overlay-type":"","overlay-color":"","overlay-opacity":"","overlay-gradient":""},"mobile":{"background-color":"","background-image":"","background-repeat":"repeat","background-position":"center center","background-size":"auto","background-attachment":"scroll","background-type":"","background-media":"","overlay-type":"","overlay-color":"","overlay-opacity":"","overlay-gradient":""}},"ast-content-background-meta":{"desktop":{"background-color":"var(--ast-global-color-5)","background-image":"","background-repeat":"repeat","background-position":"center center","background-size":"auto","background-attachment":"scroll","background-type":"","background-media":"","overlay-type":"","overlay-color":"","overlay-opacity":"","overlay-gradient":""},"tablet":{"background-color":"var(--ast-global-color-5)","background-image":"","background-repeat":"repeat","background-position":"center center","background-size":"auto","background-attachment":"scroll","background-type":"","background-media":"","overlay-type":"","overlay-color":"","overlay-opacity":"","overlay-gradient":""},"mobile":{"background-color":"var(--ast-global-color-5)","background-image":"","background-repeat":"repeat","background-position":"center center","background-size":"auto","background-attachment":"scroll","background-type":"","background-media":"","overlay-type":"","overlay-color":"","overlay-opacity":"","overlay-gradient":""}},"footnotes":""},"class_list":["post-2539","page","type-page","status-publish","hentry"],"post_mailing_queue_ids":[],"_links":{"self":[{"href":"https:\/\/agora.xtec.cat\/ceiplorca\/wp-json\/wp\/v2\/pages\/2539","targetHints":{"allow":["GET"]}}],"collection":[{"href":"https:\/\/agora.xtec.cat\/ceiplorca\/wp-json\/wp\/v2\/pages"}],"about":[{"href":"https:\/\/agora.xtec.cat\/ceiplorca\/wp-json\/wp\/v2\/types\/page"}],"author":[{"embeddable":true,"href":"https:\/\/agora.xtec.cat\/ceiplorca\/wp-json\/wp\/v2\/users\/1"}],"replies":[{"embeddable":true,"href":"https:\/\/agora.xtec.cat\/ceiplorca\/wp-json\/wp\/v2\/comments?post=2539"}],"version-history":[{"count":3,"href":"https:\/\/agora.xtec.cat\/ceiplorca\/wp-json\/wp\/v2\/pages\/2539\/revisions"}],"predecessor-version":[{"id":3060,"href":"https:\/\/agora.xtec.cat\/ceiplorca\/wp-json\/wp\/v2\/pages\/2539\/revisions\/3060"}],"up":[{"embeddable":true,"href":"https:\/\/agora.xtec.cat\/ceiplorca\/wp-json\/wp\/v2\/pages\/2531"}],"wp:attachment":[{"href":"https:\/\/agora.xtec.cat\/ceiplorca\/wp-json\/wp\/v2\/media?parent=2539"}],"curies":[{"name":"wp","href":"https:\/\/api.w.org\/{rel}","templated":true}]}}