{"id":2534,"date":"2025-09-19T13:29:17","date_gmt":"2025-09-19T11:29:17","guid":{"rendered":"https:\/\/agora.xtec.cat\/ceiplorca\/?page_id=2534"},"modified":"2026-03-17T12:26:37","modified_gmt":"2026-03-17T11:26:37","slug":"qui-som","status":"publish","type":"page","link":"https:\/\/agora.xtec.cat\/ceiplorca\/lescola\/qui-som\/","title":{"rendered":"Qui som?"},"content":{"rendered":"<h3 style=\"text-align: left;\"><strong>La nostra escola<\/strong><\/h3>\n<p style=\"text-align: left;\"><strong>La nostra escola<\/strong> \u00e9s un espai vibrant on cada alumne \u00e9s el protagonista del seu propi<br \/>\naprenentatge.<br \/>\n<strong>La nostra escola<\/strong> fomenta la curiositat i la creativitat a trav\u00e9s de projectes interdisciplinaris i<br \/>\nexperi\u00e8ncies significatives.<br \/>\n<strong>La nostra escola<\/strong> utilitza metodologies actives que promouen el pensament cr\u00edtic, la<br \/>\nresoluci\u00f3 de problemes i la col\u00b7laboraci\u00f3, desenvolupant aix\u00ed compet\u00e8ncies per a la vida.<br \/>\n<strong>La nostra escola<\/strong> est\u00e0 equipada amb tecnologies educatives per enriquir el proc\u00e9s<br \/>\nd&#8217;aprenentatge i preparar els alumnes per al futur.<br \/>\n<strong>La nostra escola<\/strong> valora la diversitat com una riquesa, adaptant-se a les necessitats<br \/>\nindividuals de cada estudiant.<br \/>\n<strong>La nostra escola<\/strong> promou un ambient d&#8217;aprenentatge segur, respectu\u00f3s i inclusiu, on tots se<br \/>\nsenten valorats.<br \/>\n<strong>La nostra escola<\/strong> aposta per l&#8217;educaci\u00f3 emocional, dotant els alumnes d&#8217;eines per gestionar<br \/>\nles seves emocions i millorar les seves relacions.<br \/>\n<strong>La nostra escola<\/strong> incorpora el joc i l&#8217;experimentaci\u00f3 com a pilars fonamentals per al<br \/>\ndesenvolupament cognitiu i social.<br \/>\n<strong>La nostra escola<\/strong> \u00e9s un espai obert a la comunitat, on la participaci\u00f3 de les fam\u00edlies \u00e9s<br \/>\nessencial i benvinguda.<br \/>\n<strong>La nostra escola<\/strong> promou l&#8217;autonomia i la responsabilitat, animant els alumnes a prendre<br \/>\ndecisions i a ser part activa del seu aprenentatge.<br \/>\n<strong>La nostra escola<\/strong> est\u00e0 compromesa amb la sostenibilitat i el respecte pel medi ambient,<br \/>\neducant els nostres alumnes en valors ecol\u00f2gics.<\/p>\n<p style=\"text-align: center;\"><strong>La nostra escola creu fermament que l&#8217;educaci\u00f3 \u00e9s un viatge compartit entre la fam\u00edlia<\/strong><\/p>\n<p style=\"text-align: center;\"><strong>i l&#8217;escola, i la vostra implicaci\u00f3 \u00e9s clau per a l&#8217;\u00e8xit dels vostres fills.<\/strong><\/p>\n<div class=\"ast-oembed-container \" style=\"height: 100%;\"><iframe loading=\"lazy\" title=\"V\u00eddeo el que m\u00e9s m&#039;agrada de l&#039;escola\" width=\"500\" height=\"281\" src=\"https:\/\/www.youtube.com\/embed\/8kROcrTHit0?feature=oembed\" frameborder=\"0\" allow=\"accelerometer; autoplay; clipboard-write; encrypted-media; gyroscope; picture-in-picture; web-share\" referrerpolicy=\"strict-origin-when-cross-origin\" allowfullscreen><\/iframe><\/div>\n","protected":false},"excerpt":{"rendered":"<p>La nostra escola La nostra escola \u00e9s un espai vibrant on cada alumne \u00e9s el protagonista del seu propi aprenentatge. La nostra escola fomenta la curiositat i la creativitat a trav\u00e9s de projectes interdisciplinaris i experi\u00e8ncies significatives. La nostra escola utilitza metodologies actives que promouen el pensament cr\u00edtic, la resoluci\u00f3 de problemes i la col\u00b7laboraci\u00f3, [&hellip;]<\/p>\n","protected":false},"author":1,"featured_media":0,"parent":22,"menu_order":1,"comment_status":"closed","ping_status":"closed","template":"","meta":{"_bbp_topic_count":0,"_bbp_reply_count":0,"_bbp_total_topic_count":0,"_bbp_total_reply_count":0,"_bbp_voice_count":0,"_bbp_anonymous_reply_count":0,"_bbp_topic_count_hidden":0,"_bbp_reply_count_hidden":0,"_bbp_forum_subforum_count":0,"site-sidebar-layout":"default","site-content-layout":"","ast-site-content-layout":"default","site-content-style":"default","site-sidebar-style":"default","ast-global-header-display":"","ast-banner-title-visibility":"","ast-main-header-display":"","ast-hfb-above-header-display":"","ast-hfb-below-header-display":"","ast-hfb-mobile-header-display":"","site-post-title":"","ast-breadcrumbs-content":"","ast-featured-img":"","footer-sml-layout":"","theme-transparent-header-meta":"default","adv-header-id-meta":"","stick-header-meta":"","header-above-stick-meta":"","header-main-stick-meta":"","header-below-stick-meta":"","astra-migrate-meta-layouts":"set","ast-page-background-enabled":"default","ast-page-background-meta":{"desktop":{"background-color":"var(--ast-global-color-4)","background-image":"","background-repeat":"repeat","background-position":"center center","background-size":"auto","background-attachment":"scroll","background-type":"","background-media":"","overlay-type":"","overlay-color":"","overlay-opacity":"","overlay-gradient":""},"tablet":{"background-color":"","background-image":"","background-repeat":"repeat","background-position":"center center","background-size":"auto","background-attachment":"scroll","background-type":"","background-media":"","overlay-type":"","overlay-color":"","overlay-opacity":"","overlay-gradient":""},"mobile":{"background-color":"","background-image":"","background-repeat":"repeat","background-position":"center center","background-size":"auto","background-attachment":"scroll","background-type":"","background-media":"","overlay-type":"","overlay-color":"","overlay-opacity":"","overlay-gradient":""}},"ast-content-background-meta":{"desktop":{"background-color":"var(--ast-global-color-5)","background-image":"","background-repeat":"repeat","background-position":"center center","background-size":"auto","background-attachment":"scroll","background-type":"","background-media":"","overlay-type":"","overlay-color":"","overlay-opacity":"","overlay-gradient":""},"tablet":{"background-color":"var(--ast-global-color-5)","background-image":"","background-repeat":"repeat","background-position":"center center","background-size":"auto","background-attachment":"scroll","background-type":"","background-media":"","overlay-type":"","overlay-color":"","overlay-opacity":"","overlay-gradient":""},"mobile":{"background-color":"var(--ast-global-color-5)","background-image":"","background-repeat":"repeat","background-position":"center center","background-size":"auto","background-attachment":"scroll","background-type":"","background-media":"","overlay-type":"","overlay-color":"","overlay-opacity":"","overlay-gradient":""}},"footnotes":""},"class_list":["post-2534","page","type-page","status-publish","hentry"],"post_mailing_queue_ids":[],"_links":{"self":[{"href":"https:\/\/agora.xtec.cat\/ceiplorca\/wp-json\/wp\/v2\/pages\/2534","targetHints":{"allow":["GET"]}}],"collection":[{"href":"https:\/\/agora.xtec.cat\/ceiplorca\/wp-json\/wp\/v2\/pages"}],"about":[{"href":"https:\/\/agora.xtec.cat\/ceiplorca\/wp-json\/wp\/v2\/types\/page"}],"author":[{"embeddable":true,"href":"https:\/\/agora.xtec.cat\/ceiplorca\/wp-json\/wp\/v2\/users\/1"}],"replies":[{"embeddable":true,"href":"https:\/\/agora.xtec.cat\/ceiplorca\/wp-json\/wp\/v2\/comments?post=2534"}],"version-history":[{"count":5,"href":"https:\/\/agora.xtec.cat\/ceiplorca\/wp-json\/wp\/v2\/pages\/2534\/revisions"}],"predecessor-version":[{"id":3575,"href":"https:\/\/agora.xtec.cat\/ceiplorca\/wp-json\/wp\/v2\/pages\/2534\/revisions\/3575"}],"up":[{"embeddable":true,"href":"https:\/\/agora.xtec.cat\/ceiplorca\/wp-json\/wp\/v2\/pages\/22"}],"wp:attachment":[{"href":"https:\/\/agora.xtec.cat\/ceiplorca\/wp-json\/wp\/v2\/media?parent=2534"}],"curies":[{"name":"wp","href":"https:\/\/api.w.org\/{rel}","templated":true}]}}