{"id":2531,"date":"2025-09-19T13:26:57","date_gmt":"2025-09-19T11:26:57","guid":{"rendered":"https:\/\/agora.xtec.cat\/ceiplorca\/?page_id=2531"},"modified":"2026-02-07T17:14:29","modified_gmt":"2026-02-07T16:14:29","slug":"projectes-descola","status":"publish","type":"page","link":"https:\/\/agora.xtec.cat\/ceiplorca\/projectes-descola\/","title":{"rendered":"Projectes d&#8217;escola"},"content":{"rendered":"<h3>Els nostres projectes: Una mirada cap al futur<\/h3>\n<p>&nbsp;<\/p>\n<p>A la nostra escola, sabem que educar avui \u00e9s preparar per al dem\u00e0. El nostre projecte educatiu, a partir dels diferents projectes que realitzem, est\u00e0 dissenyat per anar m\u00e9s enll\u00e0 de les aules, oferint un aprenentatge ric i connectat que inspira els infants a descobrir, a crear i a cr\u00e9ixer com a persones completes.<\/p>\n<p>El nostre projecte es basa en la convicci\u00f3 que el coneixement s\u2019assoleix millor a trav\u00e9s de la pr\u00e0ctica i la connexi\u00f3 entre diferents \u00e0mbits. Per aix\u00f2, hem constru\u00eft un model on cada projecte complementa l&#8217;altre, creant un ecosistema d&#8217;aprenentatge \u00fanic:<\/p>\n<ul>\n<li><b>Pla Lector i Escacs:<\/b> Treballem les bases del pensament cr\u00edtic i la concentraci\u00f3. A trav\u00e9s del nostre <b>Pla Lector<\/b>, els alumnes s\u2019enamoren de la lectura i la imaginaci\u00f3, mentre que els <b>escacs<\/b> els entrenen en la l\u00f2gica, l&#8217;estrat\u00e8gia i la superaci\u00f3 personal.<\/li>\n<li><b>M\u00fasica i Tallers:<\/b> Fomentem l&#8217;expressi\u00f3 i la creativitat. Amb els nostres <b>projectes de m\u00fasica<\/b>, els infants viuen l&#8217;art des del cos i l&#8217;emoci\u00f3, mentre que els <b>tallers multidisciplinaris<\/b> els permeten explorar noves disciplines com la rob\u00f2tica, el teatre o les arts pl\u00e0stiques.<\/li>\n<li><b>Programaci\u00f3 i Eix Transversal:<\/b> Preparem per al m\u00f3n de dem\u00e0. La <b>programaci\u00f3 i rob\u00f2tica<\/b> els dona eines per resoldre problemes de forma l\u00f2gica i creativa, mentre que el nostre <b>eix transversal<\/b> anual unifica tots els aprenentatges sota una mateixa tem\u00e0tica, connectant coneixements i creant un sentiment de comunitat.<\/li>\n<li><b>Medi ambient i Benestar:<\/b> Eduquem en valors i h\u00e0bits saludables. El projecte de <b>medi ambient<\/b> els ensenya a ser ciutadans responsables i a cuidar el nostre planeta, mentre que les sessions de <b>piscina<\/b> fomenten la seguretat a l&#8217;aigua i promouen un estil de vida actiu i saludable.<\/li>\n<\/ul>\n<p>El nostre projecte educatiu \u00e9s una aposta per una educaci\u00f3 viva, participativa i integral. A l&#8217;escola, cada dia \u00e9s una oportunitat per aprendre, cr\u00e9ixer i ser feli\u00e7.<\/p>\n<p><a href=\"https:\/\/agora.xtec.cat\/ceiplorca\/wp-content\/uploads\/usu1186\/2026\/02\/WhatsApp-Image-2026-01-21-at-14.53.00.jpeg\"><img loading=\"lazy\" decoding=\"async\" class=\"alignnone size-large wp-image-3332\" src=\"https:\/\/agora.xtec.cat\/ceiplorca\/wp-content\/uploads\/usu1186\/2026\/02\/WhatsApp-Image-2026-01-21-at-14.53.00-1024x768.jpeg\" alt=\"\" width=\"1024\" height=\"768\" srcset=\"https:\/\/agora.xtec.cat\/ceiplorca\/wp-content\/uploads\/usu1186\/2026\/02\/WhatsApp-Image-2026-01-21-at-14.53.00-1024x768.jpeg 1024w, https:\/\/agora.xtec.cat\/ceiplorca\/wp-content\/uploads\/usu1186\/2026\/02\/WhatsApp-Image-2026-01-21-at-14.53.00-300x225.jpeg 300w, https:\/\/agora.xtec.cat\/ceiplorca\/wp-content\/uploads\/usu1186\/2026\/02\/WhatsApp-Image-2026-01-21-at-14.53.00-768x576.jpeg 768w, https:\/\/agora.xtec.cat\/ceiplorca\/wp-content\/uploads\/usu1186\/2026\/02\/WhatsApp-Image-2026-01-21-at-14.53.00-1536x1152.jpeg 1536w, https:\/\/agora.xtec.cat\/ceiplorca\/wp-content\/uploads\/usu1186\/2026\/02\/WhatsApp-Image-2026-01-21-at-14.53.00.jpeg 1600w\" sizes=\"auto, (max-width: 1024px) 100vw, 1024px\" \/><\/a><\/p>\n","protected":false},"excerpt":{"rendered":"<p>Els nostres projectes: Una mirada cap al futur &nbsp; A la nostra escola, sabem que educar avui \u00e9s preparar per al dem\u00e0. El nostre projecte educatiu, a partir dels diferents projectes que realitzem, est\u00e0 dissenyat per anar m\u00e9s enll\u00e0 de les aules, oferint un aprenentatge ric i connectat que inspira els infants a descobrir, a [&hellip;]<\/p>\n","protected":false},"author":1,"featured_media":0,"parent":0,"menu_order":0,"comment_status":"closed","ping_status":"closed","template":"","meta":{"_bbp_topic_count":0,"_bbp_reply_count":0,"_bbp_total_topic_count":0,"_bbp_total_reply_count":0,"_bbp_voice_count":0,"_bbp_anonymous_reply_count":0,"_bbp_topic_count_hidden":0,"_bbp_reply_count_hidden":0,"_bbp_forum_subforum_count":0,"site-sidebar-layout":"default","site-content-layout":"","ast-site-content-layout":"default","site-content-style":"default","site-sidebar-style":"default","ast-global-header-display":"","ast-banner-title-visibility":"","ast-main-header-display":"","ast-hfb-above-header-display":"","ast-hfb-below-header-display":"","ast-hfb-mobile-header-display":"","site-post-title":"","ast-breadcrumbs-content":"","ast-featured-img":"","footer-sml-layout":"","theme-transparent-header-meta":"default","adv-header-id-meta":"","stick-header-meta":"","header-above-stick-meta":"","header-main-stick-meta":"","header-below-stick-meta":"","astra-migrate-meta-layouts":"set","ast-page-background-enabled":"default","ast-page-background-meta":{"desktop":{"background-color":"var(--ast-global-color-4)","background-image":"","background-repeat":"repeat","background-position":"center center","background-size":"auto","background-attachment":"scroll","background-type":"","background-media":"","overlay-type":"","overlay-color":"","overlay-opacity":"","overlay-gradient":""},"tablet":{"background-color":"","background-image":"","background-repeat":"repeat","background-position":"center center","background-size":"auto","background-attachment":"scroll","background-type":"","background-media":"","overlay-type":"","overlay-color":"","overlay-opacity":"","overlay-gradient":""},"mobile":{"background-color":"","background-image":"","background-repeat":"repeat","background-position":"center center","background-size":"auto","background-attachment":"scroll","background-type":"","background-media":"","overlay-type":"","overlay-color":"","overlay-opacity":"","overlay-gradient":""}},"ast-content-background-meta":{"desktop":{"background-color":"var(--ast-global-color-5)","background-image":"","background-repeat":"repeat","background-position":"center center","background-size":"auto","background-attachment":"scroll","background-type":"","background-media":"","overlay-type":"","overlay-color":"","overlay-opacity":"","overlay-gradient":""},"tablet":{"background-color":"var(--ast-global-color-5)","background-image":"","background-repeat":"repeat","background-position":"center center","background-size":"auto","background-attachment":"scroll","background-type":"","background-media":"","overlay-type":"","overlay-color":"","overlay-opacity":"","overlay-gradient":""},"mobile":{"background-color":"var(--ast-global-color-5)","background-image":"","background-repeat":"repeat","background-position":"center center","background-size":"auto","background-attachment":"scroll","background-type":"","background-media":"","overlay-type":"","overlay-color":"","overlay-opacity":"","overlay-gradient":""}},"footnotes":""},"class_list":["post-2531","page","type-page","status-publish","hentry"],"post_mailing_queue_ids":[],"_links":{"self":[{"href":"https:\/\/agora.xtec.cat\/ceiplorca\/wp-json\/wp\/v2\/pages\/2531","targetHints":{"allow":["GET"]}}],"collection":[{"href":"https:\/\/agora.xtec.cat\/ceiplorca\/wp-json\/wp\/v2\/pages"}],"about":[{"href":"https:\/\/agora.xtec.cat\/ceiplorca\/wp-json\/wp\/v2\/types\/page"}],"author":[{"embeddable":true,"href":"https:\/\/agora.xtec.cat\/ceiplorca\/wp-json\/wp\/v2\/users\/1"}],"replies":[{"embeddable":true,"href":"https:\/\/agora.xtec.cat\/ceiplorca\/wp-json\/wp\/v2\/comments?post=2531"}],"version-history":[{"count":4,"href":"https:\/\/agora.xtec.cat\/ceiplorca\/wp-json\/wp\/v2\/pages\/2531\/revisions"}],"predecessor-version":[{"id":3334,"href":"https:\/\/agora.xtec.cat\/ceiplorca\/wp-json\/wp\/v2\/pages\/2531\/revisions\/3334"}],"wp:attachment":[{"href":"https:\/\/agora.xtec.cat\/ceiplorca\/wp-json\/wp\/v2\/media?parent=2531"}],"curies":[{"name":"wp","href":"https:\/\/api.w.org\/{rel}","templated":true}]}}