{"id":2527,"date":"2025-09-19T13:23:34","date_gmt":"2025-09-19T11:23:34","guid":{"rendered":"https:\/\/agora.xtec.cat\/ceiplorca\/?page_id=2527"},"modified":"2025-12-22T12:54:51","modified_gmt":"2025-12-22T11:54:51","slug":"equip-huma","status":"publish","type":"page","link":"https:\/\/agora.xtec.cat\/ceiplorca\/lescola\/qui-som\/equip-huma\/","title":{"rendered":"Equip hum\u00e0"},"content":{"rendered":"<p><strong>L&#8217;Equip educatiu 2025-2026: La nostra passi\u00f3, el seu futur<\/strong><\/p>\n<p>El nostre equip \u00e9s el cor de l&#8217;escola, un grup de <b>persones apassionades i compromeses<\/b> unides per una missi\u00f3: acompanyar cada alumne en el seu proc\u00e9s de creixement.<\/p>\n<p>Treballem amb la convicci\u00f3 que una educaci\u00f3 de qualitat no nom\u00e9s consisteix a transmetre coneixements, sin\u00f3 a <b>respectar i potenciar la singularitat<\/b> de cada infant. La nostra feina \u00e9s donar-los les eines per a desenvolupar-se de manera integral, sentint-se segurs i valorats.<\/p>\n<p>Creiem en una educaci\u00f3 que va m\u00e9s enll\u00e0 de l&#8217;aula. Per aix\u00f2, col\u00b7laborem estretament amb les fam\u00edlies per formar <b>ciutadans cr\u00edtics, solidaris i conscients del seu entorn<\/b>.<\/p>\n<p><a href=\"https:\/\/agora.xtec.cat\/ceiplorca\/wp-content\/uploads\/usu1186\/2025\/09\/WhatsApp-Image-2025-09-05-at-12.19.10.jpeg\"><img loading=\"lazy\" decoding=\"async\" class=\"alignnone size-large wp-image-2525\" src=\"https:\/\/agora.xtec.cat\/ceiplorca\/wp-content\/uploads\/usu1186\/2025\/09\/WhatsApp-Image-2025-09-05-at-12.19.10-1024x768.jpeg\" alt=\"\" width=\"1024\" height=\"768\" srcset=\"https:\/\/agora.xtec.cat\/ceiplorca\/wp-content\/uploads\/usu1186\/2025\/09\/WhatsApp-Image-2025-09-05-at-12.19.10-1024x768.jpeg 1024w, https:\/\/agora.xtec.cat\/ceiplorca\/wp-content\/uploads\/usu1186\/2025\/09\/WhatsApp-Image-2025-09-05-at-12.19.10-300x225.jpeg 300w, https:\/\/agora.xtec.cat\/ceiplorca\/wp-content\/uploads\/usu1186\/2025\/09\/WhatsApp-Image-2025-09-05-at-12.19.10-768x576.jpeg 768w, https:\/\/agora.xtec.cat\/ceiplorca\/wp-content\/uploads\/usu1186\/2025\/09\/WhatsApp-Image-2025-09-05-at-12.19.10-1536x1152.jpeg 1536w, https:\/\/agora.xtec.cat\/ceiplorca\/wp-content\/uploads\/usu1186\/2025\/09\/WhatsApp-Image-2025-09-05-at-12.19.10-200x150.jpeg 200w, https:\/\/agora.xtec.cat\/ceiplorca\/wp-content\/uploads\/usu1186\/2025\/09\/WhatsApp-Image-2025-09-05-at-12.19.10.jpeg 1600w\" sizes=\"auto, (max-width: 1024px) 100vw, 1024px\" \/><\/a><\/p>\n<table style=\"border-collapse: collapse; width: 100%;\">\n<tbody>\n<tr>\n<td style=\"width: 31.8489%; text-align: center;\"><strong>Tutors\/es<\/strong><\/td>\n<td style=\"width: 32.6585%; text-align: center;\"><strong>Especialistes<\/strong><\/td>\n<td style=\"width: 35.4925%;\"><\/td>\n<\/tr>\n<tr>\n<td style=\"width: 31.8489%; text-align: center;\"><strong>Infantil<\/strong><\/p>\n<p>Susana Pi\u00f1atel<\/p>\n<p><strong>1r i 2n<\/strong><\/p>\n<p>Sara Privado<\/p>\n<p><strong>3r i 4t<\/strong><\/p>\n<p>Jordi Barbens<\/p>\n<p><strong>5\u00e8 i 6\u00e8<\/strong><\/p>\n<p>Jero Romero<\/td>\n<td style=\"width: 32.6585%; text-align: center;\"><strong>Angl\u00e8s<\/strong><\/p>\n<p>Tatiana Mart\u00ednez<\/p>\n<p><strong>M\u00fasica <\/strong><\/p>\n<p>Carol L\u00f3pez<\/p>\n<p><strong>Educaci\u00f3 especial<\/strong><\/p>\n<p>Erica Villarino i Eli Lafarga<\/td>\n<td style=\"width: 35.4925%;\"><strong>Educadora d&#8217;E.E.: <\/strong>Zulema Benito<\/p>\n<p><b>T\u00e8cnica d\u2019assessorament psicopedag\u00f2gic (EAP):<\/b> Laia Puigagut<\/p>\n<p><b>Vetlladors:\u00a0<\/b>Anna Soria i Arnau Batlles<\/p>\n<p><strong>Auxiliar de servei:\u00a0<\/strong>Gero Millan<\/td>\n<\/tr>\n<\/tbody>\n<\/table>\n<p><strong>Equip Directiu<\/strong><\/p>\n<p>L\u2019equip directiu el componen la directora i la secret\u00e0ria.<\/p>\n<ul>\n<li><strong>La Directora <\/strong>\u00e9s l\u2019encarregada del funcionament i organitzaci\u00f3 del centre educatiu i de la gesti\u00f3 del projecte de direcci\u00f3. \u00c9s la persona responsable de planificar i gestionar les activitats del centre, com poden ser l\u2019elaboraci\u00f3 dels horaris, la planificaci\u00f3 dels processos d\u2019acollida i altres activitats del centre i d\u2019atenci\u00f3 als alumnes.<\/li>\n<li><strong>La secret\u00e0ria <\/strong>\u00c9s la persona responsable de les tasques relacionades amb la gesti\u00f3 econ\u00f2mica del centre, de la documentaci\u00f3 acad\u00e8mica i administrativa i dels recursos materials.<\/li>\n<\/ul>\n<table style=\"border-collapse: collapse; width: 100%;\">\n<tbody>\n<tr>\n<td style=\"width: 18.691%;\"><a href=\"https:\/\/agora.xtec.cat\/ceiplorca\/wp-content\/uploads\/usu1186\/2025\/09\/Imatge1.png\"><img loading=\"lazy\" decoding=\"async\" class=\"alignnone size-full wp-image-2550\" src=\"https:\/\/agora.xtec.cat\/ceiplorca\/wp-content\/uploads\/usu1186\/2025\/09\/Imatge1.png\" alt=\"\" width=\"179\" height=\"207\" \/><\/a><\/td>\n<td style=\"width: 81.309%;\"><strong>Directora\u00a0<\/strong>Roser Maj\u00f3 Ayguavives<\/p>\n<p>Mestra funcion\u00e0ria de carrera d\u2019educaci\u00f3 infantil. \u00c9s mestra Diplomada en Educaci\u00f3 Infantil per la Universitat Aut\u00f2noma de Barcelona (2001) i t\u00e9 les titulacions de Postgrau en \u201cCiutadania: inclusi\u00f3 social en la diversitat\u201d per la Universitat de Girona (2005), M\u00e0ster en \u201cEducaci\u00f3 emocional i benestar\u201d per la Universitat de Barcelona (2012), Postgrau \u201cen direcci\u00f3 de centres educatius\u201d per la Fundaci\u00f3 Universit\u00e0ria Mart\u00ed l\u2019hum\u00e0 (2020).<\/td>\n<\/tr>\n<tr>\n<td style=\"width: 18.691%;\"><a href=\"https:\/\/agora.xtec.cat\/ceiplorca\/wp-content\/uploads\/usu1186\/2025\/09\/IMG_3625-scaled.jpg\"><img loading=\"lazy\" decoding=\"async\" class=\"alignnone size-large wp-image-2715\" src=\"https:\/\/agora.xtec.cat\/ceiplorca\/wp-content\/uploads\/usu1186\/2025\/09\/IMG_3625-768x1024.jpg\" alt=\"\" width=\"768\" height=\"1024\" srcset=\"https:\/\/agora.xtec.cat\/ceiplorca\/wp-content\/uploads\/usu1186\/2025\/09\/IMG_3625-768x1024.jpg 768w, https:\/\/agora.xtec.cat\/ceiplorca\/wp-content\/uploads\/usu1186\/2025\/09\/IMG_3625-225x300.jpg 225w, https:\/\/agora.xtec.cat\/ceiplorca\/wp-content\/uploads\/usu1186\/2025\/09\/IMG_3625-1152x1536.jpg 1152w, https:\/\/agora.xtec.cat\/ceiplorca\/wp-content\/uploads\/usu1186\/2025\/09\/IMG_3625-1536x2048.jpg 1536w, https:\/\/agora.xtec.cat\/ceiplorca\/wp-content\/uploads\/usu1186\/2025\/09\/IMG_3625-scaled.jpg 1920w\" sizes=\"auto, (max-width: 768px) 100vw, 768px\" \/><\/a><\/td>\n<td style=\"width: 81.309%;\"><strong>Secret\u00e0ria\u00a0<\/strong>Elisenda Lafarga Fern\u00e1ndez<\/p>\n<p>Mestra funcion\u00e0ria de carrera\u00a0de pedagogia terap\u00e8utica. \u00c9s mestra Diplomada en Educaci\u00f3 Infantil per la Universitat de Vic (2011) i Llicenciada en Psicopedagogia per la Universitat Oberta de Catalunya (2014). Actualment est\u00e0 cursant el M\u00e0ster en \u201cDificultats de l&#8217;Aprenentatge i Trastorns del Llenguatge&#8221; de\u00a0la Universitat\u00a0Oberta de Catalunya.<\/td>\n<\/tr>\n<\/tbody>\n<\/table>\n","protected":false},"excerpt":{"rendered":"<p>L&#8217;Equip educatiu 2025-2026: La nostra passi\u00f3, el seu futur El nostre equip \u00e9s el cor de l&#8217;escola, un grup de persones apassionades i compromeses unides per una missi\u00f3: acompanyar cada alumne en el seu proc\u00e9s de creixement. Treballem amb la convicci\u00f3 que una educaci\u00f3 de qualitat no nom\u00e9s consisteix a transmetre coneixements, sin\u00f3 a respectar [&hellip;]<\/p>\n","protected":false},"author":1,"featured_media":0,"parent":2534,"menu_order":2,"comment_status":"closed","ping_status":"closed","template":"","meta":{"_bbp_topic_count":0,"_bbp_reply_count":0,"_bbp_total_topic_count":0,"_bbp_total_reply_count":0,"_bbp_voice_count":0,"_bbp_anonymous_reply_count":0,"_bbp_topic_count_hidden":0,"_bbp_reply_count_hidden":0,"_bbp_forum_subforum_count":0,"site-sidebar-layout":"default","site-content-layout":"","ast-site-content-layout":"default","site-content-style":"default","site-sidebar-style":"default","ast-global-header-display":"","ast-banner-title-visibility":"","ast-main-header-display":"","ast-hfb-above-header-display":"","ast-hfb-below-header-display":"","ast-hfb-mobile-header-display":"","site-post-title":"","ast-breadcrumbs-content":"","ast-featured-img":"","footer-sml-layout":"","theme-transparent-header-meta":"default","adv-header-id-meta":"","stick-header-meta":"","header-above-stick-meta":"","header-main-stick-meta":"","header-below-stick-meta":"","astra-migrate-meta-layouts":"set","ast-page-background-enabled":"default","ast-page-background-meta":{"desktop":{"background-color":"var(--ast-global-color-4)","background-image":"","background-repeat":"repeat","background-position":"center center","background-size":"auto","background-attachment":"scroll","background-type":"","background-media":"","overlay-type":"","overlay-color":"","overlay-opacity":"","overlay-gradient":""},"tablet":{"background-color":"","background-image":"","background-repeat":"repeat","background-position":"center center","background-size":"auto","background-attachment":"scroll","background-type":"","background-media":"","overlay-type":"","overlay-color":"","overlay-opacity":"","overlay-gradient":""},"mobile":{"background-color":"","background-image":"","background-repeat":"repeat","background-position":"center center","background-size":"auto","background-attachment":"scroll","background-type":"","background-media":"","overlay-type":"","overlay-color":"","overlay-opacity":"","overlay-gradient":""}},"ast-content-background-meta":{"desktop":{"background-color":"var(--ast-global-color-5)","background-image":"","background-repeat":"repeat","background-position":"center center","background-size":"auto","background-attachment":"scroll","background-type":"","background-media":"","overlay-type":"","overlay-color":"","overlay-opacity":"","overlay-gradient":""},"tablet":{"background-color":"var(--ast-global-color-5)","background-image":"","background-repeat":"repeat","background-position":"center center","background-size":"auto","background-attachment":"scroll","background-type":"","background-media":"","overlay-type":"","overlay-color":"","overlay-opacity":"","overlay-gradient":""},"mobile":{"background-color":"var(--ast-global-color-5)","background-image":"","background-repeat":"repeat","background-position":"center center","background-size":"auto","background-attachment":"scroll","background-type":"","background-media":"","overlay-type":"","overlay-color":"","overlay-opacity":"","overlay-gradient":""}},"footnotes":""},"class_list":["post-2527","page","type-page","status-publish","hentry"],"post_mailing_queue_ids":[],"_links":{"self":[{"href":"https:\/\/agora.xtec.cat\/ceiplorca\/wp-json\/wp\/v2\/pages\/2527","targetHints":{"allow":["GET"]}}],"collection":[{"href":"https:\/\/agora.xtec.cat\/ceiplorca\/wp-json\/wp\/v2\/pages"}],"about":[{"href":"https:\/\/agora.xtec.cat\/ceiplorca\/wp-json\/wp\/v2\/types\/page"}],"author":[{"embeddable":true,"href":"https:\/\/agora.xtec.cat\/ceiplorca\/wp-json\/wp\/v2\/users\/1"}],"replies":[{"embeddable":true,"href":"https:\/\/agora.xtec.cat\/ceiplorca\/wp-json\/wp\/v2\/comments?post=2527"}],"version-history":[{"count":6,"href":"https:\/\/agora.xtec.cat\/ceiplorca\/wp-json\/wp\/v2\/pages\/2527\/revisions"}],"predecessor-version":[{"id":3024,"href":"https:\/\/agora.xtec.cat\/ceiplorca\/wp-json\/wp\/v2\/pages\/2527\/revisions\/3024"}],"up":[{"embeddable":true,"href":"https:\/\/agora.xtec.cat\/ceiplorca\/wp-json\/wp\/v2\/pages\/2534"}],"wp:attachment":[{"href":"https:\/\/agora.xtec.cat\/ceiplorca\/wp-json\/wp\/v2\/media?parent=2527"}],"curies":[{"name":"wp","href":"https:\/\/api.w.org\/{rel}","templated":true}]}}