{"id":1569,"date":"2020-10-15T14:24:40","date_gmt":"2020-10-15T12:24:40","guid":{"rendered":"http:\/\/agora.xtec.cat\/ceiplorca\/?page_id=1569"},"modified":"2025-12-22T12:52:06","modified_gmt":"2025-12-22T11:52:06","slug":"cicles","status":"publish","type":"page","link":"https:\/\/agora.xtec.cat\/ceiplorca\/cicles\/","title":{"rendered":"Cicles"},"content":{"rendered":"<p>Cada cicle t\u00e9 la seva pr\u00f2pia identitat i manera de treballar. Aqu\u00ed pots accedir a les not\u00edcies de cada cicle per descobrir qu\u00e8 fan els infants, quins projectes estan desenvolupant i com aprenen a l\u2019escola dia a dia.<\/p>\n<ul>\n<li><a href=\"https:\/\/agora.xtec.cat\/ceiplorca\/categoria\/educacio-infantil\/\">Cicle Infantil ( I3, I4 i I5)<\/a><\/li>\n<li><a href=\"https:\/\/agora.xtec.cat\/ceiplorca\/categoria\/cicle-inicial\/\">Cicle Inicial (1r i 2n)<\/a><\/li>\n<li><a href=\"https:\/\/agora.xtec.cat\/ceiplorca\/categoria\/cicle-mitja\/\">Cicle Mitj\u00e0 (3r i 4t)<\/a><\/li>\n<li><a href=\"https:\/\/agora.xtec.cat\/ceiplorca\/categoria\/cicle-superior\/\">Cicle Superior (5\u00e8 i 6\u00e8)<\/a><\/li>\n<\/ul>\n","protected":false},"excerpt":{"rendered":"<p>Cada cicle t\u00e9 la seva pr\u00f2pia identitat i manera de treballar. Aqu\u00ed pots accedir a les not\u00edcies de cada cicle per descobrir qu\u00e8 fan els infants, quins projectes estan desenvolupant i com aprenen a l\u2019escola dia a dia. Cicle Infantil ( I3, I4 i I5) Cicle Inicial (1r i 2n) Cicle Mitj\u00e0 (3r i 4t) [&hellip;]<\/p>\n","protected":false},"author":1,"featured_media":0,"parent":0,"menu_order":0,"comment_status":"closed","ping_status":"closed","template":"","meta":{"_bbp_topic_count":0,"_bbp_reply_count":0,"_bbp_total_topic_count":0,"_bbp_total_reply_count":0,"_bbp_voice_count":0,"_bbp_anonymous_reply_count":0,"_bbp_topic_count_hidden":0,"_bbp_reply_count_hidden":0,"_bbp_forum_subforum_count":0,"site-sidebar-layout":"default","site-content-layout":"","ast-site-content-layout":"default","site-content-style":"default","site-sidebar-style":"default","ast-global-header-display":"","ast-banner-title-visibility":"","ast-main-header-display":"","ast-hfb-above-header-display":"","ast-hfb-below-header-display":"","ast-hfb-mobile-header-display":"","site-post-title":"","ast-breadcrumbs-content":"","ast-featured-img":"","footer-sml-layout":"","theme-transparent-header-meta":"default","adv-header-id-meta":"","stick-header-meta":"","header-above-stick-meta":"","header-main-stick-meta":"","header-below-stick-meta":"","astra-migrate-meta-layouts":"set","ast-page-background-enabled":"default","ast-page-background-meta":{"desktop":{"background-color":"var(--ast-global-color-4)","background-image":"","background-repeat":"repeat","background-position":"center center","background-size":"auto","background-attachment":"scroll","background-type":"","background-media":"","overlay-type":"","overlay-color":"","overlay-opacity":"","overlay-gradient":""},"tablet":{"background-color":"","background-image":"","background-repeat":"repeat","background-position":"center center","background-size":"auto","background-attachment":"scroll","background-type":"","background-media":"","overlay-type":"","overlay-color":"","overlay-opacity":"","overlay-gradient":""},"mobile":{"background-color":"","background-image":"","background-repeat":"repeat","background-position":"center center","background-size":"auto","background-attachment":"scroll","background-type":"","background-media":"","overlay-type":"","overlay-color":"","overlay-opacity":"","overlay-gradient":""}},"ast-content-background-meta":{"desktop":{"background-color":"var(--ast-global-color-5)","background-image":"","background-repeat":"repeat","background-position":"center center","background-size":"auto","background-attachment":"scroll","background-type":"","background-media":"","overlay-type":"","overlay-color":"","overlay-opacity":"","overlay-gradient":""},"tablet":{"background-color":"var(--ast-global-color-5)","background-image":"","background-repeat":"repeat","background-position":"center center","background-size":"auto","background-attachment":"scroll","background-type":"","background-media":"","overlay-type":"","overlay-color":"","overlay-opacity":"","overlay-gradient":""},"mobile":{"background-color":"var(--ast-global-color-5)","background-image":"","background-repeat":"repeat","background-position":"center center","background-size":"auto","background-attachment":"scroll","background-type":"","background-media":"","overlay-type":"","overlay-color":"","overlay-opacity":"","overlay-gradient":""}},"footnotes":""},"class_list":["post-1569","page","type-page","status-publish","hentry"],"post_mailing_queue_ids":[],"_links":{"self":[{"href":"https:\/\/agora.xtec.cat\/ceiplorca\/wp-json\/wp\/v2\/pages\/1569","targetHints":{"allow":["GET"]}}],"collection":[{"href":"https:\/\/agora.xtec.cat\/ceiplorca\/wp-json\/wp\/v2\/pages"}],"about":[{"href":"https:\/\/agora.xtec.cat\/ceiplorca\/wp-json\/wp\/v2\/types\/page"}],"author":[{"embeddable":true,"href":"https:\/\/agora.xtec.cat\/ceiplorca\/wp-json\/wp\/v2\/users\/1"}],"replies":[{"embeddable":true,"href":"https:\/\/agora.xtec.cat\/ceiplorca\/wp-json\/wp\/v2\/comments?post=1569"}],"version-history":[{"count":3,"href":"https:\/\/agora.xtec.cat\/ceiplorca\/wp-json\/wp\/v2\/pages\/1569\/revisions"}],"predecessor-version":[{"id":3023,"href":"https:\/\/agora.xtec.cat\/ceiplorca\/wp-json\/wp\/v2\/pages\/1569\/revisions\/3023"}],"wp:attachment":[{"href":"https:\/\/agora.xtec.cat\/ceiplorca\/wp-json\/wp\/v2\/media?parent=1569"}],"curies":[{"name":"wp","href":"https:\/\/api.w.org\/{rel}","templated":true}]}}