{"id":1486,"date":"2020-05-09T17:04:48","date_gmt":"2020-05-09T15:04:48","guid":{"rendered":"http:\/\/agora.xtec.cat\/ceiplorca\/?page_id=1486"},"modified":"2026-01-15T08:31:05","modified_gmt":"2026-01-15T07:31:05","slug":"pla-lector","status":"publish","type":"page","link":"https:\/\/agora.xtec.cat\/ceiplorca\/projectes-descola\/pla-lector\/","title":{"rendered":"Pla lector"},"content":{"rendered":"<h3>La nostra aposta per la lectura: Un viatge d&#8217;aventures<\/h3>\n<p>A la nostra escola, entenem que la lectura \u00e9s molt m\u00e9s que una mat\u00e8ria: \u00e9s la porta d&#8217;entrada a un m\u00f3n de coneixement, emocions i fantasia. Amb el nostre <b>Pla Lector<\/b>, volem encendre la flama de la curiositat i convertir la lectura en el seu millor aliat per a tota la vida.<\/p>\n<p>Com ho fem?<\/p>\n<ul>\n<li><b>Ens enamorem de les hist\u00f2ries:<\/b> Ajudem els infant<a href=\"https:\/\/agora.xtec.cat\/ceiplorca\/wp-content\/uploads\/usu1186\/2025\/09\/4e3b0cbd-115b-41f4-aafd-78fe90b57196.jpg\"><img loading=\"lazy\" decoding=\"async\" class=\"wp-image-2694 alignright\" src=\"https:\/\/agora.xtec.cat\/ceiplorca\/wp-content\/uploads\/usu1186\/2025\/09\/4e3b0cbd-115b-41f4-aafd-78fe90b57196-768x1024.jpg\" alt=\"\" width=\"345\" height=\"460\" srcset=\"https:\/\/agora.xtec.cat\/ceiplorca\/wp-content\/uploads\/usu1186\/2025\/09\/4e3b0cbd-115b-41f4-aafd-78fe90b57196-768x1024.jpg 768w, https:\/\/agora.xtec.cat\/ceiplorca\/wp-content\/uploads\/usu1186\/2025\/09\/4e3b0cbd-115b-41f4-aafd-78fe90b57196-225x300.jpg 225w, https:\/\/agora.xtec.cat\/ceiplorca\/wp-content\/uploads\/usu1186\/2025\/09\/4e3b0cbd-115b-41f4-aafd-78fe90b57196-1152x1536.jpg 1152w, https:\/\/agora.xtec.cat\/ceiplorca\/wp-content\/uploads\/usu1186\/2025\/09\/4e3b0cbd-115b-41f4-aafd-78fe90b57196.jpg 1200w\" sizes=\"auto, (max-width: 345px) 100vw, 345px\" \/><\/a>s a descobrir el plaer de llegir, fomentant la passi\u00f3 pels llibres i a gaudir de cada paraula.<\/li>\n<li><b>Llegim amb flu\u00efdesa i seguretat:<\/b> Treballem les habilitats t\u00e8cniques perqu\u00e8 els nostres alumnes llegeixin amb confian\u00e7a i entenguin profundament all\u00f2 que tenen al davant, convertint-los en lectors competents.<\/li>\n<li><b>La biblioteca, el nostre tresor:<\/b> Promovem la biblioteca d&#8217;aula com un espai m\u00e0gic de descobriment i entreteniment, un lloc on cada llibre \u00e9s un amic que espera ser descobert.<\/li>\n<li><b>Un llibre per a cada prop\u00f2sit:<\/b> Aprenem a utilitzar la lectura no nom\u00e9s com a font d&#8217;oci, sin\u00f3 tamb\u00e9 com a eina per a l&#8217;aprenentatge, la recerca d&#8217;informaci\u00f3 i el desenvolupament del pensament cr\u00edtic.<\/li>\n<li><b>Activitats que inspiren:<\/b> Dissenyem activitats i projectes que s&#8217;adapten a l&#8217;edat i als interessos dels nostres alumnes per mantenir-los sempre motivats.<\/li>\n<\/ul>\n<p>En definitiva, amb el Pla Lector no ens limitem a ensenyar a llegir; acompanyem cada infant en la seva pr\u00f2pia aventura liter\u00e0ria, creant les bases per a un aprenentatge continu.<a href=\"https:\/\/agora.xtec.cat\/ceiplorca\/wp-content\/uploads\/usu1186\/2026\/01\/WhatsApp-Image-2026-01-14-at-12.50.47.jpeg\"><img loading=\"lazy\" decoding=\"async\" class=\"size-large wp-image-3099 aligncenter\" src=\"https:\/\/agora.xtec.cat\/ceiplorca\/wp-content\/uploads\/usu1186\/2026\/01\/WhatsApp-Image-2026-01-14-at-12.50.47-1024x768.jpeg\" alt=\"\" width=\"1024\" height=\"768\" srcset=\"https:\/\/agora.xtec.cat\/ceiplorca\/wp-content\/uploads\/usu1186\/2026\/01\/WhatsApp-Image-2026-01-14-at-12.50.47-1024x768.jpeg 1024w, https:\/\/agora.xtec.cat\/ceiplorca\/wp-content\/uploads\/usu1186\/2026\/01\/WhatsApp-Image-2026-01-14-at-12.50.47-300x225.jpeg 300w, https:\/\/agora.xtec.cat\/ceiplorca\/wp-content\/uploads\/usu1186\/2026\/01\/WhatsApp-Image-2026-01-14-at-12.50.47-768x576.jpeg 768w, https:\/\/agora.xtec.cat\/ceiplorca\/wp-content\/uploads\/usu1186\/2026\/01\/WhatsApp-Image-2026-01-14-at-12.50.47-1536x1152.jpeg 1536w, https:\/\/agora.xtec.cat\/ceiplorca\/wp-content\/uploads\/usu1186\/2026\/01\/WhatsApp-Image-2026-01-14-at-12.50.47.jpeg 1600w\" sizes=\"auto, (max-width: 1024px) 100vw, 1024px\" \/><\/a><\/p>\n<p>&nbsp;<\/p>\n","protected":false},"excerpt":{"rendered":"<p>La nostra aposta per la lectura: Un viatge d&#8217;aventures A la nostra escola, entenem que la lectura \u00e9s molt m\u00e9s que una mat\u00e8ria: \u00e9s la porta d&#8217;entrada a un m\u00f3n de coneixement, emocions i fantasia. Amb el nostre Pla Lector, volem encendre la flama de la curiositat i convertir la lectura en el seu millor [&hellip;]<\/p>\n","protected":false},"author":1,"featured_media":0,"parent":2531,"menu_order":1,"comment_status":"closed","ping_status":"closed","template":"","meta":{"_bbp_topic_count":0,"_bbp_reply_count":0,"_bbp_total_topic_count":0,"_bbp_total_reply_count":0,"_bbp_voice_count":0,"_bbp_anonymous_reply_count":0,"_bbp_topic_count_hidden":0,"_bbp_reply_count_hidden":0,"_bbp_forum_subforum_count":0,"site-sidebar-layout":"default","site-content-layout":"","ast-site-content-layout":"default","site-content-style":"default","site-sidebar-style":"default","ast-global-header-display":"","ast-banner-title-visibility":"","ast-main-header-display":"","ast-hfb-above-header-display":"","ast-hfb-below-header-display":"","ast-hfb-mobile-header-display":"","site-post-title":"","ast-breadcrumbs-content":"","ast-featured-img":"","footer-sml-layout":"","theme-transparent-header-meta":"default","adv-header-id-meta":"","stick-header-meta":"","header-above-stick-meta":"","header-main-stick-meta":"","header-below-stick-meta":"","astra-migrate-meta-layouts":"set","ast-page-background-enabled":"default","ast-page-background-meta":{"desktop":{"background-color":"var(--ast-global-color-4)","background-image":"","background-repeat":"repeat","background-position":"center center","background-size":"auto","background-attachment":"scroll","background-type":"","background-media":"","overlay-type":"","overlay-color":"","overlay-opacity":"","overlay-gradient":""},"tablet":{"background-color":"","background-image":"","background-repeat":"repeat","background-position":"center center","background-size":"auto","background-attachment":"scroll","background-type":"","background-media":"","overlay-type":"","overlay-color":"","overlay-opacity":"","overlay-gradient":""},"mobile":{"background-color":"","background-image":"","background-repeat":"repeat","background-position":"center center","background-size":"auto","background-attachment":"scroll","background-type":"","background-media":"","overlay-type":"","overlay-color":"","overlay-opacity":"","overlay-gradient":""}},"ast-content-background-meta":{"desktop":{"background-color":"var(--ast-global-color-5)","background-image":"","background-repeat":"repeat","background-position":"center center","background-size":"auto","background-attachment":"scroll","background-type":"","background-media":"","overlay-type":"","overlay-color":"","overlay-opacity":"","overlay-gradient":""},"tablet":{"background-color":"var(--ast-global-color-5)","background-image":"","background-repeat":"repeat","background-position":"center center","background-size":"auto","background-attachment":"scroll","background-type":"","background-media":"","overlay-type":"","overlay-color":"","overlay-opacity":"","overlay-gradient":""},"mobile":{"background-color":"var(--ast-global-color-5)","background-image":"","background-repeat":"repeat","background-position":"center center","background-size":"auto","background-attachment":"scroll","background-type":"","background-media":"","overlay-type":"","overlay-color":"","overlay-opacity":"","overlay-gradient":""}},"footnotes":""},"class_list":["post-1486","page","type-page","status-publish","hentry"],"post_mailing_queue_ids":[],"_links":{"self":[{"href":"https:\/\/agora.xtec.cat\/ceiplorca\/wp-json\/wp\/v2\/pages\/1486","targetHints":{"allow":["GET"]}}],"collection":[{"href":"https:\/\/agora.xtec.cat\/ceiplorca\/wp-json\/wp\/v2\/pages"}],"about":[{"href":"https:\/\/agora.xtec.cat\/ceiplorca\/wp-json\/wp\/v2\/types\/page"}],"author":[{"embeddable":true,"href":"https:\/\/agora.xtec.cat\/ceiplorca\/wp-json\/wp\/v2\/users\/1"}],"replies":[{"embeddable":true,"href":"https:\/\/agora.xtec.cat\/ceiplorca\/wp-json\/wp\/v2\/comments?post=1486"}],"version-history":[{"count":6,"href":"https:\/\/agora.xtec.cat\/ceiplorca\/wp-json\/wp\/v2\/pages\/1486\/revisions"}],"predecessor-version":[{"id":3100,"href":"https:\/\/agora.xtec.cat\/ceiplorca\/wp-json\/wp\/v2\/pages\/1486\/revisions\/3100"}],"up":[{"embeddable":true,"href":"https:\/\/agora.xtec.cat\/ceiplorca\/wp-json\/wp\/v2\/pages\/2531"}],"wp:attachment":[{"href":"https:\/\/agora.xtec.cat\/ceiplorca\/wp-json\/wp\/v2\/media?parent=1486"}],"curies":[{"name":"wp","href":"https:\/\/api.w.org\/{rel}","templated":true}]}}