{"id":8287,"date":"2026-02-22T21:07:28","date_gmt":"2026-02-22T20:07:28","guid":{"rendered":"https:\/\/agora.xtec.cat\/ceiplluisvives\/?page_id=8287"},"modified":"2026-02-22T21:09:01","modified_gmt":"2026-02-22T20:09:01","slug":"ampa","status":"publish","type":"page","link":"https:\/\/agora.xtec.cat\/ceiplluisvives\/ampa\/","title":{"rendered":"AMPA"},"content":{"rendered":"\n<p>L\u2019<strong>AMPA (Associaci\u00f3 de Mares i Pares d\u2019Alumnes)<\/strong> \u00e9s l\u2019entitat que representa les fam\u00edlies del centre i col\u00b7labora estretament amb l\u2019escola per millorar l\u2019educaci\u00f3 i el benestar de l\u2019alumnat.<\/p>\n\n\n\n<p>L\u2019AMPA \u00e9s un <strong>espai de participaci\u00f3 i implicaci\u00f3<\/strong> que ajuda a enriquir l\u2019experi\u00e8ncia educativa i a crear una comunitat escolar m\u00e9s cohesionada.<\/p>\n\n\n\n<p>Presidenta de l&#8217;AMPA: Manuela<\/p>\n\n\n\n<p>Tel\u00e8fon de contacte: 605.15.35.42<\/p>\n","protected":false},"excerpt":{"rendered":"<p>L\u2019AMPA (Associaci\u00f3 de Mares i Pares d\u2019Alumnes) \u00e9s l\u2019entitat que representa les fam\u00edlies del centre i col\u00b7labora estretament amb l\u2019escola per millorar l\u2019educaci\u00f3 i el benestar de l\u2019alumnat. L\u2019AMPA \u00e9s un espai de participaci\u00f3 i implicaci\u00f3 que ajuda a enriquir l\u2019experi\u00e8ncia educativa i a crear una comunitat escolar m\u00e9s cohesionada. Presidenta de l&#8217;AMPA: Manuela Tel\u00e8fon [&hellip;]<\/p>\n","protected":false},"author":1,"featured_media":0,"parent":0,"menu_order":0,"comment_status":"closed","ping_status":"close","template":"","meta":{"_bbp_topic_count":0,"_bbp_reply_count":0,"_bbp_total_topic_count":0,"_bbp_total_reply_count":0,"_bbp_voice_count":0,"_bbp_anonymous_reply_count":0,"_bbp_topic_count_hidden":0,"_bbp_reply_count_hidden":0,"_bbp_forum_subforum_count":0,"site-sidebar-layout":"default","site-content-layout":"","ast-site-content-layout":"default","site-content-style":"default","site-sidebar-style":"default","ast-global-header-display":"","ast-banner-title-visibility":"","ast-main-header-display":"","ast-hfb-above-header-display":"","ast-hfb-below-header-display":"","ast-hfb-mobile-header-display":"","site-post-title":"","ast-breadcrumbs-content":"","ast-featured-img":"","footer-sml-layout":"","theme-transparent-header-meta":"","adv-header-id-meta":"","stick-header-meta":"","header-above-stick-meta":"","header-main-stick-meta":"","header-below-stick-meta":"","astra-migrate-meta-layouts":"set","ast-page-background-enabled":"default","ast-page-background-meta":{"desktop":{"background-color":"var(--ast-global-color-4)","background-image":"","background-repeat":"repeat","background-position":"center center","background-size":"auto","background-attachment":"scroll","background-type":"","background-media":"","overlay-type":"","overlay-color":"","overlay-opacity":"","overlay-gradient":""},"tablet":{"background-color":"","background-image":"","background-repeat":"repeat","background-position":"center center","background-size":"auto","background-attachment":"scroll","background-type":"","background-media":"","overlay-type":"","overlay-color":"","overlay-opacity":"","overlay-gradient":""},"mobile":{"background-color":"","background-image":"","background-repeat":"repeat","background-position":"center center","background-size":"auto","background-attachment":"scroll","background-type":"","background-media":"","overlay-type":"","overlay-color":"","overlay-opacity":"","overlay-gradient":""}},"ast-content-background-meta":{"desktop":{"background-color":"var(--ast-global-color-5)","background-image":"","background-repeat":"repeat","background-position":"center center","background-size":"auto","background-attachment":"scroll","background-type":"","background-media":"","overlay-type":"","overlay-color":"","overlay-opacity":"","overlay-gradient":""},"tablet":{"background-color":"var(--ast-global-color-5)","background-image":"","background-repeat":"repeat","background-position":"center center","background-size":"auto","background-attachment":"scroll","background-type":"","background-media":"","overlay-type":"","overlay-color":"","overlay-opacity":"","overlay-gradient":""},"mobile":{"background-color":"var(--ast-global-color-5)","background-image":"","background-repeat":"repeat","background-position":"center center","background-size":"auto","background-attachment":"scroll","background-type":"","background-media":"","overlay-type":"","overlay-color":"","overlay-opacity":"","overlay-gradient":""}},"footnotes":""},"class_list":["post-8287","page","type-page","status-publish","hentry"],"post_mailing_queue_ids":[],"_links":{"self":[{"href":"https:\/\/agora.xtec.cat\/ceiplluisvives\/wp-json\/wp\/v2\/pages\/8287","targetHints":{"allow":["GET"]}}],"collection":[{"href":"https:\/\/agora.xtec.cat\/ceiplluisvives\/wp-json\/wp\/v2\/pages"}],"about":[{"href":"https:\/\/agora.xtec.cat\/ceiplluisvives\/wp-json\/wp\/v2\/types\/page"}],"author":[{"embeddable":true,"href":"https:\/\/agora.xtec.cat\/ceiplluisvives\/wp-json\/wp\/v2\/users\/1"}],"replies":[{"embeddable":true,"href":"https:\/\/agora.xtec.cat\/ceiplluisvives\/wp-json\/wp\/v2\/comments?post=8287"}],"version-history":[{"count":2,"href":"https:\/\/agora.xtec.cat\/ceiplluisvives\/wp-json\/wp\/v2\/pages\/8287\/revisions"}],"predecessor-version":[{"id":8294,"href":"https:\/\/agora.xtec.cat\/ceiplluisvives\/wp-json\/wp\/v2\/pages\/8287\/revisions\/8294"}],"wp:attachment":[{"href":"https:\/\/agora.xtec.cat\/ceiplluisvives\/wp-json\/wp\/v2\/media?parent=8287"}],"curies":[{"name":"wp","href":"https:\/\/api.w.org\/{rel}","templated":true}]}}