{"id":8025,"date":"2025-12-19T00:27:05","date_gmt":"2025-12-18T23:27:05","guid":{"rendered":"https:\/\/agora.xtec.cat\/ceiplluisvives\/?page_id=8025"},"modified":"2026-01-19T14:50:24","modified_gmt":"2026-01-19T13:50:24","slug":"informacions-curs-25-26","status":"publish","type":"page","link":"https:\/\/agora.xtec.cat\/ceiplluisvives\/informacions-curs-25-26\/","title":{"rendered":"Informacions curs 25-26"},"content":{"rendered":"<p><span style=\"text-decoration: underline;\"><strong><span style=\"font-family: arial, helvetica, sans-serif; font-size: 14pt;\">INFORMACIONS RELLEVANTS<\/span><\/strong><\/span><\/p>\n<p><span style=\"font-family: arial, helvetica, sans-serif;\"><a href=\"https:\/\/drive.google.com\/file\/d\/1y_GOehCoGYvPB3jZUcUlhcBhfYFdY5qs\/view?usp=sharing\">Document de benvinguda<\/a> a les fam\u00edlies amb la informaci\u00f3 m\u00e9s rellevant del curs 2025-2026. En aquest document trobareu la seg\u00fcent informaci\u00f3:<\/span><\/p>\n<ul>\n<li><span style=\"font-family: arial, helvetica, sans-serif;\">Data d&#8217;inici de curs<\/span><\/li>\n<li><span style=\"font-family: arial, helvetica, sans-serif;\">Organitzaci\u00f3 d&#8217;entrades i sortides<\/span><\/li>\n<li><span style=\"font-family: arial, helvetica, sans-serif;\">Dies de pluja<\/span><\/li>\n<li><span style=\"font-family: arial, helvetica, sans-serif;\">Autoritzacions<\/span><\/li>\n<li><span style=\"font-family: arial, helvetica, sans-serif;\">Altres informacions<\/span><\/li>\n<li><span style=\"font-family: arial, helvetica, sans-serif;\">Reunions inici de curs<\/span><\/li>\n<\/ul>\n<p><span style=\"text-decoration: underline;\"><strong><span style=\"font-family: arial, helvetica, sans-serif; font-size: 14pt;\">QUOTES I PAGAMENTS<\/span><\/strong><\/span><\/p>\n<p><span style=\"font-family: arial, helvetica, sans-serif;\"><a href=\"https:\/\/drive.google.com\/file\/d\/1ZKSknGQzYFReqH5tsDvCfcrUA91cqJPf\/view?usp=sharing\">Document<\/a> explicatiu del termini de pagament i quotes escolars. Per a qualsevol altre informaci\u00f3, contacteu directament amb secretaria.<\/span><\/p>\n<p><span style=\"text-decoration: underline;\"><strong><span style=\"font-family: arial, helvetica, sans-serif; font-size: 14pt;\">AUTORITZACIONS I CIRCULARS<\/span><\/strong><\/span><\/p>\n<ul>\n<li><span style=\"font-family: arial, helvetica, sans-serif;\"><a href=\"https:\/\/drive.google.com\/file\/d\/1FnJCnjSMOBsJOsSw-YeP3vX5Ktpf1MbD\/view?usp=sharing\">Autoritzaci\u00f3 general 2025-2026<\/a> (omplir a l&#8217;inici de curs)<\/span><\/li>\n<li><a href=\"https:\/\/drive.google.com\/file\/d\/1XEOj5HPUY_4BySY5DVswgv-BcUxp-jX9\/view?usp=sharing\"><span style=\"font-family: arial, helvetica, sans-serif;\">Autoritzaci\u00f3 pel consum de llet a l&#8217;escola<\/span><\/a><\/li>\n<li><a href=\"https:\/\/drive.google.com\/file\/d\/10wK3JS3qx2fl3_Qs62TrdnsEMfvu2lBe\/view?usp=sharing\"><span style=\"font-family: arial, helvetica, sans-serif;\">Formulari inicial col\u00f2nies 2026<\/span><\/a><\/li>\n<li><a href=\"https:\/\/drive.google.com\/file\/d\/1yaJJyYNPRpYlpU_4UPJUv_Fcie_wr4_T\/view?usp=sharing\"><span style=\"font-family: arial, helvetica, sans-serif;\">\u00a0Autoritzaci\u00f3 paracetamol<\/span><\/a><\/li>\n<li><a href=\"https:\/\/drive.google.com\/file\/d\/1YgR9TxoUKfuUVJBmurmApRLL7Bu8hEEL\/view?usp=sharing\"><span style=\"font-family: arial, helvetica, sans-serif;\">Autoritzaci\u00f3 al\u00b7l\u00e8rgies<\/span><\/a><\/li>\n<li><span style=\"font-family: arial, helvetica, sans-serif;\">Carta de comprom\u00eds (en elaboraci\u00f3)<\/span><\/li>\n<\/ul>\n<p><span style=\"text-decoration: underline;\"><strong><span style=\"font-family: arial, helvetica, sans-serif; font-size: 14pt;\">COL\u00d2NIES<\/span><\/strong><\/span><\/p>\n<p data-start=\"133\" data-end=\"375\"><span style=\"font-family: arial, helvetica, sans-serif;\">A la nostra escola entenem les col\u00f2nies escolars com una experi\u00e8ncia educativa molt valuosa. Per aquest motiu, les realitzem en finalitzar cada etapa educativa: a <strong>I5,<\/strong> a <strong>3r<\/strong> i a <strong>6\u00e8<\/strong>, coincidint amb el tancament de l\u2019etapa dins la seva comunitat.<\/span><\/p>\n<p data-start=\"380\" data-end=\"602\"><span style=\"font-family: arial, helvetica, sans-serif;\">Les col\u00f2nies afavoreixen l\u2019autonomia, la conviv\u00e8ncia i el creixement personal de l\u2019alumnat, alhora que reforcen els vincles entre companys i mestres, convertint-se en un record significatiu del final de cada etapa escolar.<\/span><\/p>\n<p><span style=\"font-family: arial, helvetica, sans-serif;\">Cal omplir el Full d&#8217;autoritzaci\u00f3 amb informaci\u00f3 dels pagaments\u00a0 (quotes, dates, casa de col\u00f2nies, etc).<\/span><\/p>\n<p><span style=\"font-family: arial, helvetica, sans-serif;\">Tamb\u00e9 cal omplir\u00a0<a href=\"https:\/\/drive.google.com\/file\/d\/1PTpqHyVaz-Y2YuXY9wm5j_CY5sEt-QGo\/view?usp=sharing\"> l&#8217;autoritzaci\u00f3 de medicaments per a les col\u00f2nies<\/a>.<\/span><\/p>\n<p><a href=\"https:\/\/drive.google.com\/file\/d\/1Zw7pQ8dos6ZnyJdNdP2IAHtUm-aKUg_z\/view?usp=sharing\"><img loading=\"lazy\" decoding=\"async\" class=\"alignnone wp-image-8164\" src=\"https:\/\/agora.xtec.cat\/ceiplluisvives\/wp-content\/uploads\/usu444\/2026\/01\/colonies-300x231.png\" alt=\"\" width=\"345\" height=\"266\" srcset=\"https:\/\/agora.xtec.cat\/ceiplluisvives\/wp-content\/uploads\/usu444\/2026\/01\/colonies-300x231.png 300w, https:\/\/agora.xtec.cat\/ceiplluisvives\/wp-content\/uploads\/usu444\/2026\/01\/colonies.png 431w\" sizes=\"auto, (max-width: 345px) 100vw, 345px\" \/><\/a><\/p>\n<p>&nbsp;<\/p>\n<p><span style=\"text-decoration: underline;\"><strong><span style=\"font-family: arial, helvetica, sans-serif; font-size: 14pt;\">CALENDARI ESCOLAR<\/span><\/strong><\/span><\/p>\n<p><span style=\"font-family: arial, helvetica, sans-serif;\"><strong>Festius primer trimestre:<\/strong> 11 de setembre, 24 de setembre, 31 d&#8217;octubre, 3 de novembre i 8 de desembre.<\/span><\/p>\n<p><span style=\"font-family: arial, helvetica, sans-serif;\"><strong>Festius segon trimestre:<\/strong> 16 de febrer<\/span><\/p>\n<p><span style=\"font-family: arial, helvetica, sans-serif;\"><strong>Festius tercer trimestre:<\/strong> 1 de maig, 22 de maig i 25 de maig.<\/span><\/p>\n<p><span style=\"font-family: arial, helvetica, sans-serif;\"><strong>Vacances d&#8217;hivern:<\/strong> del 20 de desembre 2025 al 7 de gener 2026<\/span><\/p>\n<p><span style=\"font-family: arial, helvetica, sans-serif;\"><strong>Vacances de primavera:\u00a0<\/strong>del 28 de mar\u00e7 2026 al 6 d&#8217;abril 2026<\/span><\/p>\n<p><span style=\"font-family: arial, helvetica, sans-serif;\"><strong>Vacances d&#8217;estiu: <\/strong>inici 20 de juny 2026<\/span><\/p>\n<p><a href=\"https:\/\/drive.google.com\/file\/d\/1J2EwDwKsbczMe9LJO3GFZJtj6F3RIY6R\/view?usp=sharing\"><img loading=\"lazy\" decoding=\"async\" class=\"alignnone wp-image-7819\" src=\"https:\/\/agora.xtec.cat\/ceiplluisvives\/wp-content\/uploads\/usu444\/2025\/09\/as-2-201x300.jpg\" alt=\"\" width=\"308\" height=\"460\" srcset=\"https:\/\/agora.xtec.cat\/ceiplluisvives\/wp-content\/uploads\/usu444\/2025\/09\/as-2-201x300.jpg 201w, https:\/\/agora.xtec.cat\/ceiplluisvives\/wp-content\/uploads\/usu444\/2025\/09\/as-2-685x1024.jpg 685w, https:\/\/agora.xtec.cat\/ceiplluisvives\/wp-content\/uploads\/usu444\/2025\/09\/as-2-768x1148.jpg 768w, https:\/\/agora.xtec.cat\/ceiplluisvives\/wp-content\/uploads\/usu444\/2025\/09\/as-2-1027x1536.jpg 1027w, https:\/\/agora.xtec.cat\/ceiplluisvives\/wp-content\/uploads\/usu444\/2025\/09\/as-2.jpg 1072w\" sizes=\"auto, (max-width: 308px) 100vw, 308px\" \/><\/a><\/p>\n","protected":false},"excerpt":{"rendered":"<p>INFORMACIONS RELLEVANTS Document de benvinguda a les fam\u00edlies amb la informaci\u00f3 m\u00e9s rellevant del curs 2025-2026. En aquest document trobareu la seg\u00fcent informaci\u00f3: Data d&#8217;inici de curs Organitzaci\u00f3 d&#8217;entrades i sortides Dies de pluja Autoritzacions Altres informacions Reunions inici de curs QUOTES I PAGAMENTS Document explicatiu del termini de pagament i quotes escolars. Per a [&hellip;]<\/p>\n","protected":false},"author":1,"featured_media":0,"parent":0,"menu_order":0,"comment_status":"closed","ping_status":"closed","template":"","meta":{"_bbp_topic_count":0,"_bbp_reply_count":0,"_bbp_total_topic_count":0,"_bbp_total_reply_count":0,"_bbp_voice_count":0,"_bbp_anonymous_reply_count":0,"_bbp_topic_count_hidden":0,"_bbp_reply_count_hidden":0,"_bbp_forum_subforum_count":0,"site-sidebar-layout":"default","site-content-layout":"","ast-site-content-layout":"default","site-content-style":"default","site-sidebar-style":"default","ast-global-header-display":"","ast-banner-title-visibility":"","ast-main-header-display":"","ast-hfb-above-header-display":"","ast-hfb-below-header-display":"","ast-hfb-mobile-header-display":"","site-post-title":"","ast-breadcrumbs-content":"","ast-featured-img":"","footer-sml-layout":"","theme-transparent-header-meta":"default","adv-header-id-meta":"","stick-header-meta":"","header-above-stick-meta":"","header-main-stick-meta":"","header-below-stick-meta":"","astra-migrate-meta-layouts":"set","ast-page-background-enabled":"default","ast-page-background-meta":{"desktop":{"background-color":"var(--ast-global-color-4)","background-image":"","background-repeat":"repeat","background-position":"center center","background-size":"auto","background-attachment":"scroll","background-type":"","background-media":"","overlay-type":"","overlay-color":"","overlay-opacity":"","overlay-gradient":""},"tablet":{"background-color":"","background-image":"","background-repeat":"repeat","background-position":"center center","background-size":"auto","background-attachment":"scroll","background-type":"","background-media":"","overlay-type":"","overlay-color":"","overlay-opacity":"","overlay-gradient":""},"mobile":{"background-color":"","background-image":"","background-repeat":"repeat","background-position":"center center","background-size":"auto","background-attachment":"scroll","background-type":"","background-media":"","overlay-type":"","overlay-color":"","overlay-opacity":"","overlay-gradient":""}},"ast-content-background-meta":{"desktop":{"background-color":"var(--ast-global-color-5)","background-image":"","background-repeat":"repeat","background-position":"center center","background-size":"auto","background-attachment":"scroll","background-type":"","background-media":"","overlay-type":"","overlay-color":"","overlay-opacity":"","overlay-gradient":""},"tablet":{"background-color":"var(--ast-global-color-5)","background-image":"","background-repeat":"repeat","background-position":"center center","background-size":"auto","background-attachment":"scroll","background-type":"","background-media":"","overlay-type":"","overlay-color":"","overlay-opacity":"","overlay-gradient":""},"mobile":{"background-color":"var(--ast-global-color-5)","background-image":"","background-repeat":"repeat","background-position":"center center","background-size":"auto","background-attachment":"scroll","background-type":"","background-media":"","overlay-type":"","overlay-color":"","overlay-opacity":"","overlay-gradient":""}},"footnotes":""},"class_list":["post-8025","page","type-page","status-publish","hentry"],"post_mailing_queue_ids":[],"_links":{"self":[{"href":"https:\/\/agora.xtec.cat\/ceiplluisvives\/wp-json\/wp\/v2\/pages\/8025","targetHints":{"allow":["GET"]}}],"collection":[{"href":"https:\/\/agora.xtec.cat\/ceiplluisvives\/wp-json\/wp\/v2\/pages"}],"about":[{"href":"https:\/\/agora.xtec.cat\/ceiplluisvives\/wp-json\/wp\/v2\/types\/page"}],"author":[{"embeddable":true,"href":"https:\/\/agora.xtec.cat\/ceiplluisvives\/wp-json\/wp\/v2\/users\/1"}],"replies":[{"embeddable":true,"href":"https:\/\/agora.xtec.cat\/ceiplluisvives\/wp-json\/wp\/v2\/comments?post=8025"}],"version-history":[{"count":6,"href":"https:\/\/agora.xtec.cat\/ceiplluisvives\/wp-json\/wp\/v2\/pages\/8025\/revisions"}],"predecessor-version":[{"id":8166,"href":"https:\/\/agora.xtec.cat\/ceiplluisvives\/wp-json\/wp\/v2\/pages\/8025\/revisions\/8166"}],"wp:attachment":[{"href":"https:\/\/agora.xtec.cat\/ceiplluisvives\/wp-json\/wp\/v2\/media?parent=8025"}],"curies":[{"name":"wp","href":"https:\/\/api.w.org\/{rel}","templated":true}]}}