{"id":73,"date":"2014-09-18T14:01:51","date_gmt":"2014-09-18T14:01:51","guid":{"rendered":"http:\/\/agora.xtec.cat\/ceiplluisvives\/?page_id=73"},"modified":"2026-01-18T16:01:38","modified_gmt":"2026-01-18T15:01:38","slug":"menjador-escolar","status":"publish","type":"page","link":"https:\/\/agora.xtec.cat\/ceiplluisvives\/serveis\/menjador-escolar\/","title":{"rendered":"Menjador escolar"},"content":{"rendered":"<p><span style=\"font-family: arial, helvetica, sans-serif;\"><span style=\"font-weight: 400;\">L\u2019Escola Llu\u00eds Vives disposa de cuina pr\u00f2pia i d\u2019un menjador amb capacitat per a uns<\/span><strong> 200 alumnes.<\/strong><\/span><\/p>\n<p><img loading=\"lazy\" decoding=\"async\" class=\"wp-image-8129 alignright\" src=\"https:\/\/agora.xtec.cat\/ceiplluisvives\/wp-content\/uploads\/usu444\/2026\/01\/Captura-de-pantalla-2026-01-18-a-las-15.57.47-300x223.png\" alt=\"\" width=\"374\" height=\"278\" data-wp-editing=\"1\" srcset=\"https:\/\/agora.xtec.cat\/ceiplluisvives\/wp-content\/uploads\/usu444\/2026\/01\/Captura-de-pantalla-2026-01-18-a-las-15.57.47-300x223.png 300w, https:\/\/agora.xtec.cat\/ceiplluisvives\/wp-content\/uploads\/usu444\/2026\/01\/Captura-de-pantalla-2026-01-18-a-las-15.57.47.png 594w\" sizes=\"auto, (max-width: 374px) 100vw, 374px\" \/><\/p>\n<p><span style=\"font-weight: 400; font-family: arial, helvetica, sans-serif;\">Aquest curs, l\u2019empresa <strong>Endermar<\/strong> \u00e9s l\u2019encarregada d\u2019elaborar els men\u00fas i de gestionar tant la cuina com el monitoratge. La seva proposta ofereix a l\u2019alumnat \u00e0pats equilibrats i aliments de qualitat, elaborats amb criteris de nutrici\u00f3 saludable. Cada mes es preparen men\u00fas adaptats a les necessitats de cada infant, tenint en compte al\u00b7l\u00e8rgies i intoler\u00e0ncies alimen<\/span><span style=\"font-family: arial, helvetica, sans-serif; font-size: 16px; font-weight: 400;\">t\u00e0ries.<\/span><\/p>\n<p><span style=\"font-weight: 400; font-family: arial, helvetica, sans-serif;\">Durant el temps del migdia, l\u2019alumnat de prim\u00e0ria dina en <strong>dos torns,<\/strong> de 12:30 h a 14:30 h, sota la supervisi\u00f3 dels monitors d\u2019Endermar. Els infants d\u2019educaci\u00f3 infantil d\u2019i3\u00a0 dinen a l\u2019aula polivalent d\u2019infantil. Durant aquest temps, els monitors treballen amb els nens i nenes l\u2019adquisici\u00f3 de bons h\u00e0bits i fomenten el coneixement d\u2019una dieta equilibrada i\u00a0<\/span><span style=\"font-weight: 400; font-family: arial, helvetica, sans-serif;\">saludable.<\/span><\/p>\n<p style=\"font-size: 16px; font-style: normal; font-weight: 400;\"><img loading=\"lazy\" decoding=\"async\" class=\"wp-image-8130 alignright\" style=\"font-weight: inherit;\" src=\"https:\/\/agora.xtec.cat\/ceiplluisvives\/wp-content\/uploads\/usu444\/2026\/01\/Captura-de-pantalla-2026-01-18-a-las-15.57.42-300x227.png\" alt=\"\" width=\"381\" height=\"288\" srcset=\"https:\/\/agora.xtec.cat\/ceiplluisvives\/wp-content\/uploads\/usu444\/2026\/01\/Captura-de-pantalla-2026-01-18-a-las-15.57.42-300x227.png 300w, https:\/\/agora.xtec.cat\/ceiplluisvives\/wp-content\/uploads\/usu444\/2026\/01\/Captura-de-pantalla-2026-01-18-a-las-15.57.42.png 596w\" sizes=\"auto, (max-width: 381px) 100vw, 381px\" \/><\/p>\n<ul style=\"font-size: 16px; font-style: normal; font-weight: 400;\">\n<li style=\"list-style-type: none;\"><\/li>\n<\/ul>\n<p><span style=\"font-weight: 400; font-family: arial, helvetica, sans-serif;\">A partir de les 14:30 h, l\u2019Institut fa \u00fas del servei de menjador.<\/span><\/p>\n<p><span style=\"font-family: arial, helvetica, sans-serif;\">Els nostres <strong>objectius<\/strong> a l&#8217;espai migdia s\u00f3n els seg\u00fcents:<\/span><\/p>\n<ul>\n<li style=\"list-style-type: none;\">\n<ul>\n<li><span style=\"font-family: arial, helvetica, sans-serif;\">Desenvolupar h\u00e0bits d\u2019alimentaci\u00f3<\/span><\/li>\n<li><span style=\"font-family: arial, helvetica, sans-serif;\">Inculcar h\u00e0bits d\u2019higiene personal<\/span><\/li>\n<li><span style=\"font-family: arial, helvetica, sans-serif;\">Inculcar h\u00e0bits de bones maneres a la taula: postures, \u00fas correcte dels coberts,\u2026<\/span><\/li>\n<li><span style=\"font-family: arial, helvetica, sans-serif;\">Fomentar la col\u00b7laboraci\u00f3 ibones relacions entre els companys de taula i personal del menjador.<\/span><\/li>\n<li><span style=\"font-family: arial, helvetica, sans-serif;\">Desenvolupar h\u00e0bits de conviv\u00e8ncia.<\/span><\/li>\n<li><span style=\"font-family: arial, helvetica, sans-serif;\">Aprendre a utilitzar el temps lliure participant en les activitats.<\/span><\/li>\n<\/ul>\n<\/li>\n<\/ul>\n<p><span style=\"font-size: 18pt; font-family: arial, helvetica, sans-serif;\"><strong>Informacions pr\u00e0ctiques del servei<\/strong><\/span><\/p>\n<p><span style=\"font-weight: 400; font-family: arial, helvetica, sans-serif;\">Les fam\u00edlies que vulgueu fer \u00fas del servei de menjador heu d\u2019omplir la <strong>fitxa d\u2019inscripci\u00f3<\/strong> corresponent.<\/span><\/p>\n<p><span style=\"font-weight: 400; font-family: arial, helvetica, sans-serif;\">La coordinadora del servei de menjador \u00e9s la <strong>Carla Conde.<\/strong><\/span><\/p>\n<p><span style=\"font-weight: 400; font-family: arial, helvetica, sans-serif;\">\ud83d\udcc5 El seu <strong>horari<\/strong> d\u2019atenci\u00f3 a les fam\u00edlies:<\/span><\/p>\n<ul>\n<li style=\"font-weight: 400;\" aria-level=\"1\"><span style=\"font-weight: 400; font-family: arial, helvetica, sans-serif;\">De dilluns a divendres, de 8:30 h a 9:00 h<\/span><\/li>\n<li style=\"font-weight: 400;\" aria-level=\"1\"><span style=\"font-weight: 400; font-family: arial, helvetica, sans-serif;\">Dimarts i dimecres, de 16:00 h a 17:00 h<\/span><\/li>\n<\/ul>\n<p><span style=\"font-weight: 400; font-family: arial, helvetica, sans-serif;\">\ud83d\udce7 Correu electr\u00f2nic: menjador@escolalluisvivesbcn.cat<\/span><\/p>\n<p><span style=\"font-weight: 400; font-family: arial, helvetica, sans-serif;\">En cas que un infant no pugui assistir al menjador, cal comunicar-ho abans de les 10:30 h al correu de la coordinadora o per Dinantia.<\/span><\/p>\n<p><span style=\"font-weight: 400; font-family: arial, helvetica, sans-serif;\">Si algun alumne necessita una dieta puntual, tamb\u00e9 s\u2019ha de comunicar al mateix correu abans de les 10:30 h.<\/span><\/p>\n<p><span style=\"font-weight: 400; font-family: arial, helvetica, sans-serif;\">\ud83d\udc49 Accediu al seg\u00fcent <strong>enlla\u00e7<\/strong> per consultar els men\u00fas del mes.\u00a0<\/span><\/p>\n","protected":false},"excerpt":{"rendered":"<p>L\u2019Escola Llu\u00eds Vives disposa de cuina pr\u00f2pia i d\u2019un menjador amb capacitat per a uns 200 alumnes. Aquest curs, l\u2019empresa Endermar \u00e9s l\u2019encarregada d\u2019elaborar els men\u00fas i de gestionar tant la cuina com el monitoratge. La seva proposta ofereix a l\u2019alumnat \u00e0pats equilibrats i aliments de qualitat, elaborats amb criteris de nutrici\u00f3 saludable. Cada mes [&hellip;]<\/p>\n","protected":false},"author":2,"featured_media":0,"parent":66,"menu_order":4,"comment_status":"closed","ping_status":"closed","template":"","meta":{"_bbp_topic_count":0,"_bbp_reply_count":0,"_bbp_total_topic_count":0,"_bbp_total_reply_count":0,"_bbp_voice_count":0,"_bbp_anonymous_reply_count":0,"_bbp_topic_count_hidden":0,"_bbp_reply_count_hidden":0,"_bbp_forum_subforum_count":0,"site-sidebar-layout":"default","site-content-layout":"","ast-site-content-layout":"default","site-content-style":"default","site-sidebar-style":"default","ast-global-header-display":"","ast-banner-title-visibility":"","ast-main-header-display":"","ast-hfb-above-header-display":"","ast-hfb-below-header-display":"","ast-hfb-mobile-header-display":"","site-post-title":"","ast-breadcrumbs-content":"","ast-featured-img":"","footer-sml-layout":"","theme-transparent-header-meta":"default","adv-header-id-meta":"","stick-header-meta":"","header-above-stick-meta":"","header-main-stick-meta":"","header-below-stick-meta":"","astra-migrate-meta-layouts":"set","ast-page-background-enabled":"default","ast-page-background-meta":{"desktop":{"background-color":"var(--ast-global-color-4)","background-image":"","background-repeat":"repeat","background-position":"center center","background-size":"auto","background-attachment":"scroll","background-type":"","background-media":"","overlay-type":"","overlay-color":"","overlay-opacity":"","overlay-gradient":""},"tablet":{"background-color":"","background-image":"","background-repeat":"repeat","background-position":"center center","background-size":"auto","background-attachment":"scroll","background-type":"","background-media":"","overlay-type":"","overlay-color":"","overlay-opacity":"","overlay-gradient":""},"mobile":{"background-color":"","background-image":"","background-repeat":"repeat","background-position":"center center","background-size":"auto","background-attachment":"scroll","background-type":"","background-media":"","overlay-type":"","overlay-color":"","overlay-opacity":"","overlay-gradient":""}},"ast-content-background-meta":{"desktop":{"background-color":"var(--ast-global-color-5)","background-image":"","background-repeat":"repeat","background-position":"center center","background-size":"auto","background-attachment":"scroll","background-type":"","background-media":"","overlay-type":"","overlay-color":"","overlay-opacity":"","overlay-gradient":""},"tablet":{"background-color":"var(--ast-global-color-5)","background-image":"","background-repeat":"repeat","background-position":"center center","background-size":"auto","background-attachment":"scroll","background-type":"","background-media":"","overlay-type":"","overlay-color":"","overlay-opacity":"","overlay-gradient":""},"mobile":{"background-color":"var(--ast-global-color-5)","background-image":"","background-repeat":"repeat","background-position":"center center","background-size":"auto","background-attachment":"scroll","background-type":"","background-media":"","overlay-type":"","overlay-color":"","overlay-opacity":"","overlay-gradient":""}},"footnotes":""},"class_list":["post-73","page","type-page","status-publish","hentry"],"post_mailing_queue_ids":[],"_links":{"self":[{"href":"https:\/\/agora.xtec.cat\/ceiplluisvives\/wp-json\/wp\/v2\/pages\/73","targetHints":{"allow":["GET"]}}],"collection":[{"href":"https:\/\/agora.xtec.cat\/ceiplluisvives\/wp-json\/wp\/v2\/pages"}],"about":[{"href":"https:\/\/agora.xtec.cat\/ceiplluisvives\/wp-json\/wp\/v2\/types\/page"}],"author":[{"embeddable":true,"href":"https:\/\/agora.xtec.cat\/ceiplluisvives\/wp-json\/wp\/v2\/users\/2"}],"replies":[{"embeddable":true,"href":"https:\/\/agora.xtec.cat\/ceiplluisvives\/wp-json\/wp\/v2\/comments?post=73"}],"version-history":[{"count":7,"href":"https:\/\/agora.xtec.cat\/ceiplluisvives\/wp-json\/wp\/v2\/pages\/73\/revisions"}],"predecessor-version":[{"id":8134,"href":"https:\/\/agora.xtec.cat\/ceiplluisvives\/wp-json\/wp\/v2\/pages\/73\/revisions\/8134"}],"up":[{"embeddable":true,"href":"https:\/\/agora.xtec.cat\/ceiplluisvives\/wp-json\/wp\/v2\/pages\/66"}],"wp:attachment":[{"href":"https:\/\/agora.xtec.cat\/ceiplluisvives\/wp-json\/wp\/v2\/media?parent=73"}],"curies":[{"name":"wp","href":"https:\/\/api.w.org\/{rel}","templated":true}]}}