{"id":3298,"date":"2020-01-30T18:24:36","date_gmt":"2020-01-30T17:24:36","guid":{"rendered":"http:\/\/agora.xtec.cat\/ceiplluisvives\/?page_id=3298"},"modified":"2026-02-22T20:50:44","modified_gmt":"2026-02-22T19:50:44","slug":"projecte-educatiu-de-centre","status":"publish","type":"page","link":"https:\/\/agora.xtec.cat\/ceiplluisvives\/projecte-educatiu-de-centre\/","title":{"rendered":"Projecte Educatiu de Centre"},"content":{"rendered":"<p data-start=\"22\" data-end=\"246\">El <strong data-start=\"25\" data-end=\"62\">PEC (Projecte Educatiu de Centre)<\/strong> \u00e9s el document que defineix <strong data-start=\"91\" data-end=\"140\">la identitat i la filosofia del nostre centre<\/strong>. Recull els valors, la missi\u00f3, la visi\u00f3 i les l\u00ednies pedag\u00f2giques que guien tota l\u2019activitat educativa.<\/p>\n<p data-start=\"248\" data-end=\"270\">\u00c9s essencial perqu\u00e8:<\/p>\n<ul data-start=\"271\" data-end=\"674\">\n<li data-start=\"271\" data-end=\"320\">\n<p data-start=\"273\" data-end=\"320\">Marca els <strong data-start=\"283\" data-end=\"305\">objectius generals<\/strong> de l\u2019escola.<\/p>\n<\/li>\n<li data-start=\"321\" data-end=\"403\">\n<p data-start=\"323\" data-end=\"403\">Estableix les <strong data-start=\"337\" data-end=\"367\">estrat\u00e8gies i metodologies<\/strong> per aconseguir aquests objectius.<\/p>\n<\/li>\n<li data-start=\"404\" data-end=\"525\">\n<p data-start=\"406\" data-end=\"525\">Serveix de <strong data-start=\"417\" data-end=\"476\">refer\u00e8ncia per al professorat, les fam\u00edlies i l\u2019alumnat<\/strong>, garantint coher\u00e8ncia i continu\u00eftat educativa.<\/p>\n<\/li>\n<li data-start=\"526\" data-end=\"674\">\n<p data-start=\"528\" data-end=\"674\">\u00c9s un <strong data-start=\"534\" data-end=\"550\">document viu<\/strong>, que es revisa i actualitza peri\u00f2dicament per adaptar-se a les noves necessitats de l\u2019alumnat i als canvis en l\u2019educaci\u00f3.<\/p>\n<\/li>\n<\/ul>\n<p><a href=\"https:\/\/drive.google.com\/file\/d\/129RtiReNGZ-pukYS47QDVJ9gqhSl9f2F\/view?usp=sharing\"><iframe loading=\"lazy\" src=\"https:\/\/drive.google.com\/file\/d\/129RtiReNGZ-pukYS47QDVJ9gqhSl9f2F\/preview\" width=\"640\" height=\"480\"><\/iframe><\/a><\/p>\n","protected":false},"excerpt":{"rendered":"<p>El PEC (Projecte Educatiu de Centre) \u00e9s el document que defineix la identitat i la filosofia del nostre centre. Recull els valors, la missi\u00f3, la visi\u00f3 i les l\u00ednies pedag\u00f2giques que guien tota l\u2019activitat educativa. \u00c9s essencial perqu\u00e8: Marca els objectius generals de l\u2019escola. Estableix les estrat\u00e8gies i metodologies per aconseguir aquests objectius. Serveix de [&hellip;]<\/p>\n","protected":false},"author":1,"featured_media":0,"parent":0,"menu_order":0,"comment_status":"closed","ping_status":"closed","template":"","meta":{"_bbp_topic_count":0,"_bbp_reply_count":0,"_bbp_total_topic_count":0,"_bbp_total_reply_count":0,"_bbp_voice_count":0,"_bbp_anonymous_reply_count":0,"_bbp_topic_count_hidden":0,"_bbp_reply_count_hidden":0,"_bbp_forum_subforum_count":0,"site-sidebar-layout":"default","site-content-layout":"","ast-site-content-layout":"default","site-content-style":"default","site-sidebar-style":"default","ast-global-header-display":"","ast-banner-title-visibility":"","ast-main-header-display":"","ast-hfb-above-header-display":"","ast-hfb-below-header-display":"","ast-hfb-mobile-header-display":"","site-post-title":"","ast-breadcrumbs-content":"","ast-featured-img":"","footer-sml-layout":"","theme-transparent-header-meta":"","adv-header-id-meta":"","stick-header-meta":"","header-above-stick-meta":"","header-main-stick-meta":"","header-below-stick-meta":"","astra-migrate-meta-layouts":"set","ast-page-background-enabled":"default","ast-page-background-meta":{"desktop":{"background-color":"var(--ast-global-color-4)","background-image":"","background-repeat":"repeat","background-position":"center center","background-size":"auto","background-attachment":"scroll","background-type":"","background-media":"","overlay-type":"","overlay-color":"","overlay-opacity":"","overlay-gradient":""},"tablet":{"background-color":"","background-image":"","background-repeat":"repeat","background-position":"center center","background-size":"auto","background-attachment":"scroll","background-type":"","background-media":"","overlay-type":"","overlay-color":"","overlay-opacity":"","overlay-gradient":""},"mobile":{"background-color":"","background-image":"","background-repeat":"repeat","background-position":"center center","background-size":"auto","background-attachment":"scroll","background-type":"","background-media":"","overlay-type":"","overlay-color":"","overlay-opacity":"","overlay-gradient":""}},"ast-content-background-meta":{"desktop":{"background-color":"var(--ast-global-color-5)","background-image":"","background-repeat":"repeat","background-position":"center center","background-size":"auto","background-attachment":"scroll","background-type":"","background-media":"","overlay-type":"","overlay-color":"","overlay-opacity":"","overlay-gradient":""},"tablet":{"background-color":"var(--ast-global-color-5)","background-image":"","background-repeat":"repeat","background-position":"center center","background-size":"auto","background-attachment":"scroll","background-type":"","background-media":"","overlay-type":"","overlay-color":"","overlay-opacity":"","overlay-gradient":""},"mobile":{"background-color":"var(--ast-global-color-5)","background-image":"","background-repeat":"repeat","background-position":"center center","background-size":"auto","background-attachment":"scroll","background-type":"","background-media":"","overlay-type":"","overlay-color":"","overlay-opacity":"","overlay-gradient":""}},"footnotes":""},"class_list":["post-3298","page","type-page","status-publish","hentry"],"post_mailing_queue_ids":[],"_links":{"self":[{"href":"https:\/\/agora.xtec.cat\/ceiplluisvives\/wp-json\/wp\/v2\/pages\/3298","targetHints":{"allow":["GET"]}}],"collection":[{"href":"https:\/\/agora.xtec.cat\/ceiplluisvives\/wp-json\/wp\/v2\/pages"}],"about":[{"href":"https:\/\/agora.xtec.cat\/ceiplluisvives\/wp-json\/wp\/v2\/types\/page"}],"author":[{"embeddable":true,"href":"https:\/\/agora.xtec.cat\/ceiplluisvives\/wp-json\/wp\/v2\/users\/1"}],"replies":[{"embeddable":true,"href":"https:\/\/agora.xtec.cat\/ceiplluisvives\/wp-json\/wp\/v2\/comments?post=3298"}],"version-history":[{"count":4,"href":"https:\/\/agora.xtec.cat\/ceiplluisvives\/wp-json\/wp\/v2\/pages\/3298\/revisions"}],"predecessor-version":[{"id":8277,"href":"https:\/\/agora.xtec.cat\/ceiplluisvives\/wp-json\/wp\/v2\/pages\/3298\/revisions\/8277"}],"wp:attachment":[{"href":"https:\/\/agora.xtec.cat\/ceiplluisvives\/wp-json\/wp\/v2\/media?parent=3298"}],"curies":[{"name":"wp","href":"https:\/\/api.w.org\/{rel}","templated":true}]}}