{"id":3168,"date":"2019-11-19T10:38:24","date_gmt":"2019-11-19T09:38:24","guid":{"rendered":"http:\/\/agora.xtec.cat\/ceiplluisvives\/?page_id=3168"},"modified":"2023-02-21T09:25:57","modified_gmt":"2023-02-21T08:25:57","slug":"normes-i-funcionament","status":"publish","type":"page","link":"https:\/\/agora.xtec.cat\/ceiplluisvives\/documents\/normes-i-funcionament\/","title":{"rendered":"Normes i funcionament"},"content":{"rendered":"<p>LES NORMES DE FUNCIONAMENT DE CENTRE<\/p>\n<p>Les Normes de Funcionament del Centre (NOFC) s\u00f3n l\u2019instrument de l&#8217;escola per desenvolupar i fer possible el projecte educatiu. Tenen com a objectiu l\u2019\u00e8xit educatiu de l\u2019alumnat.<\/p>\n<p>Formen part de les NOFC:<\/p>\n<ul>\n<li>L\u2019estructura organitzativa de govern i de coordinaci\u00f3.<\/li>\n<li>L\u2019estructura d\u2019organitzaci\u00f3 pedag\u00f2gica.<\/li>\n<li>Els criteris i mecanismes de col\u00b7laboraci\u00f3 i participaci\u00f3 de la comunitat<\/li>\n<li>El Projecte de Conviv\u00e8ncia.<\/li>\n<li>Altres aspectes del funcionament de l&#8217;escola.<\/li>\n<li>L\u2019aprovaci\u00f3, revisi\u00f3 i actualitzaci\u00f3 de les NOFC.<\/li>\n<\/ul>\n<p>El director impulsa l\u2019elaboraci\u00f3 de les NOFC, amb la participaci\u00f3 del claustre, i de les successives adequacions d\u2019acord amb les necessitats del PEC; les aprova (amb la consulta pr\u00e8via preceptiva del consell escolar), i vetlla perqu\u00e8 s\u2019apliquin.<\/p>\n<p><strong><a href=\"https:\/\/agora.xtec.cat\/ceiplluisvives\/wp-content\/uploads\/usu444\/2023\/02\/Escola-LLuisVives.-NOFC.docx.pdf\">NOFC<\/a><\/strong><\/p>\n<p>&nbsp;<\/p>\n","protected":false},"excerpt":{"rendered":"<p>LES NORMES DE FUNCIONAMENT DE CENTRE Les Normes de Funcionament del Centre (NOFC) s\u00f3n l\u2019instrument de l&#8217;escola per desenvolupar i fer possible el projecte educatiu. Tenen com a objectiu l\u2019\u00e8xit educatiu de l\u2019alumnat. Formen part de les NOFC: L\u2019estructura organitzativa de govern i de coordinaci\u00f3. L\u2019estructura d\u2019organitzaci\u00f3 pedag\u00f2gica. Els criteris i mecanismes de col\u00b7laboraci\u00f3 i [&hellip;]<\/p>\n","protected":false},"author":1,"featured_media":0,"parent":2584,"menu_order":10,"comment_status":"closed","ping_status":"closed","template":"page-templates\/side-menu.php","meta":{"_bbp_topic_count":0,"_bbp_reply_count":0,"_bbp_total_topic_count":0,"_bbp_total_reply_count":0,"_bbp_voice_count":0,"_bbp_anonymous_reply_count":0,"_bbp_topic_count_hidden":0,"_bbp_reply_count_hidden":0,"_bbp_forum_subforum_count":0,"site-sidebar-layout":"default","site-content-layout":"","ast-site-content-layout":"","site-content-style":"default","site-sidebar-style":"default","ast-global-header-display":"","ast-banner-title-visibility":"","ast-main-header-display":"","ast-hfb-above-header-display":"","ast-hfb-below-header-display":"","ast-hfb-mobile-header-display":"","site-post-title":"","ast-breadcrumbs-content":"","ast-featured-img":"","footer-sml-layout":"","theme-transparent-header-meta":"","adv-header-id-meta":"","stick-header-meta":"","header-above-stick-meta":"","header-main-stick-meta":"","header-below-stick-meta":"","astra-migrate-meta-layouts":"default","ast-page-background-enabled":"default","ast-page-background-meta":{"desktop":{"background-color":"var(--ast-global-color-4)","background-image":"","background-repeat":"repeat","background-position":"center center","background-size":"auto","background-attachment":"scroll","background-type":"","background-media":"","overlay-type":"","overlay-color":"","overlay-opacity":"","overlay-gradient":""},"tablet":{"background-color":"","background-image":"","background-repeat":"repeat","background-position":"center center","background-size":"auto","background-attachment":"scroll","background-type":"","background-media":"","overlay-type":"","overlay-color":"","overlay-opacity":"","overlay-gradient":""},"mobile":{"background-color":"","background-image":"","background-repeat":"repeat","background-position":"center center","background-size":"auto","background-attachment":"scroll","background-type":"","background-media":"","overlay-type":"","overlay-color":"","overlay-opacity":"","overlay-gradient":""}},"ast-content-background-meta":{"desktop":{"background-color":"var(--ast-global-color-5)","background-image":"","background-repeat":"repeat","background-position":"center center","background-size":"auto","background-attachment":"scroll","background-type":"","background-media":"","overlay-type":"","overlay-color":"","overlay-opacity":"","overlay-gradient":""},"tablet":{"background-color":"var(--ast-global-color-5)","background-image":"","background-repeat":"repeat","background-position":"center center","background-size":"auto","background-attachment":"scroll","background-type":"","background-media":"","overlay-type":"","overlay-color":"","overlay-opacity":"","overlay-gradient":""},"mobile":{"background-color":"var(--ast-global-color-5)","background-image":"","background-repeat":"repeat","background-position":"center center","background-size":"auto","background-attachment":"scroll","background-type":"","background-media":"","overlay-type":"","overlay-color":"","overlay-opacity":"","overlay-gradient":""}},"footnotes":""},"class_list":["post-3168","page","type-page","status-publish","hentry"],"post_mailing_queue_ids":[],"_links":{"self":[{"href":"https:\/\/agora.xtec.cat\/ceiplluisvives\/wp-json\/wp\/v2\/pages\/3168","targetHints":{"allow":["GET"]}}],"collection":[{"href":"https:\/\/agora.xtec.cat\/ceiplluisvives\/wp-json\/wp\/v2\/pages"}],"about":[{"href":"https:\/\/agora.xtec.cat\/ceiplluisvives\/wp-json\/wp\/v2\/types\/page"}],"author":[{"embeddable":true,"href":"https:\/\/agora.xtec.cat\/ceiplluisvives\/wp-json\/wp\/v2\/users\/1"}],"replies":[{"embeddable":true,"href":"https:\/\/agora.xtec.cat\/ceiplluisvives\/wp-json\/wp\/v2\/comments?post=3168"}],"version-history":[{"count":2,"href":"https:\/\/agora.xtec.cat\/ceiplluisvives\/wp-json\/wp\/v2\/pages\/3168\/revisions"}],"predecessor-version":[{"id":5945,"href":"https:\/\/agora.xtec.cat\/ceiplluisvives\/wp-json\/wp\/v2\/pages\/3168\/revisions\/5945"}],"up":[{"embeddable":true,"href":"https:\/\/agora.xtec.cat\/ceiplluisvives\/wp-json\/wp\/v2\/pages\/2584"}],"wp:attachment":[{"href":"https:\/\/agora.xtec.cat\/ceiplluisvives\/wp-json\/wp\/v2\/media?parent=3168"}],"curies":[{"name":"wp","href":"https:\/\/api.w.org\/{rel}","templated":true}]}}