{"id":2621,"date":"2019-02-14T12:59:29","date_gmt":"2019-02-14T11:59:29","guid":{"rendered":"http:\/\/agora.xtec.cat\/ceiplluisvives\/?page_id=2621"},"modified":"2026-02-22T20:29:15","modified_gmt":"2026-02-22T19:29:15","slug":"equip-docent","status":"publish","type":"page","link":"https:\/\/agora.xtec.cat\/ceiplluisvives\/lescola\/equip-docent\/","title":{"rendered":"Equip docent 25-26"},"content":{"rendered":"\n<h2 class=\"wp-block-heading\">EQUIP DIRECTIU<\/h2>\n\n\n\n<figure class=\"wp-block-table\"><table class=\"has-fixed-layout\"><tbody><tr><td>Directora<\/td><td>Cristina Terr\u00f3n <\/td><\/tr><tr><td>Cap d&#8217;estudis<\/td><td>Adriana Robles<\/td><\/tr><tr><td>Secret\u00e0ria<\/td><td>Ana Guti\u00e9rrez<\/td><\/tr><\/tbody><\/table><\/figure>\n\n\n\n<h2 class=\"wp-block-heading\">EQUIP DOCENT INFANTIL<\/h2>\n\n\n\n<figure class=\"wp-block-table\"><table class=\"has-fixed-layout\"><tbody><tr><td>Tutora Infantil 3<\/td><td>Blanca C\u00e0novas<\/td><\/tr><tr><td>Tutora Infantil 4<\/td><td>B\u00e1rbara de la Fuente<\/td><\/tr><tr><td>Tutora Infantil 5<\/td><td>N\u00faria Andr\u00e9s<\/td><\/tr><tr><td>Mestra de refor\u00e7<\/td><td>N\u00faria Rev\u00e9s<\/td><\/tr><tr><td>TEEI<\/td><td>Maribel <\/td><\/tr><tr><td>Coordinadora Infantil<\/td><td>N\u00faria Andr\u00e9s<\/td><\/tr><\/tbody><\/table><\/figure>\n\n\n\n<h2 class=\"wp-block-heading\">EQUIP DOCENT PRIM\u00c0RIA<\/h2>\n\n\n\n<figure class=\"wp-block-table\"><table class=\"has-fixed-layout\"><tbody><tr><td>Tutora 1r<\/td><td>Lucia de la Guia<\/td><\/tr><tr><td>Tutor 2n<\/td><td>Rafa Contreras<\/td><\/tr><tr><td>Tutora 3r<\/td><td>N\u00faria Gaya<\/td><\/tr><tr><td>Coordinadora comunitat de mitjans<\/td><td>Judit<\/td><\/tr><tr><td>Tutora 4t<\/td><td>C\u00e8lia Corvillo<\/td><\/tr><tr><td>Tutor 5\u00e8<\/td><td>Jose Maria Ayuste<\/td><\/tr><tr><td>Tutor 6\u00e8<\/td><td>Miquel Ru\u00edz<\/td><\/tr><tr><td>Coordinador comunitat de grans<\/td><td>Jose Maria Ayuste<\/td><\/tr><\/tbody><\/table><\/figure>\n\n\n\n<h2 class=\"wp-block-heading\">ESPECIALISTES<\/h2>\n\n\n\n<figure class=\"wp-block-table\"><table class=\"has-fixed-layout\"><tbody><tr><td>Castellano<\/td><td>Ana Espada<\/td><\/tr><tr><td>English<\/td><td>Blanca Ram\u00edrez i Ana Guti\u00e9rrez<\/td><\/tr><tr><td>M\u00fasica<\/td><td>Judit<\/td><\/tr><tr><td>Religi\u00f3<\/td><td>Clara Macaya<\/td><\/tr><tr><td>Mestres de refor\u00e7<\/td><td>Ariana Abouzari i Cristina Terr\u00f3n<\/td><\/tr><tr><td>SIEI \/ MESI <\/td><td>Raquel P\u00e9rnias \/ Adriana Robles<\/td><\/tr><tr><td>Educaci\u00f3 F\u00edsica<\/td><td>Jose Ayuste, C\u00e8lia Corvillo, Rafa Contreras<\/td><\/tr><tr><td>Educadora Social<\/td><td>Ainhoa G\u00f3mez<\/td><\/tr><\/tbody><\/table><\/figure>\n\n\n\n<h2 class=\"wp-block-heading\">COORDINACIONS<\/h2>\n\n\n\n<figure class=\"wp-block-table\"><table class=\"has-fixed-layout\"><tbody><tr><td>Coordinador digital<\/td><td>Miquel Ru\u00edz<\/td><\/tr><tr><td>Coordinadora LIC<\/td><td>N\u00faria Gaya<\/td><\/tr><tr><td>Coordinador Riscos Laborals<\/td><td>Rafa Contreras<\/td><\/tr><tr><td>Coordinadora COCOBE<\/td><td>C\u00e8lia Corvillo<\/td><\/tr><\/tbody><\/table><\/figure>\n\n\n\n<h2 class=\"wp-block-heading\">ADMINISTRACI\u00d3, CONSERGERIA I MENJADOR<\/h2>\n\n\n\n<figure class=\"wp-block-table\"><table class=\"has-fixed-layout\"><tbody><tr><td>Administrativa<\/td><td>S\u00f2nia <\/td><\/tr><tr><td>Conserge<\/td><td>Sergio Clar<\/td><\/tr><tr><td>Coordinadora de menjador i servei d&#8217;acollida<\/td><td>Carla Conde<\/td><\/tr><\/tbody><\/table><\/figure>\n","protected":false},"excerpt":{"rendered":"<p>EQUIP DIRECTIU Directora Cristina Terr\u00f3n Cap d&#8217;estudis Adriana Robles Secret\u00e0ria Ana Guti\u00e9rrez EQUIP DOCENT INFANTIL Tutora Infantil 3 Blanca C\u00e0novas Tutora Infantil 4 B\u00e1rbara de la Fuente Tutora Infantil 5 N\u00faria Andr\u00e9s Mestra de refor\u00e7 N\u00faria Rev\u00e9s TEEI Maribel Coordinadora Infantil N\u00faria Andr\u00e9s EQUIP DOCENT PRIM\u00c0RIA Tutora 1r Lucia de la Guia Tutor 2n Rafa [&hellip;]<\/p>\n","protected":false},"author":1,"featured_media":0,"parent":22,"menu_order":40,"comment_status":"closed","ping_status":"closed","template":"","meta":{"_bbp_topic_count":0,"_bbp_reply_count":0,"_bbp_total_topic_count":0,"_bbp_total_reply_count":0,"_bbp_voice_count":0,"_bbp_anonymous_reply_count":0,"_bbp_topic_count_hidden":0,"_bbp_reply_count_hidden":0,"_bbp_forum_subforum_count":0,"site-sidebar-layout":"default","site-content-layout":"","ast-site-content-layout":"default","site-content-style":"default","site-sidebar-style":"default","ast-global-header-display":"","ast-banner-title-visibility":"","ast-main-header-display":"","ast-hfb-above-header-display":"","ast-hfb-below-header-display":"","ast-hfb-mobile-header-display":"","site-post-title":"","ast-breadcrumbs-content":"","ast-featured-img":"","footer-sml-layout":"","theme-transparent-header-meta":"default","adv-header-id-meta":"","stick-header-meta":"","header-above-stick-meta":"","header-main-stick-meta":"","header-below-stick-meta":"","astra-migrate-meta-layouts":"set","ast-page-background-enabled":"default","ast-page-background-meta":{"desktop":{"background-color":"var(--ast-global-color-4)","background-image":"","background-repeat":"repeat","background-position":"center center","background-size":"auto","background-attachment":"scroll","background-type":"","background-media":"","overlay-type":"","overlay-color":"","overlay-opacity":"","overlay-gradient":""},"tablet":{"background-color":"","background-image":"","background-repeat":"repeat","background-position":"center center","background-size":"auto","background-attachment":"scroll","background-type":"","background-media":"","overlay-type":"","overlay-color":"","overlay-opacity":"","overlay-gradient":""},"mobile":{"background-color":"","background-image":"","background-repeat":"repeat","background-position":"center center","background-size":"auto","background-attachment":"scroll","background-type":"","background-media":"","overlay-type":"","overlay-color":"","overlay-opacity":"","overlay-gradient":""}},"ast-content-background-meta":{"desktop":{"background-color":"var(--ast-global-color-5)","background-image":"","background-repeat":"repeat","background-position":"center center","background-size":"auto","background-attachment":"scroll","background-type":"","background-media":"","overlay-type":"","overlay-color":"","overlay-opacity":"","overlay-gradient":""},"tablet":{"background-color":"var(--ast-global-color-5)","background-image":"","background-repeat":"repeat","background-position":"center center","background-size":"auto","background-attachment":"scroll","background-type":"","background-media":"","overlay-type":"","overlay-color":"","overlay-opacity":"","overlay-gradient":""},"mobile":{"background-color":"var(--ast-global-color-5)","background-image":"","background-repeat":"repeat","background-position":"center center","background-size":"auto","background-attachment":"scroll","background-type":"","background-media":"","overlay-type":"","overlay-color":"","overlay-opacity":"","overlay-gradient":""}},"footnotes":""},"class_list":["post-2621","page","type-page","status-publish","hentry"],"post_mailing_queue_ids":[],"_links":{"self":[{"href":"https:\/\/agora.xtec.cat\/ceiplluisvives\/wp-json\/wp\/v2\/pages\/2621","targetHints":{"allow":["GET"]}}],"collection":[{"href":"https:\/\/agora.xtec.cat\/ceiplluisvives\/wp-json\/wp\/v2\/pages"}],"about":[{"href":"https:\/\/agora.xtec.cat\/ceiplluisvives\/wp-json\/wp\/v2\/types\/page"}],"author":[{"embeddable":true,"href":"https:\/\/agora.xtec.cat\/ceiplluisvives\/wp-json\/wp\/v2\/users\/1"}],"replies":[{"embeddable":true,"href":"https:\/\/agora.xtec.cat\/ceiplluisvives\/wp-json\/wp\/v2\/comments?post=2621"}],"version-history":[{"count":6,"href":"https:\/\/agora.xtec.cat\/ceiplluisvives\/wp-json\/wp\/v2\/pages\/2621\/revisions"}],"predecessor-version":[{"id":8270,"href":"https:\/\/agora.xtec.cat\/ceiplluisvives\/wp-json\/wp\/v2\/pages\/2621\/revisions\/8270"}],"up":[{"embeddable":true,"href":"https:\/\/agora.xtec.cat\/ceiplluisvives\/wp-json\/wp\/v2\/pages\/22"}],"wp:attachment":[{"href":"https:\/\/agora.xtec.cat\/ceiplluisvives\/wp-json\/wp\/v2\/media?parent=2621"}],"curies":[{"name":"wp","href":"https:\/\/api.w.org\/{rel}","templated":true}]}}