{"id":26,"date":"2014-09-18T12:24:32","date_gmt":"2014-09-18T12:24:32","guid":{"rendered":"http:\/\/agora.xtec.cat\/ceiplluisvives\/?page_id=26"},"modified":"2026-02-22T19:57:13","modified_gmt":"2026-02-22T18:57:13","slug":"pec","status":"publish","type":"page","link":"https:\/\/agora.xtec.cat\/ceiplluisvives\/lescola\/pec\/","title":{"rendered":"Projectes d&#8217;escola"},"content":{"rendered":"\n<div class=\"wp-block-media-text alignwide is-stacked-on-mobile is-vertically-aligned-top\" style=\"grid-template-columns:44% auto\"><figure class=\"wp-block-media-text__media\"><img loading=\"lazy\" decoding=\"async\" width=\"682\" height=\"1024\" src=\"https:\/\/agora.xtec.cat\/ceiplluisvives\/wp-content\/uploads\/usu444\/2025\/11\/Collage-Florence-Formes-i-Figures-1-682x1024.jpg\" alt=\"\" class=\"wp-image-7930 size-full\" srcset=\"https:\/\/agora.xtec.cat\/ceiplluisvives\/wp-content\/uploads\/usu444\/2025\/11\/Collage-Florence-Formes-i-Figures-1-682x1024.jpg 682w, https:\/\/agora.xtec.cat\/ceiplluisvives\/wp-content\/uploads\/usu444\/2025\/11\/Collage-Florence-Formes-i-Figures-1-200x300.jpg 200w, https:\/\/agora.xtec.cat\/ceiplluisvives\/wp-content\/uploads\/usu444\/2025\/11\/Collage-Florence-Formes-i-Figures-1-768x1152.jpg 768w, https:\/\/agora.xtec.cat\/ceiplluisvives\/wp-content\/uploads\/usu444\/2025\/11\/Collage-Florence-Formes-i-Figures-1-1024x1536.jpg 1024w, https:\/\/agora.xtec.cat\/ceiplluisvives\/wp-content\/uploads\/usu444\/2025\/11\/Collage-Florence-Formes-i-Figures-1.jpg 1333w\" sizes=\"auto, (max-width: 682px) 100vw, 682px\" \/><\/figure><div class=\"wp-block-media-text__content\">\n<h2 class=\"wp-block-heading\">PROGRAMA FLORENCE<\/h2>\n\n\n\n<p>El nostre centre participa en el <strong>Programa Florence<\/strong> del Departament d\u2019Educaci\u00f3, una iniciativa que ofereix formaci\u00f3 i acompanyament al professorat a trav\u00e9s d\u2019un mentor especialitzat per millorar la pr\u00e0ctica docent en l\u2019\u00e0rea de matem\u00e0tiques.<\/p>\n\n\n\n<p>Aquest programa ens permet avan\u00e7ar cap a una manera d\u2019ensenyar les matem\u00e0tiques alineada amb el nou curr\u00edculum d\u2019educaci\u00f3, basat en el treball per compet\u00e8ncies. No es tracta nom\u00e9s d\u2019arribar al resultat correcte, sin\u00f3 d\u2019entendre el proc\u00e9s, explorar diferents estrat\u00e8gies i valorar les diverses maneres de resoldre una mateixa situaci\u00f3.<\/p>\n<\/div><\/div>\n\n\n\n<div class=\"wp-block-columns is-layout-flex wp-container-core-columns-is-layout-1 wp-block-columns-is-layout-flex\">\n<div class=\"wp-block-column is-layout-flow wp-block-column-is-layout-flow\">\n<h2 class=\"wp-block-heading\">BIBLIOTECA ESCOLAR<\/h2>\n\n\n\n<p>Al nostre centre entenem la lectura com una eina fonamental per al creixement personal i acad\u00e8mic de l\u2019alumnat. Per aix\u00f2, apostem fermament pel foment de l\u2019h\u00e0bit lector des de totes les etapes.<\/p>\n\n\n\n<p>Disposem d\u2019una <strong>biblioteca escolar renovada i remodelada<\/strong> i cada curs hi dedica un dia a la setmana, convertint aquest moment en un espai fix i significatiu dins l\u2019horari escolar.<\/p>\n\n\n\n<p>La nostra biblioteca \u00e9s tamb\u00e9 un projecte viu: actualment est\u00e0 en proc\u00e9s de creixement , incorporant nous llibres de manera progressiva per oferir lectures variades, actuals i adaptades als interessos i nivells del nostre alumnat.<\/p>\n\n\n\n<p>Creiem que llegir \u00e9s obrir portes, ampliar horitzons i construir pensament cr\u00edtic. <\/p>\n<\/div>\n\n\n\n<div class=\"wp-block-column is-layout-flow wp-block-column-is-layout-flow\">\n<figure class=\"wp-block-image size-large\"><a href=\"https:\/\/agora.xtec.cat\/ceiplluisvives\/wp-content\/uploads\/usu444\/2026\/02\/IMG_B5A71F70113C-1.jpeg\"><img loading=\"lazy\" decoding=\"async\" width=\"768\" height=\"1024\" src=\"https:\/\/agora.xtec.cat\/ceiplluisvives\/wp-content\/uploads\/usu444\/2026\/02\/IMG_B5A71F70113C-1-768x1024.jpeg\" alt=\"\" class=\"wp-image-8256\" srcset=\"https:\/\/agora.xtec.cat\/ceiplluisvives\/wp-content\/uploads\/usu444\/2026\/02\/IMG_B5A71F70113C-1-768x1024.jpeg 768w, https:\/\/agora.xtec.cat\/ceiplluisvives\/wp-content\/uploads\/usu444\/2026\/02\/IMG_B5A71F70113C-1-225x300.jpeg 225w, https:\/\/agora.xtec.cat\/ceiplluisvives\/wp-content\/uploads\/usu444\/2026\/02\/IMG_B5A71F70113C-1-1152x1536.jpeg 1152w, https:\/\/agora.xtec.cat\/ceiplluisvives\/wp-content\/uploads\/usu444\/2026\/02\/IMG_B5A71F70113C-1.jpeg 1179w\" sizes=\"auto, (max-width: 768px) 100vw, 768px\" \/><\/a><\/figure>\n<\/div>\n<\/div>\n\n\n\n<div class=\"wp-block-columns is-layout-flex wp-container-core-columns-is-layout-2 wp-block-columns-is-layout-flex\">\n<div class=\"wp-block-column is-layout-flow wp-block-column-is-layout-flow\" style=\"flex-basis:25%\">\n<figure class=\"wp-block-image size-large\"><a href=\"https:\/\/agora.xtec.cat\/ceiplluisvives\/wp-content\/uploads\/usu444\/2024\/12\/3.-Tecnologia-Infantil-scaled.jpg\"><img loading=\"lazy\" decoding=\"async\" width=\"768\" height=\"1024\" src=\"https:\/\/agora.xtec.cat\/ceiplluisvives\/wp-content\/uploads\/usu444\/2024\/12\/3.-Tecnologia-Infantil-768x1024.jpg\" alt=\"\" class=\"wp-image-7281\" srcset=\"https:\/\/agora.xtec.cat\/ceiplluisvives\/wp-content\/uploads\/usu444\/2024\/12\/3.-Tecnologia-Infantil-768x1024.jpg 768w, https:\/\/agora.xtec.cat\/ceiplluisvives\/wp-content\/uploads\/usu444\/2024\/12\/3.-Tecnologia-Infantil-225x300.jpg 225w, https:\/\/agora.xtec.cat\/ceiplluisvives\/wp-content\/uploads\/usu444\/2024\/12\/3.-Tecnologia-Infantil-1152x1536.jpg 1152w, https:\/\/agora.xtec.cat\/ceiplluisvives\/wp-content\/uploads\/usu444\/2024\/12\/3.-Tecnologia-Infantil-1536x2048.jpg 1536w, https:\/\/agora.xtec.cat\/ceiplluisvives\/wp-content\/uploads\/usu444\/2024\/12\/3.-Tecnologia-Infantil-scaled.jpg 1920w\" sizes=\"auto, (max-width: 768px) 100vw, 768px\" \/><\/a><\/figure>\n<\/div>\n\n\n\n<div class=\"wp-block-column is-layout-flow wp-block-column-is-layout-flow\" style=\"flex-basis:50%\">\n<h2 class=\"wp-block-heading\">ROB\u00d2TICA<\/h2>\n\n\n\n<p>Des d\u2019Infantil fins a Prim\u00e0ria impartim <strong>una hora setmanal de rob\u00f2tica<\/strong>, adaptada a cada edat. Cada curs utilitza robots adequats al seu nivell, amb una gran varietat de recursos que evolucionen al llarg de les etapes.<\/p>\n\n\n\n<p>A trav\u00e9s de la rob\u00f2tica desenvolupem el <strong>pensament computacional<\/strong>, la l\u00f2gica i la resoluci\u00f3 de problemes. Treballem en <strong>grups redu\u00efts<\/strong> per garantir una atenci\u00f3 m\u00e9s personalitzada i donar resposta a la diversitat del nostre alumnat.<\/p>\n\n\n\n<p><\/p>\n<\/div>\n\n\n\n<div class=\"wp-block-column is-layout-flow wp-block-column-is-layout-flow\" style=\"flex-basis:25%\">\n<figure class=\"wp-block-image size-large\"><a href=\"https:\/\/agora.xtec.cat\/ceiplluisvives\/wp-content\/uploads\/usu444\/2025\/01\/WhatsApp-Image-2025-01-17-at-19.06.52-1.jpeg\"><img loading=\"lazy\" decoding=\"async\" width=\"768\" height=\"1024\" src=\"https:\/\/agora.xtec.cat\/ceiplluisvives\/wp-content\/uploads\/usu444\/2025\/01\/WhatsApp-Image-2025-01-17-at-19.06.52-1-768x1024.jpeg\" alt=\"\" class=\"wp-image-7339\" srcset=\"https:\/\/agora.xtec.cat\/ceiplluisvives\/wp-content\/uploads\/usu444\/2025\/01\/WhatsApp-Image-2025-01-17-at-19.06.52-1-768x1024.jpeg 768w, https:\/\/agora.xtec.cat\/ceiplluisvives\/wp-content\/uploads\/usu444\/2025\/01\/WhatsApp-Image-2025-01-17-at-19.06.52-1-225x300.jpeg 225w, https:\/\/agora.xtec.cat\/ceiplluisvives\/wp-content\/uploads\/usu444\/2025\/01\/WhatsApp-Image-2025-01-17-at-19.06.52-1-1152x1536.jpeg 1152w, https:\/\/agora.xtec.cat\/ceiplluisvives\/wp-content\/uploads\/usu444\/2025\/01\/WhatsApp-Image-2025-01-17-at-19.06.52-1.jpeg 1200w\" sizes=\"auto, (max-width: 768px) 100vw, 768px\" \/><\/a><\/figure>\n<\/div>\n<\/div>\n\n\n\n<div class=\"wp-block-columns is-layout-flex wp-container-core-columns-is-layout-3 wp-block-columns-is-layout-flex\">\n<div class=\"wp-block-column is-layout-flow wp-block-column-is-layout-flow\">\n<h2 class=\"wp-block-heading\">ENGLISH \/ AICLE<\/h2>\n\n\n\n<p>A Infantil iniciem l\u2019angl\u00e8s en <strong>grups redu\u00efts<\/strong> per afavorir una immersi\u00f3 natural en la llengua i desenvolupar la comprensi\u00f3 oral des de ben petits.<\/p>\n\n\n\n<p>A Prim\u00e0ria combinem <strong>grups redu\u00efts i grups grans<\/strong> per adaptar-nos millor a les necessitats de l\u2019alumnat. Treballem l\u2019angl\u00e8s <strong>tant a trav\u00e9s del llibre d\u2019activitats com de les learning stations<\/strong>, fomentant l\u2019autonomia i la varietat d\u2019aprenentatge.<\/p>\n\n\n\n<p>A la Comunitat de Grans, a m\u00e9s d\u2019English, impartim <strong>Science en angl\u00e8s<\/strong>, on realitzem petits projectes que permeten aprendre la llengua en un context real i significatiu.<\/p>\n<\/div>\n\n\n\n<div class=\"wp-block-column is-layout-flow wp-block-column-is-layout-flow\">\n<figure class=\"wp-block-image size-large\"><a href=\"https:\/\/agora.xtec.cat\/ceiplluisvives\/wp-content\/uploads\/usu444\/2026\/02\/Captura-de-pantalla-2026-02-22-a-las-19.55.51.png\"><img loading=\"lazy\" decoding=\"async\" width=\"1024\" height=\"933\" src=\"https:\/\/agora.xtec.cat\/ceiplluisvives\/wp-content\/uploads\/usu444\/2026\/02\/Captura-de-pantalla-2026-02-22-a-las-19.55.51-1024x933.png\" alt=\"\" class=\"wp-image-8263\" srcset=\"https:\/\/agora.xtec.cat\/ceiplluisvives\/wp-content\/uploads\/usu444\/2026\/02\/Captura-de-pantalla-2026-02-22-a-las-19.55.51-1024x933.png 1024w, https:\/\/agora.xtec.cat\/ceiplluisvives\/wp-content\/uploads\/usu444\/2026\/02\/Captura-de-pantalla-2026-02-22-a-las-19.55.51-300x273.png 300w, https:\/\/agora.xtec.cat\/ceiplluisvives\/wp-content\/uploads\/usu444\/2026\/02\/Captura-de-pantalla-2026-02-22-a-las-19.55.51-768x700.png 768w, https:\/\/agora.xtec.cat\/ceiplluisvives\/wp-content\/uploads\/usu444\/2026\/02\/Captura-de-pantalla-2026-02-22-a-las-19.55.51.png 1154w\" sizes=\"auto, (max-width: 1024px) 100vw, 1024px\" \/><\/a><\/figure>\n<\/div>\n<\/div>\n","protected":false},"excerpt":{"rendered":"<p>PROGRAMA FLORENCE El nostre centre participa en el Programa Florence del Departament d\u2019Educaci\u00f3, una iniciativa que ofereix formaci\u00f3 i acompanyament al professorat a trav\u00e9s d\u2019un mentor especialitzat per millorar la pr\u00e0ctica docent en l\u2019\u00e0rea de matem\u00e0tiques. Aquest programa ens permet avan\u00e7ar cap a una manera d\u2019ensenyar les matem\u00e0tiques alineada amb el nou curr\u00edculum d\u2019educaci\u00f3, basat [&hellip;]<\/p>\n","protected":false},"author":2,"featured_media":0,"parent":22,"menu_order":35,"comment_status":"closed","ping_status":"closed","template":"","meta":{"_bbp_topic_count":0,"_bbp_reply_count":0,"_bbp_total_topic_count":0,"_bbp_total_reply_count":0,"_bbp_voice_count":0,"_bbp_anonymous_reply_count":0,"_bbp_topic_count_hidden":0,"_bbp_reply_count_hidden":0,"_bbp_forum_subforum_count":0,"site-sidebar-layout":"default","site-content-layout":"","ast-site-content-layout":"default","site-content-style":"default","site-sidebar-style":"default","ast-global-header-display":"","ast-banner-title-visibility":"","ast-main-header-display":"","ast-hfb-above-header-display":"","ast-hfb-below-header-display":"","ast-hfb-mobile-header-display":"","site-post-title":"","ast-breadcrumbs-content":"","ast-featured-img":"","footer-sml-layout":"","theme-transparent-header-meta":"","adv-header-id-meta":"","stick-header-meta":"","header-above-stick-meta":"","header-main-stick-meta":"","header-below-stick-meta":"","astra-migrate-meta-layouts":"set","ast-page-background-enabled":"default","ast-page-background-meta":{"desktop":{"background-color":"var(--ast-global-color-4)","background-image":"","background-repeat":"repeat","background-position":"center center","background-size":"auto","background-attachment":"scroll","background-type":"","background-media":"","overlay-type":"","overlay-color":"","overlay-opacity":"","overlay-gradient":""},"tablet":{"background-color":"","background-image":"","background-repeat":"repeat","background-position":"center center","background-size":"auto","background-attachment":"scroll","background-type":"","background-media":"","overlay-type":"","overlay-color":"","overlay-opacity":"","overlay-gradient":""},"mobile":{"background-color":"","background-image":"","background-repeat":"repeat","background-position":"center center","background-size":"auto","background-attachment":"scroll","background-type":"","background-media":"","overlay-type":"","overlay-color":"","overlay-opacity":"","overlay-gradient":""}},"ast-content-background-meta":{"desktop":{"background-color":"var(--ast-global-color-5)","background-image":"","background-repeat":"repeat","background-position":"center center","background-size":"auto","background-attachment":"scroll","background-type":"","background-media":"","overlay-type":"","overlay-color":"","overlay-opacity":"","overlay-gradient":""},"tablet":{"background-color":"var(--ast-global-color-5)","background-image":"","background-repeat":"repeat","background-position":"center center","background-size":"auto","background-attachment":"scroll","background-type":"","background-media":"","overlay-type":"","overlay-color":"","overlay-opacity":"","overlay-gradient":""},"mobile":{"background-color":"var(--ast-global-color-5)","background-image":"","background-repeat":"repeat","background-position":"center center","background-size":"auto","background-attachment":"scroll","background-type":"","background-media":"","overlay-type":"","overlay-color":"","overlay-opacity":"","overlay-gradient":""}},"footnotes":""},"class_list":["post-26","page","type-page","status-publish","hentry"],"post_mailing_queue_ids":[],"_links":{"self":[{"href":"https:\/\/agora.xtec.cat\/ceiplluisvives\/wp-json\/wp\/v2\/pages\/26","targetHints":{"allow":["GET"]}}],"collection":[{"href":"https:\/\/agora.xtec.cat\/ceiplluisvives\/wp-json\/wp\/v2\/pages"}],"about":[{"href":"https:\/\/agora.xtec.cat\/ceiplluisvives\/wp-json\/wp\/v2\/types\/page"}],"author":[{"embeddable":true,"href":"https:\/\/agora.xtec.cat\/ceiplluisvives\/wp-json\/wp\/v2\/users\/2"}],"replies":[{"embeddable":true,"href":"https:\/\/agora.xtec.cat\/ceiplluisvives\/wp-json\/wp\/v2\/comments?post=26"}],"version-history":[{"count":6,"href":"https:\/\/agora.xtec.cat\/ceiplluisvives\/wp-json\/wp\/v2\/pages\/26\/revisions"}],"predecessor-version":[{"id":8264,"href":"https:\/\/agora.xtec.cat\/ceiplluisvives\/wp-json\/wp\/v2\/pages\/26\/revisions\/8264"}],"up":[{"embeddable":true,"href":"https:\/\/agora.xtec.cat\/ceiplluisvives\/wp-json\/wp\/v2\/pages\/22"}],"wp:attachment":[{"href":"https:\/\/agora.xtec.cat\/ceiplluisvives\/wp-json\/wp\/v2\/media?parent=26"}],"curies":[{"name":"wp","href":"https:\/\/api.w.org\/{rel}","templated":true}]}}