{"id":2584,"date":"2019-02-12T12:36:45","date_gmt":"2019-02-12T11:36:45","guid":{"rendered":"http:\/\/agora.xtec.cat\/ceiplluisvives\/?page_id=2584"},"modified":"2026-02-22T20:35:56","modified_gmt":"2026-02-22T19:35:56","slug":"documents","status":"publish","type":"page","link":"https:\/\/agora.xtec.cat\/ceiplluisvives\/documents\/","title":{"rendered":"Documents"},"content":{"rendered":"\n<p>Els <strong>documents d\u2019escola<\/strong> s\u00f3n eines fonamentals per garantir el bon funcionament del centre i la coher\u00e8ncia educativa. Recullen informaci\u00f3 sobre <strong>projectes pedag\u00f2gics, plans d\u2019estudi, normes, protocols i procediments<\/strong>, i serveixen com a guia tant per al professorat com per a les fam\u00edlies.<\/p>\n\n\n\n<p>A m\u00e9s dels documents pedag\u00f2gics, el centre disposa de <strong>documents normatius<\/strong> que regulen el funcionament i l\u2019organitzaci\u00f3 de l\u2019escola. Entre els principals destaquem:<\/p>\n\n\n\n<ul class=\"wp-block-list\">\n<li><strong>PEC (Projecte Educatiu de Centre)<\/strong> \u2013 defineix la identitat, la missi\u00f3, els valors i les l\u00ednies pedag\u00f2giques del centre.<\/li>\n\n\n\n<li><strong>NOF (Normes d\u2019Organitzaci\u00f3 i Funcionament)<\/strong> \u2013 regula l\u2019organitzaci\u00f3 interna, els drets i deures de l\u2019alumnat, el professorat i les fam\u00edlies.<\/li>\n\n\n\n<li><strong>EDC (Esquema de Desenvolupament Curricular \/ curr\u00edculum del centre)<\/strong> \u2013 recull els objectius, continguts i metodologies adaptades al nostre alumnat.<\/li>\n\n\n\n<li><strong>Protocols i plans de seguretat<\/strong> \u2013 inclouen protocols d\u2019emerg\u00e8ncia, conviv\u00e8ncia i prevenci\u00f3 de riscos.<\/li>\n<\/ul>\n\n\n\n<p><\/p>\n","protected":false},"excerpt":{"rendered":"<p>Els documents d\u2019escola s\u00f3n eines fonamentals per garantir el bon funcionament del centre i la coher\u00e8ncia educativa. Recullen informaci\u00f3 sobre projectes pedag\u00f2gics, plans d\u2019estudi, normes, protocols i procediments, i serveixen com a guia tant per al professorat com per a les fam\u00edlies. A m\u00e9s dels documents pedag\u00f2gics, el centre disposa de documents normatius que regulen [&hellip;]<\/p>\n","protected":false},"author":1,"featured_media":0,"parent":0,"menu_order":0,"comment_status":"closed","ping_status":"closed","template":"","meta":{"_bbp_topic_count":0,"_bbp_reply_count":0,"_bbp_total_topic_count":0,"_bbp_total_reply_count":0,"_bbp_voice_count":0,"_bbp_anonymous_reply_count":0,"_bbp_topic_count_hidden":0,"_bbp_reply_count_hidden":0,"_bbp_forum_subforum_count":0,"site-sidebar-layout":"default","site-content-layout":"","ast-site-content-layout":"default","site-content-style":"default","site-sidebar-style":"default","ast-global-header-display":"","ast-banner-title-visibility":"","ast-main-header-display":"","ast-hfb-above-header-display":"","ast-hfb-below-header-display":"","ast-hfb-mobile-header-display":"","site-post-title":"","ast-breadcrumbs-content":"","ast-featured-img":"","footer-sml-layout":"","theme-transparent-header-meta":"","adv-header-id-meta":"","stick-header-meta":"","header-above-stick-meta":"","header-main-stick-meta":"","header-below-stick-meta":"","astra-migrate-meta-layouts":"set","ast-page-background-enabled":"default","ast-page-background-meta":{"desktop":{"background-color":"var(--ast-global-color-4)","background-image":"","background-repeat":"repeat","background-position":"center center","background-size":"auto","background-attachment":"scroll","background-type":"","background-media":"","overlay-type":"","overlay-color":"","overlay-opacity":"","overlay-gradient":""},"tablet":{"background-color":"","background-image":"","background-repeat":"repeat","background-position":"center center","background-size":"auto","background-attachment":"scroll","background-type":"","background-media":"","overlay-type":"","overlay-color":"","overlay-opacity":"","overlay-gradient":""},"mobile":{"background-color":"","background-image":"","background-repeat":"repeat","background-position":"center center","background-size":"auto","background-attachment":"scroll","background-type":"","background-media":"","overlay-type":"","overlay-color":"","overlay-opacity":"","overlay-gradient":""}},"ast-content-background-meta":{"desktop":{"background-color":"var(--ast-global-color-5)","background-image":"","background-repeat":"repeat","background-position":"center center","background-size":"auto","background-attachment":"scroll","background-type":"","background-media":"","overlay-type":"","overlay-color":"","overlay-opacity":"","overlay-gradient":""},"tablet":{"background-color":"var(--ast-global-color-5)","background-image":"","background-repeat":"repeat","background-position":"center center","background-size":"auto","background-attachment":"scroll","background-type":"","background-media":"","overlay-type":"","overlay-color":"","overlay-opacity":"","overlay-gradient":""},"mobile":{"background-color":"var(--ast-global-color-5)","background-image":"","background-repeat":"repeat","background-position":"center center","background-size":"auto","background-attachment":"scroll","background-type":"","background-media":"","overlay-type":"","overlay-color":"","overlay-opacity":"","overlay-gradient":""}},"footnotes":""},"class_list":["post-2584","page","type-page","status-publish","hentry"],"post_mailing_queue_ids":[],"_links":{"self":[{"href":"https:\/\/agora.xtec.cat\/ceiplluisvives\/wp-json\/wp\/v2\/pages\/2584","targetHints":{"allow":["GET"]}}],"collection":[{"href":"https:\/\/agora.xtec.cat\/ceiplluisvives\/wp-json\/wp\/v2\/pages"}],"about":[{"href":"https:\/\/agora.xtec.cat\/ceiplluisvives\/wp-json\/wp\/v2\/types\/page"}],"author":[{"embeddable":true,"href":"https:\/\/agora.xtec.cat\/ceiplluisvives\/wp-json\/wp\/v2\/users\/1"}],"replies":[{"embeddable":true,"href":"https:\/\/agora.xtec.cat\/ceiplluisvives\/wp-json\/wp\/v2\/comments?post=2584"}],"version-history":[{"count":3,"href":"https:\/\/agora.xtec.cat\/ceiplluisvives\/wp-json\/wp\/v2\/pages\/2584\/revisions"}],"predecessor-version":[{"id":8271,"href":"https:\/\/agora.xtec.cat\/ceiplluisvives\/wp-json\/wp\/v2\/pages\/2584\/revisions\/8271"}],"wp:attachment":[{"href":"https:\/\/agora.xtec.cat\/ceiplluisvives\/wp-json\/wp\/v2\/media?parent=2584"}],"curies":[{"name":"wp","href":"https:\/\/api.w.org\/{rel}","templated":true}]}}