{"id":24,"date":"2014-09-18T12:23:15","date_gmt":"2014-09-18T12:23:15","guid":{"rendered":"http:\/\/agora.xtec.cat\/ceiplluisvives\/?page_id=24"},"modified":"2025-12-19T11:23:09","modified_gmt":"2025-12-19T10:23:09","slug":"qui-som","status":"publish","type":"page","link":"https:\/\/agora.xtec.cat\/ceiplluisvives\/lescola\/qui-som\/","title":{"rendered":"Hist\u00f2ria i trets d&#8217;identitat"},"content":{"rendered":"<p><strong>Hist\u00f2ria<\/strong><\/p>\n<p><span style=\"font-weight: 400;\">El Col\u00b7legi Llu\u00eds Vives va ser projectat per l\u2019arquitecte Josep Goday seguint l\u2019estil noucentista, en un moment d\u2019expansi\u00f3 de l\u2019educaci\u00f3 p\u00fablica a Barcelona. Despr\u00e9s de diverses reivindicacions ve\u00efnals, la seva construcci\u00f3 es va iniciar el 1920 i el centre es va inaugurar el 1931.<img loading=\"lazy\" decoding=\"async\" class=\"alignright wp-image-8079\" src=\"https:\/\/agora.xtec.cat\/ceiplluisvives\/wp-content\/uploads\/usu444\/2025\/12\/default-300x200.jpg\" alt=\"\" width=\"414\" height=\"276\" srcset=\"https:\/\/agora.xtec.cat\/ceiplluisvives\/wp-content\/uploads\/usu444\/2025\/12\/default-300x200.jpg 300w, https:\/\/agora.xtec.cat\/ceiplluisvives\/wp-content\/uploads\/usu444\/2025\/12\/default-768x513.jpg 768w, https:\/\/agora.xtec.cat\/ceiplluisvives\/wp-content\/uploads\/usu444\/2025\/12\/default.jpg 800w\" sizes=\"auto, (max-width: 414px) 100vw, 414px\" \/><\/span><\/p>\n<p><span style=\"font-weight: 400;\">Des del principi, l\u2019escola va apostar per una educaci\u00f3 innovadora: mixta, amb estudi de la natura, excursions, hort escolar i \u00fas del catal\u00e0 com a llengua d\u2019aprenentatge. Tot i les dificultats d\u2019alguns per\u00edodes hist\u00f2rics, el seu esperit renovador sempre ha perdurat.<\/span><\/p>\n<p><span style=\"font-weight: 400;\">Situada al barri de Sants, en el solar d\u2019una antiga f\u00e0brica coneguda com \u201cl\u2019Olivereta\u201d, l\u2019escola \u00e9s avui un B\u00e9 Cultural d\u2019Inter\u00e8s Local i continua sent un espai acollidor, obert i comprom\u00e8s amb el futur dels infants.<\/span><\/p>\n<p>&nbsp;<\/p>\n<p>&nbsp;<\/p>\n<p><a href=\"https:\/\/agora.xtec.cat\/ceiplluisvives\/wp-content\/uploads\/usu444\/2025\/12\/Trets-didentitat.pdf\"><img loading=\"lazy\" decoding=\"async\" class=\"aligncenter wp-image-8077\" src=\"https:\/\/agora.xtec.cat\/ceiplluisvives\/wp-content\/uploads\/usu444\/2025\/12\/Trets-didentitat-1-212x300.jpg\" alt=\"\" width=\"395\" height=\"559\" srcset=\"https:\/\/agora.xtec.cat\/ceiplluisvives\/wp-content\/uploads\/usu444\/2025\/12\/Trets-didentitat-1-212x300.jpg 212w, https:\/\/agora.xtec.cat\/ceiplluisvives\/wp-content\/uploads\/usu444\/2025\/12\/Trets-didentitat-1-724x1024.jpg 724w, https:\/\/agora.xtec.cat\/ceiplluisvives\/wp-content\/uploads\/usu444\/2025\/12\/Trets-didentitat-1-768x1086.jpg 768w, https:\/\/agora.xtec.cat\/ceiplluisvives\/wp-content\/uploads\/usu444\/2025\/12\/Trets-didentitat-1-1086x1536.jpg 1086w, https:\/\/agora.xtec.cat\/ceiplluisvives\/wp-content\/uploads\/usu444\/2025\/12\/Trets-didentitat-1-1448x2048.jpg 1448w, https:\/\/agora.xtec.cat\/ceiplluisvives\/wp-content\/uploads\/usu444\/2025\/12\/Trets-didentitat-1.jpg 1587w\" sizes=\"auto, (max-width: 395px) 100vw, 395px\" \/><\/a><\/p>\n<p>&nbsp;<\/p>\n<div class=\"wpb_text_column wpb_content_element \">\n<div class=\"wpb_wrapper\"><\/div>\n<\/div>\n<div class=\"wpb_text_column wpb_content_element \">\n<div class=\"wpb_wrapper\">\n<div class=\"wpb_text_column wpb_content_element \">\n<div class=\"wpb_wrapper\">\n<p style=\"text-align: justify;\">\n<\/div>\n<\/div>\n<\/div>\n<\/div>\n","protected":false},"excerpt":{"rendered":"<p>Hist\u00f2ria El Col\u00b7legi Llu\u00eds Vives va ser projectat per l\u2019arquitecte Josep Goday seguint l\u2019estil noucentista, en un moment d\u2019expansi\u00f3 de l\u2019educaci\u00f3 p\u00fablica a Barcelona. Despr\u00e9s de diverses reivindicacions ve\u00efnals, la seva construcci\u00f3 es va iniciar el 1920 i el centre es va inaugurar el 1931. Des del principi, l\u2019escola va apostar per una educaci\u00f3 innovadora: [&hellip;]<\/p>\n","protected":false},"author":2,"featured_media":0,"parent":22,"menu_order":10,"comment_status":"closed","ping_status":"closed","template":"","meta":{"_bbp_topic_count":0,"_bbp_reply_count":0,"_bbp_total_topic_count":0,"_bbp_total_reply_count":0,"_bbp_voice_count":0,"_bbp_anonymous_reply_count":0,"_bbp_topic_count_hidden":0,"_bbp_reply_count_hidden":0,"_bbp_forum_subforum_count":0,"site-sidebar-layout":"default","site-content-layout":"","ast-site-content-layout":"default","site-content-style":"default","site-sidebar-style":"default","ast-global-header-display":"","ast-banner-title-visibility":"","ast-main-header-display":"","ast-hfb-above-header-display":"","ast-hfb-below-header-display":"","ast-hfb-mobile-header-display":"","site-post-title":"","ast-breadcrumbs-content":"","ast-featured-img":"","footer-sml-layout":"","theme-transparent-header-meta":"default","adv-header-id-meta":"","stick-header-meta":"","header-above-stick-meta":"","header-main-stick-meta":"","header-below-stick-meta":"","astra-migrate-meta-layouts":"set","ast-page-background-enabled":"default","ast-page-background-meta":{"desktop":{"background-color":"var(--ast-global-color-4)","background-image":"","background-repeat":"repeat","background-position":"center center","background-size":"auto","background-attachment":"scroll","background-type":"","background-media":"","overlay-type":"","overlay-color":"","overlay-opacity":"","overlay-gradient":""},"tablet":{"background-color":"","background-image":"","background-repeat":"repeat","background-position":"center center","background-size":"auto","background-attachment":"scroll","background-type":"","background-media":"","overlay-type":"","overlay-color":"","overlay-opacity":"","overlay-gradient":""},"mobile":{"background-color":"","background-image":"","background-repeat":"repeat","background-position":"center center","background-size":"auto","background-attachment":"scroll","background-type":"","background-media":"","overlay-type":"","overlay-color":"","overlay-opacity":"","overlay-gradient":""}},"ast-content-background-meta":{"desktop":{"background-color":"var(--ast-global-color-5)","background-image":"","background-repeat":"repeat","background-position":"center center","background-size":"auto","background-attachment":"scroll","background-type":"","background-media":"","overlay-type":"","overlay-color":"","overlay-opacity":"","overlay-gradient":""},"tablet":{"background-color":"var(--ast-global-color-5)","background-image":"","background-repeat":"repeat","background-position":"center center","background-size":"auto","background-attachment":"scroll","background-type":"","background-media":"","overlay-type":"","overlay-color":"","overlay-opacity":"","overlay-gradient":""},"mobile":{"background-color":"var(--ast-global-color-5)","background-image":"","background-repeat":"repeat","background-position":"center center","background-size":"auto","background-attachment":"scroll","background-type":"","background-media":"","overlay-type":"","overlay-color":"","overlay-opacity":"","overlay-gradient":""}},"footnotes":""},"class_list":["post-24","page","type-page","status-publish","hentry"],"post_mailing_queue_ids":[],"_links":{"self":[{"href":"https:\/\/agora.xtec.cat\/ceiplluisvives\/wp-json\/wp\/v2\/pages\/24","targetHints":{"allow":["GET"]}}],"collection":[{"href":"https:\/\/agora.xtec.cat\/ceiplluisvives\/wp-json\/wp\/v2\/pages"}],"about":[{"href":"https:\/\/agora.xtec.cat\/ceiplluisvives\/wp-json\/wp\/v2\/types\/page"}],"author":[{"embeddable":true,"href":"https:\/\/agora.xtec.cat\/ceiplluisvives\/wp-json\/wp\/v2\/users\/2"}],"replies":[{"embeddable":true,"href":"https:\/\/agora.xtec.cat\/ceiplluisvives\/wp-json\/wp\/v2\/comments?post=24"}],"version-history":[{"count":6,"href":"https:\/\/agora.xtec.cat\/ceiplluisvives\/wp-json\/wp\/v2\/pages\/24\/revisions"}],"predecessor-version":[{"id":8080,"href":"https:\/\/agora.xtec.cat\/ceiplluisvives\/wp-json\/wp\/v2\/pages\/24\/revisions\/8080"}],"up":[{"embeddable":true,"href":"https:\/\/agora.xtec.cat\/ceiplluisvives\/wp-json\/wp\/v2\/pages\/22"}],"wp:attachment":[{"href":"https:\/\/agora.xtec.cat\/ceiplluisvives\/wp-json\/wp\/v2\/media?parent=24"}],"curies":[{"name":"wp","href":"https:\/\/api.w.org\/{rel}","templated":true}]}}