{"id":188,"date":"2015-09-04T19:59:25","date_gmt":"2015-09-04T18:59:25","guid":{"rendered":"http:\/\/agora.xtec.cat\/ceiplluisvives\/?page_id=188"},"modified":"2026-01-18T20:24:51","modified_gmt":"2026-01-18T19:24:51","slug":"secretaria","status":"publish","type":"page","link":"https:\/\/agora.xtec.cat\/ceiplluisvives\/secretaria\/","title":{"rendered":"Secretaria"},"content":{"rendered":"<p data-start=\"96\" data-end=\"120\"><span style=\"text-decoration: underline;\"><strong><span style=\"font-family: arial, helvetica, sans-serif; font-size: 14pt;\">Horari de secretaria<\/span><\/strong><\/span><\/p>\n<p data-start=\"125\" data-end=\"239\"><span style=\"font-family: arial, helvetica, sans-serif;\">Per a qualsevol gesti\u00f3 amb secretaria, \u00e9s necessari demanar cita pr\u00e8via a trav\u00e9s de Dinantia o trucant a l\u2019escola.<\/span><\/p>\n<p data-start=\"244\" data-end=\"292\"><span style=\"font-family: arial, helvetica, sans-serif;\">L\u2019horari d\u2019atenci\u00f3 a les fam\u00edlies \u00e9s el seg\u00fcent:<\/span><\/p>\n<p data-start=\"297\" data-end=\"396\"><span style=\"font-family: arial, helvetica, sans-serif;\">\u2022 Dilluns: de 9.00 h a 10.30 h<\/span><br data-start=\"327\" data-end=\"330\" \/><span style=\"font-family: arial, helvetica, sans-serif;\">\u2022 Dijous: de 9.00 h a 10.30 h<\/span><br data-start=\"361\" data-end=\"364\" data-is-only-node=\"\" \/><span style=\"font-family: arial, helvetica, sans-serif;\">\u2022 Dijous: de 14.30 h a 16.00 h<\/span><\/p>\n","protected":false},"excerpt":{"rendered":"<p>Horari de secretaria Per a qualsevol gesti\u00f3 amb secretaria, \u00e9s necessari demanar cita pr\u00e8via a trav\u00e9s de Dinantia o trucant a l\u2019escola. L\u2019horari d\u2019atenci\u00f3 a les fam\u00edlies \u00e9s el seg\u00fcent: \u2022 Dilluns: de 9.00 h a 10.30 h\u2022 Dijous: de 9.00 h a 10.30 h\u2022 Dijous: de 14.30 h a 16.00 h<\/p>\n","protected":false},"author":1,"featured_media":0,"parent":0,"menu_order":0,"comment_status":"closed","ping_status":"closed","template":"","meta":{"_bbp_topic_count":0,"_bbp_reply_count":0,"_bbp_total_topic_count":0,"_bbp_total_reply_count":0,"_bbp_voice_count":0,"_bbp_anonymous_reply_count":0,"_bbp_topic_count_hidden":0,"_bbp_reply_count_hidden":0,"_bbp_forum_subforum_count":0,"site-sidebar-layout":"default","site-content-layout":"","ast-site-content-layout":"default","site-content-style":"default","site-sidebar-style":"default","ast-global-header-display":"","ast-banner-title-visibility":"","ast-main-header-display":"","ast-hfb-above-header-display":"","ast-hfb-below-header-display":"","ast-hfb-mobile-header-display":"","site-post-title":"","ast-breadcrumbs-content":"","ast-featured-img":"","footer-sml-layout":"","theme-transparent-header-meta":"default","adv-header-id-meta":"","stick-header-meta":"","header-above-stick-meta":"","header-main-stick-meta":"","header-below-stick-meta":"","astra-migrate-meta-layouts":"set","ast-page-background-enabled":"default","ast-page-background-meta":{"desktop":{"background-color":"var(--ast-global-color-4)","background-image":"","background-repeat":"repeat","background-position":"center center","background-size":"auto","background-attachment":"scroll","background-type":"","background-media":"","overlay-type":"","overlay-color":"","overlay-opacity":"","overlay-gradient":""},"tablet":{"background-color":"","background-image":"","background-repeat":"repeat","background-position":"center center","background-size":"auto","background-attachment":"scroll","background-type":"","background-media":"","overlay-type":"","overlay-color":"","overlay-opacity":"","overlay-gradient":""},"mobile":{"background-color":"","background-image":"","background-repeat":"repeat","background-position":"center center","background-size":"auto","background-attachment":"scroll","background-type":"","background-media":"","overlay-type":"","overlay-color":"","overlay-opacity":"","overlay-gradient":""}},"ast-content-background-meta":{"desktop":{"background-color":"var(--ast-global-color-5)","background-image":"","background-repeat":"repeat","background-position":"center center","background-size":"auto","background-attachment":"scroll","background-type":"","background-media":"","overlay-type":"","overlay-color":"","overlay-opacity":"","overlay-gradient":""},"tablet":{"background-color":"var(--ast-global-color-5)","background-image":"","background-repeat":"repeat","background-position":"center center","background-size":"auto","background-attachment":"scroll","background-type":"","background-media":"","overlay-type":"","overlay-color":"","overlay-opacity":"","overlay-gradient":""},"mobile":{"background-color":"var(--ast-global-color-5)","background-image":"","background-repeat":"repeat","background-position":"center center","background-size":"auto","background-attachment":"scroll","background-type":"","background-media":"","overlay-type":"","overlay-color":"","overlay-opacity":"","overlay-gradient":""}},"footnotes":""},"class_list":["post-188","page","type-page","status-publish","hentry"],"post_mailing_queue_ids":[],"_links":{"self":[{"href":"https:\/\/agora.xtec.cat\/ceiplluisvives\/wp-json\/wp\/v2\/pages\/188","targetHints":{"allow":["GET"]}}],"collection":[{"href":"https:\/\/agora.xtec.cat\/ceiplluisvives\/wp-json\/wp\/v2\/pages"}],"about":[{"href":"https:\/\/agora.xtec.cat\/ceiplluisvives\/wp-json\/wp\/v2\/types\/page"}],"author":[{"embeddable":true,"href":"https:\/\/agora.xtec.cat\/ceiplluisvives\/wp-json\/wp\/v2\/users\/1"}],"replies":[{"embeddable":true,"href":"https:\/\/agora.xtec.cat\/ceiplluisvives\/wp-json\/wp\/v2\/comments?post=188"}],"version-history":[{"count":2,"href":"https:\/\/agora.xtec.cat\/ceiplluisvives\/wp-json\/wp\/v2\/pages\/188\/revisions"}],"predecessor-version":[{"id":8148,"href":"https:\/\/agora.xtec.cat\/ceiplluisvives\/wp-json\/wp\/v2\/pages\/188\/revisions\/8148"}],"wp:attachment":[{"href":"https:\/\/agora.xtec.cat\/ceiplluisvives\/wp-json\/wp\/v2\/media?parent=188"}],"curies":[{"name":"wp","href":"https:\/\/api.w.org\/{rel}","templated":true}]}}