{"id":84,"date":"2014-09-18T14:11:31","date_gmt":"2014-09-18T13:11:31","guid":{"rendered":"http:\/\/agora.xtec.cat\/ceiplluispiquer\/?page_id=84"},"modified":"2025-09-08T18:09:12","modified_gmt":"2025-09-08T16:09:12","slug":"activitats-extraescolars","status":"publish","type":"page","link":"https:\/\/agora.xtec.cat\/ceiplluispiquer\/serveis\/activitats-extraescolars\/","title":{"rendered":"Activitats extraescolars i serveis"},"content":{"rendered":"<p>L&#8217;AFA de l&#8217;Escola Lluis Piquer, juntament amb l&#8217;empresa Edukids, vol que els vostres fills i filles puguin gaudir de la pr\u00e0ctica de diferents activitats de tipus l\u00fadic. Per aix\u00f2 us ofereix un ampli ventall de possibilitats perqu\u00e8 cada nen o nena esculli aquella que millor s&#8217;adapti a les seves necessitats i interessos.<\/p>\n<h2>Horaris extraescolars<\/h2>\n<div>A continuaci\u00f3, podeu consultar les activitats extraescolars que s&#8217;ofereixen per al curs 2025- 2026.<\/div>\n<div>Les activitats s&#8217;inicien amb un m\u00ednim d&#8217;inscripcions.<\/div>\n<div><a href=\"https:\/\/agora.xtec.cat\/ceiplluispiquer\/wp-content\/uploads\/usu1238\/2025\/09\/IMG-20250908-WA0000.jpg\"><img loading=\"lazy\" decoding=\"async\" class=\"alignnone  wp-image-7526\" src=\"https:\/\/agora.xtec.cat\/ceiplluispiquer\/wp-content\/uploads\/usu1238\/2025\/09\/IMG-20250908-WA0000-300x212.jpg\" alt=\"\" width=\"369\" height=\"261\" srcset=\"https:\/\/agora.xtec.cat\/ceiplluispiquer\/wp-content\/uploads\/usu1238\/2025\/09\/IMG-20250908-WA0000-300x212.jpg 300w, https:\/\/agora.xtec.cat\/ceiplluispiquer\/wp-content\/uploads\/usu1238\/2025\/09\/IMG-20250908-WA0000-1024x724.jpg 1024w, https:\/\/agora.xtec.cat\/ceiplluispiquer\/wp-content\/uploads\/usu1238\/2025\/09\/IMG-20250908-WA0000-768x543.jpg 768w, https:\/\/agora.xtec.cat\/ceiplluispiquer\/wp-content\/uploads\/usu1238\/2025\/09\/IMG-20250908-WA0000-1536x1086.jpg 1536w, https:\/\/agora.xtec.cat\/ceiplluispiquer\/wp-content\/uploads\/usu1238\/2025\/09\/IMG-20250908-WA0000.jpg 2000w\" sizes=\"auto, (max-width: 369px) 100vw, 369px\" \/><\/a><\/div>\n<div><a href=\"https:\/\/agora.xtec.cat\/ceiplluispiquer\/wp-content\/uploads\/usu1238\/2025\/09\/IMG-20250908-WA0001.jpg\"><img loading=\"lazy\" decoding=\"async\" class=\"alignnone  wp-image-7527\" src=\"https:\/\/agora.xtec.cat\/ceiplluispiquer\/wp-content\/uploads\/usu1238\/2025\/09\/IMG-20250908-WA0001-300x212.jpg\" alt=\"\" width=\"369\" height=\"261\" srcset=\"https:\/\/agora.xtec.cat\/ceiplluispiquer\/wp-content\/uploads\/usu1238\/2025\/09\/IMG-20250908-WA0001-300x212.jpg 300w, https:\/\/agora.xtec.cat\/ceiplluispiquer\/wp-content\/uploads\/usu1238\/2025\/09\/IMG-20250908-WA0001-1024x724.jpg 1024w, https:\/\/agora.xtec.cat\/ceiplluispiquer\/wp-content\/uploads\/usu1238\/2025\/09\/IMG-20250908-WA0001-768x543.jpg 768w, https:\/\/agora.xtec.cat\/ceiplluispiquer\/wp-content\/uploads\/usu1238\/2025\/09\/IMG-20250908-WA0001-1536x1086.jpg 1536w, https:\/\/agora.xtec.cat\/ceiplluispiquer\/wp-content\/uploads\/usu1238\/2025\/09\/IMG-20250908-WA0001.jpg 2000w\" sizes=\"auto, (max-width: 369px) 100vw, 369px\" \/><\/a><\/div>\n<div><\/div>\n<div>&#8212;&#8212;&#8212;&#8212;&#8212;<\/div>\n<div><\/div>\n<div>Document quota <a href=\"https:\/\/agora.xtec.cat\/ceiplluispiquer\/wp-content\/uploads\/usu1238\/2024\/06\/AFA.pdf\">AFA<\/a><\/div>\n<div><\/div>\n<div><\/div>\n<div><\/div>\n<div><\/div>\n","protected":false},"excerpt":{"rendered":"<p>L&#8217;AFA de l&#8217;Escola Lluis Piquer, juntament amb l&#8217;empresa Edukids, vol que els vostres fills i filles puguin gaudir de la pr\u00e0ctica de diferents activitats de tipus l\u00fadic. Per aix\u00f2 us ofereix un ampli ventall de possibilitats perqu\u00e8 cada nen o nena esculli aquella que millor s&#8217;adapti a les seves necessitats i interessos. Horaris extraescolars A [&hellip;]<\/p>\n","protected":false},"author":1,"featured_media":0,"parent":66,"menu_order":60,"comment_status":"closed","ping_status":"closed","template":"page-templates\/side-menu.php","meta":{"_bbp_topic_count":0,"_bbp_reply_count":0,"_bbp_total_topic_count":0,"_bbp_total_reply_count":0,"_bbp_voice_count":0,"_bbp_anonymous_reply_count":0,"_bbp_topic_count_hidden":0,"_bbp_reply_count_hidden":0,"_bbp_forum_subforum_count":0,"site-sidebar-layout":"default","site-content-layout":"","ast-site-content-layout":"","site-content-style":"default","site-sidebar-style":"default","ast-global-header-display":"","ast-banner-title-visibility":"","ast-main-header-display":"","ast-hfb-above-header-display":"","ast-hfb-below-header-display":"","ast-hfb-mobile-header-display":"","site-post-title":"","ast-breadcrumbs-content":"","ast-featured-img":"","footer-sml-layout":"","theme-transparent-header-meta":"","adv-header-id-meta":"","stick-header-meta":"","header-above-stick-meta":"","header-main-stick-meta":"","header-below-stick-meta":"","astra-migrate-meta-layouts":"default","ast-page-background-enabled":"default","ast-page-background-meta":{"desktop":{"background-color":"var(--ast-global-color-4)","background-image":"","background-repeat":"repeat","background-position":"center center","background-size":"auto","background-attachment":"scroll","background-type":"","background-media":"","overlay-type":"","overlay-color":"","overlay-opacity":"","overlay-gradient":""},"tablet":{"background-color":"","background-image":"","background-repeat":"repeat","background-position":"center center","background-size":"auto","background-attachment":"scroll","background-type":"","background-media":"","overlay-type":"","overlay-color":"","overlay-opacity":"","overlay-gradient":""},"mobile":{"background-color":"","background-image":"","background-repeat":"repeat","background-position":"center center","background-size":"auto","background-attachment":"scroll","background-type":"","background-media":"","overlay-type":"","overlay-color":"","overlay-opacity":"","overlay-gradient":""}},"ast-content-background-meta":{"desktop":{"background-color":"var(--ast-global-color-5)","background-image":"","background-repeat":"repeat","background-position":"center center","background-size":"auto","background-attachment":"scroll","background-type":"","background-media":"","overlay-type":"","overlay-color":"","overlay-opacity":"","overlay-gradient":""},"tablet":{"background-color":"var(--ast-global-color-5)","background-image":"","background-repeat":"repeat","background-position":"center center","background-size":"auto","background-attachment":"scroll","background-type":"","background-media":"","overlay-type":"","overlay-color":"","overlay-opacity":"","overlay-gradient":""},"mobile":{"background-color":"var(--ast-global-color-5)","background-image":"","background-repeat":"repeat","background-position":"center center","background-size":"auto","background-attachment":"scroll","background-type":"","background-media":"","overlay-type":"","overlay-color":"","overlay-opacity":"","overlay-gradient":""}},"footnotes":""},"class_list":["post-84","page","type-page","status-publish","hentry"],"post_mailing_queue_ids":[],"_links":{"self":[{"href":"https:\/\/agora.xtec.cat\/ceiplluispiquer\/wp-json\/wp\/v2\/pages\/84","targetHints":{"allow":["GET"]}}],"collection":[{"href":"https:\/\/agora.xtec.cat\/ceiplluispiquer\/wp-json\/wp\/v2\/pages"}],"about":[{"href":"https:\/\/agora.xtec.cat\/ceiplluispiquer\/wp-json\/wp\/v2\/types\/page"}],"author":[{"embeddable":true,"href":"https:\/\/agora.xtec.cat\/ceiplluispiquer\/wp-json\/wp\/v2\/users\/1"}],"replies":[{"embeddable":true,"href":"https:\/\/agora.xtec.cat\/ceiplluispiquer\/wp-json\/wp\/v2\/comments?post=84"}],"version-history":[{"count":7,"href":"https:\/\/agora.xtec.cat\/ceiplluispiquer\/wp-json\/wp\/v2\/pages\/84\/revisions"}],"predecessor-version":[{"id":7528,"href":"https:\/\/agora.xtec.cat\/ceiplluispiquer\/wp-json\/wp\/v2\/pages\/84\/revisions\/7528"}],"up":[{"embeddable":true,"href":"https:\/\/agora.xtec.cat\/ceiplluispiquer\/wp-json\/wp\/v2\/pages\/66"}],"wp:attachment":[{"href":"https:\/\/agora.xtec.cat\/ceiplluispiquer\/wp-json\/wp\/v2\/media?parent=84"}],"curies":[{"name":"wp","href":"https:\/\/api.w.org\/{rel}","templated":true}]}}