{"id":6595,"date":"2023-11-12T16:56:14","date_gmt":"2023-11-12T15:56:14","guid":{"rendered":"https:\/\/agora.xtec.cat\/ceiplluispiquer\/?page_id=6595"},"modified":"2024-01-17T19:34:10","modified_gmt":"2024-01-17T18:34:10","slug":"estrategia-digital","status":"publish","type":"page","link":"https:\/\/agora.xtec.cat\/ceiplluispiquer\/estrategia-digital\/","title":{"rendered":"Estrat\u00e8gia Digital"},"content":{"rendered":"<p>Us presentem el Site d&#8217;Estrat\u00e8gia Digital de Centre.<\/p>\n<p>Aprovat per Consell Escolar el 5 de desembre de 2023.<\/p>\n<p><a href=\"https:\/\/sites.google.com\/escolalluispiquer.cat\/escola-lluis-piquer\/presentaci%C3%B3\" target=\"_blank\" rel=\"noopener\">Acc\u00e9s al Site d&#8217;Estrat\u00e8gia Digital<\/a><\/p>\n<p><a href=\"https:\/\/agora.xtec.cat\/ceiplluispiquer\/wp-content\/uploads\/usu1238\/2024\/01\/fadsf.png\"><img loading=\"lazy\" decoding=\"async\" class=\"alignnone  wp-image-6700\" src=\"https:\/\/agora.xtec.cat\/ceiplluispiquer\/wp-content\/uploads\/usu1238\/2024\/01\/fadsf-1024x401.png\" alt=\"\" width=\"623\" height=\"244\" srcset=\"https:\/\/agora.xtec.cat\/ceiplluispiquer\/wp-content\/uploads\/usu1238\/2024\/01\/fadsf-1024x401.png 1024w, https:\/\/agora.xtec.cat\/ceiplluispiquer\/wp-content\/uploads\/usu1238\/2024\/01\/fadsf-300x118.png 300w, https:\/\/agora.xtec.cat\/ceiplluispiquer\/wp-content\/uploads\/usu1238\/2024\/01\/fadsf-768x301.png 768w, https:\/\/agora.xtec.cat\/ceiplluispiquer\/wp-content\/uploads\/usu1238\/2024\/01\/fadsf-1536x602.png 1536w, https:\/\/agora.xtec.cat\/ceiplluispiquer\/wp-content\/uploads\/usu1238\/2024\/01\/fadsf.png 1773w\" sizes=\"auto, (max-width: 623px) 100vw, 623px\" \/><\/a><\/p>\n","protected":false},"excerpt":{"rendered":"<p>Us presentem el Site d&#8217;Estrat\u00e8gia Digital de Centre. Aprovat per Consell Escolar el 5 de desembre de 2023. Acc\u00e9s al Site d&#8217;Estrat\u00e8gia Digital<\/p>\n","protected":false},"author":14,"featured_media":0,"parent":0,"menu_order":0,"comment_status":"closed","ping_status":"closed","template":"","meta":{"_bbp_topic_count":0,"_bbp_reply_count":0,"_bbp_total_topic_count":0,"_bbp_total_reply_count":0,"_bbp_voice_count":0,"_bbp_anonymous_reply_count":0,"_bbp_topic_count_hidden":0,"_bbp_reply_count_hidden":0,"_bbp_forum_subforum_count":0,"site-sidebar-layout":"default","site-content-layout":"","ast-site-content-layout":"","site-content-style":"default","site-sidebar-style":"default","ast-global-header-display":"","ast-banner-title-visibility":"","ast-main-header-display":"","ast-hfb-above-header-display":"","ast-hfb-below-header-display":"","ast-hfb-mobile-header-display":"","site-post-title":"","ast-breadcrumbs-content":"","ast-featured-img":"","footer-sml-layout":"","theme-transparent-header-meta":"","adv-header-id-meta":"","stick-header-meta":"","header-above-stick-meta":"","header-main-stick-meta":"","header-below-stick-meta":"","astra-migrate-meta-layouts":"default","ast-page-background-enabled":"default","ast-page-background-meta":{"desktop":{"background-color":"var(--ast-global-color-4)","background-image":"","background-repeat":"repeat","background-position":"center center","background-size":"auto","background-attachment":"scroll","background-type":"","background-media":"","overlay-type":"","overlay-color":"","overlay-opacity":"","overlay-gradient":""},"tablet":{"background-color":"","background-image":"","background-repeat":"repeat","background-position":"center center","background-size":"auto","background-attachment":"scroll","background-type":"","background-media":"","overlay-type":"","overlay-color":"","overlay-opacity":"","overlay-gradient":""},"mobile":{"background-color":"","background-image":"","background-repeat":"repeat","background-position":"center center","background-size":"auto","background-attachment":"scroll","background-type":"","background-media":"","overlay-type":"","overlay-color":"","overlay-opacity":"","overlay-gradient":""}},"ast-content-background-meta":{"desktop":{"background-color":"var(--ast-global-color-5)","background-image":"","background-repeat":"repeat","background-position":"center center","background-size":"auto","background-attachment":"scroll","background-type":"","background-media":"","overlay-type":"","overlay-color":"","overlay-opacity":"","overlay-gradient":""},"tablet":{"background-color":"var(--ast-global-color-5)","background-image":"","background-repeat":"repeat","background-position":"center center","background-size":"auto","background-attachment":"scroll","background-type":"","background-media":"","overlay-type":"","overlay-color":"","overlay-opacity":"","overlay-gradient":""},"mobile":{"background-color":"var(--ast-global-color-5)","background-image":"","background-repeat":"repeat","background-position":"center center","background-size":"auto","background-attachment":"scroll","background-type":"","background-media":"","overlay-type":"","overlay-color":"","overlay-opacity":"","overlay-gradient":""}},"footnotes":""},"class_list":["post-6595","page","type-page","status-publish","hentry"],"post_mailing_queue_ids":[],"_links":{"self":[{"href":"https:\/\/agora.xtec.cat\/ceiplluispiquer\/wp-json\/wp\/v2\/pages\/6595","targetHints":{"allow":["GET"]}}],"collection":[{"href":"https:\/\/agora.xtec.cat\/ceiplluispiquer\/wp-json\/wp\/v2\/pages"}],"about":[{"href":"https:\/\/agora.xtec.cat\/ceiplluispiquer\/wp-json\/wp\/v2\/types\/page"}],"author":[{"embeddable":true,"href":"https:\/\/agora.xtec.cat\/ceiplluispiquer\/wp-json\/wp\/v2\/users\/14"}],"replies":[{"embeddable":true,"href":"https:\/\/agora.xtec.cat\/ceiplluispiquer\/wp-json\/wp\/v2\/comments?post=6595"}],"version-history":[{"count":5,"href":"https:\/\/agora.xtec.cat\/ceiplluispiquer\/wp-json\/wp\/v2\/pages\/6595\/revisions"}],"predecessor-version":[{"id":6702,"href":"https:\/\/agora.xtec.cat\/ceiplluispiquer\/wp-json\/wp\/v2\/pages\/6595\/revisions\/6702"}],"wp:attachment":[{"href":"https:\/\/agora.xtec.cat\/ceiplluispiquer\/wp-json\/wp\/v2\/media?parent=6595"}],"curies":[{"name":"wp","href":"https:\/\/api.w.org\/{rel}","templated":true}]}}