{"id":26,"date":"2014-09-18T12:24:32","date_gmt":"2014-09-18T11:24:32","guid":{"rendered":"http:\/\/agora.xtec.cat\/ceiplluispiquer\/?page_id=26"},"modified":"2016-05-26T14:34:27","modified_gmt":"2016-05-26T13:34:27","slug":"historia","status":"publish","type":"page","link":"https:\/\/agora.xtec.cat\/ceiplluispiquer\/lescola\/historia\/","title":{"rendered":"Hist\u00f2ria"},"content":{"rendered":"<p>\u00c9s l&#8217;escola m\u00e9s antiga del poble, va ser inaugurada l&#8217;any 1928.Es conserva l&#8217;edifici inicial amb les seves t\u00edpiques arcades. Aquest edifici ha tingut diferents remodelacions i ampliacions, fins a convertir-se en el centre actual.<\/p>\n<p>Un gran nombre de ve\u00efns han fet els seus estudis en aquest centre. Actualment, ens trobem amb alguns besavis que acompanyen a l&#8217;escola als seus besn\u00e9ts. La hist\u00f2ria de les seves vides ha anat evolucionant amb aquesta escola la qual ha anat adaptant-se a les necessitats del poble.<\/p>\n<p>Durant molt de temps, va ser coneguda com a &#8220;els nacionals&#8221; passant a anomenar-se m\u00e9s tard Llu\u00eds Piquer, antic mestre de l&#8217;escola.<br \/>\n<a href=\"http:\/\/agora.xtec.cat\/ceiplluispiquer\/wp-content\/uploads\/usu1238\/2014\/09\/piquerantic.jpg\"><img loading=\"lazy\" decoding=\"async\" src=\"http:\/\/agora.xtec.cat\/ceiplluispiquer\/wp-content\/uploads\/usu1238\/2014\/09\/piquerantic.jpg\" alt=\"piquerantic\" width=\"499\" height=\"215\" class=\"alignnone size-full wp-image-447\" srcset=\"https:\/\/agora.xtec.cat\/ceiplluispiquer\/wp-content\/uploads\/usu1238\/2014\/09\/piquerantic.jpg 499w, https:\/\/agora.xtec.cat\/ceiplluispiquer\/wp-content\/uploads\/usu1238\/2014\/09\/piquerantic-300x129.jpg 300w\" sizes=\"auto, (max-width: 499px) 100vw, 499px\" \/><\/a><\/p>\n","protected":false},"excerpt":{"rendered":"<p>\u00c9s l&#8217;escola m\u00e9s antiga del poble, va ser inaugurada l&#8217;any 1928.Es conserva l&#8217;edifici inicial amb les seves t\u00edpiques arcades. Aquest edifici ha tingut diferents remodelacions i ampliacions, fins a convertir-se en el centre actual. Un gran nombre de ve\u00efns han fet els seus estudis en aquest centre. Actualment, ens trobem amb alguns besavis que acompanyen [&hellip;]<\/p>\n","protected":false},"author":1,"featured_media":0,"parent":22,"menu_order":20,"comment_status":"closed","ping_status":"closed","template":"page-templates\/side-menu.php","meta":{"_bbp_topic_count":0,"_bbp_reply_count":0,"_bbp_total_topic_count":0,"_bbp_total_reply_count":0,"_bbp_voice_count":0,"_bbp_anonymous_reply_count":0,"_bbp_topic_count_hidden":0,"_bbp_reply_count_hidden":0,"_bbp_forum_subforum_count":0,"site-sidebar-layout":"default","site-content-layout":"","ast-site-content-layout":"","site-content-style":"default","site-sidebar-style":"default","ast-global-header-display":"","ast-banner-title-visibility":"","ast-main-header-display":"","ast-hfb-above-header-display":"","ast-hfb-below-header-display":"","ast-hfb-mobile-header-display":"","site-post-title":"","ast-breadcrumbs-content":"","ast-featured-img":"","footer-sml-layout":"","theme-transparent-header-meta":"","adv-header-id-meta":"","stick-header-meta":"","header-above-stick-meta":"","header-main-stick-meta":"","header-below-stick-meta":"","astra-migrate-meta-layouts":"default","ast-page-background-enabled":"default","ast-page-background-meta":{"desktop":{"background-color":"var(--ast-global-color-4)","background-image":"","background-repeat":"repeat","background-position":"center center","background-size":"auto","background-attachment":"scroll","background-type":"","background-media":"","overlay-type":"","overlay-color":"","overlay-opacity":"","overlay-gradient":""},"tablet":{"background-color":"","background-image":"","background-repeat":"repeat","background-position":"center center","background-size":"auto","background-attachment":"scroll","background-type":"","background-media":"","overlay-type":"","overlay-color":"","overlay-opacity":"","overlay-gradient":""},"mobile":{"background-color":"","background-image":"","background-repeat":"repeat","background-position":"center center","background-size":"auto","background-attachment":"scroll","background-type":"","background-media":"","overlay-type":"","overlay-color":"","overlay-opacity":"","overlay-gradient":""}},"ast-content-background-meta":{"desktop":{"background-color":"var(--ast-global-color-5)","background-image":"","background-repeat":"repeat","background-position":"center center","background-size":"auto","background-attachment":"scroll","background-type":"","background-media":"","overlay-type":"","overlay-color":"","overlay-opacity":"","overlay-gradient":""},"tablet":{"background-color":"var(--ast-global-color-5)","background-image":"","background-repeat":"repeat","background-position":"center center","background-size":"auto","background-attachment":"scroll","background-type":"","background-media":"","overlay-type":"","overlay-color":"","overlay-opacity":"","overlay-gradient":""},"mobile":{"background-color":"var(--ast-global-color-5)","background-image":"","background-repeat":"repeat","background-position":"center center","background-size":"auto","background-attachment":"scroll","background-type":"","background-media":"","overlay-type":"","overlay-color":"","overlay-opacity":"","overlay-gradient":""}},"footnotes":""},"class_list":["post-26","page","type-page","status-publish","hentry"],"post_mailing_queue_ids":[],"_links":{"self":[{"href":"https:\/\/agora.xtec.cat\/ceiplluispiquer\/wp-json\/wp\/v2\/pages\/26","targetHints":{"allow":["GET"]}}],"collection":[{"href":"https:\/\/agora.xtec.cat\/ceiplluispiquer\/wp-json\/wp\/v2\/pages"}],"about":[{"href":"https:\/\/agora.xtec.cat\/ceiplluispiquer\/wp-json\/wp\/v2\/types\/page"}],"author":[{"embeddable":true,"href":"https:\/\/agora.xtec.cat\/ceiplluispiquer\/wp-json\/wp\/v2\/users\/1"}],"replies":[{"embeddable":true,"href":"https:\/\/agora.xtec.cat\/ceiplluispiquer\/wp-json\/wp\/v2\/comments?post=26"}],"version-history":[{"count":2,"href":"https:\/\/agora.xtec.cat\/ceiplluispiquer\/wp-json\/wp\/v2\/pages\/26\/revisions"}],"predecessor-version":[{"id":448,"href":"https:\/\/agora.xtec.cat\/ceiplluispiquer\/wp-json\/wp\/v2\/pages\/26\/revisions\/448"}],"up":[{"embeddable":true,"href":"https:\/\/agora.xtec.cat\/ceiplluispiquer\/wp-json\/wp\/v2\/pages\/22"}],"wp:attachment":[{"href":"https:\/\/agora.xtec.cat\/ceiplluispiquer\/wp-json\/wp\/v2\/media?parent=26"}],"curies":[{"name":"wp","href":"https:\/\/api.w.org\/{rel}","templated":true}]}}