{"id":1339,"date":"2017-11-15T15:37:58","date_gmt":"2017-11-15T14:37:58","guid":{"rendered":"http:\/\/agora.xtec.cat\/ceiplluispiquer\/?page_id=1339"},"modified":"2021-12-02T13:32:20","modified_gmt":"2021-12-02T12:32:20","slug":"lhort-a-lescola","status":"publish","type":"page","link":"https:\/\/agora.xtec.cat\/ceiplluispiquer\/projecte-educatiu\/lhort-a-lescola\/","title":{"rendered":"L&#8217;Hort a l&#8217;Escola"},"content":{"rendered":"<p>Des de la nostra escola va sorgir fa un temps la necessitat d&#8217;apropar als nostres alumnes a l&#8217;entorn m\u00e9s proper i la natura per tal de potenciar l&#8217;educaci\u00f3 ambiental. Aix\u00ed \u00e9s com vam decidir tenir un hort escolar.<\/p>\n<p>El fet de tenir-lo ens ajuda a prendre consci\u00e8ncia de la import\u00e0nciea de con\u00e8ixer i protegir els diversos ecosistemes naturals i a valorar l&#8217;esfor\u00e7 i la responsabilitat personals.<\/p>\n<p>L\u2019hort \u00e9s el vincle que encara ens uneix a la terra\u00a0 i \u00e9s un entorn que facilita els aprenentatges vivencials on els\/les alumnes aprenen fent i manipulant. Aporta una s\u00e8rie d\u2019estrat\u00e8gies gratificants i \u00faniques per a l\u2019alumnat i permet fer-lo servir per treballar amb alumnes de diferents edats i en diferents \u00e0rees curricular .<\/p>\n<p>&nbsp;<\/p>\n<p>&nbsp;<\/p>\n<p>&nbsp;<\/p>\n<p>&nbsp;<\/p>\n<p>.<\/p>\n<h3><\/h3>\n","protected":false},"excerpt":{"rendered":"<p>Des de la nostra escola va sorgir fa un temps la necessitat d&#8217;apropar als nostres alumnes a l&#8217;entorn m\u00e9s proper i la natura per tal de potenciar l&#8217;educaci\u00f3 ambiental. Aix\u00ed \u00e9s com vam decidir tenir un hort escolar. El fet de tenir-lo ens ajuda a prendre consci\u00e8ncia de la import\u00e0nciea de con\u00e8ixer i protegir els [&hellip;]<\/p>\n","protected":false},"author":4,"featured_media":0,"parent":64,"menu_order":0,"comment_status":"closed","ping_status":"closed","template":"","meta":{"_bbp_topic_count":0,"_bbp_reply_count":0,"_bbp_total_topic_count":0,"_bbp_total_reply_count":0,"_bbp_voice_count":0,"_bbp_anonymous_reply_count":0,"_bbp_topic_count_hidden":0,"_bbp_reply_count_hidden":0,"_bbp_forum_subforum_count":0,"site-sidebar-layout":"default","site-content-layout":"","ast-site-content-layout":"","site-content-style":"default","site-sidebar-style":"default","ast-global-header-display":"","ast-banner-title-visibility":"","ast-main-header-display":"","ast-hfb-above-header-display":"","ast-hfb-below-header-display":"","ast-hfb-mobile-header-display":"","site-post-title":"","ast-breadcrumbs-content":"","ast-featured-img":"","footer-sml-layout":"","theme-transparent-header-meta":"","adv-header-id-meta":"","stick-header-meta":"","header-above-stick-meta":"","header-main-stick-meta":"","header-below-stick-meta":"","astra-migrate-meta-layouts":"default","ast-page-background-enabled":"default","ast-page-background-meta":{"desktop":{"background-color":"var(--ast-global-color-4)","background-image":"","background-repeat":"repeat","background-position":"center center","background-size":"auto","background-attachment":"scroll","background-type":"","background-media":"","overlay-type":"","overlay-color":"","overlay-opacity":"","overlay-gradient":""},"tablet":{"background-color":"","background-image":"","background-repeat":"repeat","background-position":"center center","background-size":"auto","background-attachment":"scroll","background-type":"","background-media":"","overlay-type":"","overlay-color":"","overlay-opacity":"","overlay-gradient":""},"mobile":{"background-color":"","background-image":"","background-repeat":"repeat","background-position":"center center","background-size":"auto","background-attachment":"scroll","background-type":"","background-media":"","overlay-type":"","overlay-color":"","overlay-opacity":"","overlay-gradient":""}},"ast-content-background-meta":{"desktop":{"background-color":"var(--ast-global-color-5)","background-image":"","background-repeat":"repeat","background-position":"center center","background-size":"auto","background-attachment":"scroll","background-type":"","background-media":"","overlay-type":"","overlay-color":"","overlay-opacity":"","overlay-gradient":""},"tablet":{"background-color":"var(--ast-global-color-5)","background-image":"","background-repeat":"repeat","background-position":"center center","background-size":"auto","background-attachment":"scroll","background-type":"","background-media":"","overlay-type":"","overlay-color":"","overlay-opacity":"","overlay-gradient":""},"mobile":{"background-color":"var(--ast-global-color-5)","background-image":"","background-repeat":"repeat","background-position":"center center","background-size":"auto","background-attachment":"scroll","background-type":"","background-media":"","overlay-type":"","overlay-color":"","overlay-opacity":"","overlay-gradient":""}},"footnotes":""},"class_list":["post-1339","page","type-page","status-publish","hentry"],"post_mailing_queue_ids":[],"_links":{"self":[{"href":"https:\/\/agora.xtec.cat\/ceiplluispiquer\/wp-json\/wp\/v2\/pages\/1339","targetHints":{"allow":["GET"]}}],"collection":[{"href":"https:\/\/agora.xtec.cat\/ceiplluispiquer\/wp-json\/wp\/v2\/pages"}],"about":[{"href":"https:\/\/agora.xtec.cat\/ceiplluispiquer\/wp-json\/wp\/v2\/types\/page"}],"author":[{"embeddable":true,"href":"https:\/\/agora.xtec.cat\/ceiplluispiquer\/wp-json\/wp\/v2\/users\/4"}],"replies":[{"embeddable":true,"href":"https:\/\/agora.xtec.cat\/ceiplluispiquer\/wp-json\/wp\/v2\/comments?post=1339"}],"version-history":[{"count":3,"href":"https:\/\/agora.xtec.cat\/ceiplluispiquer\/wp-json\/wp\/v2\/pages\/1339\/revisions"}],"predecessor-version":[{"id":5605,"href":"https:\/\/agora.xtec.cat\/ceiplluispiquer\/wp-json\/wp\/v2\/pages\/1339\/revisions\/5605"}],"up":[{"embeddable":true,"href":"https:\/\/agora.xtec.cat\/ceiplluispiquer\/wp-json\/wp\/v2\/pages\/64"}],"wp:attachment":[{"href":"https:\/\/agora.xtec.cat\/ceiplluispiquer\/wp-json\/wp\/v2\/media?parent=1339"}],"curies":[{"name":"wp","href":"https:\/\/api.w.org\/{rel}","templated":true}]}}