{"id":6314,"date":"2023-04-28T10:01:32","date_gmt":"2023-04-28T08:01:32","guid":{"rendered":"https:\/\/agora.xtec.cat\/ceiplluiscastells\/?page_id=6314"},"modified":"2023-06-28T18:57:11","modified_gmt":"2023-06-28T16:57:11","slug":"cultura-digital","status":"publish","type":"page","link":"https:\/\/agora.xtec.cat\/ceiplluiscastells\/estrategia-digital-de-centre\/cultura-digital\/","title":{"rendered":"Cultura digital"},"content":{"rendered":"<p>Cultura digital, \u00e9s l\u2019apartat  on els centres inclouen o referencien tots els documents i protocols del mateix centre on desenvolupen l\u2019\u00fas que es fa de les tecnologies digitals. L\u2019EDC (Estrat\u00e8gia Digital de Centre) forma part del PEC (Projecte Educatiu de Centre) i es publica en la PGA (Programaci\u00f3 General Anual), i, en conseq\u00fc\u00e8ncia, \u00e9s important que l\u2019EDC estigui publicat a la nostra Web.<\/p>\n","protected":false},"excerpt":{"rendered":"<p>Cultura digital, \u00e9s l\u2019apartat on els centres inclouen o referencien tots els documents i protocols del mateix centre on desenvolupen l\u2019\u00fas que es fa de les tecnologies digitals. L\u2019EDC (Estrat\u00e8gia Digital de Centre) forma part del PEC (Projecte Educatiu de Centre) i es publica en la PGA (Programaci\u00f3 General Anual), i, en conseq\u00fc\u00e8ncia, \u00e9s important [&hellip;]<\/p>\n","protected":false},"author":1,"featured_media":0,"parent":6303,"menu_order":20,"comment_status":"closed","ping_status":"closed","template":"page-templates\/side-menu.php","meta":{"_bbp_topic_count":0,"_bbp_reply_count":0,"_bbp_total_topic_count":0,"_bbp_total_reply_count":0,"_bbp_voice_count":0,"_bbp_anonymous_reply_count":0,"_bbp_topic_count_hidden":0,"_bbp_reply_count_hidden":0,"_bbp_forum_subforum_count":0,"site-sidebar-layout":"default","site-content-layout":"","ast-site-content-layout":"","site-content-style":"default","site-sidebar-style":"default","ast-global-header-display":"","ast-banner-title-visibility":"","ast-main-header-display":"","ast-hfb-above-header-display":"","ast-hfb-below-header-display":"","ast-hfb-mobile-header-display":"","site-post-title":"","ast-breadcrumbs-content":"","ast-featured-img":"","footer-sml-layout":"","theme-transparent-header-meta":"","adv-header-id-meta":"","stick-header-meta":"","header-above-stick-meta":"","header-main-stick-meta":"","header-below-stick-meta":"","astra-migrate-meta-layouts":"default","ast-page-background-enabled":"default","ast-page-background-meta":{"desktop":{"background-color":"var(--ast-global-color-4)","background-image":"","background-repeat":"repeat","background-position":"center center","background-size":"auto","background-attachment":"scroll","background-type":"","background-media":"","overlay-type":"","overlay-color":"","overlay-opacity":"","overlay-gradient":""},"tablet":{"background-color":"","background-image":"","background-repeat":"repeat","background-position":"center center","background-size":"auto","background-attachment":"scroll","background-type":"","background-media":"","overlay-type":"","overlay-color":"","overlay-opacity":"","overlay-gradient":""},"mobile":{"background-color":"","background-image":"","background-repeat":"repeat","background-position":"center center","background-size":"auto","background-attachment":"scroll","background-type":"","background-media":"","overlay-type":"","overlay-color":"","overlay-opacity":"","overlay-gradient":""}},"ast-content-background-meta":{"desktop":{"background-color":"var(--ast-global-color-5)","background-image":"","background-repeat":"repeat","background-position":"center center","background-size":"auto","background-attachment":"scroll","background-type":"","background-media":"","overlay-type":"","overlay-color":"","overlay-opacity":"","overlay-gradient":""},"tablet":{"background-color":"var(--ast-global-color-5)","background-image":"","background-repeat":"repeat","background-position":"center center","background-size":"auto","background-attachment":"scroll","background-type":"","background-media":"","overlay-type":"","overlay-color":"","overlay-opacity":"","overlay-gradient":""},"mobile":{"background-color":"var(--ast-global-color-5)","background-image":"","background-repeat":"repeat","background-position":"center center","background-size":"auto","background-attachment":"scroll","background-type":"","background-media":"","overlay-type":"","overlay-color":"","overlay-opacity":"","overlay-gradient":""}},"footnotes":""},"class_list":["post-6314","page","type-page","status-publish","hentry"],"post_mailing_queue_ids":[],"_links":{"self":[{"href":"https:\/\/agora.xtec.cat\/ceiplluiscastells\/wp-json\/wp\/v2\/pages\/6314","targetHints":{"allow":["GET"]}}],"collection":[{"href":"https:\/\/agora.xtec.cat\/ceiplluiscastells\/wp-json\/wp\/v2\/pages"}],"about":[{"href":"https:\/\/agora.xtec.cat\/ceiplluiscastells\/wp-json\/wp\/v2\/types\/page"}],"author":[{"embeddable":true,"href":"https:\/\/agora.xtec.cat\/ceiplluiscastells\/wp-json\/wp\/v2\/users\/1"}],"replies":[{"embeddable":true,"href":"https:\/\/agora.xtec.cat\/ceiplluiscastells\/wp-json\/wp\/v2\/comments?post=6314"}],"version-history":[{"count":2,"href":"https:\/\/agora.xtec.cat\/ceiplluiscastells\/wp-json\/wp\/v2\/pages\/6314\/revisions"}],"predecessor-version":[{"id":6620,"href":"https:\/\/agora.xtec.cat\/ceiplluiscastells\/wp-json\/wp\/v2\/pages\/6314\/revisions\/6620"}],"up":[{"embeddable":true,"href":"https:\/\/agora.xtec.cat\/ceiplluiscastells\/wp-json\/wp\/v2\/pages\/6303"}],"wp:attachment":[{"href":"https:\/\/agora.xtec.cat\/ceiplluiscastells\/wp-json\/wp\/v2\/media?parent=6314"}],"curies":[{"name":"wp","href":"https:\/\/api.w.org\/{rel}","templated":true}]}}