{"id":6303,"date":"2023-04-28T09:57:44","date_gmt":"2023-04-28T07:57:44","guid":{"rendered":"https:\/\/agora.xtec.cat\/ceiplluiscastells\/?page_id=6303"},"modified":"2023-06-02T10:06:13","modified_gmt":"2023-06-02T08:06:13","slug":"estrategia-digital-de-centre","status":"publish","type":"page","link":"https:\/\/agora.xtec.cat\/ceiplluiscastells\/estrategia-digital-de-centre\/","title":{"rendered":"Estrat\u00e8gia digital de Centre"},"content":{"rendered":"<p align=\"justify\">L\u2019Estrat\u00e8gia digital de centre (EDC) defineix i concreta les l\u00ednies d\u2019actuaci\u00f3 del centre que fan possible que docents, alumnat i centre assoleixin la compet\u00e8ncia digital. Per aconseguir aquesta compet\u00e8ncia digital, l\u2019EDC compr\u00e8n tots els \u00e0mbits del centre: organitzatius, metodol\u00f2gics, curriculars i comunicatius, els quals s\u2019han de veure necess\u00e0riament implicats i, si escau, transformats, des d\u2019una perspectiva d\u2019innovaci\u00f3 i de millora cont\u00ednua.<\/p>\n<p align=\"justify\"><span style=\"color: #444444;\">En el PEC de l\u2019escola Llu\u00eds Castells es detallen les dades de contextualitzaci\u00f3 general del centre. Pel que fa als aspectes sobre tecnologia digital, cal tenir en compte que el centre ha fet una clara aposta per la digitalitzaci\u00f3. Aix\u00ed, tot l\u2019alumnat i professorat disposa d\u2019un usuari de centre que els permet tenir serveis com s\u00f3n el correu electr\u00f2nic o l\u2019emmagatzematge al n\u00favol. Amb aquests usuaris es realitza gran part de la comunicaci\u00f3 del centre.<\/span><\/p>\n<p align=\"justify\"><span style=\"color: #444444;\">Des del curs <\/span>2022-23<span style=\"color: #444444;\">, cada alumne de cicle superior disposa d\u2019un ordinador responsabilitat de l\u2019escola, el qual els alumnes en fan \u00fas i que roman al centre. De la mateixa manera, la Generalitat tamb\u00e9 cedeix un ordinador port\u00e0til a cada professor que s\u2019incorpora al centre.<\/span><\/p>\n<p align=\"justify\"><a href=\"https:\/\/agora.xtec.cat\/ceiplluiscastells\/wp-content\/uploads\/usu2016\/2023\/06\/imatgeESTRATEGIA.png\"><img loading=\"lazy\" decoding=\"async\" class=\"aligncenter size-full wp-image-6485\" src=\"https:\/\/agora.xtec.cat\/ceiplluiscastells\/wp-content\/uploads\/usu2016\/2023\/06\/imatgeESTRATEGIA.png\" alt=\"\" width=\"1180\" height=\"834\" srcset=\"https:\/\/agora.xtec.cat\/ceiplluiscastells\/wp-content\/uploads\/usu2016\/2023\/06\/imatgeESTRATEGIA.png 1180w, https:\/\/agora.xtec.cat\/ceiplluiscastells\/wp-content\/uploads\/usu2016\/2023\/06\/imatgeESTRATEGIA-300x212.png 300w, https:\/\/agora.xtec.cat\/ceiplluiscastells\/wp-content\/uploads\/usu2016\/2023\/06\/imatgeESTRATEGIA-1024x724.png 1024w, https:\/\/agora.xtec.cat\/ceiplluiscastells\/wp-content\/uploads\/usu2016\/2023\/06\/imatgeESTRATEGIA-768x543.png 768w\" sizes=\"auto, (max-width: 1180px) 100vw, 1180px\" \/><\/a><\/p>\n","protected":false},"excerpt":{"rendered":"<p>L\u2019Estrat\u00e8gia digital de centre (EDC) defineix i concreta les l\u00ednies d\u2019actuaci\u00f3 del centre que fan possible que docents, alumnat i centre assoleixin la compet\u00e8ncia digital. Per aconseguir aquesta compet\u00e8ncia digital, l\u2019EDC compr\u00e8n tots els \u00e0mbits del centre: organitzatius, metodol\u00f2gics, curriculars i comunicatius, els quals s\u2019han de veure necess\u00e0riament implicats i, si escau, transformats, des d\u2019una [&hellip;]<\/p>\n","protected":false},"author":1,"featured_media":0,"parent":0,"menu_order":0,"comment_status":"closed","ping_status":"closed","template":"page-templates\/side-menu.php","meta":{"_bbp_topic_count":0,"_bbp_reply_count":0,"_bbp_total_topic_count":0,"_bbp_total_reply_count":0,"_bbp_voice_count":0,"_bbp_anonymous_reply_count":0,"_bbp_topic_count_hidden":0,"_bbp_reply_count_hidden":0,"_bbp_forum_subforum_count":0,"site-sidebar-layout":"default","site-content-layout":"","ast-site-content-layout":"","site-content-style":"default","site-sidebar-style":"default","ast-global-header-display":"","ast-banner-title-visibility":"","ast-main-header-display":"","ast-hfb-above-header-display":"","ast-hfb-below-header-display":"","ast-hfb-mobile-header-display":"","site-post-title":"","ast-breadcrumbs-content":"","ast-featured-img":"","footer-sml-layout":"","theme-transparent-header-meta":"","adv-header-id-meta":"","stick-header-meta":"","header-above-stick-meta":"","header-main-stick-meta":"","header-below-stick-meta":"","astra-migrate-meta-layouts":"default","ast-page-background-enabled":"default","ast-page-background-meta":{"desktop":{"background-color":"var(--ast-global-color-4)","background-image":"","background-repeat":"repeat","background-position":"center center","background-size":"auto","background-attachment":"scroll","background-type":"","background-media":"","overlay-type":"","overlay-color":"","overlay-opacity":"","overlay-gradient":""},"tablet":{"background-color":"","background-image":"","background-repeat":"repeat","background-position":"center center","background-size":"auto","background-attachment":"scroll","background-type":"","background-media":"","overlay-type":"","overlay-color":"","overlay-opacity":"","overlay-gradient":""},"mobile":{"background-color":"","background-image":"","background-repeat":"repeat","background-position":"center center","background-size":"auto","background-attachment":"scroll","background-type":"","background-media":"","overlay-type":"","overlay-color":"","overlay-opacity":"","overlay-gradient":""}},"ast-content-background-meta":{"desktop":{"background-color":"var(--ast-global-color-5)","background-image":"","background-repeat":"repeat","background-position":"center center","background-size":"auto","background-attachment":"scroll","background-type":"","background-media":"","overlay-type":"","overlay-color":"","overlay-opacity":"","overlay-gradient":""},"tablet":{"background-color":"var(--ast-global-color-5)","background-image":"","background-repeat":"repeat","background-position":"center center","background-size":"auto","background-attachment":"scroll","background-type":"","background-media":"","overlay-type":"","overlay-color":"","overlay-opacity":"","overlay-gradient":""},"mobile":{"background-color":"var(--ast-global-color-5)","background-image":"","background-repeat":"repeat","background-position":"center center","background-size":"auto","background-attachment":"scroll","background-type":"","background-media":"","overlay-type":"","overlay-color":"","overlay-opacity":"","overlay-gradient":""}},"footnotes":""},"class_list":["post-6303","page","type-page","status-publish","hentry"],"post_mailing_queue_ids":[],"_links":{"self":[{"href":"https:\/\/agora.xtec.cat\/ceiplluiscastells\/wp-json\/wp\/v2\/pages\/6303","targetHints":{"allow":["GET"]}}],"collection":[{"href":"https:\/\/agora.xtec.cat\/ceiplluiscastells\/wp-json\/wp\/v2\/pages"}],"about":[{"href":"https:\/\/agora.xtec.cat\/ceiplluiscastells\/wp-json\/wp\/v2\/types\/page"}],"author":[{"embeddable":true,"href":"https:\/\/agora.xtec.cat\/ceiplluiscastells\/wp-json\/wp\/v2\/users\/1"}],"replies":[{"embeddable":true,"href":"https:\/\/agora.xtec.cat\/ceiplluiscastells\/wp-json\/wp\/v2\/comments?post=6303"}],"version-history":[{"count":3,"href":"https:\/\/agora.xtec.cat\/ceiplluiscastells\/wp-json\/wp\/v2\/pages\/6303\/revisions"}],"predecessor-version":[{"id":6486,"href":"https:\/\/agora.xtec.cat\/ceiplluiscastells\/wp-json\/wp\/v2\/pages\/6303\/revisions\/6486"}],"wp:attachment":[{"href":"https:\/\/agora.xtec.cat\/ceiplluiscastells\/wp-json\/wp\/v2\/media?parent=6303"}],"curies":[{"name":"wp","href":"https:\/\/api.w.org\/{rel}","templated":true}]}}