{"id":5693,"date":"2023-01-25T13:31:50","date_gmt":"2023-01-25T12:31:50","guid":{"rendered":"https:\/\/agora.xtec.cat\/ceiplluiscastells\/?page_id=5693"},"modified":"2023-02-15T13:14:37","modified_gmt":"2023-02-15T12:14:37","slug":"araart","status":"publish","type":"page","link":"https:\/\/agora.xtec.cat\/ceiplluiscastells\/araart\/","title":{"rendered":"araART"},"content":{"rendered":"<p><strong>Atorgat el projecte d\u2019Innovaci\u00f3 pedag\u00f2gica araART entre l\u2019equip docent d\u2019Espai H\u00edbrid i l\u2019escola Llu\u00eds Castells de RIUDAURA.<\/strong><\/p>\n<p>El dimecres dia 23 d\u2019octubre del 2019 l\u2019escola Llu\u00eds Castells de Riudaura i l\u2019equip docent d\u2019Espai H\u00edbrid de la Universitat de Lleida (UdL) va rebre el projecte d\u2019innovaci\u00f3 araART.<\/p>\n<p>El Departament d\u2019Educaci\u00f3 crea el Programa d\u2019innovaci\u00f3 pedag\u00f2gica \u201caraART\u201d amb la finalitat de fomentar i posar en valor projectes art\u00edstics que es porten a terme en el si d\u2019un centre d\u2019educaci\u00f3 infantil, prim\u00e0ria o secund\u00e0ria, en col\u00b7laboraci\u00f3 amb institucions, entitats, associacions, universitats\u2026, per promoure l\u2019equitat i la qualitat del sistema educatiu reflectida en la millora de les capacitats i compet\u00e8ncies de l\u2019alumnat participant.<\/p>\n<p>Concretament, va ser atorgat el projecte dins de l\u2019\u00e0mbit metodologies i recursos per a la millora de l\u2019ensenyament i aprenentatge.<\/p>\n<p>Aquest curs ja es va iniciar el projecte metodol\u00f2gic \u00c0lber junt amb el projecte de la Universitat de Lleida \u201cEl museu \u00e9s una escola\u201d, el mes de setembre del 2019 amb la visita de tota l\u2019escola a l\u2019exposici\u00f3:\u00a0\u201cApunts sobre la impossibilitat de la imatge del m\u00f3n\u201d a l\u2019Institut d\u2019Estudis Ilerdencs.<\/p>\n<p>Gr\u00e0cies a la formaci\u00f3 d\u2019aquest projecte d\u2019Innovaci\u00f3 pedag\u00f2gica, l\u2019escola ha passat a formar part d\u2019un dels centres destacats de Catalunya que han finalitzat el programa d\u2019innovaci\u00f3 araART, \u00e9s per aix\u00f2 que ens podeu trobar al mapa seg\u00fcent.<\/p>\n<p><iframe loading=\"lazy\" src=\"https:\/\/www.google.com\/maps\/d\/embed?mid=1NJU-HV3UOjbyQ6D0fN_QpwV6I0YGZvs&amp;ehbc=2E312F\" width=\"640\" height=\"480\"><\/iframe><\/p>\n<p>&nbsp;<\/p>\n","protected":false},"excerpt":{"rendered":"<p>Atorgat el projecte d\u2019Innovaci\u00f3 pedag\u00f2gica araART entre l\u2019equip docent d\u2019Espai H\u00edbrid i l\u2019escola Llu\u00eds Castells de RIUDAURA. El dimecres dia 23 d\u2019octubre del 2019 l\u2019escola Llu\u00eds Castells de Riudaura i l\u2019equip docent d\u2019Espai H\u00edbrid de la Universitat de Lleida (UdL) va rebre el projecte d\u2019innovaci\u00f3 araART. El Departament d\u2019Educaci\u00f3 crea el Programa d\u2019innovaci\u00f3 pedag\u00f2gica \u201caraART\u201d [&hellip;]<\/p>\n","protected":false},"author":1,"featured_media":0,"parent":0,"menu_order":0,"comment_status":"closed","ping_status":"closed","template":"","meta":{"_bbp_topic_count":0,"_bbp_reply_count":0,"_bbp_total_topic_count":0,"_bbp_total_reply_count":0,"_bbp_voice_count":0,"_bbp_anonymous_reply_count":0,"_bbp_topic_count_hidden":0,"_bbp_reply_count_hidden":0,"_bbp_forum_subforum_count":0,"site-sidebar-layout":"default","site-content-layout":"","ast-site-content-layout":"","site-content-style":"default","site-sidebar-style":"default","ast-global-header-display":"","ast-banner-title-visibility":"","ast-main-header-display":"","ast-hfb-above-header-display":"","ast-hfb-below-header-display":"","ast-hfb-mobile-header-display":"","site-post-title":"","ast-breadcrumbs-content":"","ast-featured-img":"","footer-sml-layout":"","theme-transparent-header-meta":"","adv-header-id-meta":"","stick-header-meta":"","header-above-stick-meta":"","header-main-stick-meta":"","header-below-stick-meta":"","astra-migrate-meta-layouts":"default","ast-page-background-enabled":"default","ast-page-background-meta":{"desktop":{"background-color":"var(--ast-global-color-4)","background-image":"","background-repeat":"repeat","background-position":"center center","background-size":"auto","background-attachment":"scroll","background-type":"","background-media":"","overlay-type":"","overlay-color":"","overlay-opacity":"","overlay-gradient":""},"tablet":{"background-color":"","background-image":"","background-repeat":"repeat","background-position":"center center","background-size":"auto","background-attachment":"scroll","background-type":"","background-media":"","overlay-type":"","overlay-color":"","overlay-opacity":"","overlay-gradient":""},"mobile":{"background-color":"","background-image":"","background-repeat":"repeat","background-position":"center center","background-size":"auto","background-attachment":"scroll","background-type":"","background-media":"","overlay-type":"","overlay-color":"","overlay-opacity":"","overlay-gradient":""}},"ast-content-background-meta":{"desktop":{"background-color":"var(--ast-global-color-5)","background-image":"","background-repeat":"repeat","background-position":"center center","background-size":"auto","background-attachment":"scroll","background-type":"","background-media":"","overlay-type":"","overlay-color":"","overlay-opacity":"","overlay-gradient":""},"tablet":{"background-color":"var(--ast-global-color-5)","background-image":"","background-repeat":"repeat","background-position":"center center","background-size":"auto","background-attachment":"scroll","background-type":"","background-media":"","overlay-type":"","overlay-color":"","overlay-opacity":"","overlay-gradient":""},"mobile":{"background-color":"var(--ast-global-color-5)","background-image":"","background-repeat":"repeat","background-position":"center center","background-size":"auto","background-attachment":"scroll","background-type":"","background-media":"","overlay-type":"","overlay-color":"","overlay-opacity":"","overlay-gradient":""}},"footnotes":""},"class_list":["post-5693","page","type-page","status-publish","hentry"],"post_mailing_queue_ids":[],"_links":{"self":[{"href":"https:\/\/agora.xtec.cat\/ceiplluiscastells\/wp-json\/wp\/v2\/pages\/5693","targetHints":{"allow":["GET"]}}],"collection":[{"href":"https:\/\/agora.xtec.cat\/ceiplluiscastells\/wp-json\/wp\/v2\/pages"}],"about":[{"href":"https:\/\/agora.xtec.cat\/ceiplluiscastells\/wp-json\/wp\/v2\/types\/page"}],"author":[{"embeddable":true,"href":"https:\/\/agora.xtec.cat\/ceiplluiscastells\/wp-json\/wp\/v2\/users\/1"}],"replies":[{"embeddable":true,"href":"https:\/\/agora.xtec.cat\/ceiplluiscastells\/wp-json\/wp\/v2\/comments?post=5693"}],"version-history":[{"count":4,"href":"https:\/\/agora.xtec.cat\/ceiplluiscastells\/wp-json\/wp\/v2\/pages\/5693\/revisions"}],"predecessor-version":[{"id":5841,"href":"https:\/\/agora.xtec.cat\/ceiplluiscastells\/wp-json\/wp\/v2\/pages\/5693\/revisions\/5841"}],"wp:attachment":[{"href":"https:\/\/agora.xtec.cat\/ceiplluiscastells\/wp-json\/wp\/v2\/media?parent=5693"}],"curies":[{"name":"wp","href":"https:\/\/api.w.org\/{rel}","templated":true}]}}