{"id":28,"date":"2014-09-18T12:29:35","date_gmt":"2014-09-18T11:29:35","guid":{"rendered":"http:\/\/agora.xtec.cat\/ceiplluiscastells\/?page_id=28"},"modified":"2025-09-23T10:48:31","modified_gmt":"2025-09-23T08:48:31","slug":"equip-docent","status":"publish","type":"page","link":"https:\/\/agora.xtec.cat\/ceiplluiscastells\/lescola\/equip-docent\/","title":{"rendered":"Equip docent"},"content":{"rendered":"\n<p style=\"text-align: left;\"><strong><a href=\"https:\/\/agora.xtec.cat\/ceiplluiscastells\/wp-content\/uploads\/usu2016\/2025\/09\/2972af21-4d25-42bb-be6a-e0593f2fd376-1.jpg\"><img loading=\"lazy\" decoding=\"async\" class=\"wp-image-10280 alignright\" src=\"https:\/\/agora.xtec.cat\/ceiplluiscastells\/wp-content\/uploads\/usu2016\/2025\/09\/2972af21-4d25-42bb-be6a-e0593f2fd376-1-1024x856.jpg\" alt=\"\" width=\"466\" height=\"390\" srcset=\"https:\/\/agora.xtec.cat\/ceiplluiscastells\/wp-content\/uploads\/usu2016\/2025\/09\/2972af21-4d25-42bb-be6a-e0593f2fd376-1-1024x856.jpg 1024w, https:\/\/agora.xtec.cat\/ceiplluiscastells\/wp-content\/uploads\/usu2016\/2025\/09\/2972af21-4d25-42bb-be6a-e0593f2fd376-1-300x251.jpg 300w, https:\/\/agora.xtec.cat\/ceiplluiscastells\/wp-content\/uploads\/usu2016\/2025\/09\/2972af21-4d25-42bb-be6a-e0593f2fd376-1-768x642.jpg 768w, https:\/\/agora.xtec.cat\/ceiplluiscastells\/wp-content\/uploads\/usu2016\/2025\/09\/2972af21-4d25-42bb-be6a-e0593f2fd376-1.jpg 1368w\" sizes=\"auto, (max-width: 466px) 100vw, 466px\" \/><\/a>Anna Mercader:<br \/><\/strong>Directora i cap d\u2019estudis<br \/>Coordinadora Riscos laborals<br \/>Comissi\u00f3 pedag\u00f2gica<br \/>Codoc\u00e8ncia a educaci\u00f3 infantil<strong><br \/><\/strong><a href=\"mailto:amercad8@escolalluiscastells.cat\">amercad8@escolalluiscastells.cat<\/a><\/p>\n<p><strong>Anna Coromina:<br \/><\/strong>Secret\u00e0ria<br \/>Comissi\u00f3 pedag\u00f2gica<br \/>Codoc\u00e8ncia a educaci\u00f3 prim\u00e0ria<strong><br \/><\/strong><a href=\"mailto:acoromi5@escolalluiscastells.cat\">acoromi5@escolalluiscastells.cat<\/a><\/p>\n<p><strong>Mariona Duran:<br \/><\/strong>Tutora I1 i I2<br \/>Comissi\u00f3 de festes<br \/><a href=\"mailto:mduran41@escolalluiscastells.cat\">mduran41@escolalluiscastells.cat<\/a><\/p>\n<p><strong><span style=\"color: #000000;\"><b>Dolors Fern\u00e1ndez<\/b><\/span><\/strong><strong><span style=\"color: #000000;\">:<br \/><\/span><\/strong>Mestra de suport I1 i I2<br \/><a href=\"mailto:mfern647@escolalluiscastells.cat\">mfern647@escolalluiscastells.cat<\/a><\/p>\n<p><strong>Dolo Verg\u00e9s:<br \/><\/strong>Tutora I3, I4 i I5<br \/>Coordinadora de Biblioteca<br \/><a href=\"dverges@escolalluiscastells.cat\">dverges@escolalluiscastells.cat<\/a><\/p>\n<p><strong>Neus Dasquens:<br \/><\/strong>Tutora 1r i 2n<br \/>Coordinadora COCOBE<br \/><a href=\"ndasquen@escolalluiscastells.cat\">ndasquen@escolalluiscastells.cat<\/a><\/p>\n<p><strong>Mariona Ralita:<br \/><\/strong>Tutora 3r<br \/>Especialista d&#8217;Educaci\u00f3 f\u00edsica<br \/>Comissi\u00f3 de festes<br \/><a href=\"mailto:mralita@escolalluiscastells.cat\">mralita@escolalluiscastells.cat<\/a><\/p>\n<p><strong>N\u00faria Calafell:<br \/><\/strong>Tutora 4t<br \/>Comissi\u00f3 digital<strong><br \/><\/strong><a href=\"mailto:ncalafe2@escolalluiscastells.cat\">ncalafe2@escolalluiscastells.cat<\/a><\/p>\n<p><strong>Marta Ma\u00f1as:<br \/><\/strong>Tutora 5\u00e8 i 6\u00e8<br \/>Coordinadora digital<br \/><a href=\"mailto:mmanas8@escolalluiscastells.cat\">mmanas8@escolalluiscastells.cat<\/a><\/p>\n<p><strong>Carla Grabulosa:<br \/><\/strong>Codoc\u00e8ncia a educaci\u00f3 infantil i prim\u00e0ria<strong><br \/><\/strong><a href=\"cgrabul1@escolalluiscastells.cat\">cgrabul1@escolalluiscastells.cat<\/a><\/p>\n<p><strong><b>Judit Casanova<\/b><\/strong><strong>:<br \/><\/strong>Especialista d\u2019angl\u00e8s<br \/>Comissi\u00f3 de festes<br \/><a href=\"jcasan3@escolalluiscastells.cat\">jcasan3@escolalluiscastells.cat<\/a><\/p>\n<p><strong>Andrea Porcar:<br \/><\/strong>Especialista de m\u00fasica<br \/><a href=\"aporcar5@escolalluiscastells.cat\">aporcar5@escolalluiscastells.cat<\/a><\/p>\n<p><strong>Norman Pujolr\u00e0s:<br \/><\/strong>Especialista de religi\u00f3<br \/><a href=\"npujolra@escolalluiscastells.cat\">npujolra@escolalluiscastells.cat<\/a><\/p>\n<p>\u00a0<\/p>\n","protected":false},"excerpt":{"rendered":"<p>Anna Mercader:Directora i cap d\u2019estudisCoordinadora Riscos laboralsComissi\u00f3 pedag\u00f2gicaCodoc\u00e8ncia a educaci\u00f3 infantilamercad8@escolalluiscastells.cat Anna Coromina:Secret\u00e0riaComissi\u00f3 pedag\u00f2gicaCodoc\u00e8ncia a educaci\u00f3 prim\u00e0riaacoromi5@escolalluiscastells.cat Mariona Duran:Tutora I1 i I2Comissi\u00f3 de festesmduran41@escolalluiscastells.cat Dolors Fern\u00e1ndez:Mestra de suport I1 i I2mfern647@escolalluiscastells.cat Dolo Verg\u00e9s:Tutora I3, I4 i I5Coordinadora de Bibliotecadverges@escolalluiscastells.cat Neus Dasquens:Tutora 1r i 2nCoordinadora COCOBEndasquen@escolalluiscastells.cat Mariona Ralita:Tutora 3rEspecialista d&#8217;Educaci\u00f3 f\u00edsicaComissi\u00f3 de festesmralita@escolalluiscastells.cat N\u00faria Calafell:Tutora 4tComissi\u00f3 [&hellip;]<\/p>\n","protected":false},"author":1,"featured_media":0,"parent":22,"menu_order":40,"comment_status":"closed","ping_status":"closed","template":"page-templates\/side-menu.php","meta":{"_bbp_topic_count":0,"_bbp_reply_count":0,"_bbp_total_topic_count":0,"_bbp_total_reply_count":0,"_bbp_voice_count":0,"_bbp_anonymous_reply_count":0,"_bbp_topic_count_hidden":0,"_bbp_reply_count_hidden":0,"_bbp_forum_subforum_count":0,"site-sidebar-layout":"default","site-content-layout":"","ast-site-content-layout":"default","site-content-style":"default","site-sidebar-style":"default","ast-global-header-display":"","ast-banner-title-visibility":"","ast-main-header-display":"","ast-hfb-above-header-display":"","ast-hfb-below-header-display":"","ast-hfb-mobile-header-display":"","site-post-title":"","ast-breadcrumbs-content":"","ast-featured-img":"","footer-sml-layout":"","theme-transparent-header-meta":"","adv-header-id-meta":"","stick-header-meta":"","header-above-stick-meta":"","header-main-stick-meta":"","header-below-stick-meta":"","astra-migrate-meta-layouts":"set","ast-page-background-enabled":"default","ast-page-background-meta":{"desktop":{"background-color":"var(--ast-global-color-4)","background-image":"","background-repeat":"repeat","background-position":"center center","background-size":"auto","background-attachment":"scroll","background-type":"","background-media":"","overlay-type":"","overlay-color":"","overlay-opacity":"","overlay-gradient":""},"tablet":{"background-color":"","background-image":"","background-repeat":"repeat","background-position":"center center","background-size":"auto","background-attachment":"scroll","background-type":"","background-media":"","overlay-type":"","overlay-color":"","overlay-opacity":"","overlay-gradient":""},"mobile":{"background-color":"","background-image":"","background-repeat":"repeat","background-position":"center center","background-size":"auto","background-attachment":"scroll","background-type":"","background-media":"","overlay-type":"","overlay-color":"","overlay-opacity":"","overlay-gradient":""}},"ast-content-background-meta":{"desktop":{"background-color":"var(--ast-global-color-5)","background-image":"","background-repeat":"repeat","background-position":"center center","background-size":"auto","background-attachment":"scroll","background-type":"","background-media":"","overlay-type":"","overlay-color":"","overlay-opacity":"","overlay-gradient":""},"tablet":{"background-color":"var(--ast-global-color-5)","background-image":"","background-repeat":"repeat","background-position":"center center","background-size":"auto","background-attachment":"scroll","background-type":"","background-media":"","overlay-type":"","overlay-color":"","overlay-opacity":"","overlay-gradient":""},"mobile":{"background-color":"var(--ast-global-color-5)","background-image":"","background-repeat":"repeat","background-position":"center center","background-size":"auto","background-attachment":"scroll","background-type":"","background-media":"","overlay-type":"","overlay-color":"","overlay-opacity":"","overlay-gradient":""}},"footnotes":""},"class_list":["post-28","page","type-page","status-publish","hentry"],"post_mailing_queue_ids":[],"_links":{"self":[{"href":"https:\/\/agora.xtec.cat\/ceiplluiscastells\/wp-json\/wp\/v2\/pages\/28","targetHints":{"allow":["GET"]}}],"collection":[{"href":"https:\/\/agora.xtec.cat\/ceiplluiscastells\/wp-json\/wp\/v2\/pages"}],"about":[{"href":"https:\/\/agora.xtec.cat\/ceiplluiscastells\/wp-json\/wp\/v2\/types\/page"}],"author":[{"embeddable":true,"href":"https:\/\/agora.xtec.cat\/ceiplluiscastells\/wp-json\/wp\/v2\/users\/1"}],"replies":[{"embeddable":true,"href":"https:\/\/agora.xtec.cat\/ceiplluiscastells\/wp-json\/wp\/v2\/comments?post=28"}],"version-history":[{"count":6,"href":"https:\/\/agora.xtec.cat\/ceiplluiscastells\/wp-json\/wp\/v2\/pages\/28\/revisions"}],"predecessor-version":[{"id":10283,"href":"https:\/\/agora.xtec.cat\/ceiplluiscastells\/wp-json\/wp\/v2\/pages\/28\/revisions\/10283"}],"up":[{"embeddable":true,"href":"https:\/\/agora.xtec.cat\/ceiplluiscastells\/wp-json\/wp\/v2\/pages\/22"}],"wp:attachment":[{"href":"https:\/\/agora.xtec.cat\/ceiplluiscastells\/wp-json\/wp\/v2\/media?parent=28"}],"curies":[{"name":"wp","href":"https:\/\/api.w.org\/{rel}","templated":true}]}}