{"id":2753,"date":"2021-09-14T16:25:11","date_gmt":"2021-09-14T14:25:11","guid":{"rendered":"https:\/\/agora.xtec.cat\/ceiplluiscastells\/?page_id=2753"},"modified":"2024-12-17T09:17:10","modified_gmt":"2024-12-17T08:17:10","slug":"afa","status":"publish","type":"page","link":"https:\/\/agora.xtec.cat\/ceiplluiscastells\/lescola\/afa\/","title":{"rendered":"AFA"},"content":{"rendered":"<p><strong>INFORMACI\u00d3<\/strong><\/p>\n<div style=\"text-align: center;\">\n<div style=\"margin: 8px 0px 4px;\"><a href=\"https:\/\/agora.xtec.cat\/ceiplluiscastells\/wp-content\/uploads\/usu2016\/2024\/11\/Captura-de-Pantalla-2024-11-06-a-les-14.19.29.png\"><img loading=\"lazy\" decoding=\"async\" class=\"alignnone size-large wp-image-8868\" src=\"https:\/\/agora.xtec.cat\/ceiplluiscastells\/wp-content\/uploads\/usu2016\/2024\/11\/Captura-de-Pantalla-2024-11-06-a-les-14.19.29-724x1024.png\" alt=\"\" width=\"724\" height=\"1024\" srcset=\"https:\/\/agora.xtec.cat\/ceiplluiscastells\/wp-content\/uploads\/usu2016\/2024\/11\/Captura-de-Pantalla-2024-11-06-a-les-14.19.29-724x1024.png 724w, https:\/\/agora.xtec.cat\/ceiplluiscastells\/wp-content\/uploads\/usu2016\/2024\/11\/Captura-de-Pantalla-2024-11-06-a-les-14.19.29-212x300.png 212w, https:\/\/agora.xtec.cat\/ceiplluiscastells\/wp-content\/uploads\/usu2016\/2024\/11\/Captura-de-Pantalla-2024-11-06-a-les-14.19.29-768x1086.png 768w, https:\/\/agora.xtec.cat\/ceiplluiscastells\/wp-content\/uploads\/usu2016\/2024\/11\/Captura-de-Pantalla-2024-11-06-a-les-14.19.29.png 982w\" sizes=\"auto, (max-width: 724px) 100vw, 724px\" \/><\/a><\/div>\n<p><a href=\"https:\/\/photos.app.goo.gl\/V1N1YM4fWNMUoZpR8\">IMPRIMEIX-LO<\/a><\/p>\n<p style=\"text-align: left;\"><strong>AUTORITZACIONS<\/strong><\/p>\n<\/div>\n<div style=\"text-align: center;\">\n<div style=\"margin: 8px 0px 4px;\"><\/div>\n<p><a href=\"https:\/\/agora.xtec.cat\/ceiplluiscastells\/wp-content\/uploads\/usu2016\/2023\/09\/AFAautori.jpg\"><img loading=\"lazy\" decoding=\"async\" class=\"aligncenter wp-image-6743 size-full\" src=\"https:\/\/agora.xtec.cat\/ceiplluiscastells\/wp-content\/uploads\/usu2016\/2023\/09\/AFAautori.jpg\" alt=\"\" width=\"562\" height=\"824\" srcset=\"https:\/\/agora.xtec.cat\/ceiplluiscastells\/wp-content\/uploads\/usu2016\/2023\/09\/AFAautori.jpg 562w, https:\/\/agora.xtec.cat\/ceiplluiscastells\/wp-content\/uploads\/usu2016\/2023\/09\/AFAautori-205x300.jpg 205w\" sizes=\"auto, (max-width: 562px) 100vw, 562px\" \/><\/a><\/p>\n<p><a href=\"https:\/\/drive.google.com\/file\/d\/1DwIV8viPjWrlE7r6rN6g2W9_udr8o4-R\/view?usp=sharing\">IMPRIMEIX-LO<\/a><\/p>\n<div style=\"margin: 4px 0px 8px;\"><\/div>\n<\/div>\n<div style=\"text-align: center;\">\n<div style=\"margin: 8px 0px 4px; text-align: left;\"><strong>DOMICILIACI\u00d3 BANC\u00c0RIA<\/strong><\/div>\n<p><iframe loading=\"lazy\" style=\"margin: 0 auto;\" src=\"\/\/v.calameo.com\/?bkcode=002302261475dae16d328&amp;mode=mini\" width=\"480\" height=\"300\" frameborder=\"0\" scrolling=\"no\" allowfullscreen=\"allowfullscreen\"><\/iframe><\/p>\n<div style=\"margin: 4px 0px 8px;\"><a href=\"https:\/\/drive.google.com\/file\/d\/1LdOhoehsfNAkUIZXwrHLQpOKupQ6SpDZ\/view?usp=sharing\">IMPRIMEIX-LO<\/a><\/div>\n<\/div>\n","protected":false},"excerpt":{"rendered":"<p>INFORMACI\u00d3 IMPRIMEIX-LO AUTORITZACIONS IMPRIMEIX-LO DOMICILIACI\u00d3 BANC\u00c0RIA IMPRIMEIX-LO<\/p>\n","protected":false},"author":3,"featured_media":0,"parent":22,"menu_order":90,"comment_status":"closed","ping_status":"closed","template":"page-templates\/side-menu.php","meta":{"_bbp_topic_count":0,"_bbp_reply_count":0,"_bbp_total_topic_count":0,"_bbp_total_reply_count":0,"_bbp_voice_count":0,"_bbp_anonymous_reply_count":0,"_bbp_topic_count_hidden":0,"_bbp_reply_count_hidden":0,"_bbp_forum_subforum_count":0,"site-sidebar-layout":"default","site-content-layout":"","ast-site-content-layout":"","site-content-style":"default","site-sidebar-style":"default","ast-global-header-display":"","ast-banner-title-visibility":"","ast-main-header-display":"","ast-hfb-above-header-display":"","ast-hfb-below-header-display":"","ast-hfb-mobile-header-display":"","site-post-title":"","ast-breadcrumbs-content":"","ast-featured-img":"","footer-sml-layout":"","theme-transparent-header-meta":"","adv-header-id-meta":"","stick-header-meta":"","header-above-stick-meta":"","header-main-stick-meta":"","header-below-stick-meta":"","astra-migrate-meta-layouts":"default","ast-page-background-enabled":"default","ast-page-background-meta":{"desktop":{"background-color":"var(--ast-global-color-4)","background-image":"","background-repeat":"repeat","background-position":"center center","background-size":"auto","background-attachment":"scroll","background-type":"","background-media":"","overlay-type":"","overlay-color":"","overlay-opacity":"","overlay-gradient":""},"tablet":{"background-color":"","background-image":"","background-repeat":"repeat","background-position":"center center","background-size":"auto","background-attachment":"scroll","background-type":"","background-media":"","overlay-type":"","overlay-color":"","overlay-opacity":"","overlay-gradient":""},"mobile":{"background-color":"","background-image":"","background-repeat":"repeat","background-position":"center center","background-size":"auto","background-attachment":"scroll","background-type":"","background-media":"","overlay-type":"","overlay-color":"","overlay-opacity":"","overlay-gradient":""}},"ast-content-background-meta":{"desktop":{"background-color":"var(--ast-global-color-5)","background-image":"","background-repeat":"repeat","background-position":"center center","background-size":"auto","background-attachment":"scroll","background-type":"","background-media":"","overlay-type":"","overlay-color":"","overlay-opacity":"","overlay-gradient":""},"tablet":{"background-color":"var(--ast-global-color-5)","background-image":"","background-repeat":"repeat","background-position":"center center","background-size":"auto","background-attachment":"scroll","background-type":"","background-media":"","overlay-type":"","overlay-color":"","overlay-opacity":"","overlay-gradient":""},"mobile":{"background-color":"var(--ast-global-color-5)","background-image":"","background-repeat":"repeat","background-position":"center center","background-size":"auto","background-attachment":"scroll","background-type":"","background-media":"","overlay-type":"","overlay-color":"","overlay-opacity":"","overlay-gradient":""}},"footnotes":""},"class_list":["post-2753","page","type-page","status-publish","hentry"],"post_mailing_queue_ids":[],"_links":{"self":[{"href":"https:\/\/agora.xtec.cat\/ceiplluiscastells\/wp-json\/wp\/v2\/pages\/2753","targetHints":{"allow":["GET"]}}],"collection":[{"href":"https:\/\/agora.xtec.cat\/ceiplluiscastells\/wp-json\/wp\/v2\/pages"}],"about":[{"href":"https:\/\/agora.xtec.cat\/ceiplluiscastells\/wp-json\/wp\/v2\/types\/page"}],"author":[{"embeddable":true,"href":"https:\/\/agora.xtec.cat\/ceiplluiscastells\/wp-json\/wp\/v2\/users\/3"}],"replies":[{"embeddable":true,"href":"https:\/\/agora.xtec.cat\/ceiplluiscastells\/wp-json\/wp\/v2\/comments?post=2753"}],"version-history":[{"count":5,"href":"https:\/\/agora.xtec.cat\/ceiplluiscastells\/wp-json\/wp\/v2\/pages\/2753\/revisions"}],"predecessor-version":[{"id":8872,"href":"https:\/\/agora.xtec.cat\/ceiplluiscastells\/wp-json\/wp\/v2\/pages\/2753\/revisions\/8872"}],"up":[{"embeddable":true,"href":"https:\/\/agora.xtec.cat\/ceiplluiscastells\/wp-json\/wp\/v2\/pages\/22"}],"wp:attachment":[{"href":"https:\/\/agora.xtec.cat\/ceiplluiscastells\/wp-json\/wp\/v2\/media?parent=2753"}],"curies":[{"name":"wp","href":"https:\/\/api.w.org\/{rel}","templated":true}]}}