{"id":87,"date":"2014-09-18T14:28:12","date_gmt":"2014-09-18T13:28:12","guid":{"rendered":"http:\/\/agora.xtec.cat\/ceiplloriana\/?page_id=87"},"modified":"2026-04-14T00:06:22","modified_gmt":"2026-04-13T22:06:22","slug":"nivells","status":"publish","type":"page","link":"https:\/\/agora.xtec.cat\/ceiplloriana\/nivells\/","title":{"rendered":"Els grups d&#8217;alumnes de l&#8217;escola"},"content":{"rendered":"<p>Actualment l&#8217;escola \u00e9s d&#8217;una l\u00ednea, \u00e9s a dir, hi ha un grup d&#8217;alumnes de cada un dels nivells: de I3 a 6\u00e8.<\/p>\n<p>Cada nivell t\u00e9 una p\u00e0gina en aquesta web on hi trobareu enlla\u00e7os a totes les activitats, not\u00edcies, projectes i esdeveniments que formen part de la vida del grup a l&#8217;escola.<\/p>\n<p>Podeu navegar pels blogs dels cicles i de les classes pel men\u00fa lateral.<\/p>\n<p>GRUPS D&#8217;ALUMNES DEL CURS 25-56<\/p>\n\n\n<figure class=\"wp-block-gallery has-nested-images columns-default is-cropped wp-block-gallery-1 is-layout-flex wp-block-gallery-is-layout-flex\">\n<figure class=\"wp-block-image size-large\"><a href=\"https:\/\/agora.xtec.cat\/ceiplloriana\/wp-content\/uploads\/usu1416\/2026\/04\/segon-8.jpg\"><img loading=\"lazy\" decoding=\"async\" width=\"1024\" height=\"545\" data-id=\"9019\" src=\"https:\/\/agora.xtec.cat\/ceiplloriana\/wp-content\/uploads\/usu1416\/2026\/04\/segon-8-1024x545.jpg\" alt=\"\" class=\"wp-image-9019\" srcset=\"https:\/\/agora.xtec.cat\/ceiplloriana\/wp-content\/uploads\/usu1416\/2026\/04\/segon-8-1024x545.jpg 1024w, https:\/\/agora.xtec.cat\/ceiplloriana\/wp-content\/uploads\/usu1416\/2026\/04\/segon-8-300x160.jpg 300w, https:\/\/agora.xtec.cat\/ceiplloriana\/wp-content\/uploads\/usu1416\/2026\/04\/segon-8-768x409.jpg 768w, https:\/\/agora.xtec.cat\/ceiplloriana\/wp-content\/uploads\/usu1416\/2026\/04\/segon-8.jpg 1093w\" sizes=\"auto, (max-width: 1024px) 100vw, 1024px\" \/><\/a><\/figure>\n\n\n\n<figure class=\"wp-block-image size-large\"><a href=\"https:\/\/agora.xtec.cat\/ceiplloriana\/wp-content\/uploads\/usu1416\/2026\/04\/quart-7.jpg\"><img loading=\"lazy\" decoding=\"async\" width=\"1024\" height=\"509\" data-id=\"9004\" src=\"https:\/\/agora.xtec.cat\/ceiplloriana\/wp-content\/uploads\/usu1416\/2026\/04\/quart-7-1024x509.jpg\" alt=\"\" class=\"wp-image-9004\" srcset=\"https:\/\/agora.xtec.cat\/ceiplloriana\/wp-content\/uploads\/usu1416\/2026\/04\/quart-7-1024x509.jpg 1024w, https:\/\/agora.xtec.cat\/ceiplloriana\/wp-content\/uploads\/usu1416\/2026\/04\/quart-7-300x149.jpg 300w, https:\/\/agora.xtec.cat\/ceiplloriana\/wp-content\/uploads\/usu1416\/2026\/04\/quart-7-768x382.jpg 768w, https:\/\/agora.xtec.cat\/ceiplloriana\/wp-content\/uploads\/usu1416\/2026\/04\/quart-7.jpg 1105w\" sizes=\"auto, (max-width: 1024px) 100vw, 1024px\" \/><\/a><\/figure>\n\n\n\n<figure class=\"wp-block-image size-large\"><a href=\"https:\/\/agora.xtec.cat\/ceiplloriana\/wp-content\/uploads\/usu1416\/2026\/04\/tercer-7.jpg\"><img loading=\"lazy\" decoding=\"async\" width=\"1024\" height=\"551\" data-id=\"9006\" src=\"https:\/\/agora.xtec.cat\/ceiplloriana\/wp-content\/uploads\/usu1416\/2026\/04\/tercer-7-1024x551.jpg\" alt=\"\" class=\"wp-image-9006\" srcset=\"https:\/\/agora.xtec.cat\/ceiplloriana\/wp-content\/uploads\/usu1416\/2026\/04\/tercer-7-1024x551.jpg 1024w, https:\/\/agora.xtec.cat\/ceiplloriana\/wp-content\/uploads\/usu1416\/2026\/04\/tercer-7-300x162.jpg 300w, https:\/\/agora.xtec.cat\/ceiplloriana\/wp-content\/uploads\/usu1416\/2026\/04\/tercer-7-768x414.jpg 768w, https:\/\/agora.xtec.cat\/ceiplloriana\/wp-content\/uploads\/usu1416\/2026\/04\/tercer-7.jpg 1144w\" sizes=\"auto, (max-width: 1024px) 100vw, 1024px\" \/><\/a><\/figure>\n\n\n\n<figure class=\"wp-block-image size-large\"><a href=\"https:\/\/agora.xtec.cat\/ceiplloriana\/wp-content\/uploads\/usu1416\/2026\/04\/1-cinc.jpg\"><img loading=\"lazy\" decoding=\"async\" width=\"1024\" height=\"573\" data-id=\"9021\" src=\"https:\/\/agora.xtec.cat\/ceiplloriana\/wp-content\/uploads\/usu1416\/2026\/04\/1-cinc-1024x573.jpg\" alt=\"\" class=\"wp-image-9021\" srcset=\"https:\/\/agora.xtec.cat\/ceiplloriana\/wp-content\/uploads\/usu1416\/2026\/04\/1-cinc-1024x573.jpg 1024w, https:\/\/agora.xtec.cat\/ceiplloriana\/wp-content\/uploads\/usu1416\/2026\/04\/1-cinc-300x168.jpg 300w, https:\/\/agora.xtec.cat\/ceiplloriana\/wp-content\/uploads\/usu1416\/2026\/04\/1-cinc-768x430.jpg 768w, https:\/\/agora.xtec.cat\/ceiplloriana\/wp-content\/uploads\/usu1416\/2026\/04\/1-cinc.jpg 1149w\" sizes=\"auto, (max-width: 1024px) 100vw, 1024px\" \/><\/a><\/figure>\n\n\n\n<figure class=\"wp-block-image size-large\"><a href=\"https:\/\/agora.xtec.cat\/ceiplloriana\/wp-content\/uploads\/usu1416\/2026\/04\/primer-7.jpg\"><img loading=\"lazy\" decoding=\"async\" width=\"727\" height=\"574\" data-id=\"9005\" src=\"https:\/\/agora.xtec.cat\/ceiplloriana\/wp-content\/uploads\/usu1416\/2026\/04\/primer-7.jpg\" alt=\"\" class=\"wp-image-9005\" srcset=\"https:\/\/agora.xtec.cat\/ceiplloriana\/wp-content\/uploads\/usu1416\/2026\/04\/primer-7.jpg 727w, https:\/\/agora.xtec.cat\/ceiplloriana\/wp-content\/uploads\/usu1416\/2026\/04\/primer-7-300x237.jpg 300w\" sizes=\"auto, (max-width: 727px) 100vw, 727px\" \/><\/a><\/figure>\n\n\n\n<figure class=\"wp-block-image size-large\"><a href=\"https:\/\/agora.xtec.cat\/ceiplloriana\/wp-content\/uploads\/usu1416\/2026\/04\/i-tres-scaled.jpg\"><img loading=\"lazy\" decoding=\"async\" width=\"1024\" height=\"771\" data-id=\"9018\" src=\"https:\/\/agora.xtec.cat\/ceiplloriana\/wp-content\/uploads\/usu1416\/2026\/04\/i-tres-1024x771.jpg\" alt=\"\" class=\"wp-image-9018\" srcset=\"https:\/\/agora.xtec.cat\/ceiplloriana\/wp-content\/uploads\/usu1416\/2026\/04\/i-tres-1024x771.jpg 1024w, https:\/\/agora.xtec.cat\/ceiplloriana\/wp-content\/uploads\/usu1416\/2026\/04\/i-tres-300x226.jpg 300w, https:\/\/agora.xtec.cat\/ceiplloriana\/wp-content\/uploads\/usu1416\/2026\/04\/i-tres-768x578.jpg 768w, https:\/\/agora.xtec.cat\/ceiplloriana\/wp-content\/uploads\/usu1416\/2026\/04\/i-tres-1536x1157.jpg 1536w, https:\/\/agora.xtec.cat\/ceiplloriana\/wp-content\/uploads\/usu1416\/2026\/04\/i-tres-2048x1542.jpg 2048w\" sizes=\"auto, (max-width: 1024px) 100vw, 1024px\" \/><\/a><\/figure>\n<\/figure>\n\n\n\n<figure class=\"wp-block-gallery has-nested-images columns-default is-cropped wp-block-gallery-2 is-layout-flex wp-block-gallery-is-layout-flex\">\n<figure class=\"wp-block-image size-large\"><a href=\"https:\/\/agora.xtec.cat\/ceiplloriana\/wp-content\/uploads\/usu1416\/2026\/04\/i-quatre-1.jpg\"><img loading=\"lazy\" decoding=\"async\" width=\"1024\" height=\"675\" data-id=\"9013\" src=\"https:\/\/agora.xtec.cat\/ceiplloriana\/wp-content\/uploads\/usu1416\/2026\/04\/i-quatre-1-1024x675.jpg\" alt=\"\" class=\"wp-image-9013\" srcset=\"https:\/\/agora.xtec.cat\/ceiplloriana\/wp-content\/uploads\/usu1416\/2026\/04\/i-quatre-1-1024x675.jpg 1024w, https:\/\/agora.xtec.cat\/ceiplloriana\/wp-content\/uploads\/usu1416\/2026\/04\/i-quatre-1-300x198.jpg 300w, https:\/\/agora.xtec.cat\/ceiplloriana\/wp-content\/uploads\/usu1416\/2026\/04\/i-quatre-1-768x506.jpg 768w, https:\/\/agora.xtec.cat\/ceiplloriana\/wp-content\/uploads\/usu1416\/2026\/04\/i-quatre-1.jpg 1156w\" sizes=\"auto, (max-width: 1024px) 100vw, 1024px\" \/><\/a><\/figure>\n\n\n\n<figure class=\"wp-block-image size-large\"><a href=\"https:\/\/agora.xtec.cat\/ceiplloriana\/wp-content\/uploads\/usu1416\/2026\/04\/6e-drets-dimatge-NO-autoritzats-4.jpg\"><img loading=\"lazy\" decoding=\"async\" width=\"1024\" height=\"767\" data-id=\"9008\" src=\"https:\/\/agora.xtec.cat\/ceiplloriana\/wp-content\/uploads\/usu1416\/2026\/04\/6e-drets-dimatge-NO-autoritzats-4-1024x767.jpg\" alt=\"\" class=\"wp-image-9008\" srcset=\"https:\/\/agora.xtec.cat\/ceiplloriana\/wp-content\/uploads\/usu1416\/2026\/04\/6e-drets-dimatge-NO-autoritzats-4-1024x767.jpg 1024w, https:\/\/agora.xtec.cat\/ceiplloriana\/wp-content\/uploads\/usu1416\/2026\/04\/6e-drets-dimatge-NO-autoritzats-4-300x225.jpg 300w, https:\/\/agora.xtec.cat\/ceiplloriana\/wp-content\/uploads\/usu1416\/2026\/04\/6e-drets-dimatge-NO-autoritzats-4-768x575.jpg 768w, https:\/\/agora.xtec.cat\/ceiplloriana\/wp-content\/uploads\/usu1416\/2026\/04\/6e-drets-dimatge-NO-autoritzats-4.jpg 1440w\" sizes=\"auto, (max-width: 1024px) 100vw, 1024px\" \/><\/a><\/figure>\n\n\n\n<figure class=\"wp-block-image size-large\"><a href=\"https:\/\/agora.xtec.cat\/ceiplloriana\/wp-content\/uploads\/usu1416\/2026\/04\/cinque.jpg\"><img loading=\"lazy\" decoding=\"async\" width=\"1024\" height=\"679\" data-id=\"9011\" src=\"https:\/\/agora.xtec.cat\/ceiplloriana\/wp-content\/uploads\/usu1416\/2026\/04\/cinque-1024x679.jpg\" alt=\"\" class=\"wp-image-9011\" srcset=\"https:\/\/agora.xtec.cat\/ceiplloriana\/wp-content\/uploads\/usu1416\/2026\/04\/cinque-1024x679.jpg 1024w, https:\/\/agora.xtec.cat\/ceiplloriana\/wp-content\/uploads\/usu1416\/2026\/04\/cinque-300x199.jpg 300w, https:\/\/agora.xtec.cat\/ceiplloriana\/wp-content\/uploads\/usu1416\/2026\/04\/cinque-768x509.jpg 768w, https:\/\/agora.xtec.cat\/ceiplloriana\/wp-content\/uploads\/usu1416\/2026\/04\/cinque.jpg 1156w\" sizes=\"auto, (max-width: 1024px) 100vw, 1024px\" \/><\/a><\/figure>\n<\/figure>\n\n\n\n<div class=\"wp-block-getwid-images-slider has-arrows-inside has-dots-inside has-images-center has-cropped-images\"><div class=\"wp-block-getwid-images-slider__wrapper\" data-effect=\"slide\" data-slides-show=\"1\" data-slides-show-laptop=\"1\" data-slides-show-tablet=\"1\" data-slides-show-mobile=\"1\" data-slides-scroll=\"1\" data-autoplay=\"false\" data-pause-hover=\"false\" data-autoplay-speed=\"6000\" data-infinite=\"true\" data-animation-speed=\"800\" data-center-mode=\"false\" data-variable-width=\"false\" data-arrows=\"inside\" data-dots=\"inside\" data-spacing=\"none\"><div class=\"wp-block-getwid-images-slider__item\"><figure><img loading=\"lazy\" decoding=\"async\" width=\"1147\" height=\"562\" src=\"https:\/\/agora.xtec.cat\/ceiplloriana\/wp-content\/uploads\/usu1416\/2026\/04\/sise-2.jpg\" data-id=\"8961\" data-link=\"https:\/\/agora.xtec.cat\/ceiplloriana\/nivells\/attachment\/sise-4\/\" data-original-link=\"https:\/\/agora.xtec.cat\/ceiplloriana\/wp-content\/uploads\/usu1416\/2026\/04\/sise-2.jpg\" class=\"wp-block-getwid-images-slider__image wp-image-8961\" srcset=\"https:\/\/agora.xtec.cat\/ceiplloriana\/wp-content\/uploads\/usu1416\/2026\/04\/sise-2.jpg 1147w, https:\/\/agora.xtec.cat\/ceiplloriana\/wp-content\/uploads\/usu1416\/2026\/04\/sise-2-300x147.jpg 300w, https:\/\/agora.xtec.cat\/ceiplloriana\/wp-content\/uploads\/usu1416\/2026\/04\/sise-2-1024x502.jpg 1024w, https:\/\/agora.xtec.cat\/ceiplloriana\/wp-content\/uploads\/usu1416\/2026\/04\/sise-2-768x376.jpg 768w\" sizes=\"auto, (max-width: 1147px) 100vw, 1147px\" \/><\/figure><\/div><div class=\"wp-block-getwid-images-slider__item\"><figure><img loading=\"lazy\" decoding=\"async\" width=\"1105\" height=\"549\" src=\"https:\/\/agora.xtec.cat\/ceiplloriana\/wp-content\/uploads\/usu1416\/2026\/04\/quart-1.jpg\" data-id=\"8962\" data-link=\"https:\/\/agora.xtec.cat\/ceiplloriana\/nivells\/attachment\/quart-4\/\" data-original-link=\"https:\/\/agora.xtec.cat\/ceiplloriana\/wp-content\/uploads\/usu1416\/2026\/04\/quart-1.jpg\" class=\"wp-block-getwid-images-slider__image wp-image-8962\" srcset=\"https:\/\/agora.xtec.cat\/ceiplloriana\/wp-content\/uploads\/usu1416\/2026\/04\/quart-1.jpg 1105w, https:\/\/agora.xtec.cat\/ceiplloriana\/wp-content\/uploads\/usu1416\/2026\/04\/quart-1-300x149.jpg 300w, https:\/\/agora.xtec.cat\/ceiplloriana\/wp-content\/uploads\/usu1416\/2026\/04\/quart-1-1024x509.jpg 1024w, https:\/\/agora.xtec.cat\/ceiplloriana\/wp-content\/uploads\/usu1416\/2026\/04\/quart-1-768x382.jpg 768w\" sizes=\"auto, (max-width: 1105px) 100vw, 1105px\" \/><\/figure><\/div><div class=\"wp-block-getwid-images-slider__item\"><figure><img loading=\"lazy\" decoding=\"async\" width=\"1144\" height=\"616\" src=\"https:\/\/agora.xtec.cat\/ceiplloriana\/wp-content\/uploads\/usu1416\/2026\/04\/tercer-1.jpg\" data-id=\"8964\" data-link=\"https:\/\/agora.xtec.cat\/ceiplloriana\/nivells\/attachment\/tercer-3\/\" data-original-link=\"https:\/\/agora.xtec.cat\/ceiplloriana\/wp-content\/uploads\/usu1416\/2026\/04\/tercer-1.jpg\" class=\"wp-block-getwid-images-slider__image wp-image-8964\" srcset=\"https:\/\/agora.xtec.cat\/ceiplloriana\/wp-content\/uploads\/usu1416\/2026\/04\/tercer-1.jpg 1144w, https:\/\/agora.xtec.cat\/ceiplloriana\/wp-content\/uploads\/usu1416\/2026\/04\/tercer-1-300x162.jpg 300w, https:\/\/agora.xtec.cat\/ceiplloriana\/wp-content\/uploads\/usu1416\/2026\/04\/tercer-1-1024x551.jpg 1024w, https:\/\/agora.xtec.cat\/ceiplloriana\/wp-content\/uploads\/usu1416\/2026\/04\/tercer-1-768x414.jpg 768w\" sizes=\"auto, (max-width: 1144px) 100vw, 1144px\" \/><\/figure><\/div><div class=\"wp-block-getwid-images-slider__item\"><figure><img loading=\"lazy\" decoding=\"async\" width=\"1093\" height=\"582\" src=\"https:\/\/agora.xtec.cat\/ceiplloriana\/wp-content\/uploads\/usu1416\/2026\/04\/segon-1.jpg\" data-id=\"8963\" data-link=\"https:\/\/agora.xtec.cat\/ceiplloriana\/nivells\/attachment\/segon-3\/\" data-original-link=\"https:\/\/agora.xtec.cat\/ceiplloriana\/wp-content\/uploads\/usu1416\/2026\/04\/segon-1.jpg\" class=\"wp-block-getwid-images-slider__image wp-image-8963\" srcset=\"https:\/\/agora.xtec.cat\/ceiplloriana\/wp-content\/uploads\/usu1416\/2026\/04\/segon-1.jpg 1093w, https:\/\/agora.xtec.cat\/ceiplloriana\/wp-content\/uploads\/usu1416\/2026\/04\/segon-1-300x160.jpg 300w, https:\/\/agora.xtec.cat\/ceiplloriana\/wp-content\/uploads\/usu1416\/2026\/04\/segon-1-1024x545.jpg 1024w, https:\/\/agora.xtec.cat\/ceiplloriana\/wp-content\/uploads\/usu1416\/2026\/04\/segon-1-768x409.jpg 768w\" sizes=\"auto, (max-width: 1093px) 100vw, 1093px\" \/><\/figure><\/div><div class=\"wp-block-getwid-images-slider__item\"><figure><img loading=\"lazy\" decoding=\"async\" width=\"727\" height=\"574\" src=\"https:\/\/agora.xtec.cat\/ceiplloriana\/wp-content\/uploads\/usu1416\/2026\/04\/primer-1.jpg\" data-id=\"8960\" data-link=\"https:\/\/agora.xtec.cat\/ceiplloriana\/nivells\/attachment\/primer-3\/\" data-original-link=\"https:\/\/agora.xtec.cat\/ceiplloriana\/wp-content\/uploads\/usu1416\/2026\/04\/primer-1.jpg\" class=\"wp-block-getwid-images-slider__image wp-image-8960\" srcset=\"https:\/\/agora.xtec.cat\/ceiplloriana\/wp-content\/uploads\/usu1416\/2026\/04\/primer-1.jpg 727w, https:\/\/agora.xtec.cat\/ceiplloriana\/wp-content\/uploads\/usu1416\/2026\/04\/primer-1-300x237.jpg 300w\" sizes=\"auto, (max-width: 727px) 100vw, 727px\" \/><\/figure><\/div><div class=\"wp-block-getwid-images-slider__item\"><figure><img decoding=\"async\" src=\"https:\/\/agora.xtec.cat\/ceiplloriana\/wp-content\/uploads\/usu1416\/2026\/04\/I5-1-1.heic\" data-id=\"8967\" data-link=\"https:\/\/agora.xtec.cat\/ceiplloriana\/nivells\/attachment\/i5-1-2\/\" data-original-link=\"https:\/\/agora.xtec.cat\/ceiplloriana\/wp-content\/uploads\/usu1416\/2026\/04\/I5-1-1.heic\" class=\"wp-block-getwid-images-slider__image wp-image-8967\"\/><\/figure><\/div><div class=\"wp-block-getwid-images-slider__item\"><figure><img decoding=\"async\" src=\"https:\/\/agora.xtec.cat\/ceiplloriana\/wp-content\/uploads\/usu1416\/2026\/04\/I4-1-1.heic\" data-id=\"8966\" data-link=\"https:\/\/agora.xtec.cat\/ceiplloriana\/nivells\/attachment\/i4-1-2\/\" data-original-link=\"https:\/\/agora.xtec.cat\/ceiplloriana\/wp-content\/uploads\/usu1416\/2026\/04\/I4-1-1.heic\" class=\"wp-block-getwid-images-slider__image wp-image-8966\"\/><\/figure><\/div><div class=\"wp-block-getwid-images-slider__item\"><figure><img loading=\"lazy\" decoding=\"async\" width=\"1440\" height=\"1079\" src=\"https:\/\/agora.xtec.cat\/ceiplloriana\/wp-content\/uploads\/usu1416\/2026\/04\/6e-drets-dimatge-NO-autoritzats-1.jpg\" data-id=\"8965\" data-link=\"https:\/\/agora.xtec.cat\/ceiplloriana\/nivells\/attachment\/6e-drets-dimatge-no-autoritzats-2\/\" data-original-link=\"https:\/\/agora.xtec.cat\/ceiplloriana\/wp-content\/uploads\/usu1416\/2026\/04\/6e-drets-dimatge-NO-autoritzats-1.jpg\" class=\"wp-block-getwid-images-slider__image wp-image-8965\" srcset=\"https:\/\/agora.xtec.cat\/ceiplloriana\/wp-content\/uploads\/usu1416\/2026\/04\/6e-drets-dimatge-NO-autoritzats-1.jpg 1440w, https:\/\/agora.xtec.cat\/ceiplloriana\/wp-content\/uploads\/usu1416\/2026\/04\/6e-drets-dimatge-NO-autoritzats-1-300x225.jpg 300w, https:\/\/agora.xtec.cat\/ceiplloriana\/wp-content\/uploads\/usu1416\/2026\/04\/6e-drets-dimatge-NO-autoritzats-1-1024x767.jpg 1024w, https:\/\/agora.xtec.cat\/ceiplloriana\/wp-content\/uploads\/usu1416\/2026\/04\/6e-drets-dimatge-NO-autoritzats-1-768x575.jpg 768w\" sizes=\"auto, (max-width: 1440px) 100vw, 1440px\" \/><\/figure><\/div><\/div><\/div>\n\n\n\n<p><\/p>\n","protected":false},"excerpt":{"rendered":"<p>Actualment l&#8217;escola \u00e9s d&#8217;una l\u00ednea, \u00e9s a dir, hi ha un grup d&#8217;alumnes de cada un dels nivells: de I3 a 6\u00e8. Cada nivell t\u00e9 una p\u00e0gina en aquesta web on hi trobareu enlla\u00e7os a totes les activitats, not\u00edcies, projectes i esdeveniments que formen part de la vida del grup a l&#8217;escola. Podeu navegar pels [&hellip;]<\/p>\n","protected":false},"author":1,"featured_media":0,"parent":0,"menu_order":0,"comment_status":"closed","ping_status":"closed","template":"","meta":{"_bbp_topic_count":0,"_bbp_reply_count":0,"_bbp_total_topic_count":0,"_bbp_total_reply_count":0,"_bbp_voice_count":0,"_bbp_anonymous_reply_count":0,"_bbp_topic_count_hidden":0,"_bbp_reply_count_hidden":0,"_bbp_forum_subforum_count":0,"site-sidebar-layout":"default","site-content-layout":"","ast-site-content-layout":"default","site-content-style":"default","site-sidebar-style":"default","ast-global-header-display":"","ast-banner-title-visibility":"","ast-main-header-display":"","ast-hfb-above-header-display":"","ast-hfb-below-header-display":"","ast-hfb-mobile-header-display":"","site-post-title":"","ast-breadcrumbs-content":"","ast-featured-img":"","footer-sml-layout":"","theme-transparent-header-meta":"","adv-header-id-meta":"","stick-header-meta":"","header-above-stick-meta":"","header-main-stick-meta":"","header-below-stick-meta":"","astra-migrate-meta-layouts":"set","ast-page-background-enabled":"default","ast-page-background-meta":{"desktop":{"background-color":"var(--ast-global-color-4)","background-image":"","background-repeat":"repeat","background-position":"center center","background-size":"auto","background-attachment":"scroll","background-type":"","background-media":"","overlay-type":"","overlay-color":"","overlay-opacity":"","overlay-gradient":""},"tablet":{"background-color":"","background-image":"","background-repeat":"repeat","background-position":"center center","background-size":"auto","background-attachment":"scroll","background-type":"","background-media":"","overlay-type":"","overlay-color":"","overlay-opacity":"","overlay-gradient":""},"mobile":{"background-color":"","background-image":"","background-repeat":"repeat","background-position":"center center","background-size":"auto","background-attachment":"scroll","background-type":"","background-media":"","overlay-type":"","overlay-color":"","overlay-opacity":"","overlay-gradient":""}},"ast-content-background-meta":{"desktop":{"background-color":"var(--ast-global-color-5)","background-image":"","background-repeat":"repeat","background-position":"center center","background-size":"auto","background-attachment":"scroll","background-type":"","background-media":"","overlay-type":"","overlay-color":"","overlay-opacity":"","overlay-gradient":""},"tablet":{"background-color":"var(--ast-global-color-5)","background-image":"","background-repeat":"repeat","background-position":"center center","background-size":"auto","background-attachment":"scroll","background-type":"","background-media":"","overlay-type":"","overlay-color":"","overlay-opacity":"","overlay-gradient":""},"mobile":{"background-color":"var(--ast-global-color-5)","background-image":"","background-repeat":"repeat","background-position":"center center","background-size":"auto","background-attachment":"scroll","background-type":"","background-media":"","overlay-type":"","overlay-color":"","overlay-opacity":"","overlay-gradient":""}},"footnotes":""},"class_list":["post-87","page","type-page","status-publish","hentry"],"post_mailing_queue_ids":[],"_links":{"self":[{"href":"https:\/\/agora.xtec.cat\/ceiplloriana\/wp-json\/wp\/v2\/pages\/87","targetHints":{"allow":["GET"]}}],"collection":[{"href":"https:\/\/agora.xtec.cat\/ceiplloriana\/wp-json\/wp\/v2\/pages"}],"about":[{"href":"https:\/\/agora.xtec.cat\/ceiplloriana\/wp-json\/wp\/v2\/types\/page"}],"author":[{"embeddable":true,"href":"https:\/\/agora.xtec.cat\/ceiplloriana\/wp-json\/wp\/v2\/users\/1"}],"replies":[{"embeddable":true,"href":"https:\/\/agora.xtec.cat\/ceiplloriana\/wp-json\/wp\/v2\/comments?post=87"}],"version-history":[{"count":6,"href":"https:\/\/agora.xtec.cat\/ceiplloriana\/wp-json\/wp\/v2\/pages\/87\/revisions"}],"predecessor-version":[{"id":9022,"href":"https:\/\/agora.xtec.cat\/ceiplloriana\/wp-json\/wp\/v2\/pages\/87\/revisions\/9022"}],"wp:attachment":[{"href":"https:\/\/agora.xtec.cat\/ceiplloriana\/wp-json\/wp\/v2\/media?parent=87"}],"curies":[{"name":"wp","href":"https:\/\/api.w.org\/{rel}","templated":true}]}}