{"id":84,"date":"2014-09-18T14:11:31","date_gmt":"2014-09-18T13:11:31","guid":{"rendered":"http:\/\/agora.xtec.cat\/ceiplloriana\/?page_id=84"},"modified":"2025-09-10T11:30:49","modified_gmt":"2025-09-10T09:30:49","slug":"activitats-extraescolars","status":"publish","type":"page","link":"https:\/\/agora.xtec.cat\/ceiplloriana\/serveis\/activitats-extraescolars\/","title":{"rendered":"Activitats extraescolars"},"content":{"rendered":"<p style=\"color: #444444;\">L&#8217;AFA gestiona les activitats extraescolars del centre.<\/p>\n<p style=\"color: #444444;\">Les activitats es desenvolupen durant l&#8217;horari:<\/p>\n<ul>\n<li style=\"color: #444444;\">de migdia (no cal ser usuari del menjador)<\/li>\n<li style=\"color: #444444;\">de tarda<\/li>\n<\/ul>\n<p>Les activitats que es proposen es realitzen en funci\u00f3 del nombre d&#8217;alumnat inscrit. Es realitzen inscripcions durant el mes de setembre i a partir d&#8217;octubre s&#8217;inicien les activitats.<\/p>\n<p>Podeu trobar activitats d&#8217;Angl\u00e8s, Rob\u00f2tica i tecnologia, Explorant les emocions, Formaci\u00f3 musical, Mecanografia, Nataci\u00f3 (a la piscina de Torell\u00f3), Multiesports, H\u00edpica&#8230;<\/p>\n<p>Les activitats s&#8217;adrecen a diferents grups d&#8217;edat en funci\u00f3 dels interessos dels infants i de les fam\u00edlies i nom\u00e9s s&#8217;organitzen quan hi ha un m\u00ednim de nens inscrits.<\/p>\n<p><a href=\"https:\/\/drive.google.com\/file\/d\/12dHdODF19e4TgLQBxOKPVGsiraXGEClG\/view?usp=sharing\" target=\"_blank\" rel=\"noopener\">ENLLA\u00c7 A LA LLISTA D&#8217;ACTIVITATS EXTRAESCOLARS<\/a><\/p>\n","protected":false},"excerpt":{"rendered":"<p>L&#8217;AFA gestiona les activitats extraescolars del centre. Les activitats es desenvolupen durant l&#8217;horari: de migdia (no cal ser usuari del menjador) de tarda Les activitats que es proposen es realitzen en funci\u00f3 del nombre d&#8217;alumnat inscrit. Es realitzen inscripcions durant el mes de setembre i a partir d&#8217;octubre s&#8217;inicien les activitats. Podeu trobar activitats d&#8217;Angl\u00e8s, [&hellip;]<\/p>\n","protected":false},"author":1,"featured_media":0,"parent":66,"menu_order":60,"comment_status":"closed","ping_status":"closed","template":"","meta":{"_bbp_topic_count":0,"_bbp_reply_count":0,"_bbp_total_topic_count":0,"_bbp_total_reply_count":0,"_bbp_voice_count":0,"_bbp_anonymous_reply_count":0,"_bbp_topic_count_hidden":0,"_bbp_reply_count_hidden":0,"_bbp_forum_subforum_count":0,"site-sidebar-layout":"default","site-content-layout":"","ast-site-content-layout":"default","site-content-style":"default","site-sidebar-style":"default","ast-global-header-display":"","ast-banner-title-visibility":"","ast-main-header-display":"","ast-hfb-above-header-display":"","ast-hfb-below-header-display":"","ast-hfb-mobile-header-display":"","site-post-title":"","ast-breadcrumbs-content":"","ast-featured-img":"","footer-sml-layout":"","theme-transparent-header-meta":"default","adv-header-id-meta":"","stick-header-meta":"","header-above-stick-meta":"","header-main-stick-meta":"","header-below-stick-meta":"","astra-migrate-meta-layouts":"set","ast-page-background-enabled":"default","ast-page-background-meta":{"desktop":{"background-color":"var(--ast-global-color-4)","background-image":"","background-repeat":"repeat","background-position":"center center","background-size":"auto","background-attachment":"scroll","background-type":"","background-media":"","overlay-type":"","overlay-color":"","overlay-opacity":"","overlay-gradient":""},"tablet":{"background-color":"","background-image":"","background-repeat":"repeat","background-position":"center center","background-size":"auto","background-attachment":"scroll","background-type":"","background-media":"","overlay-type":"","overlay-color":"","overlay-opacity":"","overlay-gradient":""},"mobile":{"background-color":"","background-image":"","background-repeat":"repeat","background-position":"center center","background-size":"auto","background-attachment":"scroll","background-type":"","background-media":"","overlay-type":"","overlay-color":"","overlay-opacity":"","overlay-gradient":""}},"ast-content-background-meta":{"desktop":{"background-color":"var(--ast-global-color-5)","background-image":"","background-repeat":"repeat","background-position":"center center","background-size":"auto","background-attachment":"scroll","background-type":"","background-media":"","overlay-type":"","overlay-color":"","overlay-opacity":"","overlay-gradient":""},"tablet":{"background-color":"var(--ast-global-color-5)","background-image":"","background-repeat":"repeat","background-position":"center center","background-size":"auto","background-attachment":"scroll","background-type":"","background-media":"","overlay-type":"","overlay-color":"","overlay-opacity":"","overlay-gradient":""},"mobile":{"background-color":"var(--ast-global-color-5)","background-image":"","background-repeat":"repeat","background-position":"center center","background-size":"auto","background-attachment":"scroll","background-type":"","background-media":"","overlay-type":"","overlay-color":"","overlay-opacity":"","overlay-gradient":""}},"footnotes":""},"class_list":["post-84","page","type-page","status-publish","hentry"],"post_mailing_queue_ids":[],"_links":{"self":[{"href":"https:\/\/agora.xtec.cat\/ceiplloriana\/wp-json\/wp\/v2\/pages\/84","targetHints":{"allow":["GET"]}}],"collection":[{"href":"https:\/\/agora.xtec.cat\/ceiplloriana\/wp-json\/wp\/v2\/pages"}],"about":[{"href":"https:\/\/agora.xtec.cat\/ceiplloriana\/wp-json\/wp\/v2\/types\/page"}],"author":[{"embeddable":true,"href":"https:\/\/agora.xtec.cat\/ceiplloriana\/wp-json\/wp\/v2\/users\/1"}],"replies":[{"embeddable":true,"href":"https:\/\/agora.xtec.cat\/ceiplloriana\/wp-json\/wp\/v2\/comments?post=84"}],"version-history":[{"count":7,"href":"https:\/\/agora.xtec.cat\/ceiplloriana\/wp-json\/wp\/v2\/pages\/84\/revisions"}],"predecessor-version":[{"id":8800,"href":"https:\/\/agora.xtec.cat\/ceiplloriana\/wp-json\/wp\/v2\/pages\/84\/revisions\/8800"}],"up":[{"embeddable":true,"href":"https:\/\/agora.xtec.cat\/ceiplloriana\/wp-json\/wp\/v2\/pages\/66"}],"wp:attachment":[{"href":"https:\/\/agora.xtec.cat\/ceiplloriana\/wp-json\/wp\/v2\/media?parent=84"}],"curies":[{"name":"wp","href":"https:\/\/api.w.org\/{rel}","templated":true}]}}