{"id":8183,"date":"2023-01-04T18:48:54","date_gmt":"2023-01-04T17:48:54","guid":{"rendered":"https:\/\/agora.xtec.cat\/ceiplloriana\/?page_id=8183"},"modified":"2024-03-04T09:41:15","modified_gmt":"2024-03-04T08:41:15","slug":"estrategia-digital-de-centre","status":"publish","type":"page","link":"https:\/\/agora.xtec.cat\/ceiplloriana\/estrategia-digital-de-centre\/","title":{"rendered":"Estrat\u00e8gia Digital de Centre"},"content":{"rendered":"<p>L\u2019ESTRAT\u00c8GIA DIGITAL DE CENTRE (EDC<span style=\"font-family: inherit; font-size: 1em;\">) defineix i concreta les l\u00ednies d\u2019actuaci\u00f3 d\u2019un centre que fan possible que <\/span><strong style=\"font-family: inherit; font-size: 1em;\">docents, alumnat i centre<\/strong><span style=\"font-family: inherit; font-size: 1em;\">\u00a0assoleixin la compet\u00e8ncia digital.<\/span><\/p>\n<p>L\u2019Estrat\u00e8gia Digital de Centre t\u00e9 com a referent el <a href=\"https:\/\/educacio.gencat.cat\/web\/.content\/home\/departament\/publicacions\/colleccions\/pla-educacio-digital\/pla-educacio-digital-catalunya\/pla-educacio-digital.pdf\" target=\"_blank\" rel=\"noopener\">Pla d\u2019Educaci\u00f3 Digital de Catalunya (PEDC),<\/a> on s\u2019indica la necessitat d\u2019assolir la fita d\u2019una societat digitalment competent, fent \u00e8mfasi en l\u2019equitat i tenint en compte l\u2019evoluci\u00f3 del context social i tecnol\u00f2gic.<\/p>\n<p>A l&#8217;escola Lloriana durant els darrers anys s\u2019ha estat treballant per la digitalitzaci\u00f3 dels processos d\u2019ensenyament-aprenentatge, a fi de millorar la compet\u00e8ncia digital de l\u2019alumnat:<\/p>\n<ul>\n<li>s&#8217;ha incorporat a les aules el treball amb plataformes virtuals d&#8217;ensenyament-aprenentatge, a partir del Classroom i web-sites<\/li>\n<li>s&#8217;ha dotat de comptes de correu corporatiu als alumnes i als mestres per accedir a les aplicacions educatives de Workspace de Google.<\/li>\n<li>s&#8217;han utilitzat progressivament eines de comunicaci\u00f3 digital amb les fam\u00edlies.<\/li>\n<li>s&#8217;ha fet un esfor\u00e7 de renovaci\u00f3 i optimitzaci\u00f3 dels equipaments digitals i recursos de que disposa l&#8217;escola ampliar-los, actualitzar-los i reempla\u00e7ant el material obsolet.<\/li>\n<li>s\u00b4han gestionat les noves dotacions de maquinari per als alumnes de cicle superior i per al centre per fer-los rendibles i optimitzar-ne l&#8217;\u00fas.<\/li>\n<\/ul>\n<p>Ara, seguint les directius del Departament d&#8217;Ensenyament concretem i aprofundim aquest treball en un nou projecte que implica tota l&#8217;escola: l&#8217;ESTRAT\u00c8GIA DIGITAL DEL CENTRE<\/p>\n<p><iframe loading=\"lazy\" src=\"https:\/\/docs.google.com\/presentation\/d\/e\/2PACX-1vREnLCt9BPcBI1kZmoEGScuTfpy7dFtupAChXORCpBxM5EE-Zg1buCnzfIDSkzf8A\/embed?start=false&amp;loop=false&amp;delayms=60000\" width=\"960\" height=\"569\" frameborder=\"0\" allowfullscreen=\"allowfullscreen\"><\/iframe><\/p>\n<h5>L&#8217;ESTRAT\u00c8GIA DIGITAL DEL CENTRE\u00a0 S&#8217;ESTRUCTURA EN DOS EIXOS QUE ANIREM DESENVOLUPANT ELS PROPERS CURSOS:<\/h5>\n<ol>\n<li style=\"list-style-type: none;\">\n<ol>\n<li style=\"list-style-type: none;\">\n<ol>\n<li style=\"list-style-type: none;\">\n<ol>\n<li style=\"list-style-type: none;\">\n<ol>\n<li style=\"list-style-type: none;\">\n<ol>\n<li><a href=\"https:\/\/agora.xtec.cat\/ceiplloriana\/estrategia-digital-de-centre\/estrategia-digital-de-centre\/\" target=\"_blank\" rel=\"noopener\">ESTRAT\u00c8GIA<\/a><\/li>\n<li><a href=\"https:\/\/agora.xtec.cat\/ceiplloriana\/estrategia-digital-de-centre\/cultura-digital\/\" target=\"_blank\" rel=\"noopener\">CULTURA DIGITAL<\/a><\/li>\n<\/ol>\n<\/li>\n<\/ol>\n<\/li>\n<\/ol>\n<\/li>\n<\/ol>\n<\/li>\n<\/ol>\n<\/li>\n<\/ol>\n<p>Als enlla\u00e7os del men\u00fa lateral\u00a0 trobareu tota la informaci\u00f3 del treball que es va duent a terme<\/p>\n","protected":false},"excerpt":{"rendered":"<p>L\u2019ESTRAT\u00c8GIA DIGITAL DE CENTRE (EDC) defineix i concreta les l\u00ednies d\u2019actuaci\u00f3 d\u2019un centre que fan possible que docents, alumnat i centre\u00a0assoleixin la compet\u00e8ncia digital. L\u2019Estrat\u00e8gia Digital de Centre t\u00e9 com a referent el Pla d\u2019Educaci\u00f3 Digital de Catalunya (PEDC), on s\u2019indica la necessitat d\u2019assolir la fita d\u2019una societat digitalment competent, fent \u00e8mfasi en l\u2019equitat i [&hellip;]<\/p>\n","protected":false},"author":1,"featured_media":0,"parent":0,"menu_order":0,"comment_status":"closed","ping_status":"closed","template":"page-templates\/side-menu.php","meta":{"_bbp_topic_count":0,"_bbp_reply_count":0,"_bbp_total_topic_count":0,"_bbp_total_reply_count":0,"_bbp_voice_count":0,"_bbp_anonymous_reply_count":0,"_bbp_topic_count_hidden":0,"_bbp_reply_count_hidden":0,"_bbp_forum_subforum_count":0,"site-sidebar-layout":"default","site-content-layout":"","ast-site-content-layout":"","site-content-style":"default","site-sidebar-style":"default","ast-global-header-display":"","ast-banner-title-visibility":"","ast-main-header-display":"","ast-hfb-above-header-display":"","ast-hfb-below-header-display":"","ast-hfb-mobile-header-display":"","site-post-title":"","ast-breadcrumbs-content":"","ast-featured-img":"","footer-sml-layout":"","theme-transparent-header-meta":"","adv-header-id-meta":"","stick-header-meta":"","header-above-stick-meta":"","header-main-stick-meta":"","header-below-stick-meta":"","astra-migrate-meta-layouts":"default","ast-page-background-enabled":"default","ast-page-background-meta":{"desktop":{"background-color":"var(--ast-global-color-4)","background-image":"","background-repeat":"repeat","background-position":"center center","background-size":"auto","background-attachment":"scroll","background-type":"","background-media":"","overlay-type":"","overlay-color":"","overlay-opacity":"","overlay-gradient":""},"tablet":{"background-color":"","background-image":"","background-repeat":"repeat","background-position":"center center","background-size":"auto","background-attachment":"scroll","background-type":"","background-media":"","overlay-type":"","overlay-color":"","overlay-opacity":"","overlay-gradient":""},"mobile":{"background-color":"","background-image":"","background-repeat":"repeat","background-position":"center center","background-size":"auto","background-attachment":"scroll","background-type":"","background-media":"","overlay-type":"","overlay-color":"","overlay-opacity":"","overlay-gradient":""}},"ast-content-background-meta":{"desktop":{"background-color":"var(--ast-global-color-5)","background-image":"","background-repeat":"repeat","background-position":"center center","background-size":"auto","background-attachment":"scroll","background-type":"","background-media":"","overlay-type":"","overlay-color":"","overlay-opacity":"","overlay-gradient":""},"tablet":{"background-color":"var(--ast-global-color-5)","background-image":"","background-repeat":"repeat","background-position":"center center","background-size":"auto","background-attachment":"scroll","background-type":"","background-media":"","overlay-type":"","overlay-color":"","overlay-opacity":"","overlay-gradient":""},"mobile":{"background-color":"var(--ast-global-color-5)","background-image":"","background-repeat":"repeat","background-position":"center center","background-size":"auto","background-attachment":"scroll","background-type":"","background-media":"","overlay-type":"","overlay-color":"","overlay-opacity":"","overlay-gradient":""}},"footnotes":""},"class_list":["post-8183","page","type-page","status-publish","hentry"],"post_mailing_queue_ids":[],"_links":{"self":[{"href":"https:\/\/agora.xtec.cat\/ceiplloriana\/wp-json\/wp\/v2\/pages\/8183","targetHints":{"allow":["GET"]}}],"collection":[{"href":"https:\/\/agora.xtec.cat\/ceiplloriana\/wp-json\/wp\/v2\/pages"}],"about":[{"href":"https:\/\/agora.xtec.cat\/ceiplloriana\/wp-json\/wp\/v2\/types\/page"}],"author":[{"embeddable":true,"href":"https:\/\/agora.xtec.cat\/ceiplloriana\/wp-json\/wp\/v2\/users\/1"}],"replies":[{"embeddable":true,"href":"https:\/\/agora.xtec.cat\/ceiplloriana\/wp-json\/wp\/v2\/comments?post=8183"}],"version-history":[{"count":5,"href":"https:\/\/agora.xtec.cat\/ceiplloriana\/wp-json\/wp\/v2\/pages\/8183\/revisions"}],"predecessor-version":[{"id":8521,"href":"https:\/\/agora.xtec.cat\/ceiplloriana\/wp-json\/wp\/v2\/pages\/8183\/revisions\/8521"}],"wp:attachment":[{"href":"https:\/\/agora.xtec.cat\/ceiplloriana\/wp-json\/wp\/v2\/media?parent=8183"}],"curies":[{"name":"wp","href":"https:\/\/api.w.org\/{rel}","templated":true}]}}