{"id":80,"date":"2014-09-18T14:09:48","date_gmt":"2014-09-18T13:09:48","guid":{"rendered":"http:\/\/agora.xtec.cat\/ceiplloriana\/?page_id=80"},"modified":"2016-08-31T16:35:23","modified_gmt":"2016-08-31T14:35:23","slug":"transport-escolar","status":"publish","type":"page","link":"https:\/\/agora.xtec.cat\/ceiplloriana\/serveis\/transport-escolar\/","title":{"rendered":"Transport Escolar"},"content":{"rendered":"<ul>\n<li>L&#8217;escola ofereix servei de transport escolar col.lectiu (TEC)\n<ul>\n<li>Horari: mat\u00ed \u00a0\/ tarda<\/li>\n<li>Parades: Or\u00eds &#8211; Borgony\u00e0 &#8211; Vila-seca<\/li>\n<\/ul>\n<\/li>\n<li>Els alumnes d&#8217;Or\u00eds tenen el TEC subvencionat al 100% pel Consell Comarcal d&#8217;Osona(CCO)<\/li>\n<li>Els alumnes de Vila-seca i Borgony\u00e0 poden sol.licitar aquest servei \u00a0per\u00f2 actualment ja no \u00e9s subvencionat. L&#8217;Ajuntament t\u00e9 un acord vigent\u00a0fins a desembre de 2016 amb l&#8217;escola que bonifica el transport redu\u00efnt el cost:\n<ul>\n<li>\u00a0en un 50% pels alumnes de Vila-seca<\/li>\n<li>en un 100% pels alumnes de Borgony\u00e0<\/li>\n<\/ul>\n<\/li>\n<li>Beques i ajuts:\n<ul>\n<li>Les fam\u00edlies que tinguin una dist\u00e0ncia de m\u00e9s de 2 km. \u00a0des de casa a l&#8217;escola poden sol.licitar al Consell Comarcal d&#8217;Osona un Ajut Individual de Despla\u00e7ament (AID)<\/li>\n<li>Les fam\u00edlies d&#8217;Or\u00eds que ja es beneficien de TEC tamb\u00e9 poden sol.licitar-lo de manera complement\u00e0ria si la dist\u00e0ncia entre la resid\u00e8ncia familiar i la parada del transport supera els 2 km.<\/li>\n<li>Des de l&#8217;escola es lliurar\u00e0 la informaci\u00f3 neces\u00e0ria per sol.licitar aquests ajuts<\/li>\n<\/ul>\n<\/li>\n<\/ul>\n","protected":false},"excerpt":{"rendered":"<p>L&#8217;escola ofereix servei de transport escolar col.lectiu (TEC) Horari: mat\u00ed \u00a0\/ tarda Parades: Or\u00eds &#8211; Borgony\u00e0 &#8211; Vila-seca Els alumnes d&#8217;Or\u00eds tenen el TEC subvencionat al 100% pel Consell Comarcal d&#8217;Osona(CCO) Els alumnes de Vila-seca i Borgony\u00e0 poden sol.licitar aquest servei \u00a0per\u00f2 actualment ja no \u00e9s subvencionat. L&#8217;Ajuntament t\u00e9 un acord vigent\u00a0fins a desembre de [&hellip;]<\/p>\n","protected":false},"author":1,"featured_media":0,"parent":66,"menu_order":40,"comment_status":"closed","ping_status":"closed","template":"page-templates\/side-menu.php","meta":{"_bbp_topic_count":0,"_bbp_reply_count":0,"_bbp_total_topic_count":0,"_bbp_total_reply_count":0,"_bbp_voice_count":0,"_bbp_anonymous_reply_count":0,"_bbp_topic_count_hidden":0,"_bbp_reply_count_hidden":0,"_bbp_forum_subforum_count":0,"site-sidebar-layout":"default","site-content-layout":"","ast-site-content-layout":"","site-content-style":"default","site-sidebar-style":"default","ast-global-header-display":"","ast-banner-title-visibility":"","ast-main-header-display":"","ast-hfb-above-header-display":"","ast-hfb-below-header-display":"","ast-hfb-mobile-header-display":"","site-post-title":"","ast-breadcrumbs-content":"","ast-featured-img":"","footer-sml-layout":"","theme-transparent-header-meta":"","adv-header-id-meta":"","stick-header-meta":"","header-above-stick-meta":"","header-main-stick-meta":"","header-below-stick-meta":"","astra-migrate-meta-layouts":"default","ast-page-background-enabled":"default","ast-page-background-meta":{"desktop":{"background-color":"var(--ast-global-color-4)","background-image":"","background-repeat":"repeat","background-position":"center center","background-size":"auto","background-attachment":"scroll","background-type":"","background-media":"","overlay-type":"","overlay-color":"","overlay-opacity":"","overlay-gradient":""},"tablet":{"background-color":"","background-image":"","background-repeat":"repeat","background-position":"center center","background-size":"auto","background-attachment":"scroll","background-type":"","background-media":"","overlay-type":"","overlay-color":"","overlay-opacity":"","overlay-gradient":""},"mobile":{"background-color":"","background-image":"","background-repeat":"repeat","background-position":"center center","background-size":"auto","background-attachment":"scroll","background-type":"","background-media":"","overlay-type":"","overlay-color":"","overlay-opacity":"","overlay-gradient":""}},"ast-content-background-meta":{"desktop":{"background-color":"var(--ast-global-color-5)","background-image":"","background-repeat":"repeat","background-position":"center center","background-size":"auto","background-attachment":"scroll","background-type":"","background-media":"","overlay-type":"","overlay-color":"","overlay-opacity":"","overlay-gradient":""},"tablet":{"background-color":"var(--ast-global-color-5)","background-image":"","background-repeat":"repeat","background-position":"center center","background-size":"auto","background-attachment":"scroll","background-type":"","background-media":"","overlay-type":"","overlay-color":"","overlay-opacity":"","overlay-gradient":""},"mobile":{"background-color":"var(--ast-global-color-5)","background-image":"","background-repeat":"repeat","background-position":"center center","background-size":"auto","background-attachment":"scroll","background-type":"","background-media":"","overlay-type":"","overlay-color":"","overlay-opacity":"","overlay-gradient":""}},"footnotes":""},"class_list":["post-80","page","type-page","status-publish","hentry"],"post_mailing_queue_ids":[],"_links":{"self":[{"href":"https:\/\/agora.xtec.cat\/ceiplloriana\/wp-json\/wp\/v2\/pages\/80","targetHints":{"allow":["GET"]}}],"collection":[{"href":"https:\/\/agora.xtec.cat\/ceiplloriana\/wp-json\/wp\/v2\/pages"}],"about":[{"href":"https:\/\/agora.xtec.cat\/ceiplloriana\/wp-json\/wp\/v2\/types\/page"}],"author":[{"embeddable":true,"href":"https:\/\/agora.xtec.cat\/ceiplloriana\/wp-json\/wp\/v2\/users\/1"}],"replies":[{"embeddable":true,"href":"https:\/\/agora.xtec.cat\/ceiplloriana\/wp-json\/wp\/v2\/comments?post=80"}],"version-history":[{"count":3,"href":"https:\/\/agora.xtec.cat\/ceiplloriana\/wp-json\/wp\/v2\/pages\/80\/revisions"}],"predecessor-version":[{"id":755,"href":"https:\/\/agora.xtec.cat\/ceiplloriana\/wp-json\/wp\/v2\/pages\/80\/revisions\/755"}],"up":[{"embeddable":true,"href":"https:\/\/agora.xtec.cat\/ceiplloriana\/wp-json\/wp\/v2\/pages\/66"}],"wp:attachment":[{"href":"https:\/\/agora.xtec.cat\/ceiplloriana\/wp-json\/wp\/v2\/media?parent=80"}],"curies":[{"name":"wp","href":"https:\/\/api.w.org\/{rel}","templated":true}]}}