{"id":761,"date":"2016-08-31T17:15:30","date_gmt":"2016-08-31T15:15:30","guid":{"rendered":"http:\/\/agora.xtec.cat\/ceiplloriana\/?page_id=761"},"modified":"2024-03-04T10:18:36","modified_gmt":"2024-03-04T09:18:36","slug":"serveis-educatius","status":"publish","type":"page","link":"https:\/\/agora.xtec.cat\/ceiplloriana\/lescola\/serveis-educatius\/","title":{"rendered":"Serveis Educatius"},"content":{"rendered":"<p>L&#8217;escola treballa amb l&#8217;Equip d&#8217;Assessorament Psicopedag\u00f2gic (EAP).<\/p>\n<p>L&#8217;EAP col.labora amb la tasca docent oferint ajuda, orientaci\u00f3 i seguiment \u00a0per treballar amb alumnes que presenten una \u00e0mplia tipologia de dificultats: de conducta, d&#8217;aprenentatge, de desenvolupament maduratiu &#8230;<\/p>\n<p>Dins l&#8217;horari lectiu\u00a0(en funci\u00f3 de les necessitats de l&#8217;escola cada curs s&#8217;estableix un horari variable) una psicopedagoga assignada des de l&#8217;EAP d&#8217;Osona ve a l&#8217;escola peri\u00f2dicament i desenvolupa diferents tasques:<\/p>\n<ul>\n<li>seguiment \u00a0amb els alumnes<\/li>\n<li>assessorament dels tutors<\/li>\n<li>coordinaci\u00f3 amb la mestra d&#8217;Educaci\u00f3 Especial<\/li>\n<li>entrevistes amb les fam\u00edlies<\/li>\n<li>etc&#8230;<\/li>\n<\/ul>\n<p>Professionals especialistes en: Psicopedagogia, Orientaci\u00f3 Educativa, Treball social, Psicoterapeuta, Assesoria LIC&#8230;<\/p>\n<p>Qualsevol intervenci\u00f3 d&#8217;aquests especialistes \u00e9s consensuada i autoritzada pr\u00e8viament per les fam\u00edlies.<\/p>\n<p>A trav\u00e9s de \u00a0l&#8217;EAP els alumnes poden accedir a serveis m\u00e9s espec\u00edfics amb qui l&#8217;escola tamb\u00e9 col.labora\u00a0i es coordina quan \u00e9s necessari:<\/p>\n<ul>\n<li>TRIS-TRAS<\/li>\n<li>LOGOP\u00c8DIA<\/li>\n<li>CREDA<\/li>\n<\/ul>\n<p>M\u00e9s informaci\u00f3 sobre l&#8217;EAP d&#8217;Osona:<\/p>\n<p><a href=\"https:\/\/serveiseducatius.xtec.cat\/osona\/categoria\/eap\/\">https:\/\/serveiseducatius.xtec.cat\/osona\/categoria\/eap\/<\/a><\/p>\n<p>&nbsp;<\/p>\n","protected":false},"excerpt":{"rendered":"<p>L&#8217;escola treballa amb l&#8217;Equip d&#8217;Assessorament Psicopedag\u00f2gic (EAP). L&#8217;EAP col.labora amb la tasca docent oferint ajuda, orientaci\u00f3 i seguiment \u00a0per treballar amb alumnes que presenten una \u00e0mplia tipologia de dificultats: de conducta, d&#8217;aprenentatge, de desenvolupament maduratiu &#8230; Dins l&#8217;horari lectiu\u00a0(en funci\u00f3 de les necessitats de l&#8217;escola cada curs s&#8217;estableix un horari variable) una psicopedagoga assignada des [&hellip;]<\/p>\n","protected":false},"author":1,"featured_media":0,"parent":22,"menu_order":0,"comment_status":"closed","ping_status":"closed","template":"page-templates\/side-menu.php","meta":{"_bbp_topic_count":0,"_bbp_reply_count":0,"_bbp_total_topic_count":0,"_bbp_total_reply_count":0,"_bbp_voice_count":0,"_bbp_anonymous_reply_count":0,"_bbp_topic_count_hidden":0,"_bbp_reply_count_hidden":0,"_bbp_forum_subforum_count":0,"site-sidebar-layout":"default","site-content-layout":"","ast-site-content-layout":"","site-content-style":"default","site-sidebar-style":"default","ast-global-header-display":"","ast-banner-title-visibility":"","ast-main-header-display":"","ast-hfb-above-header-display":"","ast-hfb-below-header-display":"","ast-hfb-mobile-header-display":"","site-post-title":"","ast-breadcrumbs-content":"","ast-featured-img":"","footer-sml-layout":"","theme-transparent-header-meta":"","adv-header-id-meta":"","stick-header-meta":"","header-above-stick-meta":"","header-main-stick-meta":"","header-below-stick-meta":"","astra-migrate-meta-layouts":"default","ast-page-background-enabled":"default","ast-page-background-meta":{"desktop":{"background-color":"var(--ast-global-color-4)","background-image":"","background-repeat":"repeat","background-position":"center center","background-size":"auto","background-attachment":"scroll","background-type":"","background-media":"","overlay-type":"","overlay-color":"","overlay-opacity":"","overlay-gradient":""},"tablet":{"background-color":"","background-image":"","background-repeat":"repeat","background-position":"center center","background-size":"auto","background-attachment":"scroll","background-type":"","background-media":"","overlay-type":"","overlay-color":"","overlay-opacity":"","overlay-gradient":""},"mobile":{"background-color":"","background-image":"","background-repeat":"repeat","background-position":"center center","background-size":"auto","background-attachment":"scroll","background-type":"","background-media":"","overlay-type":"","overlay-color":"","overlay-opacity":"","overlay-gradient":""}},"ast-content-background-meta":{"desktop":{"background-color":"var(--ast-global-color-5)","background-image":"","background-repeat":"repeat","background-position":"center center","background-size":"auto","background-attachment":"scroll","background-type":"","background-media":"","overlay-type":"","overlay-color":"","overlay-opacity":"","overlay-gradient":""},"tablet":{"background-color":"var(--ast-global-color-5)","background-image":"","background-repeat":"repeat","background-position":"center center","background-size":"auto","background-attachment":"scroll","background-type":"","background-media":"","overlay-type":"","overlay-color":"","overlay-opacity":"","overlay-gradient":""},"mobile":{"background-color":"var(--ast-global-color-5)","background-image":"","background-repeat":"repeat","background-position":"center center","background-size":"auto","background-attachment":"scroll","background-type":"","background-media":"","overlay-type":"","overlay-color":"","overlay-opacity":"","overlay-gradient":""}},"footnotes":""},"class_list":["post-761","page","type-page","status-publish","hentry"],"post_mailing_queue_ids":[],"_links":{"self":[{"href":"https:\/\/agora.xtec.cat\/ceiplloriana\/wp-json\/wp\/v2\/pages\/761","targetHints":{"allow":["GET"]}}],"collection":[{"href":"https:\/\/agora.xtec.cat\/ceiplloriana\/wp-json\/wp\/v2\/pages"}],"about":[{"href":"https:\/\/agora.xtec.cat\/ceiplloriana\/wp-json\/wp\/v2\/types\/page"}],"author":[{"embeddable":true,"href":"https:\/\/agora.xtec.cat\/ceiplloriana\/wp-json\/wp\/v2\/users\/1"}],"replies":[{"embeddable":true,"href":"https:\/\/agora.xtec.cat\/ceiplloriana\/wp-json\/wp\/v2\/comments?post=761"}],"version-history":[{"count":5,"href":"https:\/\/agora.xtec.cat\/ceiplloriana\/wp-json\/wp\/v2\/pages\/761\/revisions"}],"predecessor-version":[{"id":8425,"href":"https:\/\/agora.xtec.cat\/ceiplloriana\/wp-json\/wp\/v2\/pages\/761\/revisions\/8425"}],"up":[{"embeddable":true,"href":"https:\/\/agora.xtec.cat\/ceiplloriana\/wp-json\/wp\/v2\/pages\/22"}],"wp:attachment":[{"href":"https:\/\/agora.xtec.cat\/ceiplloriana\/wp-json\/wp\/v2\/media?parent=761"}],"curies":[{"name":"wp","href":"https:\/\/api.w.org\/{rel}","templated":true}]}}