{"id":73,"date":"2016-08-01T14:01:51","date_gmt":"2016-08-01T12:01:51","guid":{"rendered":"http:\/\/agora.xtec.cat\/ceiplloriana\/?page_id=73"},"modified":"2024-02-27T19:08:00","modified_gmt":"2024-02-27T18:08:00","slug":"menjador-escolar","status":"publish","type":"page","link":"https:\/\/agora.xtec.cat\/ceiplloriana\/serveis\/menjador-escolar\/","title":{"rendered":"Menjador escolar"},"content":{"rendered":"<ul>\n<li>L&#8217;AFA gestiona el servei de menjador de l&#8217;escola a trav\u00e9s d&#8217;un conveni amb el Consell Comarcal i l&#8217;escola.<\/li>\n<li>L&#8217;escola disposa de cuina pr\u00f2pia on s&#8217;elaboren men\u00fas equilibrats, amb producte de proximitat i de temporada.<\/li>\n<li>L&#8217;equip de menjador est\u00e0 format per la cuinera i l&#8217;ajudant de cuina; una coordinadora i un equip de monitors\/es.<\/li>\n<li>De l&#8217;organitzaci\u00f3 se n&#8217;encarrega\u00a0 la coordinadora i un grup de monitors que dirigeixen les activitats dels alumnes en l&#8217;horari que va de 1\/4 d&#8217;1 del migdia a les 3 de la tarda.<\/li>\n<li>Cada grup d&#8217;edat t\u00e9 uns monitors\/es de refer\u00e8ncia.<\/li>\n<li>Hi ha dos torns de menjador :\n<ul>\n<li>Primer torn (12:15 &#8211; 13:00h): alumnes d&#8217;educaci\u00f3 infantil.<\/li>\n<li>Segon torn (13:05 &#8211; 13:50h): alumnes de primer, segon i tercer.<\/li>\n<li>Tercer torn (14:00 &#8211; 14:45h): alumnes de quart, cinqu\u00e8 i sis\u00e8<\/li>\n<\/ul>\n<\/li>\n<li>Activitats dels alumnes:\n<ul>\n<li>Els alumnes de I3, despr\u00e9s de dinar fan la migdiada<\/li>\n<li>Els alumnes de I4 i I5 fan activitats dirigides i joc lliure<\/li>\n<li>Els alumnes de Prim\u00e0ria abans de dinar tenen a la seva disposici\u00f3 espais de treball personal per fer activitats o deures \u00a0i despr\u00e9s de dinar joc lliure al pati<\/li>\n<\/ul>\n<\/li>\n<li>S&#8217;informa trimestralment a les fam\u00edlies dels men\u00fas i es lliura un informe de l&#8217;alumne<\/li>\n<\/ul>\n<p>Men\u00fa carmanyola per sortides de tot el dia: pasta, carn arrebossada, pa, fruita i aigua.<\/p>\n<ul>\n<li>Beques i ajudes\n<ul>\n<li>Els alumnes d&#8217;Or\u00eds tenen el menjador subvencionat al 100% pel Consell Comarcal d&#8217;Osona(CCO). La sol\u00b7licitud s&#8217;ha de fer anualment.<\/li>\n<li>Les fam\u00edlies que per raons socials o econ\u00f2miques compleixin les condicions que estableix el CCO tamb\u00e9 poden sol\u00b7licitar Ajuts Individuals de Menjador. L&#8217;escola lliura la informaci\u00f3 necess\u00e0ria per a fer les sol\u00b7licituds cada curs.<\/li>\n<\/ul>\n<\/li>\n<\/ul>\n<p>&nbsp;<\/p>\n","protected":false},"excerpt":{"rendered":"<p>L&#8217;AFA gestiona el servei de menjador de l&#8217;escola a trav\u00e9s d&#8217;un conveni amb el Consell Comarcal i l&#8217;escola. L&#8217;escola disposa de cuina pr\u00f2pia on s&#8217;elaboren men\u00fas equilibrats, amb producte de proximitat i de temporada. L&#8217;equip de menjador est\u00e0 format per la cuinera i l&#8217;ajudant de cuina; una coordinadora i un equip de monitors\/es. De l&#8217;organitzaci\u00f3 [&hellip;]<\/p>\n","protected":false},"author":1,"featured_media":0,"parent":66,"menu_order":30,"comment_status":"closed","ping_status":"closed","template":"page-templates\/side-menu.php","meta":{"_bbp_topic_count":0,"_bbp_reply_count":0,"_bbp_total_topic_count":0,"_bbp_total_reply_count":0,"_bbp_voice_count":0,"_bbp_anonymous_reply_count":0,"_bbp_topic_count_hidden":0,"_bbp_reply_count_hidden":0,"_bbp_forum_subforum_count":0,"site-sidebar-layout":"default","site-content-layout":"","ast-site-content-layout":"","site-content-style":"default","site-sidebar-style":"default","ast-global-header-display":"","ast-banner-title-visibility":"","ast-main-header-display":"","ast-hfb-above-header-display":"","ast-hfb-below-header-display":"","ast-hfb-mobile-header-display":"","site-post-title":"","ast-breadcrumbs-content":"","ast-featured-img":"","footer-sml-layout":"","theme-transparent-header-meta":"","adv-header-id-meta":"","stick-header-meta":"","header-above-stick-meta":"","header-main-stick-meta":"","header-below-stick-meta":"","astra-migrate-meta-layouts":"default","ast-page-background-enabled":"default","ast-page-background-meta":{"desktop":{"background-color":"var(--ast-global-color-4)","background-image":"","background-repeat":"repeat","background-position":"center center","background-size":"auto","background-attachment":"scroll","background-type":"","background-media":"","overlay-type":"","overlay-color":"","overlay-opacity":"","overlay-gradient":""},"tablet":{"background-color":"","background-image":"","background-repeat":"repeat","background-position":"center center","background-size":"auto","background-attachment":"scroll","background-type":"","background-media":"","overlay-type":"","overlay-color":"","overlay-opacity":"","overlay-gradient":""},"mobile":{"background-color":"","background-image":"","background-repeat":"repeat","background-position":"center center","background-size":"auto","background-attachment":"scroll","background-type":"","background-media":"","overlay-type":"","overlay-color":"","overlay-opacity":"","overlay-gradient":""}},"ast-content-background-meta":{"desktop":{"background-color":"var(--ast-global-color-5)","background-image":"","background-repeat":"repeat","background-position":"center center","background-size":"auto","background-attachment":"scroll","background-type":"","background-media":"","overlay-type":"","overlay-color":"","overlay-opacity":"","overlay-gradient":""},"tablet":{"background-color":"var(--ast-global-color-5)","background-image":"","background-repeat":"repeat","background-position":"center center","background-size":"auto","background-attachment":"scroll","background-type":"","background-media":"","overlay-type":"","overlay-color":"","overlay-opacity":"","overlay-gradient":""},"mobile":{"background-color":"var(--ast-global-color-5)","background-image":"","background-repeat":"repeat","background-position":"center center","background-size":"auto","background-attachment":"scroll","background-type":"","background-media":"","overlay-type":"","overlay-color":"","overlay-opacity":"","overlay-gradient":""}},"footnotes":""},"class_list":["post-73","page","type-page","status-publish","hentry"],"post_mailing_queue_ids":[],"_links":{"self":[{"href":"https:\/\/agora.xtec.cat\/ceiplloriana\/wp-json\/wp\/v2\/pages\/73","targetHints":{"allow":["GET"]}}],"collection":[{"href":"https:\/\/agora.xtec.cat\/ceiplloriana\/wp-json\/wp\/v2\/pages"}],"about":[{"href":"https:\/\/agora.xtec.cat\/ceiplloriana\/wp-json\/wp\/v2\/types\/page"}],"author":[{"embeddable":true,"href":"https:\/\/agora.xtec.cat\/ceiplloriana\/wp-json\/wp\/v2\/users\/1"}],"replies":[{"embeddable":true,"href":"https:\/\/agora.xtec.cat\/ceiplloriana\/wp-json\/wp\/v2\/comments?post=73"}],"version-history":[{"count":7,"href":"https:\/\/agora.xtec.cat\/ceiplloriana\/wp-json\/wp\/v2\/pages\/73\/revisions"}],"predecessor-version":[{"id":8444,"href":"https:\/\/agora.xtec.cat\/ceiplloriana\/wp-json\/wp\/v2\/pages\/73\/revisions\/8444"}],"up":[{"embeddable":true,"href":"https:\/\/agora.xtec.cat\/ceiplloriana\/wp-json\/wp\/v2\/pages\/66"}],"wp:attachment":[{"href":"https:\/\/agora.xtec.cat\/ceiplloriana\/wp-json\/wp\/v2\/media?parent=73"}],"curies":[{"name":"wp","href":"https:\/\/api.w.org\/{rel}","templated":true}]}}