{"id":71,"date":"2014-09-18T12:44:56","date_gmt":"2014-09-18T11:44:56","guid":{"rendered":"http:\/\/agora.xtec.cat\/ceiplloriana\/?page_id=71"},"modified":"2020-03-05T21:44:25","modified_gmt":"2020-03-05T20:44:25","slug":"serveis-digitals","status":"publish","type":"page","link":"https:\/\/agora.xtec.cat\/ceiplloriana\/lescola\/serveis-digitals\/","title":{"rendered":"Serveis digitals"},"content":{"rendered":"<p>L&#8217;oferta de <strong>serveis\u00a0digitals\u00a0<\/strong>\u00a0del centre:<\/p>\n<p><strong><span style=\"text-decoration: underline;\">Comunicaci\u00f3 amb les fam\u00edlies a trav\u00e9s de G-mail<\/span><\/strong><\/p>\n<p>Totes aquelles fam\u00edlies que ho vulguin poden autoritzar la comunicaci\u00f3 amb l&#8217;escola a trav\u00e9s del correu electr\u00f2nic (full d&#8217;autoritzaci\u00f3 que es gestiona des de secretaria del centre). A trav\u00e9s del correu electr\u00f2nic es reben informacions:<\/p>\n<ul>\n<li>activitats generals del centre<\/li>\n<li>informes d&#8217;avalauaci\u00f3 dels alumnes<\/li>\n<li>informacions de l&#8217;AMPA<\/li>\n<\/ul>\n<p><strong><span style=\"text-decoration: underline;\">Comunicaci\u00f3 amb les fam\u00edlies a trav\u00e9s de WhatsApp<\/span><\/strong><\/p>\n<p>Totes aquelles fam\u00edlies que ho vulguin (pr\u00e8via autoritzaci\u00f3 escrita) poden tenir informacions de l&#8217;escola \u00a0i de l&#8217;AMPA a trav\u00e9s del servei de missatgeria instant\u00e0nia<strong> <span style=\"text-decoration: underline;\">WhatsApp<\/span><\/strong><\/p>\n<ul>\n<li>Es tracta d&#8217;un aplicatiu que cada usuari s&#8217;ha de descarregar al seu aparell (tel\u00e8fon m\u00f2bil o tauleta) a trav\u00e9s de Google Store<\/li>\n<li>Cal entrar el tel\u00e8fon de l&#8217;escola lloriana com a contacte(93 859 3992 \/ 620 65 11 46), de manera\u00a0 que l&#8217;aplicatiu\u00a0 WhatsApp l&#8217;identifiqui i acceptar-lo<\/li>\n<li>Permet rebre missatges de les activitats del centre nom\u00e9s a nivell informatiu.<\/li>\n<\/ul>\n<p><span style=\"text-decoration: underline;\"><strong>P\u00e0gina web del centre<\/strong><\/span><\/p>\n<p>El centre t\u00e9 una p\u00e0gina web allotjada a la seg\u00fcent adre\u00e7a<\/p>\n<p><a href=\"http:\/\/agora.xtec.cat\/ceiplloriana\/\">http:\/\/agora.xtec.cat\/ceiplloriana\/<\/a><\/p>\n<p>Hi trobareu<\/p>\n<ul>\n<li>informaci\u00f3 general sobre les caracter\u00edstiques del centre<\/li>\n<li>noticies i novetats del curs actual<\/li>\n<li>informacions sobre els grups, activitats, fotos&#8230;<\/li>\n<li>informacions de l&#8217;AMPA i els serveis que ofereix<\/li>\n<li>etc<\/li>\n<\/ul>\n<p>&nbsp;<\/p>\n","protected":false},"excerpt":{"rendered":"<p>L&#8217;oferta de serveis\u00a0digitals\u00a0\u00a0del centre: Comunicaci\u00f3 amb les fam\u00edlies a trav\u00e9s de G-mail Totes aquelles fam\u00edlies que ho vulguin poden autoritzar la comunicaci\u00f3 amb l&#8217;escola a trav\u00e9s del correu electr\u00f2nic (full d&#8217;autoritzaci\u00f3 que es gestiona des de secretaria del centre). A trav\u00e9s del correu electr\u00f2nic es reben informacions: activitats generals del centre informes d&#8217;avalauaci\u00f3 dels alumnes [&hellip;]<\/p>\n","protected":false},"author":1,"featured_media":0,"parent":22,"menu_order":10,"comment_status":"closed","ping_status":"closed","template":"page-templates\/side-menu.php","meta":{"_bbp_topic_count":0,"_bbp_reply_count":0,"_bbp_total_topic_count":0,"_bbp_total_reply_count":0,"_bbp_voice_count":0,"_bbp_anonymous_reply_count":0,"_bbp_topic_count_hidden":0,"_bbp_reply_count_hidden":0,"_bbp_forum_subforum_count":0,"site-sidebar-layout":"default","site-content-layout":"","ast-site-content-layout":"","site-content-style":"default","site-sidebar-style":"default","ast-global-header-display":"","ast-banner-title-visibility":"","ast-main-header-display":"","ast-hfb-above-header-display":"","ast-hfb-below-header-display":"","ast-hfb-mobile-header-display":"","site-post-title":"","ast-breadcrumbs-content":"","ast-featured-img":"","footer-sml-layout":"","theme-transparent-header-meta":"","adv-header-id-meta":"","stick-header-meta":"","header-above-stick-meta":"","header-main-stick-meta":"","header-below-stick-meta":"","astra-migrate-meta-layouts":"default","ast-page-background-enabled":"default","ast-page-background-meta":{"desktop":{"background-color":"var(--ast-global-color-4)","background-image":"","background-repeat":"repeat","background-position":"center center","background-size":"auto","background-attachment":"scroll","background-type":"","background-media":"","overlay-type":"","overlay-color":"","overlay-opacity":"","overlay-gradient":""},"tablet":{"background-color":"","background-image":"","background-repeat":"repeat","background-position":"center center","background-size":"auto","background-attachment":"scroll","background-type":"","background-media":"","overlay-type":"","overlay-color":"","overlay-opacity":"","overlay-gradient":""},"mobile":{"background-color":"","background-image":"","background-repeat":"repeat","background-position":"center center","background-size":"auto","background-attachment":"scroll","background-type":"","background-media":"","overlay-type":"","overlay-color":"","overlay-opacity":"","overlay-gradient":""}},"ast-content-background-meta":{"desktop":{"background-color":"var(--ast-global-color-5)","background-image":"","background-repeat":"repeat","background-position":"center center","background-size":"auto","background-attachment":"scroll","background-type":"","background-media":"","overlay-type":"","overlay-color":"","overlay-opacity":"","overlay-gradient":""},"tablet":{"background-color":"var(--ast-global-color-5)","background-image":"","background-repeat":"repeat","background-position":"center center","background-size":"auto","background-attachment":"scroll","background-type":"","background-media":"","overlay-type":"","overlay-color":"","overlay-opacity":"","overlay-gradient":""},"mobile":{"background-color":"var(--ast-global-color-5)","background-image":"","background-repeat":"repeat","background-position":"center center","background-size":"auto","background-attachment":"scroll","background-type":"","background-media":"","overlay-type":"","overlay-color":"","overlay-opacity":"","overlay-gradient":""}},"footnotes":""},"class_list":["post-71","page","type-page","status-publish","hentry"],"post_mailing_queue_ids":[],"_links":{"self":[{"href":"https:\/\/agora.xtec.cat\/ceiplloriana\/wp-json\/wp\/v2\/pages\/71","targetHints":{"allow":["GET"]}}],"collection":[{"href":"https:\/\/agora.xtec.cat\/ceiplloriana\/wp-json\/wp\/v2\/pages"}],"about":[{"href":"https:\/\/agora.xtec.cat\/ceiplloriana\/wp-json\/wp\/v2\/types\/page"}],"author":[{"embeddable":true,"href":"https:\/\/agora.xtec.cat\/ceiplloriana\/wp-json\/wp\/v2\/users\/1"}],"replies":[{"embeddable":true,"href":"https:\/\/agora.xtec.cat\/ceiplloriana\/wp-json\/wp\/v2\/comments?post=71"}],"version-history":[{"count":3,"href":"https:\/\/agora.xtec.cat\/ceiplloriana\/wp-json\/wp\/v2\/pages\/71\/revisions"}],"predecessor-version":[{"id":6830,"href":"https:\/\/agora.xtec.cat\/ceiplloriana\/wp-json\/wp\/v2\/pages\/71\/revisions\/6830"}],"up":[{"embeddable":true,"href":"https:\/\/agora.xtec.cat\/ceiplloriana\/wp-json\/wp\/v2\/pages\/22"}],"wp:attachment":[{"href":"https:\/\/agora.xtec.cat\/ceiplloriana\/wp-json\/wp\/v2\/media?parent=71"}],"curies":[{"name":"wp","href":"https:\/\/api.w.org\/{rel}","templated":true}]}}