{"id":66,"date":"2014-09-18T12:40:47","date_gmt":"2014-09-18T11:40:47","guid":{"rendered":"http:\/\/agora.xtec.cat\/ceiplloriana\/?page_id=66"},"modified":"2025-09-10T12:08:34","modified_gmt":"2025-09-10T10:08:34","slug":"serveis","status":"publish","type":"page","link":"https:\/\/agora.xtec.cat\/ceiplloriana\/serveis\/","title":{"rendered":"AFA i Serveis"},"content":{"rendered":"<p>La tasca educativa de l&#8217;escola continua fora de l&#8217;horari lectiu, per aix\u00f2, en aquesta secci\u00f3 us oferim totes les informacions necess\u00e0ries sobre les activitats que s&#8217;organitzen al centre, la gesti\u00f3 de les quals es fa des de l&#8217;Associaci\u00f3 de Fam\u00edlies d&#8217;Alumnes i l&#8217;organitzaci\u00f3 es coordina amb l&#8217;escola.<\/p>\n<ul>\n<li>el menjador escolar<\/li>\n<li><a href=\"https:\/\/drive.google.com\/file\/d\/1yeqLnI2lSZYfNkZBohsb3ItkslKf9W3v\/view?usp=sharing\">el servei d&#8217;acollida mat\u00ed, migdia i ludoteca tarda<\/a><\/li>\n<li><a href=\"https:\/\/drive.google.com\/file\/d\/1SNKQMEr0Dlkf5AINASfWKeBON1cqpaZ1\/view?usp=sharing\">el transport escolar<\/a><\/li>\n<li><a href=\"https:\/\/drive.google.com\/file\/d\/12dHdODF19e4TgLQBxOKPVGsiraXGEClG\/view?usp=drive_link\">les activitats extraescolars<\/a><\/li>\n<li><a href=\"https:\/\/drive.google.com\/file\/d\/1RbVT2BKFyGUiyAJ8TUXNaIKmKX-p0fFD\/view?usp=sharing\">calendari de pagaments<\/a><\/li>\n<\/ul>\n","protected":false},"excerpt":{"rendered":"<p>La tasca educativa de l&#8217;escola continua fora de l&#8217;horari lectiu, per aix\u00f2, en aquesta secci\u00f3 us oferim totes les informacions necess\u00e0ries sobre les activitats que s&#8217;organitzen al centre, la gesti\u00f3 de les quals es fa des de l&#8217;Associaci\u00f3 de Fam\u00edlies d&#8217;Alumnes i l&#8217;organitzaci\u00f3 es coordina amb l&#8217;escola. el menjador escolar el servei d&#8217;acollida mat\u00ed, migdia [&hellip;]<\/p>\n","protected":false},"author":1,"featured_media":0,"parent":0,"menu_order":0,"comment_status":"closed","ping_status":"closed","template":"","meta":{"_bbp_topic_count":0,"_bbp_reply_count":0,"_bbp_total_topic_count":0,"_bbp_total_reply_count":0,"_bbp_voice_count":0,"_bbp_anonymous_reply_count":0,"_bbp_topic_count_hidden":0,"_bbp_reply_count_hidden":0,"_bbp_forum_subforum_count":0,"site-sidebar-layout":"default","site-content-layout":"","ast-site-content-layout":"default","site-content-style":"default","site-sidebar-style":"default","ast-global-header-display":"","ast-banner-title-visibility":"","ast-main-header-display":"","ast-hfb-above-header-display":"","ast-hfb-below-header-display":"","ast-hfb-mobile-header-display":"","site-post-title":"","ast-breadcrumbs-content":"","ast-featured-img":"","footer-sml-layout":"","theme-transparent-header-meta":"default","adv-header-id-meta":"","stick-header-meta":"","header-above-stick-meta":"","header-main-stick-meta":"","header-below-stick-meta":"","astra-migrate-meta-layouts":"set","ast-page-background-enabled":"default","ast-page-background-meta":{"desktop":{"background-color":"var(--ast-global-color-4)","background-image":"","background-repeat":"repeat","background-position":"center center","background-size":"auto","background-attachment":"scroll","background-type":"","background-media":"","overlay-type":"","overlay-color":"","overlay-opacity":"","overlay-gradient":""},"tablet":{"background-color":"","background-image":"","background-repeat":"repeat","background-position":"center center","background-size":"auto","background-attachment":"scroll","background-type":"","background-media":"","overlay-type":"","overlay-color":"","overlay-opacity":"","overlay-gradient":""},"mobile":{"background-color":"","background-image":"","background-repeat":"repeat","background-position":"center center","background-size":"auto","background-attachment":"scroll","background-type":"","background-media":"","overlay-type":"","overlay-color":"","overlay-opacity":"","overlay-gradient":""}},"ast-content-background-meta":{"desktop":{"background-color":"var(--ast-global-color-5)","background-image":"","background-repeat":"repeat","background-position":"center center","background-size":"auto","background-attachment":"scroll","background-type":"","background-media":"","overlay-type":"","overlay-color":"","overlay-opacity":"","overlay-gradient":""},"tablet":{"background-color":"var(--ast-global-color-5)","background-image":"","background-repeat":"repeat","background-position":"center center","background-size":"auto","background-attachment":"scroll","background-type":"","background-media":"","overlay-type":"","overlay-color":"","overlay-opacity":"","overlay-gradient":""},"mobile":{"background-color":"var(--ast-global-color-5)","background-image":"","background-repeat":"repeat","background-position":"center center","background-size":"auto","background-attachment":"scroll","background-type":"","background-media":"","overlay-type":"","overlay-color":"","overlay-opacity":"","overlay-gradient":""}},"footnotes":""},"class_list":["post-66","page","type-page","status-publish","hentry"],"post_mailing_queue_ids":[],"_links":{"self":[{"href":"https:\/\/agora.xtec.cat\/ceiplloriana\/wp-json\/wp\/v2\/pages\/66","targetHints":{"allow":["GET"]}}],"collection":[{"href":"https:\/\/agora.xtec.cat\/ceiplloriana\/wp-json\/wp\/v2\/pages"}],"about":[{"href":"https:\/\/agora.xtec.cat\/ceiplloriana\/wp-json\/wp\/v2\/types\/page"}],"author":[{"embeddable":true,"href":"https:\/\/agora.xtec.cat\/ceiplloriana\/wp-json\/wp\/v2\/users\/1"}],"replies":[{"embeddable":true,"href":"https:\/\/agora.xtec.cat\/ceiplloriana\/wp-json\/wp\/v2\/comments?post=66"}],"version-history":[{"count":7,"href":"https:\/\/agora.xtec.cat\/ceiplloriana\/wp-json\/wp\/v2\/pages\/66\/revisions"}],"predecessor-version":[{"id":8805,"href":"https:\/\/agora.xtec.cat\/ceiplloriana\/wp-json\/wp\/v2\/pages\/66\/revisions\/8805"}],"wp:attachment":[{"href":"https:\/\/agora.xtec.cat\/ceiplloriana\/wp-json\/wp\/v2\/media?parent=66"}],"curies":[{"name":"wp","href":"https:\/\/api.w.org\/{rel}","templated":true}]}}