{"id":38,"date":"2014-09-18T12:34:08","date_gmt":"2014-09-18T11:34:08","guid":{"rendered":"http:\/\/agora.xtec.cat\/ceiplloriana\/?page_id=38"},"modified":"2022-03-23T11:15:08","modified_gmt":"2022-03-23T10:15:08","slug":"salut","status":"publish","type":"page","link":"https:\/\/agora.xtec.cat\/ceiplloriana\/lescola\/salut\/","title":{"rendered":"Salut"},"content":{"rendered":"<h4>MEDICAMENTS<\/h4>\n<p>Els alumnes que presenten s\u00edmptomes de malaltia no poden\u00a0assistir\u00a0a l&#8217;escola.\u00a0En cas de que l&#8217;alumne estigui diagnosticat i el pron\u00f2stic m\u00e8dic ho aconselli es podr\u00e0 reincorporar.<\/p>\n<p>Quan els s\u00edmptomes es manifestin durant la jornada escolar, \u00a0l&#8217;escola es posar\u00e0 en contacte amb la fam\u00edlia i us demanarem que els passeu a recollir amb la major brevetat possible.<\/p>\n<p>En cas de que un alumne li calgui prendre medicament durant la jornada escolar us demanarem que presenteu autoritzaci\u00f3 escrita on consti la dosi i la prescripci\u00f3 m\u00e8dica.<\/p>\n<p>Aconsellem que la dosi que es porti a l&#8217;escola sigui la quantitat exacta (amb xeringa, si \u00e9s un l\u00edquid) per evitar que el medicament s&#8217;oblidi a l&#8217;escola<\/p>\n<p>Posem a la vostra disposici\u00f3 un document on hi consta un formulari que cal que ompliu amb totes les dades necess\u00e0ries per poder administrar un medicament als vostres fills. <a href=\"http:\/\/agora.xtec.cat\/ceiplloriana\/wp-content\/uploads\/usu1416\/2016\/09\/autoritzacio-medicaments.pdf\">autoritzacio-medicaments<\/a><\/p>\n<h4>PAR\u00c0SITS<\/h4>\n<p>Els par\u00e0sits m\u00e9s habituals a l&#8217;escola s\u00f3n els polls.<\/p>\n<p>Si la infecci\u00f3 es detecta fora de l&#8217;escola us demanem que ho poseu en coneixement del\/de la tutor\/ra per tal que es pugui comunicar al grup i evitar-ne la propagaci\u00f3.<\/p>\n<p>Si la infecci\u00f3 es detecta a l&#8217;escola us ho comunicarem personalment.<\/p>\n<p>Els alumnes que portin polls no podran assistir a l&#8217;escola fins que la fam\u00edlia no li h\u00e0gi aplicat un tractament \u00a0i s&#8217;hagi controlat que no hi ha pres\u00e8ncia dels par\u00e0sits (pentinat amb pintes espesses)<\/p>\n<h4>AL\u00b7L\u00c8RGIES<\/h4>\n<p>Els alumnes que presentin alguna al\u00b7lergia aliment\u00e0ria (lactosa, fruita, cel\u00edac,&#8230;) cal informar-ne:<\/p>\n<ul>\n<li>a la tutoria, ja que a l&#8217;escola es realitzen algunes activitats que impliquen consum de productes alimentaris: festes, aniversaris, tallers de cuina&#8230;<\/li>\n<li>a la coordinadora del menjador, en cas de que sigui usuari del menjador, \u00a0per tal que es prenguin les mesures adeq\u00fcades: canvis en la dieta o en els productes a consumir.<\/li>\n<li>a l&#8217;Equip Directiu, per tal que aquesta dada consti en l&#8217;expedient de les dades m\u00e8diques de l&#8217;alumne.<\/li>\n<\/ul>\n<p>&nbsp;<\/p>\n<p>&nbsp;<\/p>\n<p>&nbsp;<\/p>\n<p>&nbsp;<\/p>\n<p>&nbsp;<\/p>\n","protected":false},"excerpt":{"rendered":"<p>MEDICAMENTS Els alumnes que presenten s\u00edmptomes de malaltia no poden\u00a0assistir\u00a0a l&#8217;escola.\u00a0En cas de que l&#8217;alumne estigui diagnosticat i el pron\u00f2stic m\u00e8dic ho aconselli es podr\u00e0 reincorporar. Quan els s\u00edmptomes es manifestin durant la jornada escolar, \u00a0l&#8217;escola es posar\u00e0 en contacte amb la fam\u00edlia i us demanarem que els passeu a recollir amb la major brevetat [&hellip;]<\/p>\n","protected":false},"author":1,"featured_media":0,"parent":22,"menu_order":80,"comment_status":"closed","ping_status":"closed","template":"page-templates\/side-menu.php","meta":{"_bbp_topic_count":0,"_bbp_reply_count":0,"_bbp_total_topic_count":0,"_bbp_total_reply_count":0,"_bbp_voice_count":0,"_bbp_anonymous_reply_count":0,"_bbp_topic_count_hidden":0,"_bbp_reply_count_hidden":0,"_bbp_forum_subforum_count":0,"site-sidebar-layout":"default","site-content-layout":"","ast-site-content-layout":"","site-content-style":"default","site-sidebar-style":"default","ast-global-header-display":"","ast-banner-title-visibility":"","ast-main-header-display":"","ast-hfb-above-header-display":"","ast-hfb-below-header-display":"","ast-hfb-mobile-header-display":"","site-post-title":"","ast-breadcrumbs-content":"","ast-featured-img":"","footer-sml-layout":"","theme-transparent-header-meta":"","adv-header-id-meta":"","stick-header-meta":"","header-above-stick-meta":"","header-main-stick-meta":"","header-below-stick-meta":"","astra-migrate-meta-layouts":"default","ast-page-background-enabled":"default","ast-page-background-meta":{"desktop":{"background-color":"var(--ast-global-color-4)","background-image":"","background-repeat":"repeat","background-position":"center center","background-size":"auto","background-attachment":"scroll","background-type":"","background-media":"","overlay-type":"","overlay-color":"","overlay-opacity":"","overlay-gradient":""},"tablet":{"background-color":"","background-image":"","background-repeat":"repeat","background-position":"center center","background-size":"auto","background-attachment":"scroll","background-type":"","background-media":"","overlay-type":"","overlay-color":"","overlay-opacity":"","overlay-gradient":""},"mobile":{"background-color":"","background-image":"","background-repeat":"repeat","background-position":"center center","background-size":"auto","background-attachment":"scroll","background-type":"","background-media":"","overlay-type":"","overlay-color":"","overlay-opacity":"","overlay-gradient":""}},"ast-content-background-meta":{"desktop":{"background-color":"var(--ast-global-color-5)","background-image":"","background-repeat":"repeat","background-position":"center center","background-size":"auto","background-attachment":"scroll","background-type":"","background-media":"","overlay-type":"","overlay-color":"","overlay-opacity":"","overlay-gradient":""},"tablet":{"background-color":"var(--ast-global-color-5)","background-image":"","background-repeat":"repeat","background-position":"center center","background-size":"auto","background-attachment":"scroll","background-type":"","background-media":"","overlay-type":"","overlay-color":"","overlay-opacity":"","overlay-gradient":""},"mobile":{"background-color":"var(--ast-global-color-5)","background-image":"","background-repeat":"repeat","background-position":"center center","background-size":"auto","background-attachment":"scroll","background-type":"","background-media":"","overlay-type":"","overlay-color":"","overlay-opacity":"","overlay-gradient":""}},"footnotes":""},"class_list":["post-38","page","type-page","status-publish","hentry"],"post_mailing_queue_ids":[],"_links":{"self":[{"href":"https:\/\/agora.xtec.cat\/ceiplloriana\/wp-json\/wp\/v2\/pages\/38","targetHints":{"allow":["GET"]}}],"collection":[{"href":"https:\/\/agora.xtec.cat\/ceiplloriana\/wp-json\/wp\/v2\/pages"}],"about":[{"href":"https:\/\/agora.xtec.cat\/ceiplloriana\/wp-json\/wp\/v2\/types\/page"}],"author":[{"embeddable":true,"href":"https:\/\/agora.xtec.cat\/ceiplloriana\/wp-json\/wp\/v2\/users\/1"}],"replies":[{"embeddable":true,"href":"https:\/\/agora.xtec.cat\/ceiplloriana\/wp-json\/wp\/v2\/comments?post=38"}],"version-history":[{"count":4,"href":"https:\/\/agora.xtec.cat\/ceiplloriana\/wp-json\/wp\/v2\/pages\/38\/revisions"}],"predecessor-version":[{"id":7933,"href":"https:\/\/agora.xtec.cat\/ceiplloriana\/wp-json\/wp\/v2\/pages\/38\/revisions\/7933"}],"up":[{"embeddable":true,"href":"https:\/\/agora.xtec.cat\/ceiplloriana\/wp-json\/wp\/v2\/pages\/22"}],"wp:attachment":[{"href":"https:\/\/agora.xtec.cat\/ceiplloriana\/wp-json\/wp\/v2\/media?parent=38"}],"curies":[{"name":"wp","href":"https:\/\/api.w.org\/{rel}","templated":true}]}}