{"id":28,"date":"2014-09-18T12:29:35","date_gmt":"2014-09-18T11:29:35","guid":{"rendered":"http:\/\/agora.xtec.cat\/ceiplloriana\/?page_id=28"},"modified":"2017-07-22T20:02:24","modified_gmt":"2017-07-22T18:02:24","slug":"organs-gestio","status":"publish","type":"page","link":"https:\/\/agora.xtec.cat\/ceiplloriana\/lescola\/organs-gestio\/","title":{"rendered":"\u00d2rgans de gesti\u00f3 del centre"},"content":{"rendered":"<p>Els centres educatius de titularitat p\u00fablica es regeixen pel\u00a0<a href=\"http:\/\/portaldogc.gencat.cat\/utilsEADOP\/PDF\/5686\/1108859.pdf\" target=\"_blank\" rel=\"noopener noreferrer\">DECRET 102\/2010, de 3 d&#8217;agost<\/a>, d&#8217;autonomia dels centres educatius, pel qu\u00e8 fa a l&#8217;estructura dels seus \u00f2rgans de gesti\u00f3.\u00a0Aquest decret, estableix que:<\/p>\n<p>&#8220;Correspon al director o directora de cada centre p\u00fablic establir els elements organitzatius del centre determinats pel projecte educatiu i concretats en el projecte de direcci\u00f3 i, d&#8217;acord amb les compet\u00e8ncies dels \u00f2rgans de govern i participaci\u00f3, adoptar i impulsar mesures per millorar-ne l&#8217;estructura organitzativa, en el marc de les disposicions aplicables.&#8221;(Cap. 3, Article 20)<\/p>\n<div class=\"fitxaFragment\">\n<p align=\"JUSTIFY\">&#8220;El consell escolar i el claustre del professorat s\u00f3n els \u00f2rgans col\u00b7legiats de participaci\u00f3 de la comunitat escolar en el govern i la gesti\u00f3 dels centres educatius que, com a m\u00ednim, han d&#8217;existir en tots els centres que conformen el Servei d&#8217;Educaci\u00f3 de Catalunya.&#8221;(Cap. 4, Article 26)<\/p>\n<p align=\"JUSTIFY\">\n<\/div>\n<div class=\"fitxaFragment\"><\/div>\n","protected":false},"excerpt":{"rendered":"<p>Els centres educatius de titularitat p\u00fablica es regeixen pel\u00a0DECRET 102\/2010, de 3 d&#8217;agost, d&#8217;autonomia dels centres educatius, pel qu\u00e8 fa a l&#8217;estructura dels seus \u00f2rgans de gesti\u00f3.\u00a0Aquest decret, estableix que: &#8220;Correspon al director o directora de cada centre p\u00fablic establir els elements organitzatius del centre determinats pel projecte educatiu i concretats en el projecte de [&hellip;]<\/p>\n","protected":false},"author":1,"featured_media":0,"parent":22,"menu_order":30,"comment_status":"closed","ping_status":"closed","template":"page-templates\/side-menu.php","meta":{"_bbp_topic_count":0,"_bbp_reply_count":0,"_bbp_total_topic_count":0,"_bbp_total_reply_count":0,"_bbp_voice_count":0,"_bbp_anonymous_reply_count":0,"_bbp_topic_count_hidden":0,"_bbp_reply_count_hidden":0,"_bbp_forum_subforum_count":0,"site-sidebar-layout":"default","site-content-layout":"","ast-site-content-layout":"","site-content-style":"default","site-sidebar-style":"default","ast-global-header-display":"","ast-banner-title-visibility":"","ast-main-header-display":"","ast-hfb-above-header-display":"","ast-hfb-below-header-display":"","ast-hfb-mobile-header-display":"","site-post-title":"","ast-breadcrumbs-content":"","ast-featured-img":"","footer-sml-layout":"","theme-transparent-header-meta":"","adv-header-id-meta":"","stick-header-meta":"","header-above-stick-meta":"","header-main-stick-meta":"","header-below-stick-meta":"","astra-migrate-meta-layouts":"default","ast-page-background-enabled":"default","ast-page-background-meta":{"desktop":{"background-color":"var(--ast-global-color-4)","background-image":"","background-repeat":"repeat","background-position":"center center","background-size":"auto","background-attachment":"scroll","background-type":"","background-media":"","overlay-type":"","overlay-color":"","overlay-opacity":"","overlay-gradient":""},"tablet":{"background-color":"","background-image":"","background-repeat":"repeat","background-position":"center center","background-size":"auto","background-attachment":"scroll","background-type":"","background-media":"","overlay-type":"","overlay-color":"","overlay-opacity":"","overlay-gradient":""},"mobile":{"background-color":"","background-image":"","background-repeat":"repeat","background-position":"center center","background-size":"auto","background-attachment":"scroll","background-type":"","background-media":"","overlay-type":"","overlay-color":"","overlay-opacity":"","overlay-gradient":""}},"ast-content-background-meta":{"desktop":{"background-color":"var(--ast-global-color-5)","background-image":"","background-repeat":"repeat","background-position":"center center","background-size":"auto","background-attachment":"scroll","background-type":"","background-media":"","overlay-type":"","overlay-color":"","overlay-opacity":"","overlay-gradient":""},"tablet":{"background-color":"var(--ast-global-color-5)","background-image":"","background-repeat":"repeat","background-position":"center center","background-size":"auto","background-attachment":"scroll","background-type":"","background-media":"","overlay-type":"","overlay-color":"","overlay-opacity":"","overlay-gradient":""},"mobile":{"background-color":"var(--ast-global-color-5)","background-image":"","background-repeat":"repeat","background-position":"center center","background-size":"auto","background-attachment":"scroll","background-type":"","background-media":"","overlay-type":"","overlay-color":"","overlay-opacity":"","overlay-gradient":""}},"footnotes":""},"class_list":["post-28","page","type-page","status-publish","hentry"],"post_mailing_queue_ids":[],"_links":{"self":[{"href":"https:\/\/agora.xtec.cat\/ceiplloriana\/wp-json\/wp\/v2\/pages\/28","targetHints":{"allow":["GET"]}}],"collection":[{"href":"https:\/\/agora.xtec.cat\/ceiplloriana\/wp-json\/wp\/v2\/pages"}],"about":[{"href":"https:\/\/agora.xtec.cat\/ceiplloriana\/wp-json\/wp\/v2\/types\/page"}],"author":[{"embeddable":true,"href":"https:\/\/agora.xtec.cat\/ceiplloriana\/wp-json\/wp\/v2\/users\/1"}],"replies":[{"embeddable":true,"href":"https:\/\/agora.xtec.cat\/ceiplloriana\/wp-json\/wp\/v2\/comments?post=28"}],"version-history":[{"count":3,"href":"https:\/\/agora.xtec.cat\/ceiplloriana\/wp-json\/wp\/v2\/pages\/28\/revisions"}],"predecessor-version":[{"id":2739,"href":"https:\/\/agora.xtec.cat\/ceiplloriana\/wp-json\/wp\/v2\/pages\/28\/revisions\/2739"}],"up":[{"embeddable":true,"href":"https:\/\/agora.xtec.cat\/ceiplloriana\/wp-json\/wp\/v2\/pages\/22"}],"wp:attachment":[{"href":"https:\/\/agora.xtec.cat\/ceiplloriana\/wp-json\/wp\/v2\/media?parent=28"}],"curies":[{"name":"wp","href":"https:\/\/api.w.org\/{rel}","templated":true}]}}