{"id":915,"date":"2019-05-06T13:52:08","date_gmt":"2019-05-06T11:52:08","guid":{"rendered":"http:\/\/agora.xtec.cat\/ceipllers\/?page_id=915"},"modified":"2025-07-11T11:43:56","modified_gmt":"2025-07-11T09:43:56","slug":"carta-inici-de-curs-23-24","status":"publish","type":"page","link":"https:\/\/agora.xtec.cat\/ceipllers\/carta-inici-de-curs-23-24\/","title":{"rendered":"Carta inici de curs 25\/26"},"content":{"rendered":"<h6><strong>\u00a0<span style=\"color: #000000;\">Per veure el document d&#8217; Educaci\u00f3 Infantil cliqueu<\/span> <a href=\"https:\/\/docs.google.com\/document\/d\/1hPpgsskIa7ZfkHYHVZRZ95NxIottAi71\/edit?usp=sharing&amp;ouid=108678468862887567731&amp;rtpof=true&amp;sd=true\">aqu\u00ed<\/a><\/strong><\/h6>\n<p><strong>Per veure el document de Prim\u00e0ria cliqueu <a href=\"https:\/\/docs.google.com\/document\/d\/13jlAAp-2EbKJhCwUNDOYt1I1XqEVU_II\/edit?usp=sharing&amp;ouid=108678468862887567731&amp;rtpof=true&amp;sd=true\">aqu\u00ed<\/a><\/strong><\/p>\n","protected":false},"excerpt":{"rendered":"<p>\u00a0Per veure el document d&#8217; Educaci\u00f3 Infantil cliqueu aqu\u00ed Per veure el document de Prim\u00e0ria cliqueu aqu\u00ed<\/p>\n","protected":false},"author":1,"featured_media":0,"parent":0,"menu_order":0,"comment_status":"closed","ping_status":"closed","template":"","meta":{"_bbp_topic_count":0,"_bbp_reply_count":0,"_bbp_total_topic_count":0,"_bbp_total_reply_count":0,"_bbp_voice_count":0,"_bbp_anonymous_reply_count":0,"_bbp_topic_count_hidden":0,"_bbp_reply_count_hidden":0,"_bbp_forum_subforum_count":0,"site-sidebar-layout":"default","site-content-layout":"","ast-site-content-layout":"","site-content-style":"default","site-sidebar-style":"default","ast-global-header-display":"","ast-banner-title-visibility":"","ast-main-header-display":"","ast-hfb-above-header-display":"","ast-hfb-below-header-display":"","ast-hfb-mobile-header-display":"","site-post-title":"","ast-breadcrumbs-content":"","ast-featured-img":"","footer-sml-layout":"","theme-transparent-header-meta":"","adv-header-id-meta":"","stick-header-meta":"","header-above-stick-meta":"","header-main-stick-meta":"","header-below-stick-meta":"","astra-migrate-meta-layouts":"default","ast-page-background-enabled":"default","ast-page-background-meta":{"desktop":{"background-color":"var(--ast-global-color-4)","background-image":"","background-repeat":"repeat","background-position":"center center","background-size":"auto","background-attachment":"scroll","background-type":"","background-media":"","overlay-type":"","overlay-color":"","overlay-opacity":"","overlay-gradient":""},"tablet":{"background-color":"","background-image":"","background-repeat":"repeat","background-position":"center center","background-size":"auto","background-attachment":"scroll","background-type":"","background-media":"","overlay-type":"","overlay-color":"","overlay-opacity":"","overlay-gradient":""},"mobile":{"background-color":"","background-image":"","background-repeat":"repeat","background-position":"center center","background-size":"auto","background-attachment":"scroll","background-type":"","background-media":"","overlay-type":"","overlay-color":"","overlay-opacity":"","overlay-gradient":""}},"ast-content-background-meta":{"desktop":{"background-color":"var(--ast-global-color-5)","background-image":"","background-repeat":"repeat","background-position":"center center","background-size":"auto","background-attachment":"scroll","background-type":"","background-media":"","overlay-type":"","overlay-color":"","overlay-opacity":"","overlay-gradient":""},"tablet":{"background-color":"var(--ast-global-color-5)","background-image":"","background-repeat":"repeat","background-position":"center center","background-size":"auto","background-attachment":"scroll","background-type":"","background-media":"","overlay-type":"","overlay-color":"","overlay-opacity":"","overlay-gradient":""},"mobile":{"background-color":"var(--ast-global-color-5)","background-image":"","background-repeat":"repeat","background-position":"center center","background-size":"auto","background-attachment":"scroll","background-type":"","background-media":"","overlay-type":"","overlay-color":"","overlay-opacity":"","overlay-gradient":""}},"footnotes":""},"class_list":["post-915","page","type-page","status-publish","hentry"],"post_mailing_queue_ids":[],"_links":{"self":[{"href":"https:\/\/agora.xtec.cat\/ceipllers\/wp-json\/wp\/v2\/pages\/915","targetHints":{"allow":["GET"]}}],"collection":[{"href":"https:\/\/agora.xtec.cat\/ceipllers\/wp-json\/wp\/v2\/pages"}],"about":[{"href":"https:\/\/agora.xtec.cat\/ceipllers\/wp-json\/wp\/v2\/types\/page"}],"author":[{"embeddable":true,"href":"https:\/\/agora.xtec.cat\/ceipllers\/wp-json\/wp\/v2\/users\/1"}],"replies":[{"embeddable":true,"href":"https:\/\/agora.xtec.cat\/ceipllers\/wp-json\/wp\/v2\/comments?post=915"}],"version-history":[{"count":6,"href":"https:\/\/agora.xtec.cat\/ceipllers\/wp-json\/wp\/v2\/pages\/915\/revisions"}],"predecessor-version":[{"id":5800,"href":"https:\/\/agora.xtec.cat\/ceipllers\/wp-json\/wp\/v2\/pages\/915\/revisions\/5800"}],"wp:attachment":[{"href":"https:\/\/agora.xtec.cat\/ceipllers\/wp-json\/wp\/v2\/media?parent=915"}],"curies":[{"name":"wp","href":"https:\/\/api.w.org\/{rel}","templated":true}]}}