{"id":73,"date":"2014-09-18T14:01:51","date_gmt":"2014-09-18T13:01:51","guid":{"rendered":"http:\/\/agora.xtec.cat\/ceipllers\/?page_id=73"},"modified":"2026-03-26T15:21:33","modified_gmt":"2026-03-26T14:21:33","slug":"menjador-escolar","status":"publish","type":"page","link":"https:\/\/agora.xtec.cat\/ceipllers\/serveis\/menjador-escolar\/","title":{"rendered":"Menjador escolar"},"content":{"rendered":"<h3>Benvinguts al nou curs 2025\/2026!\u00a0 \ud83c\udf7d<\/h3>\n<p>L&#8217;empresa que gestiona el menjador \u00e9s <strong>T<span class=\"color_15\">eca &amp;\u00a0<\/span>X<span class=\"color_15\">erinola,<\/span><\/strong><span class=\"color_2\">\u00a0una empresa dedicada als serveis d\u2019alimentaci\u00f3 escolar i al m\u00f3n del lleure amb m\u00e9s de 10 anys d\u2019experi\u00e8ncia en el sector. \u00a0<\/span><\/p>\n<p>El funcionament del nou model econ\u00f2mic pel curs 25\/26 el trobareu clicant <a href=\"https:\/\/docs.google.com\/document\/d\/1WR5QXP-4LMqFZA_IWuGzwJGk28LrBZVq\/edit?usp=sharing&amp;ouid=108678468862887567731&amp;rtpof=true&amp;sd=true\">aqu\u00ed<\/a><\/p>\n<p><a href=\"https:\/\/drive.google.com\/file\/d\/1PxW3Y2UFAT_vAHMHiyP0tfjm0fvSMm0n\/view?usp=sharing\">Resum preus menjador<\/a><\/p>\n<p>App Teca&amp;Xerinola, instruccions clicant <a href=\"https:\/\/drive.google.com\/file\/d\/1QXJgG-MyT0CIOlGuBFqxsgS5Vbn5ZBDN\/view?usp=sharing\">aqu\u00ed<\/a><\/p>\n<p><a href=\"https:\/\/drive.google.com\/file\/d\/1U7jTfF-wIq8-prgiPjIwSl4dWbaLqwNg\/view?usp=sharing\">Instruccions d&#8217;alta a l&#8217;App i funcionament<\/a><\/p>\n<p><span style=\"font-weight: 400;\">Aqu\u00ed teniu l\u2019enlla\u00e7 d\u2019inscripci\u00f3 pel curs 25\/26: <a href=\"https:\/\/forms.gle\/tzCP5Me5xT2yrBSN8\">https:\/\/forms.gle\/tzCP5Me5xT2yrBSN8<\/a><\/span><\/p>\n<p>El <a href=\"https:\/\/drive.google.com\/file\/d\/1tLyHM3xiNUODgoRwMIyXeoMCIBFuyP0H\/view?usp=sharing\">Pla de funcionament del menjador pel curs 25\/26<\/a> ja est\u00e0 aprovat.<\/p>\n<p><a href=\"https:\/\/drive.google.com\/file\/d\/15mPhiNJMvmDEv3Qwf4Ux2KF-oABRtuBn\/view?usp=sharing\">Full d&#8217;incid\u00e8ncies<\/a>, per si us fa falta.<\/p>\n<p>Trobareu els men\u00fas a l&#8217;aplicaci\u00f3 Teca &amp; Xerinola:<\/p>\n<ul>\n<li><a href=\"https:\/\/apps.apple.com\/pe\/app\/teca-xerinola\/id1671160753\">App des d&#8217;apple<\/a><\/li>\n<li><a href=\"https:\/\/apkcombo.com\/es\/teca-xerinola\/com.dumainteractiva.tecaxerinola\/\">App des d&#8217;android<\/a><\/li>\n<\/ul>\n<p>Els\u00a0<strong>men\u00fas<\/strong>\u00a0tamb\u00e9 els podeu consultar aqu\u00ed:<\/p>\n<p><a href=\"https:\/\/drive.google.com\/file\/d\/1XYi82MkCanaDQN9E5jnzaY__mTYQwVUa\/view?usp=sharing\">Men\u00fa abril<\/a><\/p>\n<p><a href=\"https:\/\/drive.google.com\/file\/d\/1jMcFRTHOCFyy8dHzZ619q0mPDzQ8ak4U\/view?usp=sharing\">Men\u00fa mar\u00e7<\/a><\/p>\n<p><a href=\"https:\/\/drive.google.com\/file\/d\/1bQY_Q2IDnxMxcjjiQ9xk3Xj-82rIg5K2\/view?usp=sharing\">Men\u00fa febrer<\/a><\/p>\n<p><a href=\"https:\/\/drive.google.com\/file\/d\/1tMUWA93PAt3df13zp6tuOCzvfECz_JyZ\/view?usp=sharing\">Men\u00fa gener<\/a><\/p>\n<p><a href=\"https:\/\/drive.google.com\/file\/d\/1olnII4L9KA7qQlhxWSCC5pa5di-LtIZo\/view?usp=sharing\">Men\u00fa desembre<\/a><\/p>\n<p>Men\u00fa novembre<\/p>\n<p><a href=\"https:\/\/drive.google.com\/file\/d\/1g-seB7QuiBfgdBGslwMstOoCzbutsE8P\/view?usp=sharing\">Men\u00fa d&#8217;octubre<\/a><\/p>\n<p><a href=\"https:\/\/drive.google.com\/file\/d\/1tx5P_DOS3hWmLxDsJEWiFRbLuTE69m_C\/view?usp=sharing\">Men\u00fa de setembre<\/a><\/p>\n<p>Per informaci\u00f3 sobre ajuts i beques de part del <strong>Consell Comarcal de l&#8217;Alt Empord\u00e0<\/strong> us podreu adre\u00e7ar a l&#8217;adre\u00e7a\u00a0<a href=\"https:\/\/www.altemporda.org\/portal\/cultura-i-ensenyament\/ensenyament\/menjador-escolar\">https:\/\/www.altemporda.org\/portal\/cultura-i-ensenyament\/ensenyament\/menjador-escolar<\/a><\/p>\n<p>Per <strong>beques de menjador<\/strong> per a l\u2019alumnat amb dificultats socioeducatives, cal emplenar una sol\u00b7licitud i adre\u00e7ar-la al Consell Comarcal de l&#8217;Alt Empord\u00e0. La sol\u00b7licitud la trobareu <a href=\"https:\/\/www.altemporda.org\/portal\/attachments\/article\/634\/SOL%20AIM%202324.pdf\">aqu\u00ed<\/a><\/p>\n<p>Per <strong>sol\u00b7licitud de menjador obligatori<\/strong>, \u00e9s a dir, per als alumnes que han de despla\u00e7ar-se del seu municipi per inexist\u00e8ncia de centres educatius p\u00fablics, cal emplenar una sol\u00b7licitud i adre\u00e7ar-la al Consell Comarcal de l&#8217;Alt Empord\u00e0. La sol\u00b7licitud la trobareu <a href=\"https:\/\/www.altemporda.org\/portal\/attachments\/article\/634\/Sol%20Menjador%20Obligatori.pdf\">aqu\u00ed<\/a><\/p>\n<p>&nbsp;<\/p>\n<p>&nbsp;<\/p>\n<p>&nbsp;<\/p>\n<p>&nbsp;<\/p>\n<p>&nbsp;<\/p>\n","protected":false},"excerpt":{"rendered":"<p>Benvinguts al nou curs 2025\/2026!\u00a0 \ud83c\udf7d L&#8217;empresa que gestiona el menjador \u00e9s Teca &amp;\u00a0Xerinola,\u00a0una empresa dedicada als serveis d\u2019alimentaci\u00f3 escolar i al m\u00f3n del lleure amb m\u00e9s de 10 anys d\u2019experi\u00e8ncia en el sector. \u00a0 El funcionament del nou model econ\u00f2mic pel curs 25\/26 el trobareu clicant aqu\u00ed Resum preus menjador App Teca&amp;Xerinola, instruccions clicant [&hellip;]<\/p>\n","protected":false},"author":1,"featured_media":0,"parent":66,"menu_order":30,"comment_status":"closed","ping_status":"closed","template":"page-templates\/side-menu.php","meta":{"_bbp_topic_count":0,"_bbp_reply_count":0,"_bbp_total_topic_count":0,"_bbp_total_reply_count":0,"_bbp_voice_count":0,"_bbp_anonymous_reply_count":0,"_bbp_topic_count_hidden":0,"_bbp_reply_count_hidden":0,"_bbp_forum_subforum_count":0,"site-sidebar-layout":"default","site-content-layout":"","ast-site-content-layout":"","site-content-style":"default","site-sidebar-style":"default","ast-global-header-display":"","ast-banner-title-visibility":"","ast-main-header-display":"","ast-hfb-above-header-display":"","ast-hfb-below-header-display":"","ast-hfb-mobile-header-display":"","site-post-title":"","ast-breadcrumbs-content":"","ast-featured-img":"","footer-sml-layout":"","theme-transparent-header-meta":"","adv-header-id-meta":"","stick-header-meta":"","header-above-stick-meta":"","header-main-stick-meta":"","header-below-stick-meta":"","astra-migrate-meta-layouts":"default","ast-page-background-enabled":"default","ast-page-background-meta":{"desktop":{"background-color":"var(--ast-global-color-4)","background-image":"","background-repeat":"repeat","background-position":"center center","background-size":"auto","background-attachment":"scroll","background-type":"","background-media":"","overlay-type":"","overlay-color":"","overlay-opacity":"","overlay-gradient":""},"tablet":{"background-color":"","background-image":"","background-repeat":"repeat","background-position":"center center","background-size":"auto","background-attachment":"scroll","background-type":"","background-media":"","overlay-type":"","overlay-color":"","overlay-opacity":"","overlay-gradient":""},"mobile":{"background-color":"","background-image":"","background-repeat":"repeat","background-position":"center center","background-size":"auto","background-attachment":"scroll","background-type":"","background-media":"","overlay-type":"","overlay-color":"","overlay-opacity":"","overlay-gradient":""}},"ast-content-background-meta":{"desktop":{"background-color":"var(--ast-global-color-5)","background-image":"","background-repeat":"repeat","background-position":"center center","background-size":"auto","background-attachment":"scroll","background-type":"","background-media":"","overlay-type":"","overlay-color":"","overlay-opacity":"","overlay-gradient":""},"tablet":{"background-color":"var(--ast-global-color-5)","background-image":"","background-repeat":"repeat","background-position":"center center","background-size":"auto","background-attachment":"scroll","background-type":"","background-media":"","overlay-type":"","overlay-color":"","overlay-opacity":"","overlay-gradient":""},"mobile":{"background-color":"var(--ast-global-color-5)","background-image":"","background-repeat":"repeat","background-position":"center center","background-size":"auto","background-attachment":"scroll","background-type":"","background-media":"","overlay-type":"","overlay-color":"","overlay-opacity":"","overlay-gradient":""}},"footnotes":""},"class_list":["post-73","page","type-page","status-publish","hentry"],"post_mailing_queue_ids":[],"_links":{"self":[{"href":"https:\/\/agora.xtec.cat\/ceipllers\/wp-json\/wp\/v2\/pages\/73","targetHints":{"allow":["GET"]}}],"collection":[{"href":"https:\/\/agora.xtec.cat\/ceipllers\/wp-json\/wp\/v2\/pages"}],"about":[{"href":"https:\/\/agora.xtec.cat\/ceipllers\/wp-json\/wp\/v2\/types\/page"}],"author":[{"embeddable":true,"href":"https:\/\/agora.xtec.cat\/ceipllers\/wp-json\/wp\/v2\/users\/1"}],"replies":[{"embeddable":true,"href":"https:\/\/agora.xtec.cat\/ceipllers\/wp-json\/wp\/v2\/comments?post=73"}],"version-history":[{"count":7,"href":"https:\/\/agora.xtec.cat\/ceipllers\/wp-json\/wp\/v2\/pages\/73\/revisions"}],"predecessor-version":[{"id":5978,"href":"https:\/\/agora.xtec.cat\/ceipllers\/wp-json\/wp\/v2\/pages\/73\/revisions\/5978"}],"up":[{"embeddable":true,"href":"https:\/\/agora.xtec.cat\/ceipllers\/wp-json\/wp\/v2\/pages\/66"}],"wp:attachment":[{"href":"https:\/\/agora.xtec.cat\/ceipllers\/wp-json\/wp\/v2\/media?parent=73"}],"curies":[{"name":"wp","href":"https:\/\/api.w.org\/{rel}","templated":true}]}}