{"id":4241,"date":"2023-01-26T12:36:50","date_gmt":"2023-01-26T11:36:50","guid":{"rendered":"https:\/\/agora.xtec.cat\/ceipllers\/?page_id=4241"},"modified":"2025-07-03T12:00:49","modified_gmt":"2025-07-03T10:00:49","slug":"que-es-lafa","status":"publish","type":"page","link":"https:\/\/agora.xtec.cat\/ceipllers\/que-es-lafa\/","title":{"rendered":"Qu\u00e8 \u00e9s l&#8217;AFA?"},"content":{"rendered":"<p>L&#8217;AFA \u00e9s l&#8217;Associaci\u00f3 de Fam\u00edlies d&#8217;Alumnes. \u00c9s una entitat sense \u00e0nim de lucre formada per fam\u00edlies d&#8217;alumnes de l&#8217;escola que, de manera volunt\u00e0ria, destinem part del nostre temps a assolir tres objectius primordials:<\/p>\n<ul>\n<li>Vetllar per la qualitat de l&#8217;ensenyament.<\/li>\n<li>Defensar els drets i els interessos de tots l&#8217;alumnat.<\/li>\n<li>Fer d&#8217;interlocutor entre l&#8217;escola i les fam\u00edlies associades.<\/li>\n<\/ul>\n<p>Per aquest curs 25\/26 la quota per ser socis de l\u2019AFA \u00e9s de 45 \u20ac (1 fill) o 50 \u20ac (2 fills) per fam\u00edlia.<\/p>\n<p>Podeu posar-vos en contacte:\u00a0<a href=\"mailto:ampallers@gmail.com\">afaescoladellers@gmail.com<\/a><\/p>\n<p>&nbsp;<\/p>\n","protected":false},"excerpt":{"rendered":"<p>L&#8217;AFA \u00e9s l&#8217;Associaci\u00f3 de Fam\u00edlies d&#8217;Alumnes. \u00c9s una entitat sense \u00e0nim de lucre formada per fam\u00edlies d&#8217;alumnes de l&#8217;escola que, de manera volunt\u00e0ria, destinem part del nostre temps a assolir tres objectius primordials: Vetllar per la qualitat de l&#8217;ensenyament. Defensar els drets i els interessos de tots l&#8217;alumnat. Fer d&#8217;interlocutor entre l&#8217;escola i les fam\u00edlies [&hellip;]<\/p>\n","protected":false},"author":1,"featured_media":0,"parent":0,"menu_order":0,"comment_status":"closed","ping_status":"closed","template":"","meta":{"_bbp_topic_count":0,"_bbp_reply_count":0,"_bbp_total_topic_count":0,"_bbp_total_reply_count":0,"_bbp_voice_count":0,"_bbp_anonymous_reply_count":0,"_bbp_topic_count_hidden":0,"_bbp_reply_count_hidden":0,"_bbp_forum_subforum_count":0,"site-sidebar-layout":"default","site-content-layout":"","ast-site-content-layout":"","site-content-style":"default","site-sidebar-style":"default","ast-global-header-display":"","ast-banner-title-visibility":"","ast-main-header-display":"","ast-hfb-above-header-display":"","ast-hfb-below-header-display":"","ast-hfb-mobile-header-display":"","site-post-title":"","ast-breadcrumbs-content":"","ast-featured-img":"","footer-sml-layout":"","theme-transparent-header-meta":"","adv-header-id-meta":"","stick-header-meta":"","header-above-stick-meta":"","header-main-stick-meta":"","header-below-stick-meta":"","astra-migrate-meta-layouts":"default","ast-page-background-enabled":"default","ast-page-background-meta":{"desktop":{"background-color":"var(--ast-global-color-4)","background-image":"","background-repeat":"repeat","background-position":"center center","background-size":"auto","background-attachment":"scroll","background-type":"","background-media":"","overlay-type":"","overlay-color":"","overlay-opacity":"","overlay-gradient":""},"tablet":{"background-color":"","background-image":"","background-repeat":"repeat","background-position":"center center","background-size":"auto","background-attachment":"scroll","background-type":"","background-media":"","overlay-type":"","overlay-color":"","overlay-opacity":"","overlay-gradient":""},"mobile":{"background-color":"","background-image":"","background-repeat":"repeat","background-position":"center center","background-size":"auto","background-attachment":"scroll","background-type":"","background-media":"","overlay-type":"","overlay-color":"","overlay-opacity":"","overlay-gradient":""}},"ast-content-background-meta":{"desktop":{"background-color":"var(--ast-global-color-5)","background-image":"","background-repeat":"repeat","background-position":"center center","background-size":"auto","background-attachment":"scroll","background-type":"","background-media":"","overlay-type":"","overlay-color":"","overlay-opacity":"","overlay-gradient":""},"tablet":{"background-color":"var(--ast-global-color-5)","background-image":"","background-repeat":"repeat","background-position":"center center","background-size":"auto","background-attachment":"scroll","background-type":"","background-media":"","overlay-type":"","overlay-color":"","overlay-opacity":"","overlay-gradient":""},"mobile":{"background-color":"var(--ast-global-color-5)","background-image":"","background-repeat":"repeat","background-position":"center center","background-size":"auto","background-attachment":"scroll","background-type":"","background-media":"","overlay-type":"","overlay-color":"","overlay-opacity":"","overlay-gradient":""}},"footnotes":""},"class_list":["post-4241","page","type-page","status-publish","hentry"],"post_mailing_queue_ids":[],"_links":{"self":[{"href":"https:\/\/agora.xtec.cat\/ceipllers\/wp-json\/wp\/v2\/pages\/4241","targetHints":{"allow":["GET"]}}],"collection":[{"href":"https:\/\/agora.xtec.cat\/ceipllers\/wp-json\/wp\/v2\/pages"}],"about":[{"href":"https:\/\/agora.xtec.cat\/ceipllers\/wp-json\/wp\/v2\/types\/page"}],"author":[{"embeddable":true,"href":"https:\/\/agora.xtec.cat\/ceipllers\/wp-json\/wp\/v2\/users\/1"}],"replies":[{"embeddable":true,"href":"https:\/\/agora.xtec.cat\/ceipllers\/wp-json\/wp\/v2\/comments?post=4241"}],"version-history":[{"count":6,"href":"https:\/\/agora.xtec.cat\/ceipllers\/wp-json\/wp\/v2\/pages\/4241\/revisions"}],"predecessor-version":[{"id":5794,"href":"https:\/\/agora.xtec.cat\/ceipllers\/wp-json\/wp\/v2\/pages\/4241\/revisions\/5794"}],"wp:attachment":[{"href":"https:\/\/agora.xtec.cat\/ceipllers\/wp-json\/wp\/v2\/media?parent=4241"}],"curies":[{"name":"wp","href":"https:\/\/api.w.org\/{rel}","templated":true}]}}