{"id":28,"date":"2014-09-18T12:29:35","date_gmt":"2014-09-18T11:29:35","guid":{"rendered":"http:\/\/agora.xtec.cat\/ceipllers\/?page_id=28"},"modified":"2026-03-27T16:06:32","modified_gmt":"2026-03-27T15:06:32","slug":"consell-escolar","status":"publish","type":"page","link":"https:\/\/agora.xtec.cat\/ceipllers\/lescola\/consell-escolar\/","title":{"rendered":"Consell escolar"},"content":{"rendered":"<p>LES PERSONES QUE FORMEN PART DEL CONSELL ESCOLAR S\u00d3N:<\/p>\n<p><strong>Presidenta: <\/strong>Neus Bech<\/p>\n<p><strong>Cap<\/strong> <strong>d\u2019estudis: <\/strong>Carolina Madern<\/p>\n<p><strong>Secret\u00e0ria: <\/strong>Anna M. Matas<\/p>\n<p><strong>Representants del sector mestres: <\/strong>\u00a0Carme Morcillo, Anna Mogas, Jordi Planas, Fabi\u00e1n Carmona i Roser Sala<\/p>\n<p><strong>Representants pares i mares: <\/strong>S\u00edlvia P\u00e9rez, Noem\u00ed P\u00e9rez<strong><span style=\"font-weight: 400;\">, Josep Maria Lorca i Narc\u00eds Mart\u00ed<\/span><\/strong><\/p>\n<p><strong>Representant AFA:\u00a0<\/strong>Cristina G\u00f3mez<\/p>\n<p><strong>Representant PAS:\u00a0<\/strong>Joana Estrach<\/p>\n<p><strong>Representant Consistori Municipal: <\/strong>Dolors Moreno<\/p>\n<p>&nbsp;<\/p>\n<p>Els acords presos en el consell s\u00f3n:<\/p>\n<p><a href=\"https:\/\/docs.google.com\/document\/d\/1a8Kwfc7M3VLKL1gaZ162_rfahK86dYTr9cMgEJLBdx0\/edit?usp=sharing\">Consell Escolar 8 d&#8217;octubre 2025<\/a><\/p>\n<p><a href=\"https:\/\/docs.google.com\/document\/d\/1J-w4RLE0Sp5vKUW0cIH_1uUXsE6ugft7ymoy86p-Cpw\/edit?usp=sharing\">Consell Escolar 3 de desembre 2025<\/a><\/p>\n<p><a href=\"https:\/\/docs.google.com\/document\/d\/1pVBOSpux3RiZ5MUFIcruRf1P8EbuVth3BGKhMgo3BBs\/edit?usp=sharing\">Consell Escolar 21 de gener 2026<\/a><\/p>\n<p><a href=\"https:\/\/docs.google.com\/document\/d\/1h4V0g6Nf9gSzvyYjL1wBDpPCKsX8_VWCgGWrGLdgXiQ\/edit?usp=sharing\">Consell Escolar 5 de mar\u00e7 2026<\/a><\/p>\n<p><a href=\"https:\/\/docs.google.com\/document\/d\/1b-4-uniXqRqCYXvzoG9jALc6a0lAKGR-BLSjaMaOtbg\/edit?usp=sharing\">Consell Escolar 25 de mar\u00e7 2026<\/a><\/p>\n<p>&nbsp;<\/p>\n<p>&nbsp;<\/p>\n<p>&nbsp;<\/p>\n","protected":false},"excerpt":{"rendered":"<p>LES PERSONES QUE FORMEN PART DEL CONSELL ESCOLAR S\u00d3N: Presidenta: Neus Bech Cap d\u2019estudis: Carolina Madern Secret\u00e0ria: Anna M. Matas Representants del sector mestres: \u00a0Carme Morcillo, Anna Mogas, Jordi Planas, Fabi\u00e1n Carmona i Roser Sala Representants pares i mares: S\u00edlvia P\u00e9rez, Noem\u00ed P\u00e9rez, Josep Maria Lorca i Narc\u00eds Mart\u00ed Representant AFA:\u00a0Cristina G\u00f3mez Representant PAS:\u00a0Joana Estrach [&hellip;]<\/p>\n","protected":false},"author":1,"featured_media":0,"parent":22,"menu_order":30,"comment_status":"closed","ping_status":"closed","template":"page-templates\/side-menu.php","meta":{"_bbp_topic_count":0,"_bbp_reply_count":0,"_bbp_total_topic_count":0,"_bbp_total_reply_count":0,"_bbp_voice_count":0,"_bbp_anonymous_reply_count":0,"_bbp_topic_count_hidden":0,"_bbp_reply_count_hidden":0,"_bbp_forum_subforum_count":0,"site-sidebar-layout":"default","site-content-layout":"","ast-site-content-layout":"","site-content-style":"default","site-sidebar-style":"default","ast-global-header-display":"","ast-banner-title-visibility":"","ast-main-header-display":"","ast-hfb-above-header-display":"","ast-hfb-below-header-display":"","ast-hfb-mobile-header-display":"","site-post-title":"","ast-breadcrumbs-content":"","ast-featured-img":"","footer-sml-layout":"","theme-transparent-header-meta":"","adv-header-id-meta":"","stick-header-meta":"","header-above-stick-meta":"","header-main-stick-meta":"","header-below-stick-meta":"","astra-migrate-meta-layouts":"default","ast-page-background-enabled":"default","ast-page-background-meta":{"desktop":{"background-color":"var(--ast-global-color-4)","background-image":"","background-repeat":"repeat","background-position":"center center","background-size":"auto","background-attachment":"scroll","background-type":"","background-media":"","overlay-type":"","overlay-color":"","overlay-opacity":"","overlay-gradient":""},"tablet":{"background-color":"","background-image":"","background-repeat":"repeat","background-position":"center center","background-size":"auto","background-attachment":"scroll","background-type":"","background-media":"","overlay-type":"","overlay-color":"","overlay-opacity":"","overlay-gradient":""},"mobile":{"background-color":"","background-image":"","background-repeat":"repeat","background-position":"center center","background-size":"auto","background-attachment":"scroll","background-type":"","background-media":"","overlay-type":"","overlay-color":"","overlay-opacity":"","overlay-gradient":""}},"ast-content-background-meta":{"desktop":{"background-color":"var(--ast-global-color-5)","background-image":"","background-repeat":"repeat","background-position":"center center","background-size":"auto","background-attachment":"scroll","background-type":"","background-media":"","overlay-type":"","overlay-color":"","overlay-opacity":"","overlay-gradient":""},"tablet":{"background-color":"var(--ast-global-color-5)","background-image":"","background-repeat":"repeat","background-position":"center center","background-size":"auto","background-attachment":"scroll","background-type":"","background-media":"","overlay-type":"","overlay-color":"","overlay-opacity":"","overlay-gradient":""},"mobile":{"background-color":"var(--ast-global-color-5)","background-image":"","background-repeat":"repeat","background-position":"center center","background-size":"auto","background-attachment":"scroll","background-type":"","background-media":"","overlay-type":"","overlay-color":"","overlay-opacity":"","overlay-gradient":""}},"footnotes":""},"class_list":["post-28","page","type-page","status-publish","hentry"],"post_mailing_queue_ids":[],"_links":{"self":[{"href":"https:\/\/agora.xtec.cat\/ceipllers\/wp-json\/wp\/v2\/pages\/28","targetHints":{"allow":["GET"]}}],"collection":[{"href":"https:\/\/agora.xtec.cat\/ceipllers\/wp-json\/wp\/v2\/pages"}],"about":[{"href":"https:\/\/agora.xtec.cat\/ceipllers\/wp-json\/wp\/v2\/types\/page"}],"author":[{"embeddable":true,"href":"https:\/\/agora.xtec.cat\/ceipllers\/wp-json\/wp\/v2\/users\/1"}],"replies":[{"embeddable":true,"href":"https:\/\/agora.xtec.cat\/ceipllers\/wp-json\/wp\/v2\/comments?post=28"}],"version-history":[{"count":7,"href":"https:\/\/agora.xtec.cat\/ceipllers\/wp-json\/wp\/v2\/pages\/28\/revisions"}],"predecessor-version":[{"id":5980,"href":"https:\/\/agora.xtec.cat\/ceipllers\/wp-json\/wp\/v2\/pages\/28\/revisions\/5980"}],"up":[{"embeddable":true,"href":"https:\/\/agora.xtec.cat\/ceipllers\/wp-json\/wp\/v2\/pages\/22"}],"wp:attachment":[{"href":"https:\/\/agora.xtec.cat\/ceipllers\/wp-json\/wp\/v2\/media?parent=28"}],"curies":[{"name":"wp","href":"https:\/\/api.w.org\/{rel}","templated":true}]}}