{"id":1579,"date":"2020-03-17T17:46:54","date_gmt":"2020-03-17T16:46:54","guid":{"rendered":"http:\/\/agora.xtec.cat\/ceipllers\/?page_id=1579"},"modified":"2020-03-17T17:47:24","modified_gmt":"2020-03-17T16:47:24","slug":"una-mica-dhistoria","status":"publish","type":"page","link":"https:\/\/agora.xtec.cat\/ceipllers\/sostenibilitat\/una-mica-dhistoria\/","title":{"rendered":"Una mica d&#8217;hist\u00f2ria"},"content":{"rendered":"<p>El curs 2014-2015 un grup de mestres va assistir a Girona per formar-se i d\u2019aquesta manera iniciar el proc\u00e9s per ser Escola verda, elaborant el projecte d\u2019educaci\u00f3 per la sostenibilitat (PES).<\/p>\n<p>El curs 2015-2016 l\u2019Escola de Llers entra a formar part de la xarxa d\u2019escoles verdes de Catalunya.<\/p>\n<p>Cada curs escolar s\u2019actualitza el projecte i es proposen les accions que des del comit\u00e8 verd es portaran a terme en el centre i tamb\u00e9 en l\u2019entorn proper. Un cop l\u2019any es fa un treball en xarxa amb altres escoles verdes de la comarca i es duu a terme una acci\u00f3 conjunta.<\/p>\n<p>El comit\u00e8 verd est\u00e0 format per representants d\u2019alumnes de tots els cursos de prim\u00e0ria, fam\u00edlies, personal no docent del centre i mestres. Es fan reunions al llarg del curs per exposar i debatre sobre els temes que ens ocupen.<\/p>\n<p>Davant l\u2019actual emerg\u00e8ncia clim\u00e0tica del nostre planeta, des de l\u2019escola estem conven\u00e7uts i conven\u00e7udes que totes les accions per petites que siguin tenen un gran valor. Cal m\u00e9s consci\u00e8ncia i sensibilitat per part de tots i totes!<\/p>\n","protected":false},"excerpt":{"rendered":"<p>El curs 2014-2015 un grup de mestres va assistir a Girona per formar-se i d\u2019aquesta manera iniciar el proc\u00e9s per ser Escola verda, elaborant el projecte d\u2019educaci\u00f3 per la sostenibilitat (PES). El curs 2015-2016 l\u2019Escola de Llers entra a formar part de la xarxa d\u2019escoles verdes de Catalunya. Cada curs escolar s\u2019actualitza el projecte i [&hellip;]<\/p>\n","protected":false},"author":1,"featured_media":0,"parent":1154,"menu_order":0,"comment_status":"closed","ping_status":"closed","template":"","meta":{"_bbp_topic_count":0,"_bbp_reply_count":0,"_bbp_total_topic_count":0,"_bbp_total_reply_count":0,"_bbp_voice_count":0,"_bbp_anonymous_reply_count":0,"_bbp_topic_count_hidden":0,"_bbp_reply_count_hidden":0,"_bbp_forum_subforum_count":0,"site-sidebar-layout":"default","site-content-layout":"","ast-site-content-layout":"","site-content-style":"default","site-sidebar-style":"default","ast-global-header-display":"","ast-banner-title-visibility":"","ast-main-header-display":"","ast-hfb-above-header-display":"","ast-hfb-below-header-display":"","ast-hfb-mobile-header-display":"","site-post-title":"","ast-breadcrumbs-content":"","ast-featured-img":"","footer-sml-layout":"","theme-transparent-header-meta":"","adv-header-id-meta":"","stick-header-meta":"","header-above-stick-meta":"","header-main-stick-meta":"","header-below-stick-meta":"","astra-migrate-meta-layouts":"default","ast-page-background-enabled":"default","ast-page-background-meta":{"desktop":{"background-color":"var(--ast-global-color-4)","background-image":"","background-repeat":"repeat","background-position":"center center","background-size":"auto","background-attachment":"scroll","background-type":"","background-media":"","overlay-type":"","overlay-color":"","overlay-opacity":"","overlay-gradient":""},"tablet":{"background-color":"","background-image":"","background-repeat":"repeat","background-position":"center center","background-size":"auto","background-attachment":"scroll","background-type":"","background-media":"","overlay-type":"","overlay-color":"","overlay-opacity":"","overlay-gradient":""},"mobile":{"background-color":"","background-image":"","background-repeat":"repeat","background-position":"center center","background-size":"auto","background-attachment":"scroll","background-type":"","background-media":"","overlay-type":"","overlay-color":"","overlay-opacity":"","overlay-gradient":""}},"ast-content-background-meta":{"desktop":{"background-color":"var(--ast-global-color-5)","background-image":"","background-repeat":"repeat","background-position":"center center","background-size":"auto","background-attachment":"scroll","background-type":"","background-media":"","overlay-type":"","overlay-color":"","overlay-opacity":"","overlay-gradient":""},"tablet":{"background-color":"var(--ast-global-color-5)","background-image":"","background-repeat":"repeat","background-position":"center center","background-size":"auto","background-attachment":"scroll","background-type":"","background-media":"","overlay-type":"","overlay-color":"","overlay-opacity":"","overlay-gradient":""},"mobile":{"background-color":"var(--ast-global-color-5)","background-image":"","background-repeat":"repeat","background-position":"center center","background-size":"auto","background-attachment":"scroll","background-type":"","background-media":"","overlay-type":"","overlay-color":"","overlay-opacity":"","overlay-gradient":""}},"footnotes":""},"class_list":["post-1579","page","type-page","status-publish","hentry"],"post_mailing_queue_ids":[],"_links":{"self":[{"href":"https:\/\/agora.xtec.cat\/ceipllers\/wp-json\/wp\/v2\/pages\/1579","targetHints":{"allow":["GET"]}}],"collection":[{"href":"https:\/\/agora.xtec.cat\/ceipllers\/wp-json\/wp\/v2\/pages"}],"about":[{"href":"https:\/\/agora.xtec.cat\/ceipllers\/wp-json\/wp\/v2\/types\/page"}],"author":[{"embeddable":true,"href":"https:\/\/agora.xtec.cat\/ceipllers\/wp-json\/wp\/v2\/users\/1"}],"replies":[{"embeddable":true,"href":"https:\/\/agora.xtec.cat\/ceipllers\/wp-json\/wp\/v2\/comments?post=1579"}],"version-history":[{"count":1,"href":"https:\/\/agora.xtec.cat\/ceipllers\/wp-json\/wp\/v2\/pages\/1579\/revisions"}],"predecessor-version":[{"id":1580,"href":"https:\/\/agora.xtec.cat\/ceipllers\/wp-json\/wp\/v2\/pages\/1579\/revisions\/1580"}],"up":[{"embeddable":true,"href":"https:\/\/agora.xtec.cat\/ceipllers\/wp-json\/wp\/v2\/pages\/1154"}],"wp:attachment":[{"href":"https:\/\/agora.xtec.cat\/ceipllers\/wp-json\/wp\/v2\/media?parent=1579"}],"curies":[{"name":"wp","href":"https:\/\/api.w.org\/{rel}","templated":true}]}}