{"id":1154,"date":"2019-10-07T13:43:29","date_gmt":"2019-10-07T11:43:29","guid":{"rendered":"http:\/\/agora.xtec.cat\/ceipllers\/?page_id=1154"},"modified":"2022-09-30T16:17:14","modified_gmt":"2022-09-30T14:17:14","slug":"sostenibilitat","status":"publish","type":"page","link":"https:\/\/agora.xtec.cat\/ceipllers\/sostenibilitat\/","title":{"rendered":"SOSTENIBILITAT"},"content":{"rendered":"<p><img loading=\"lazy\" decoding=\"async\" class=\"wp-image-1508 alignleft\" src=\"https:\/\/agora.xtec.cat\/ceipllers\/wp-content\/uploads\/usu1914\/2020\/02\/Logotip-Comit\u00e8-Verd-951x1024.jpg\" alt=\"\" width=\"87\" height=\"93\" srcset=\"https:\/\/agora.xtec.cat\/ceipllers\/wp-content\/uploads\/usu1914\/2020\/02\/Logotip-Comit\u00e8-Verd-951x1024.jpg 951w, https:\/\/agora.xtec.cat\/ceipllers\/wp-content\/uploads\/usu1914\/2020\/02\/Logotip-Comit\u00e8-Verd-278x300.jpg 278w, https:\/\/agora.xtec.cat\/ceipllers\/wp-content\/uploads\/usu1914\/2020\/02\/Logotip-Comit\u00e8-Verd-768x827.jpg 768w\" sizes=\"auto, (max-width: 87px) 100vw, 87px\" \/><\/p>\n<h4 style=\"margin-bottom: .0001pt;\"><strong><span style=\"font-family: 'Arial','sans-serif';\">UNA MICA D&#8217;HIST\u00d2RIA&#8230;<\/span><\/strong><\/h4>\n<p style=\"margin-bottom: 0.0001pt; text-align: left;\"><span style=\"font-family: 'Arial','sans-serif';\">El curs 2014-2015 un grup de mestres va assistir a Girona per formar-se i d&#8217;aquesta manera iniciar el proc\u00e9s per ser Escola verda, elaborant el projecte d&#8217;educaci\u00f3 per la sostenibilitat (PES). <\/span><\/p>\n<p style=\"margin-bottom: 0.0001pt; text-align: left;\"><span style=\"font-family: 'Arial','sans-serif';\">El curs 2015-2016 l&#8217;Escola de Llers entra a formar part de la <a href=\"https:\/\/mediambient.gencat.cat\/ca\/05_ambits_dactuacio\/educacio_i_sostenibilitat\/educacio_per_a_la_sostenibilitat\/escoles_verdes\/\">XARXA D&#8217;ESCOLES VERDES<\/a> de Catalunya. <\/span><\/p>\n<p style=\"margin-bottom: 0.0001pt; text-align: left;\"><span style=\"font-family: 'Arial','sans-serif';\">Cada curs escolar s&#8217;actualitza el projecte i es proposen les accions que des del comit\u00e8 verd es portaran a terme en el centre i tamb\u00e9 en l&#8217;entorn proper. Un cop l&#8217;any es fa un treball en xarxa amb altres escoles verdes de la comarca i es duu a terme una acci\u00f3 conjunta. <\/span><\/p>\n<p style=\"margin-bottom: 0.0001pt; text-align: left;\"><span style=\"font-family: 'Arial','sans-serif';\">El comit\u00e8 verd est\u00e0 format per representants d&#8217;alumnes de tots els cursos de prim\u00e0ria, fam\u00edlies, personal no docent del centre i mestres. Es fan reunions al llarg del curs per exposar i debatre sobre els temes que ens ocupen.<\/span><\/p>\n<p style=\"margin-bottom: 0.0001pt; text-align: left;\"><span style=\"font-family: 'Arial','sans-serif';\">Davant l&#8217;actual emerg\u00e8ncia clim\u00e0tica del nostre planeta, des de l&#8217;escola estem conven\u00e7uts i conven\u00e7udes que totes les accions per petites que siguin tenen un gran valor. Cal m\u00e9s consci\u00e8ncia i sensibilitat per part de tots i totes!<\/span><\/p>\n<p><a href=\"https:\/\/agora.xtec.cat\/ceipllers\/wp-content\/uploads\/usu1914\/2022\/09\/IMG-20211022-WA0004.jpg\"><img loading=\"lazy\" decoding=\"async\" class=\"alignnone wp-image-3961\" src=\"https:\/\/agora.xtec.cat\/ceipllers\/wp-content\/uploads\/usu1914\/2022\/09\/IMG-20211022-WA0004-1024x768.jpg\" alt=\"\" width=\"400\" height=\"300\" srcset=\"https:\/\/agora.xtec.cat\/ceipllers\/wp-content\/uploads\/usu1914\/2022\/09\/IMG-20211022-WA0004-1024x768.jpg 1024w, https:\/\/agora.xtec.cat\/ceipllers\/wp-content\/uploads\/usu1914\/2022\/09\/IMG-20211022-WA0004-300x225.jpg 300w, https:\/\/agora.xtec.cat\/ceipllers\/wp-content\/uploads\/usu1914\/2022\/09\/IMG-20211022-WA0004-768x576.jpg 768w, https:\/\/agora.xtec.cat\/ceipllers\/wp-content\/uploads\/usu1914\/2022\/09\/IMG-20211022-WA0004-1536x1152.jpg 1536w, https:\/\/agora.xtec.cat\/ceipllers\/wp-content\/uploads\/usu1914\/2022\/09\/IMG-20211022-WA0004-200x150.jpg 200w, https:\/\/agora.xtec.cat\/ceipllers\/wp-content\/uploads\/usu1914\/2022\/09\/IMG-20211022-WA0004.jpg 1600w\" sizes=\"auto, (max-width: 400px) 100vw, 400px\" \/><\/a><\/p>\n<p><a href=\"https:\/\/agora.xtec.cat\/ceipllers\/wp-content\/uploads\/usu1914\/2022\/09\/IMG_20220317_082825.jpg\"><img loading=\"lazy\" decoding=\"async\" class=\"alignnone wp-image-3962\" src=\"https:\/\/agora.xtec.cat\/ceipllers\/wp-content\/uploads\/usu1914\/2022\/09\/IMG_20220317_082825-1024x472.jpg\" alt=\"\" width=\"400\" height=\"185\" srcset=\"https:\/\/agora.xtec.cat\/ceipllers\/wp-content\/uploads\/usu1914\/2022\/09\/IMG_20220317_082825-1024x472.jpg 1024w, https:\/\/agora.xtec.cat\/ceipllers\/wp-content\/uploads\/usu1914\/2022\/09\/IMG_20220317_082825-300x138.jpg 300w, https:\/\/agora.xtec.cat\/ceipllers\/wp-content\/uploads\/usu1914\/2022\/09\/IMG_20220317_082825-768x354.jpg 768w, https:\/\/agora.xtec.cat\/ceipllers\/wp-content\/uploads\/usu1914\/2022\/09\/IMG_20220317_082825-1536x708.jpg 1536w, https:\/\/agora.xtec.cat\/ceipllers\/wp-content\/uploads\/usu1914\/2022\/09\/IMG_20220317_082825.jpg 1600w\" sizes=\"auto, (max-width: 400px) 100vw, 400px\" \/><\/a><\/p>\n<p><a style=\"font-weight: bold; font-family: inherit; font-size: 1em;\" href=\"https:\/\/agora.xtec.cat\/ceipllers\/wp-content\/uploads\/usu1914\/2022\/09\/IMG-20220608-WA0000.jpg\"><img loading=\"lazy\" decoding=\"async\" class=\"wp-image-3963 alignleft\" src=\"https:\/\/agora.xtec.cat\/ceipllers\/wp-content\/uploads\/usu1914\/2022\/09\/IMG-20220608-WA0000-768x1024.jpg\" alt=\"\" width=\"400\" height=\"533\" srcset=\"https:\/\/agora.xtec.cat\/ceipllers\/wp-content\/uploads\/usu1914\/2022\/09\/IMG-20220608-WA0000-768x1024.jpg 768w, https:\/\/agora.xtec.cat\/ceipllers\/wp-content\/uploads\/usu1914\/2022\/09\/IMG-20220608-WA0000-225x300.jpg 225w, https:\/\/agora.xtec.cat\/ceipllers\/wp-content\/uploads\/usu1914\/2022\/09\/IMG-20220608-WA0000-1152x1536.jpg 1152w, https:\/\/agora.xtec.cat\/ceipllers\/wp-content\/uploads\/usu1914\/2022\/09\/IMG-20220608-WA0000.jpg 1500w\" sizes=\"auto, (max-width: 400px) 100vw, 400px\" \/><\/a><\/p>\n<p>&nbsp;<\/p>\n<p>&nbsp;<\/p>\n<p>&nbsp;<\/p>\n<p>&nbsp;<\/p>\n<p>&nbsp;<\/p>\n<p>&nbsp;<\/p>\n<p>&nbsp;<\/p>\n<p>&nbsp;<\/p>\n<p>&nbsp;<\/p>\n<p>&nbsp;<\/p>\n<p>&nbsp;<\/p>\n<p>&nbsp;<\/p>\n<p><a style=\"font-weight: bold; font-family: inherit; font-size: 1em;\" href=\"https:\/\/agora.xtec.cat\/ceipllers\/wp-content\/uploads\/usu1914\/2022\/09\/IMG-20220603-WA0007.jpg\"><img loading=\"lazy\" decoding=\"async\" class=\"wp-image-3964\" src=\"https:\/\/agora.xtec.cat\/ceipllers\/wp-content\/uploads\/usu1914\/2022\/09\/IMG-20220603-WA0007-1024x768.jpg\" alt=\"\" width=\"400\" height=\"300\" srcset=\"https:\/\/agora.xtec.cat\/ceipllers\/wp-content\/uploads\/usu1914\/2022\/09\/IMG-20220603-WA0007-1024x768.jpg 1024w, https:\/\/agora.xtec.cat\/ceipllers\/wp-content\/uploads\/usu1914\/2022\/09\/IMG-20220603-WA0007-300x225.jpg 300w, https:\/\/agora.xtec.cat\/ceipllers\/wp-content\/uploads\/usu1914\/2022\/09\/IMG-20220603-WA0007-768x576.jpg 768w, https:\/\/agora.xtec.cat\/ceipllers\/wp-content\/uploads\/usu1914\/2022\/09\/IMG-20220603-WA0007-1536x1152.jpg 1536w, https:\/\/agora.xtec.cat\/ceipllers\/wp-content\/uploads\/usu1914\/2022\/09\/IMG-20220603-WA0007-200x150.jpg 200w, https:\/\/agora.xtec.cat\/ceipllers\/wp-content\/uploads\/usu1914\/2022\/09\/IMG-20220603-WA0007.jpg 2048w\" sizes=\"auto, (max-width: 400px) 100vw, 400px\" \/><\/a><\/p>\n<p><a href=\"https:\/\/agora.xtec.cat\/ceipllers\/wp-content\/uploads\/usu1914\/2022\/09\/IMG_20220517_154712886-scaled.jpg\"><img loading=\"lazy\" decoding=\"async\" class=\"wp-image-3965\" src=\"https:\/\/agora.xtec.cat\/ceipllers\/wp-content\/uploads\/usu1914\/2022\/09\/IMG_20220517_154712886-1024x768.jpg\" alt=\"\" width=\"400\" height=\"300\" srcset=\"https:\/\/agora.xtec.cat\/ceipllers\/wp-content\/uploads\/usu1914\/2022\/09\/IMG_20220517_154712886-1024x768.jpg 1024w, https:\/\/agora.xtec.cat\/ceipllers\/wp-content\/uploads\/usu1914\/2022\/09\/IMG_20220517_154712886-300x225.jpg 300w, https:\/\/agora.xtec.cat\/ceipllers\/wp-content\/uploads\/usu1914\/2022\/09\/IMG_20220517_154712886-768x576.jpg 768w, https:\/\/agora.xtec.cat\/ceipllers\/wp-content\/uploads\/usu1914\/2022\/09\/IMG_20220517_154712886-1536x1152.jpg 1536w, https:\/\/agora.xtec.cat\/ceipllers\/wp-content\/uploads\/usu1914\/2022\/09\/IMG_20220517_154712886-2048x1536.jpg 2048w, https:\/\/agora.xtec.cat\/ceipllers\/wp-content\/uploads\/usu1914\/2022\/09\/IMG_20220517_154712886-200x150.jpg 200w\" sizes=\"auto, (max-width: 400px) 100vw, 400px\" \/><\/a><\/p>\n<p>&nbsp;<\/p>\n<p>&nbsp;<\/p>\n","protected":false},"excerpt":{"rendered":"<p>UNA MICA D&#8217;HIST\u00d2RIA&#8230; El curs 2014-2015 un grup de mestres va assistir a Girona per formar-se i d&#8217;aquesta manera iniciar el proc\u00e9s per ser Escola verda, elaborant el projecte d&#8217;educaci\u00f3 per la sostenibilitat (PES). El curs 2015-2016 l&#8217;Escola de Llers entra a formar part de la XARXA D&#8217;ESCOLES VERDES de Catalunya. Cada curs escolar s&#8217;actualitza [&hellip;]<\/p>\n","protected":false},"author":1,"featured_media":0,"parent":0,"menu_order":0,"comment_status":"closed","ping_status":"closed","template":"","meta":{"_bbp_topic_count":0,"_bbp_reply_count":0,"_bbp_total_topic_count":0,"_bbp_total_reply_count":0,"_bbp_voice_count":0,"_bbp_anonymous_reply_count":0,"_bbp_topic_count_hidden":0,"_bbp_reply_count_hidden":0,"_bbp_forum_subforum_count":0,"site-sidebar-layout":"default","site-content-layout":"","ast-site-content-layout":"","site-content-style":"default","site-sidebar-style":"default","ast-global-header-display":"","ast-banner-title-visibility":"","ast-main-header-display":"","ast-hfb-above-header-display":"","ast-hfb-below-header-display":"","ast-hfb-mobile-header-display":"","site-post-title":"","ast-breadcrumbs-content":"","ast-featured-img":"","footer-sml-layout":"","theme-transparent-header-meta":"","adv-header-id-meta":"","stick-header-meta":"","header-above-stick-meta":"","header-main-stick-meta":"","header-below-stick-meta":"","astra-migrate-meta-layouts":"default","ast-page-background-enabled":"default","ast-page-background-meta":{"desktop":{"background-color":"var(--ast-global-color-4)","background-image":"","background-repeat":"repeat","background-position":"center center","background-size":"auto","background-attachment":"scroll","background-type":"","background-media":"","overlay-type":"","overlay-color":"","overlay-opacity":"","overlay-gradient":""},"tablet":{"background-color":"","background-image":"","background-repeat":"repeat","background-position":"center center","background-size":"auto","background-attachment":"scroll","background-type":"","background-media":"","overlay-type":"","overlay-color":"","overlay-opacity":"","overlay-gradient":""},"mobile":{"background-color":"","background-image":"","background-repeat":"repeat","background-position":"center center","background-size":"auto","background-attachment":"scroll","background-type":"","background-media":"","overlay-type":"","overlay-color":"","overlay-opacity":"","overlay-gradient":""}},"ast-content-background-meta":{"desktop":{"background-color":"var(--ast-global-color-5)","background-image":"","background-repeat":"repeat","background-position":"center center","background-size":"auto","background-attachment":"scroll","background-type":"","background-media":"","overlay-type":"","overlay-color":"","overlay-opacity":"","overlay-gradient":""},"tablet":{"background-color":"var(--ast-global-color-5)","background-image":"","background-repeat":"repeat","background-position":"center center","background-size":"auto","background-attachment":"scroll","background-type":"","background-media":"","overlay-type":"","overlay-color":"","overlay-opacity":"","overlay-gradient":""},"mobile":{"background-color":"var(--ast-global-color-5)","background-image":"","background-repeat":"repeat","background-position":"center center","background-size":"auto","background-attachment":"scroll","background-type":"","background-media":"","overlay-type":"","overlay-color":"","overlay-opacity":"","overlay-gradient":""}},"footnotes":""},"class_list":["post-1154","page","type-page","status-publish","hentry"],"post_mailing_queue_ids":[],"_links":{"self":[{"href":"https:\/\/agora.xtec.cat\/ceipllers\/wp-json\/wp\/v2\/pages\/1154","targetHints":{"allow":["GET"]}}],"collection":[{"href":"https:\/\/agora.xtec.cat\/ceipllers\/wp-json\/wp\/v2\/pages"}],"about":[{"href":"https:\/\/agora.xtec.cat\/ceipllers\/wp-json\/wp\/v2\/types\/page"}],"author":[{"embeddable":true,"href":"https:\/\/agora.xtec.cat\/ceipllers\/wp-json\/wp\/v2\/users\/1"}],"replies":[{"embeddable":true,"href":"https:\/\/agora.xtec.cat\/ceipllers\/wp-json\/wp\/v2\/comments?post=1154"}],"version-history":[{"count":3,"href":"https:\/\/agora.xtec.cat\/ceipllers\/wp-json\/wp\/v2\/pages\/1154\/revisions"}],"predecessor-version":[{"id":3960,"href":"https:\/\/agora.xtec.cat\/ceipllers\/wp-json\/wp\/v2\/pages\/1154\/revisions\/3960"}],"wp:attachment":[{"href":"https:\/\/agora.xtec.cat\/ceipllers\/wp-json\/wp\/v2\/media?parent=1154"}],"curies":[{"name":"wp","href":"https:\/\/api.w.org\/{rel}","templated":true}]}}