{"id":9985,"date":"2023-01-16T21:09:22","date_gmt":"2023-01-16T20:09:22","guid":{"rendered":"https:\/\/agora.xtec.cat\/ceiplledoner\/?page_id=9985"},"modified":"2023-05-23T21:36:37","modified_gmt":"2023-05-23T19:36:37","slug":"estrategia-digital-de-centre","status":"publish","type":"page","link":"https:\/\/agora.xtec.cat\/ceiplledoner\/estrategia-digital-de-centre\/","title":{"rendered":"Estrat\u00e8gia Digital de Centre (EDC)"},"content":{"rendered":"<p><a href=\"https:\/\/educacio.gencat.cat\/web\/.content\/home\/departament\/publicacions\/colleccions\/pla-educacio-digital\/estrategia-digital-centre\/estrategia-digital-centre.pdf\"><span style=\"color: #ff6600;\"><strong>Qu\u00e8 \u00e9s l&#8217;Estrat\u00e8gia Digital de Centre?<\/strong><\/span><\/a><\/p>\n<p><span style=\"color: #000000;\">L&#8217;Estrat\u00e8gia Digital de Centre (EDC) s\u00f3n aquelles accions que es realitzen en un centre, i les que es realitzaran a mitj\u00e0 termini, que tenen com objectiu contribuir al desenvolupament de\u00a0 les compet\u00e8ncies digitals que les ciutadanes i els ciutadans necessiten per viure i treballar a la nostra societat actual. <\/span><\/p>\n<p><a href=\"https:\/\/educacio.gencat.cat\/web\/.content\/home\/departament\/publicacions\/colleccions\/pla-educacio-digital\/estrategia-digital-centre\/estrategia-digital-centre.pdf\"><img decoding=\"async\" src=\"https:\/\/agora.xtec.cat\/ceipcesaraugust\/wp-content\/uploads\/usu1489\/2022\/03\/Ew6uSinWQAM-Z3I.jpeg\" alt=\"https:\/\/agora.xtec.cat\/ceipcesaraugust\/wp-content\/uploads\/usu1489\/2022\/03\/Ew6uSinWQAM-Z3I.jpeg\" \/><\/a><\/p>\n<p>&nbsp;<\/p>\n<p><span style=\"color: #ff6600;\"><strong>Com es dur\u00e0 a terme?<\/strong><\/span><\/p>\n<p><a href=\"https:\/\/educacio.gencat.cat\/web\/.content\/home\/departament\/publicacions\/colleccions\/pla-educacio-digital\/funcions-comissio-estrategia-digital-centre\/funcions-comissio-estrategia-digital-centre.pdf\"><img loading=\"lazy\" decoding=\"async\" class=\"wp-image-1733\" title=\"comissio\" src=\"https:\/\/escolamdcprat.com\/wp-content\/uploads\/2022\/12\/comissio.png\" sizes=\"auto, (min-width: 0px) and (max-width: 480px) 480px, (min-width: 481px) and (max-width: 980px) 980px, (min-width: 981px) and (max-width: 1280px) 1280px, (min-width: 1281px) 1330px, 100vw\" srcset=\"https:\/\/escolamdcprat.com\/wp-content\/uploads\/2022\/12\/comissio.png 1330w, https:\/\/escolamdcprat.com\/wp-content\/uploads\/2022\/12\/comissio-1280x874.png 1280w, https:\/\/escolamdcprat.com\/wp-content\/uploads\/2022\/12\/comissio-980x669.png 980w, https:\/\/escolamdcprat.com\/wp-content\/uploads\/2022\/12\/comissio-480x328.png 480w\" alt=\"\" width=\"1330\" height=\"908\" \/><\/a><span style=\"color: #cc99ff;\"><a style=\"color: #cc99ff;\" href=\"https:\/\/educacio.gencat.cat\/web\/.content\/home\/departament\/publicacions\/colleccions\/pla-educacio-digital\/funcions-comissio-estrategia-digital-centre\/funcions-comissio-estrategia-digital-centre.pdf\"><span style=\"text-decoration: underline;\"><span style=\"color: #3366ff; text-decoration: underline;\"><span style=\"color: #99cc00; text-decoration: underline;\"><span style=\"color: #00ccff; text-decoration: underline;\"><span style=\"color: #008080; text-decoration: underline;\"><span style=\"color: #ffcc00; text-decoration: underline;\"><span style=\"color: #ff9900; text-decoration: underline;\">Funcions de la comissi\u00f3 d&#8217;Estrat\u00e8gia Digital\u00a0<\/span><\/span><\/span><\/span><\/span><\/span><\/span><\/a><\/span><\/p>\n<p>&nbsp;<\/p>\n<p><span style=\"color: #ff6600;\"><strong>Objectius de l&#8217;Estrat\u00e8gia Digital de Centre<\/strong><\/span><\/p>\n<ul style=\"list-style-type: square;\">\n<li>Assegurar que els alumnes de Catalunya siguin digitalment competents en acabar l&#8217;ensenyament obligatori.<\/li>\n<li>Tenir una xarxa de pa\u00eds amb centres digitalment transformats.<\/li>\n<\/ul>\n<p><strong><span style=\"color: #ff6600;\">Actuacions que es preveuen als centres<\/span><br \/>\n<\/strong><\/p>\n<p>Per tal d&#8217;assolir la compet\u00e8ncia digital del centre, alumnat i docent, es preveu actuar sobre aquests aspectes:<\/p>\n<ul style=\"list-style-type: square;\">\n<li>Equipament de l&#8217;alumnat<\/li>\n<li>Equipament dels docents<\/li>\n<li>Transformaci\u00f3 LAN i Wifi<\/li>\n<\/ul>\n<p><strong><span style=\"color: #ff6600;\">Estrat\u00e8gia Digital de l&#8217;Escola Lledoner<\/span><\/strong><\/p>\n<p>Per poder desenvolupar l&#8217;Estrat\u00e8gia Digital de Centre s&#8217;estableix dues l\u00ednies de treball:<\/p>\n<ul style=\"list-style-type: circle;\">\n<li><a href=\"https:\/\/agora.xtec.cat\/ceiplledoner\/estrategia-digital-de-centre\/estrategia-digital\/\">Estrat\u00e8gia Digital<\/a><\/li>\n<li><a href=\"https:\/\/agora.xtec.cat\/ceiplledoner\/estrategia-digital-de-centre\/culturadigital\/\">Cultura Digital<\/a><\/li>\n<\/ul>\n<p>&nbsp;<\/p>\n","protected":false},"excerpt":{"rendered":"<p><a href=\"https:\/\/educacio.gencat.cat\/web\/.content\/home\/departament\/publicacions\/colleccions\/pla-educacio-digital\/estrategia-digital-centre\/estrategia-digital-centre.pdf\">Qu\u00e8 \u00e9s l&#8217;Estrat\u00e8gia Digital de Centre?<\/a><br \/>\nL&#8217;Estrat\u00e8gia Digital de Centre (EDC) s\u00f3n aquelles accions que es realitzen en un centre, i les que es realitzaran a mitj\u00e0 termini, que tenen com objectiu contribuir al desenvolupament de\u00a0 les compet\u00e8ncies digitals que les ciutadanes i els ciutadans&hellip;  <a href=\"https:\/\/agora.xtec.cat\/ceiplledoner\/estrategia-digital-de-centre\/\" title=\"Read Estrat\u00e8gia Digital de Centre (EDC)\">Llegeix m\u00e9s\u00bb<\/a><\/p>\n","protected":false},"author":1,"featured_media":0,"parent":0,"menu_order":0,"comment_status":"closed","ping_status":"closed","template":"page-templates\/side-menu.php","meta":{"_bbp_topic_count":0,"_bbp_reply_count":0,"_bbp_total_topic_count":0,"_bbp_total_reply_count":0,"_bbp_voice_count":0,"_bbp_anonymous_reply_count":0,"_bbp_topic_count_hidden":0,"_bbp_reply_count_hidden":0,"_bbp_forum_subforum_count":0,"footnotes":""},"class_list":["post-9985","page","type-page","status-publish","hentry"],"post_mailing_queue_ids":[],"_links":{"self":[{"href":"https:\/\/agora.xtec.cat\/ceiplledoner\/wp-json\/wp\/v2\/pages\/9985","targetHints":{"allow":["GET"]}}],"collection":[{"href":"https:\/\/agora.xtec.cat\/ceiplledoner\/wp-json\/wp\/v2\/pages"}],"about":[{"href":"https:\/\/agora.xtec.cat\/ceiplledoner\/wp-json\/wp\/v2\/types\/page"}],"author":[{"embeddable":true,"href":"https:\/\/agora.xtec.cat\/ceiplledoner\/wp-json\/wp\/v2\/users\/1"}],"replies":[{"embeddable":true,"href":"https:\/\/agora.xtec.cat\/ceiplledoner\/wp-json\/wp\/v2\/comments?post=9985"}],"version-history":[{"count":4,"href":"https:\/\/agora.xtec.cat\/ceiplledoner\/wp-json\/wp\/v2\/pages\/9985\/revisions"}],"predecessor-version":[{"id":10551,"href":"https:\/\/agora.xtec.cat\/ceiplledoner\/wp-json\/wp\/v2\/pages\/9985\/revisions\/10551"}],"wp:attachment":[{"href":"https:\/\/agora.xtec.cat\/ceiplledoner\/wp-json\/wp\/v2\/media?parent=9985"}],"curies":[{"name":"wp","href":"https:\/\/api.w.org\/{rel}","templated":true}]}}