{"id":959,"date":"2017-02-11T15:36:59","date_gmt":"2017-02-11T14:36:59","guid":{"rendered":"http:\/\/agora.xtec.cat\/ceiplledoner\/?page_id=959"},"modified":"2019-01-19T13:25:20","modified_gmt":"2019-01-19T12:25:20","slug":"ambients","status":"publish","type":"page","link":"https:\/\/agora.xtec.cat\/ceiplledoner\/ambients\/","title":{"rendered":"Ambients"},"content":{"rendered":"<p>Ambients d\u2019aprenentatge de lliure circulaci\u00f3\u00a0a la Comunitat de Petits<\/p>\n<p>Els Ambients s\u00f3n espais preparats pels adults, amb materials pensats i elaborats per satisfer les necessitats del nens i nenes de tota la comunitat.<\/p>\n<p>Els nens i nens de 3, 4 i 5 anys, barrejats exploren els ambients de manera que aprenguin a con\u00e8ixer i descobrir nous significats. Poden explorar, experimentar, investigar i interpretar per interaccionant amb l\u2019entorn i els iguals. \u00c9s aix\u00ed com donem resposta als seus interessos i les seves necessitats.<\/p>\n<p>Volem que els aprenentatges siguin significatius per a ells a trav\u00e9s de l\u2019acci\u00f3, la manipulaci\u00f3, la lliure circulaci\u00f3 de pensament i la interacci\u00f3 amb l\u2019entorn proper.<\/p>\n<p>L\u2019adult juga un paper de mediador i d\u2019impulsor de processos creatius. Acompanya des de la dist\u00e0ncia deixant espai al nen per crear. La pres\u00e8ncia de la mestra d\u00f3na seguretat i ajuda en el desenvolupament del creixement sensorial, d\u2019experimentaci\u00f3 i de recerca. De vegades fa preguntes al nen per despertar curiositat, d\u00f3na temps i estimula segons sigui necessari per respectar el ritme propi de cadascun dels nens i nenes.<\/p>\n<p>Es tracta de circular lliurement per tots les ambients que els oferim de manera que se sentin segurs i tranquils.<\/p>\n<p>Els ambients que oferim actualment s\u00f3n: Mediateca, Matem\u00e0tic, Construccions, Art, Experimentaci\u00f3, Llar, Tra\u00e7, Teatre, Aigua i M\u00fasica.<\/p>\n<p><strong>L\u2019horari dels Ambients \u00e9s de tres tardes a la setmana de 15h a 16.15h .<\/strong><\/p>\n<p>Per con\u00e8ixer m\u00e9s sobre els ambients, <a href=\"https:\/\/agora.xtec.cat\/ceiplledoner\/categoria\/c-petits\/ambients-petits\/\">cliqueu aqu\u00ed<\/a>.<\/p>\n<p>&nbsp;<\/p>\n","protected":false},"excerpt":{"rendered":"<p>Ambients d\u2019aprenentatge de lliure circulaci\u00f3\u00a0a la Comunitat de Petits<br \/>\nEls Ambients s\u00f3n espais preparats pels adults, amb materials pensats i elaborats per satisfer les necessitats del nens i nenes de tota la comunitat.<br \/>\nEls nens i nens de 3, 4 i 5 anys, barrejats exploren els ambients&hellip;  <a href=\"https:\/\/agora.xtec.cat\/ceiplledoner\/ambients\/\" title=\"Read Ambients\">Llegeix m\u00e9s\u00bb<\/a><\/p>\n","protected":false},"author":1,"featured_media":0,"parent":0,"menu_order":0,"comment_status":"closed","ping_status":"closed","template":"","meta":{"_bbp_topic_count":0,"_bbp_reply_count":0,"_bbp_total_topic_count":0,"_bbp_total_reply_count":0,"_bbp_voice_count":0,"_bbp_anonymous_reply_count":0,"_bbp_topic_count_hidden":0,"_bbp_reply_count_hidden":0,"_bbp_forum_subforum_count":0,"footnotes":""},"class_list":["post-959","page","type-page","status-publish","hentry"],"post_mailing_queue_ids":[],"_links":{"self":[{"href":"https:\/\/agora.xtec.cat\/ceiplledoner\/wp-json\/wp\/v2\/pages\/959","targetHints":{"allow":["GET"]}}],"collection":[{"href":"https:\/\/agora.xtec.cat\/ceiplledoner\/wp-json\/wp\/v2\/pages"}],"about":[{"href":"https:\/\/agora.xtec.cat\/ceiplledoner\/wp-json\/wp\/v2\/types\/page"}],"author":[{"embeddable":true,"href":"https:\/\/agora.xtec.cat\/ceiplledoner\/wp-json\/wp\/v2\/users\/1"}],"replies":[{"embeddable":true,"href":"https:\/\/agora.xtec.cat\/ceiplledoner\/wp-json\/wp\/v2\/comments?post=959"}],"version-history":[{"count":4,"href":"https:\/\/agora.xtec.cat\/ceiplledoner\/wp-json\/wp\/v2\/pages\/959\/revisions"}],"predecessor-version":[{"id":10499,"href":"https:\/\/agora.xtec.cat\/ceiplledoner\/wp-json\/wp\/v2\/pages\/959\/revisions\/10499"}],"wp:attachment":[{"href":"https:\/\/agora.xtec.cat\/ceiplledoner\/wp-json\/wp\/v2\/media?parent=959"}],"curies":[{"name":"wp","href":"https:\/\/api.w.org\/{rel}","templated":true}]}}