{"id":928,"date":"2023-01-08T13:18:35","date_gmt":"2023-01-08T12:18:35","guid":{"rendered":"http:\/\/agora.xtec.cat\/ceiplledoner\/?page_id=928"},"modified":"2026-02-03T16:21:32","modified_gmt":"2026-02-03T15:21:32","slug":"culturadigital","status":"publish","type":"page","link":"https:\/\/agora.xtec.cat\/ceiplledoner\/estrategia-digital-de-centre\/culturadigital\/","title":{"rendered":"Cultura digital"},"content":{"rendered":"<p>En aquest apartat podreu veure totes aquelles not\u00edcies i documentacions relacionades amb la cultura digital del centre i que creiem que s\u00f3n del vostre inter\u00e8s.<\/p>\n<table style=\"width: 100%; height: 725px;\">\n<tbody>\n<tr style=\"height: 253px;\">\n<td style=\"width: 50%; height: 253px;\">\n<p style=\"text-align: center;\"><a style=\"color: #2795b6;\" href=\"http:\/\/agora.xtec.cat\/ceiplledoner\/portada\/tutorials-chromebooks-i-portatils-linkat\/\"><strong>Tutorials per la configuraci\u00f3 dels dispositius inform\u00e0tics<\/strong><\/a><\/p>\n<p style=\"text-align: center;\"><a href=\"http:\/\/agora.xtec.cat\/ceiplledoner\/portada\/tutorials-chromebooks-i-portatils-linkat\/\"><img loading=\"lazy\" decoding=\"async\" class=\"alignnone wp-image-6593 size-thumbnail\" src=\"https:\/\/agora.xtec.cat\/ceiplledoner\/wp-content\/uploads\/usu1347\/2020\/09\/pngtree-vector-processor-icon-png-image_699737-150x150.jpg\" alt=\"\" width=\"150\" height=\"150\" srcset=\"https:\/\/agora.xtec.cat\/ceiplledoner\/wp-content\/uploads\/usu1347\/2020\/09\/pngtree-vector-processor-icon-png-image_699737-150x150.jpg 150w, https:\/\/agora.xtec.cat\/ceiplledoner\/wp-content\/uploads\/usu1347\/2020\/09\/pngtree-vector-processor-icon-png-image_699737-300x300.jpg 300w, https:\/\/agora.xtec.cat\/ceiplledoner\/wp-content\/uploads\/usu1347\/2020\/09\/pngtree-vector-processor-icon-png-image_699737.jpg 640w\" sizes=\"auto, (max-width: 150px) 100vw, 150px\" \/><\/a><\/p>\n<\/td>\n<td style=\"width: 50%; height: 253px;\">\n<p style=\"text-align: center;\"><a style=\"color: #2795b6;\" href=\"https:\/\/forms.gle\/GhCUyMemKb47DtoM8\"><strong>Comunicaci\u00f3 d&#8217;incid\u00e8ncies TAC<\/strong><\/a><\/p>\n<p style=\"font-family: 'Helvetica Neue', Helvetica, Helvetica, Arial, sans-serif; font-size: 14px;\"><a href=\"https:\/\/forms.gle\/GhCUyMemKb47DtoM8\"><img loading=\"lazy\" decoding=\"async\" class=\"aligncenter wp-image-6594 size-thumbnail\" src=\"https:\/\/agora.xtec.cat\/ceiplledoner\/wp-content\/uploads\/usu1347\/2020\/09\/unnamed-150x150.png\" alt=\"\" width=\"150\" height=\"150\" srcset=\"https:\/\/agora.xtec.cat\/ceiplledoner\/wp-content\/uploads\/usu1347\/2020\/09\/unnamed-150x150.png 150w, https:\/\/agora.xtec.cat\/ceiplledoner\/wp-content\/uploads\/usu1347\/2020\/09\/unnamed.png 258w\" sizes=\"auto, (max-width: 150px) 100vw, 150px\" \/><\/a><\/p>\n<\/td>\n<\/tr>\n<tr style=\"height: 247px;\">\n<td style=\"text-align: center; height: 247px; width: 50%;\"><a style=\"color: #2795b6;\" href=\"http:\/\/agora.xtec.cat\/ceiplledoner\/general\/manual-de-bons-usos-dinternet-i-de-les-noves-tecnologies\/\" target=\"_blank\" rel=\"noopener noreferrer\"><strong>Manual de bons usos i de les noves tecnologies<\/strong><\/a><\/p>\n<p><a style=\"background-color: #ffffff;\" href=\"http:\/\/agora.xtec.cat\/ceiplledoner\/general\/manual-de-bons-usos-dinternet-i-de-les-noves-tecnologies\/\"><img loading=\"lazy\" decoding=\"async\" class=\"aligncenter wp-image-945 size-thumbnail\" src=\"https:\/\/agora.xtec.cat\/ceiplledoner\/wp-content\/uploads\/usu1347\/2017\/01\/finger-769300_1920-150x150.jpg\" alt=\"inform\u00e0tica \/ TIC-TAC\" width=\"150\" height=\"150\" \/><\/a><\/td>\n<td style=\"height: 247px; width: 50%;\">\n<p style=\"text-align: center;\"><strong>Acollides digitals<\/strong><\/p>\n<p style=\"text-align: center;\"><img loading=\"lazy\" decoding=\"async\" class=\"aligncenter\" src=\"https:\/\/agora.xtec.cat\/escolajoanperucho\/wp-content\/uploads\/usu2010\/2023\/05\/Icona-CD-Acolliment-digital.png\" alt=\"Cultura digital \u2013 Comunicaci\u00f3 amb la comunitat educativa | Escola Joan Perucho\" width=\"188\" height=\"188\" \/><\/p>\n<p style=\"text-align: center;\"><a href=\"https:\/\/docs.google.com\/document\/d\/19-FG_JPtr-p-Ys7oHHlWUEwSUMncorI-\/edit?usp=sharing&amp;ouid=114617002544464608499&amp;rtpof=true&amp;sd=true\">Alumnes<\/a> \/ <a href=\"https:\/\/sites.google.com\/xtec.cat\/acollidadigital\/acollida-digital-per-les-fam%C3%ADlies\">Fam\u00edlies<\/a><\/p>\n<\/td>\n<\/tr>\n<tr style=\"height: 225px;\">\n<td style=\"text-align: center; height: 225px; width: 50%;\"><a href=\"https:\/\/drive.google.com\/file\/d\/1YfxSlSrAsqwPaJFOqmjFDmvtLo6oRPUB\/view?usp=sharing\"><strong>Estrat\u00e8gia Digital de Centre (EDC)<\/strong><\/a><\/p>\n<p><a href=\"https:\/\/drive.google.com\/file\/d\/1YfxSlSrAsqwPaJFOqmjFDmvtLo6oRPUB\/view?usp=sharing\"><img loading=\"lazy\" decoding=\"async\" class=\"aligncenter size-medium wp-image-11706\" src=\"https:\/\/agora.xtec.cat\/ceiplledoner\/wp-content\/uploads\/usu1347\/2024\/10\/Copia-de-Poster-Cartel-Afiche-Colorido-frase-educacion-ninos-2-300x265.png\" alt=\"\" width=\"300\" height=\"265\" srcset=\"https:\/\/agora.xtec.cat\/ceiplledoner\/wp-content\/uploads\/usu1347\/2024\/10\/Copia-de-Poster-Cartel-Afiche-Colorido-frase-educacion-ninos-2-300x265.png 300w, https:\/\/agora.xtec.cat\/ceiplledoner\/wp-content\/uploads\/usu1347\/2024\/10\/Copia-de-Poster-Cartel-Afiche-Colorido-frase-educacion-ninos-2-1024x906.png 1024w, https:\/\/agora.xtec.cat\/ceiplledoner\/wp-content\/uploads\/usu1347\/2024\/10\/Copia-de-Poster-Cartel-Afiche-Colorido-frase-educacion-ninos-2-768x680.png 768w, https:\/\/agora.xtec.cat\/ceiplledoner\/wp-content\/uploads\/usu1347\/2024\/10\/Copia-de-Poster-Cartel-Afiche-Colorido-frase-educacion-ninos-2.png 1338w\" sizes=\"auto, (max-width: 300px) 100vw, 300px\" \/><\/a><\/td>\n<td style=\"height: 225px; width: 50%;\">\n<p style=\"text-align: center;\"><a href=\"https:\/\/docs.google.com\/document\/d\/1NDu4fhvVu4_CZI85vZtJZ9Pe9Ioy7VIf\/edit?usp=sharing&amp;ouid=114617002544464608499&amp;rtpof=true&amp;sd=true\"><strong>Pla de comun<\/strong><strong>ic<\/strong><strong>aci\u00f3<\/strong><\/a><\/p>\n<p style=\"text-align: center;\"><img loading=\"lazy\" decoding=\"async\" class=\"\" src=\"https:\/\/ioc.xtec.cat\/materials\/FP\/Recursos\/fp_prp_c01_\/web\/fp_prp_c01_htmlindex\/WebContent\/u7\/media\/estrategia_comunicacio.png\" alt=\"Gesti\u00f3 de la Prevenci\u00f3\" width=\"197\" height=\"229\" \/><\/p>\n<\/td>\n<\/tr>\n<\/tbody>\n<\/table>\n<p>&nbsp;<\/p>\n","protected":false},"excerpt":{"rendered":"<p>En aquest apartat podreu veure totes aquelles not\u00edcies i documentacions relacionades amb la cultura digital del centre i que creiem que s\u00f3n del vostre inter\u00e8s.<\/p>\n<p><a style=\"color: #2795b6;\" href=\"http:\/\/agora.xtec.cat\/ceiplledoner\/portada\/tutorials-chromebooks-i-portatils-linkat\/\">Tutorials per la configuraci\u00f3 dels dispositius inform\u00e0tics<\/a><br \/>\n<a href=\"http:\/\/agora.xtec.cat\/ceiplledoner\/portada\/tutorials-chromebooks-i-portatils-linkat\/\"><\/a><\/p>\n<p><a style=\"color: #2795b6;\" href=\"https:\/\/forms.gle\/GhCUyMemKb47DtoM8\">Comunicaci\u00f3 d&#8217;incid\u00e8ncies TAC<\/a><br \/>\n<a href=\"https:\/\/forms.gle\/GhCUyMemKb47DtoM8\"><\/a><\/p>\n<p><a style=\"color: #2795b6;\" href=\"http:\/\/agora.xtec.cat\/ceiplledoner\/general\/manual-de-bons-usos-dinternet-i-de-les-noves-tecnologies\/\" target=\"_blank\"&hellip;  <a href=\"https:\/\/agora.xtec.cat\/ceiplledoner\/estrategia-digital-de-centre\/culturadigital\/\" title=\"Read Cultura digital\">Llegeix m\u00e9s\u00bb<\/a><\/p>\n","protected":false},"author":1,"featured_media":0,"parent":9985,"menu_order":1,"comment_status":"closed","ping_status":"closed","template":"page-templates\/side-menu.php","meta":{"_bbp_topic_count":0,"_bbp_reply_count":0,"_bbp_total_topic_count":0,"_bbp_total_reply_count":0,"_bbp_voice_count":0,"_bbp_anonymous_reply_count":0,"_bbp_topic_count_hidden":0,"_bbp_reply_count_hidden":0,"_bbp_forum_subforum_count":0,"footnotes":""},"class_list":["post-928","page","type-page","status-publish","hentry"],"post_mailing_queue_ids":[],"_links":{"self":[{"href":"https:\/\/agora.xtec.cat\/ceiplledoner\/wp-json\/wp\/v2\/pages\/928","targetHints":{"allow":["GET"]}}],"collection":[{"href":"https:\/\/agora.xtec.cat\/ceiplledoner\/wp-json\/wp\/v2\/pages"}],"about":[{"href":"https:\/\/agora.xtec.cat\/ceiplledoner\/wp-json\/wp\/v2\/types\/page"}],"author":[{"embeddable":true,"href":"https:\/\/agora.xtec.cat\/ceiplledoner\/wp-json\/wp\/v2\/users\/1"}],"replies":[{"embeddable":true,"href":"https:\/\/agora.xtec.cat\/ceiplledoner\/wp-json\/wp\/v2\/comments?post=928"}],"version-history":[{"count":7,"href":"https:\/\/agora.xtec.cat\/ceiplledoner\/wp-json\/wp\/v2\/pages\/928\/revisions"}],"predecessor-version":[{"id":12724,"href":"https:\/\/agora.xtec.cat\/ceiplledoner\/wp-json\/wp\/v2\/pages\/928\/revisions\/12724"}],"up":[{"embeddable":true,"href":"https:\/\/agora.xtec.cat\/ceiplledoner\/wp-json\/wp\/v2\/pages\/9985"}],"wp:attachment":[{"href":"https:\/\/agora.xtec.cat\/ceiplledoner\/wp-json\/wp\/v2\/media?parent=928"}],"curies":[{"name":"wp","href":"https:\/\/api.w.org\/{rel}","templated":true}]}}