{"id":712,"date":"2016-10-15T14:46:10","date_gmt":"2016-10-15T13:46:10","guid":{"rendered":"http:\/\/agora.xtec.cat\/ceiplledoner\/?page_id=712"},"modified":"2022-09-29T14:55:52","modified_gmt":"2022-09-29T12:55:52","slug":"lescola-2","status":"publish","type":"page","link":"https:\/\/agora.xtec.cat\/ceiplledoner\/lescola-2\/","title":{"rendered":"L&#8217;escola"},"content":{"rendered":"<header class=\"entry-header\">\n<h6 class=\"entry-title\"><\/h6>\n<\/header>\n<div class=\"entry-content\">\n<div>\n<p>L\u2019escola \u00e9s de doble l\u00ednia i es va posar en funcionament l&#8217;any 2005.<\/p>\n<p>Som una <strong>Comunitat d\u2019Aprenentatge<\/strong> que persegueix la m\u00e0xima qualitat d\u2019ensenyament-aprenentatge per als seus alumnes. Creu i aposta fermament per les capacitats de tots els nens i nenes. No limita, ajuda a cr\u00e9ixer.<\/p>\n<p>Una escola participativa on la intervenci\u00f3 de tots els agents de la comunitat ajuden a millorar els aprenentatges. El centre esdev\u00e9 l\u2019espai educatiu on totes les persones ensenyen i aprenen, siguin nens, nenes, mares, pares, voluntaris, volunt\u00e0ries i mestres, essent aquests \u00faltims en qui recau la responsabilitat b\u00e0sica d\u2019aquest proc\u00e9s. Una escola on se us convida a ser protagonistes del proc\u00e9s educatiu del vostre fill o filla.<\/p>\n<p>Una escola que treballa amb metodologies d&#8217;\u00e8xit, basades en l\u2019experimentaci\u00f3, el treball cooperatiu, el di\u00e0leg i l\u2019aprenentatge dial\u00f2gic, la diversificaci\u00f3 de propostes i de recursos, l\u2019esfor\u00e7, els valors humans\u2026<\/p>\n<p>Les fam\u00edlies tenen un paper primordial en l\u2019organitzaci\u00f3 del centre i una possibilitat efectiva de participaci\u00f3 i de coneixement de la vida escolar quotidiana a trav\u00e9s de les Comissions mixtes (familiars i mestres).<\/p>\n<h3><strong>Equipaments, instal\u00b7lacions i serveis<\/strong><\/h3>\n<p>Dins del mateix recinte, el centre compta amb un edifici per Educaci\u00f3 Infantil (Comunitat de Petits) i un altre per Educaci\u00f3 Prim\u00e0ria (Comunitat de Mitjans i Grans).<\/p>\n<p>L\u2019edifici per als alumnes de la <strong>Comunitat de Petits<\/strong>\u00a0compta amb:<\/p>\n<ul>\n<li>6 aules de grup amb sortida directa al pati.<\/li>\n<li>Aula de psicomotricitat.<\/li>\n<li>Aula d&#8217;art<\/li>\n<li>Mediateca<\/li>\n<li>Aula de llum i foscor<\/li>\n<li>Menjador<\/li>\n<li>Passadissos com a espais d&#8217;aprenentatge.<\/li>\n<li>Pati amb arbres, ombra, estructures de joc, sorral&#8230;<\/li>\n<\/ul>\n<\/div>\n<div>\n<p>L\u2019edifici de les <strong>Comunitats de Mitjans i Grans<\/strong> compta amb:<\/p>\n<ul>\n<li>12 aules de grup.<\/li>\n<li>Aula Steam<\/li>\n<li>Aula de m\u00fasica<\/li>\n<li>Aula de recursos matem\u00e0tics<\/li>\n<li>Aula d&#8217;angl\u00e8s<\/li>\n<li>Aules de desdoblament<\/li>\n<li>Aula de recursos ling\u00fc\u00edstics \/ atenci\u00f3 a la diversitat.<\/li>\n<li>Biblioteca<\/li>\n<li>Menjador amb cuina al mateix centre a c\u00e0rrec de l&#8217;empresa\u00a0<a href=\"https:\/\/tresmes.com\/\">Tresmes Ecoactiva<\/a>.<\/li>\n<li>Unitat de Suport a l\u2019Educaci\u00f3 Especial.<\/li>\n<li>Gimn\u00e0s \u2013 Sala polivalent (teatre).<\/li>\n<\/ul>\n<h3><strong>Trets d&#8217;identitat<\/strong><strong style=\"font-family: inherit; font-size: 1em;\">\u00a0<\/strong><\/h3>\n<ul>\n<li>Escola Inclusiva que compta amb un Suport Intensiu per a l&#8217;Escolaritzaci\u00f3 Inclusiva (SIEI)<\/li>\n<li>Treball per projectes.<\/li>\n<li>Treball per Ambients a la Comunitat de Petits.<\/li>\n<li>Treball per racons.<\/li>\n<li>Grups Interactius i Tert\u00falies Liter\u00e0ries.<\/li>\n<li>Hort escolar.<\/li>\n<li>Auxiliar de conversa en llengua anglesa a Prim\u00e0ria.<\/li>\n<li>Biblioteca escolar dinamitzada per bibliotec\u00e0ria.<\/li>\n<li>Comunitat Steam.<\/li>\n<\/ul>\n<h3><strong>Altres aspectes:<\/strong><\/h3>\n<ul>\n<li>Serveis d\u2019acollida matinal.<\/li>\n<li>Servei de menjador amb cuina pr\u00f2pia.<\/li>\n<li>Activitats extraescolars.<\/li>\n<\/ul>\n<\/div>\n<\/div>\n","protected":false},"excerpt":{"rendered":"<p>L\u2019escola \u00e9s de doble l\u00ednia i es va posar en funcionament l&#8217;any 2005.<br \/>\nSom una Comunitat d\u2019Aprenentatge que persegueix la m\u00e0xima qualitat d\u2019ensenyament-aprenentatge per als seus alumnes. Creu i aposta fermament per les capacitats de tots els nens i nenes. No limita, ajuda a cr\u00e9ixer.<br \/>\nUna escola&hellip;  <a href=\"https:\/\/agora.xtec.cat\/ceiplledoner\/lescola-2\/\" title=\"Read L&#8217;escola\">Llegeix m\u00e9s\u00bb<\/a><\/p>\n","protected":false},"author":1,"featured_media":0,"parent":0,"menu_order":0,"comment_status":"closed","ping_status":"closed","template":"","meta":{"_bbp_topic_count":0,"_bbp_reply_count":0,"_bbp_total_topic_count":0,"_bbp_total_reply_count":0,"_bbp_voice_count":0,"_bbp_anonymous_reply_count":0,"_bbp_topic_count_hidden":0,"_bbp_reply_count_hidden":0,"_bbp_forum_subforum_count":0,"footnotes":""},"class_list":["post-712","page","type-page","status-publish","hentry"],"post_mailing_queue_ids":[],"_links":{"self":[{"href":"https:\/\/agora.xtec.cat\/ceiplledoner\/wp-json\/wp\/v2\/pages\/712","targetHints":{"allow":["GET"]}}],"collection":[{"href":"https:\/\/agora.xtec.cat\/ceiplledoner\/wp-json\/wp\/v2\/pages"}],"about":[{"href":"https:\/\/agora.xtec.cat\/ceiplledoner\/wp-json\/wp\/v2\/types\/page"}],"author":[{"embeddable":true,"href":"https:\/\/agora.xtec.cat\/ceiplledoner\/wp-json\/wp\/v2\/users\/1"}],"replies":[{"embeddable":true,"href":"https:\/\/agora.xtec.cat\/ceiplledoner\/wp-json\/wp\/v2\/comments?post=712"}],"version-history":[{"count":3,"href":"https:\/\/agora.xtec.cat\/ceiplledoner\/wp-json\/wp\/v2\/pages\/712\/revisions"}],"predecessor-version":[{"id":9618,"href":"https:\/\/agora.xtec.cat\/ceiplledoner\/wp-json\/wp\/v2\/pages\/712\/revisions\/9618"}],"wp:attachment":[{"href":"https:\/\/agora.xtec.cat\/ceiplledoner\/wp-json\/wp\/v2\/media?parent=712"}],"curies":[{"name":"wp","href":"https:\/\/api.w.org\/{rel}","templated":true}]}}