{"id":701,"date":"2016-10-08T16:23:29","date_gmt":"2016-10-08T15:23:29","guid":{"rendered":"http:\/\/agora.xtec.cat\/ceiplledoner\/?page_id=701"},"modified":"2023-05-08T23:32:26","modified_gmt":"2023-05-08T21:32:26","slug":"grups-interactius-i-tertulies","status":"publish","type":"page","link":"https:\/\/agora.xtec.cat\/ceiplledoner\/grups-interactius-i-tertulies\/","title":{"rendered":"Grups interactius i tert\u00falies"},"content":{"rendered":"<p style=\"text-align: left;\">A l&#8217;escola Lledoner es realitzen dues activitats pr\u00f2pies de les comunitats d&#8217;aprenentatge: els grups interactius i les tert\u00falies.<\/p>\n<p style=\"text-align: left;\"><a href=\"https:\/\/drive.google.com\/file\/d\/1mNbjHWUlO05C6haeWmtZWWbCzK5ZRTVw\/view\"><strong>Els Grups Interactius<\/strong><\/a> \u00e9s una forma d&#8217;organitzaci\u00f3 de l&#8217;aula que compta amb la participaci\u00f3 de persones adultes volunt\u00e0ries i on la interacci\u00f3 i la comunicaci\u00f3 adquireixen un paper protagonista.<\/p>\n<p>&nbsp;<\/p>\n<p style=\"text-align: left;\">Les Tert\u00falies Dial\u00f2giques consisteixen en el fet que un grup de persones es reuneixen peri\u00f2dicament al voltant d&#8217;un llibre per a reflexionar i dialogar a partir d&#8217;ell. A l&#8217;escola les realitzem des de P3 a 6\u00e8, tot i que el seu desenvolupament canvia en funci\u00f3 de l&#8217;edat de l&#8217;alumnat.<\/p>\n<p style=\"text-align: left;\">A comunitat de petits les mestres expliquen un conte als alumnes, i despr\u00e9s els nens dialoguen a partir del conte en petits grups, dinamitzats cadascun d&#8217;ells per un pare o mare volunt\u00e0ria.<\/p>\n<div class=\"textLayer\"><iframe loading=\"lazy\" src=\"\/\/www.youtube.com\/embed\/aSCL1R4fbv0\" width=\"560\" height=\"315\" frameborder=\"0\" allowfullscreen=\"allowfullscreen\"><\/iframe><\/div>\n<div class=\"textLayer\"><\/div>\n<p class=\"textLayer\">A primer i segon s\u00f3n els voluntaris els que expliquen el conte, amb mig grup, i despr\u00e9s tots junts, alumnes, voluntari i mestre, dialoguen a partir del conte, parlant de les pr\u00f2pies\u00a0viv\u00e8ncies, de quina part del conte els ha sorpr\u00e8s, intrigat, agradat, desagradat&#8230; i el per qu\u00e8, de com haurien actuant si haguessin\u00a0estat el protagonista de la hist\u00f2ria&#8230;<\/p>\n<div class=\"textLayer\"><\/div>\n<div class=\"textLayer\"><iframe loading=\"lazy\" src=\"\/\/www.youtube.com\/embed\/iw4pSPUwXy0\" width=\"560\" height=\"315\" frameborder=\"0\" allowfullscreen=\"allowfullscreen\"><\/iframe><\/div>\n<p class=\"textLayer\">\u00a0A partir de tercer s\u00f3n els alumnes el que llegeixen el llibre de tert\u00falies. El llegeixen a casa i tenen un petit quadern on han d&#8217;escriure quina part del cap\u00edtol els hi sobtat, agradat, intrigat.. i el per qu\u00e8. El di\u00e0leg es fa a partir de les aportacions que els alumnes han realitzat al seu quadern.<\/p>\n<div class=\"textLayer\"><\/div>\n<div class=\"textLayer\"><iframe loading=\"lazy\" src=\"\/\/www.youtube.com\/embed\/9nhAsfuL8Gw\" width=\"560\" height=\"315\" frameborder=\"0\" allowfullscreen=\"allowfullscreen\"><\/iframe><\/div>\n<p>&nbsp;<\/p>\n<p>&nbsp;<\/p>\n","protected":false},"excerpt":{"rendered":"<p>A l&#8217;escola Lledoner es realitzen dues activitats pr\u00f2pies de les comunitats d&#8217;aprenentatge: els grups interactius i les tert\u00falies.<br \/>\n<a href=\"https:\/\/drive.google.com\/file\/d\/1mNbjHWUlO05C6haeWmtZWWbCzK5ZRTVw\/view\">Els Grups Interactius<\/a> \u00e9s una forma d&#8217;organitzaci\u00f3 de l&#8217;aula que compta amb la participaci\u00f3 de persones adultes volunt\u00e0ries i on la interacci\u00f3 i la comunicaci\u00f3 adquireixen un&hellip;  <a href=\"https:\/\/agora.xtec.cat\/ceiplledoner\/grups-interactius-i-tertulies\/\" title=\"Read Grups interactius i tert\u00falies\">Llegeix m\u00e9s\u00bb<\/a><\/p>\n","protected":false},"author":1,"featured_media":0,"parent":0,"menu_order":0,"comment_status":"closed","ping_status":"closed","template":"","meta":{"_bbp_topic_count":0,"_bbp_reply_count":0,"_bbp_total_topic_count":0,"_bbp_total_reply_count":0,"_bbp_voice_count":0,"_bbp_anonymous_reply_count":0,"_bbp_topic_count_hidden":0,"_bbp_reply_count_hidden":0,"_bbp_forum_subforum_count":0,"footnotes":""},"class_list":["post-701","page","type-page","status-publish","hentry"],"post_mailing_queue_ids":[],"_links":{"self":[{"href":"https:\/\/agora.xtec.cat\/ceiplledoner\/wp-json\/wp\/v2\/pages\/701","targetHints":{"allow":["GET"]}}],"collection":[{"href":"https:\/\/agora.xtec.cat\/ceiplledoner\/wp-json\/wp\/v2\/pages"}],"about":[{"href":"https:\/\/agora.xtec.cat\/ceiplledoner\/wp-json\/wp\/v2\/types\/page"}],"author":[{"embeddable":true,"href":"https:\/\/agora.xtec.cat\/ceiplledoner\/wp-json\/wp\/v2\/users\/1"}],"replies":[{"embeddable":true,"href":"https:\/\/agora.xtec.cat\/ceiplledoner\/wp-json\/wp\/v2\/comments?post=701"}],"version-history":[{"count":4,"href":"https:\/\/agora.xtec.cat\/ceiplledoner\/wp-json\/wp\/v2\/pages\/701\/revisions"}],"predecessor-version":[{"id":10494,"href":"https:\/\/agora.xtec.cat\/ceiplledoner\/wp-json\/wp\/v2\/pages\/701\/revisions\/10494"}],"wp:attachment":[{"href":"https:\/\/agora.xtec.cat\/ceiplledoner\/wp-json\/wp\/v2\/media?parent=701"}],"curies":[{"name":"wp","href":"https:\/\/api.w.org\/{rel}","templated":true}]}}